{"id":3626,"date":"2026-04-02T08:36:28","date_gmt":"2026-04-02T08:36:28","guid":{"rendered":"https:\/\/lyfilter.com\/"},"modified":"2026-04-02T08:38:27","modified_gmt":"2026-04-02T08:38:27","slug":"ss304-316l-stainless-steel-food-grade-filters-solid-and-liquid-filtration-system-of-beer-food-milk-beverage-processing-filter","status":"publish","type":"product","link":"https:\/\/lyfilter.com\/fr\/ss304-316l-stainless-steel-food-grade-filters-solid-and-liquid-filtration-system-of-beer-food-milk-beverage-processing-filter\/","title":{"rendered":"Filtres de qualit\u00e9 alimentaire en acier inoxydable SS304\/316L Syst\u00e8me de filtration des solides et des liquides de la bi\u00e8re, des aliments, du lait et des boissons."},"content":{"rendered":"<p>Con\u00e7u pour une utilisation quotidienne fiable, ce syst\u00e8me de filtration en acier inoxydable de qualit\u00e9 alimentaire permet de traiter en douceur la bi\u00e8re, le lait et les boissons. Sa conception s\u00fbre, sa finition solide et son d\u00e9bit r\u00e9gulier permettent de maintenir la filtration des liquides propre et coh\u00e9rente.<\/p>","protected":false},"excerpt":{"rendered":"<table>\n<thead>\n<tr>\n<th>Objet<\/th>\n<th>Valeur<\/th>\n<\/tr>\n<\/thead>\n<tbody>\n<tr>\n<td>Condition<\/td>\n<td>Nouveau<\/td>\n<\/tr>\n<tr>\n<td>Industries concern\u00e9es<\/td>\n<td>H\u00f4tels, magasins de v\u00eatements, magasins de mat\u00e9riaux de construction, usines de fabrication, ateliers de r\u00e9paration de machines, usines de produits alimentaires et de boissons, fermes, restaurants, usage domestique, commerce de d\u00e9tail, magasins d'alimentation, imprimeries, travaux de construction, \u00e9nergie et mines, magasins de produits alimentaires et de boissons, soci\u00e9t\u00e9s de publicit\u00e9.<\/td>\n<\/tr>\n<tr>\n<td>Service apr\u00e8s-vente<\/td>\n<td>Soutien en ligne<\/td>\n<\/tr>\n<tr>\n<td>Lieu de service local<\/td>\n<td>aucun<\/td>\n<\/tr>\n<tr>\n<td>Emplacement de la salle d'exposition<\/td>\n<td>aucun<\/td>\n<\/tr>\n<tr>\n<td>Lieu d'origine<\/td>\n<td>Guangdong, Chine<\/td>\n<\/tr>\n<tr>\n<td>Nom de la marque<\/td>\n<td>Lvyuan \/ OEM<\/td>\n<\/tr>\n<tr>\n<td>Garantie<\/td>\n<td>Indisponible<\/td>\n<\/tr>\n<tr>\n<td>Service apr\u00e8s-vente<\/td>\n<td>Soutien en ligne<\/td>\n<\/tr>\n<tr>\n<td>Nom du produit<\/td>\n<td>filtres de qualit\u00e9 alimentaire<\/td>\n<\/tr>\n<tr>\n<td>mat\u00e9riau du bo\u00eetier<\/td>\n<td>ss304, sus 316, ss316L<\/td>\n<\/tr>\n<tr>\n<td>quantit\u00e9 de filtres \u00e0 poches<\/td>\n<td>Sacs simples ou multiples personnalis\u00e9s<\/td>\n<\/tr>\n<tr>\n<td>Taille du sac<\/td>\n<td>180<em>450mm ou 180<\/em>810 mm, autres<\/td>\n<\/tr>\n<tr>\n<td>Type d'entr\u00e9e et de sortie<\/td>\n<td>Connexion bride\/filetage<\/td>\n<\/tr>\n<tr>\n<td>Sac filtrant Mat\u00e9riau<\/td>\n<td>PP, PE, sur mesure<\/td>\n<\/tr>\n<tr>\n<td>Pression de service maximale<\/td>\n<td>100\/150\/300 Psi<\/td>\n<\/tr>\n<tr>\n<td>Utilisation<\/td>\n<td>filtration des liquides<\/td>\n<\/tr>\n<tr>\n<td>Num\u00e9ro du sac<\/td>\n<td>#1, 2, 3, 4, 5, OEM<\/td>\n<\/tr>\n<tr>\n<td>la crise du logement par<\/td>\n<td>boulon rapide, collier, bride<\/td>\n<\/tr>\n<tr>\n<td>Unit\u00e9s de vente<\/td>\n<td>Article unique<\/td>\n<\/tr>\n<tr>\n<td>Taille de l'emballage unique<\/td>\n<td>40X40X100 cm<\/td>\n<\/tr>\n<tr>\n<td>Poids brut unique<\/td>\n<td>40 000 kg<\/td>\n<\/tr>\n<tr>\n<td>Type d'emballage<\/td>\n<td>SS304\/316L Filtres en acier inoxydable de qualit\u00e9 alimentaire Syst\u00e8me de filtration des solides et des liquides de la bi\u00e8re, du lait et des boissons Emballage : caisse en bois ou carton Le devis est donn\u00e9 \u00e0 titre indicatif, n'h\u00e9sitez pas \u00e0 nous contacter pour obtenir les meilleurs prix. Nous vous remercions.<\/td>\n<\/tr>\n<\/tbody>\n<\/table>","protected":false},"featured_media":3631,"comment_status":"open","ping_status":"closed","template":"","meta":{"_gspb_post_css":""},"product_brand":[],"product_cat":[1135],"product_tag":[1139,1138,1137,1140,80,1136],"class_list":{"0":"post-3626","1":"product","2":"type-product","3":"status-publish","4":"has-post-thumbnail","6":"product_cat-stainless-steel-bag-filter-housing","7":"product_tag-beer-filtration-system","8":"product_tag-beverage-processing-filter","9":"product_tag-food-grade-filter","10":"product_tag-milk-filtration-equipment","11":"product_tag-stainless-steel-filter","12":"product_tag-water-filter-locks","14":"first","15":"instock","16":"shipping-taxable","17":"product-type-simple"},"_links":{"self":[{"href":"https:\/\/lyfilter.com\/fr\/wp-json\/wp\/v2\/product\/3626","targetHints":{"allow":["GET"]}}],"collection":[{"href":"https:\/\/lyfilter.com\/fr\/wp-json\/wp\/v2\/product"}],"about":[{"href":"https:\/\/lyfilter.com\/fr\/wp-json\/wp\/v2\/types\/product"}],"replies":[{"embeddable":true,"href":"https:\/\/lyfilter.com\/fr\/wp-json\/wp\/v2\/comments?post=3626"}],"wp:featuredmedia":[{"embeddable":true,"href":"https:\/\/lyfilter.com\/fr\/wp-json\/wp\/v2\/media\/3631"}],"wp:attachment":[{"href":"https:\/\/lyfilter.com\/fr\/wp-json\/wp\/v2\/media?parent=3626"}],"wp:term":[{"taxonomy":"product_brand","embeddable":true,"href":"https:\/\/lyfilter.com\/fr\/wp-json\/wp\/v2\/product_brand?post=3626"},{"taxonomy":"product_cat","embeddable":true,"href":"https:\/\/lyfilter.com\/fr\/wp-json\/wp\/v2\/product_cat?post=3626"},{"taxonomy":"product_tag","embeddable":true,"href":"https:\/\/lyfilter.com\/fr\/wp-json\/wp\/v2\/product_tag?post=3626"}],"curies":[{"name":"wp","href":"https:\/\/api.w.org\/{rel}","templated":true}]}}