{"id":3578,"date":"2026-04-01T09:05:20","date_gmt":"2026-04-01T09:05:20","guid":{"rendered":"https:\/\/lyfilter.com\/"},"modified":"2026-04-01T09:05:20","modified_gmt":"2026-04-01T09:05:20","slug":"top-grade-woven-pp-spun-filter-cartridge-making-machine","status":"publish","type":"product","link":"https:\/\/lyfilter.com\/fr\/top-grade-woven-pp-spun-filter-cartridge-making-machine\/","title":{"rendered":"Machine de fabrication de cartouches filtrantes en PP tiss\u00e9 de qualit\u00e9 sup\u00e9rieure"},"content":{"rendered":"<table>\n<thead>\n<tr>\n<th>Objet<\/th>\n<th>D\u00e9tails<\/th>\n<\/tr>\n<\/thead>\n<tbody>\n<tr>\n<td>Structure<\/td>\n<td>Le fil de fibre textile (PP, fibre de verre) est \u00e9troitement enroul\u00e9 autour d'un squelette poreux (polypropyl\u00e8ne ou acier inoxydable) pour cr\u00e9er une structure en nid d'abeille, peu dense \u00e0 l'ext\u00e9rieur et dense \u00e0 l'int\u00e9rieur.<\/td>\n<\/tr>\n<tr>\n<td>Pr\u00e9cision du filtrage<\/td>\n<td>Plage normale, g\u00e9n\u00e9ralement comprise entre 1 \u03bcm et 100 \u03bcm (par exemple 1, 5, 10, 20, 30, 50, 75, 100 \u03bcm).<\/td>\n<\/tr>\n<tr>\n<td>Principaux mat\u00e9riaux<\/td>\n<td>Fil : Polypropyl\u00e8ne (PP), fibre de verre, etc : Polypropyl\u00e8ne (PP) ou acier inoxydable<\/td>\n<\/tr>\n<tr>\n<td>Dimensions courantes<\/td>\n<td>Longueur : 10 pouces (250 mm), 20 pouces (500 mm), 30 pouces (750 mm), 40 pouces (1000 mm) ; Diam\u00e8tre ext\u00e9rieur\/diam\u00e8tre int\u00e9rieur : diam\u00e8tre ext\u00e9rieur de 60 mm\/65 mm, diam\u00e8tre int\u00e9rieur de 28 mm\/30 mm.<\/td>\n<\/tr>\n<tr>\n<td>R\u00e9sistance \u00e0 la compression<\/td>\n<td>La pression de service maximale est g\u00e9n\u00e9ralement \u2264 0,5MPa.<\/td>\n<\/tr>\n<tr>\n<td>Temp\u00e9rature de fonctionnement maximale<\/td>\n<td>La plage de r\u00e9sistance \u00e0 la temp\u00e9rature varie en fonction du mat\u00e9riau. Par exemple, l'\u00e2me en PP du squelette peut supporter jusqu'\u00e0 70 \u2103, l'\u00e2me en coton d\u00e9graiss\u00e9 du squelette en acier inoxydable peut atteindre 120 \u2103, et l'\u00e2me en fibre de verre peut supporter &gt;300 \u2103.<\/td>\n<\/tr>\n<tr>\n<td>Exemple de manipulation<\/td>\n<td>Filtration des fluides dans de nombreuses industries telles que l'alimentation et les boissons, la p\u00e9trochimie, les huiles industrielles et la gestion de l'eau.<\/td>\n<\/tr>\n<\/tbody>\n<\/table>","protected":false},"excerpt":{"rendered":"<table>\n<thead>\n<tr>\n<th>Objet<\/th>\n<th>D\u00e9tails<\/th>\n<\/tr>\n<\/thead>\n<tbody>\n<tr>\n<td>Port de d\u00e9part<\/td>\n<td>Huangpu<\/td>\n<\/tr>\n<tr>\n<td>Capacit\u00e9 de production<\/td>\n<td>20000pcs\/mois<\/td>\n<\/tr>\n<tr>\n<td>Lieu d'origine<\/td>\n<td>Guangzhou\/Shenzhen<\/td>\n<\/tr>\n<tr>\n<td>Paiement<\/td>\n<td>T\/T, Western Union, Alibaba Trade Assurance<\/td>\n<\/tr>\n<tr>\n<td>MOQ<\/td>\n<td>1 pi\u00e8ce<\/td>\n<\/tr>\n<tr>\n<td>D\u00e9lai de livraison<\/td>\n<td>5-10 jours<\/td>\n<\/tr>\n<tr>\n<td>Certification<\/td>\n<td>SGS<\/td>\n<\/tr>\n<tr>\n<td>Marque<\/td>\n<td>OEM\/Lvyuan<\/td>\n<\/tr>\n<\/tbody>\n<\/table>","protected":false},"featured_media":3580,"comment_status":"open","ping_status":"closed","template":"","meta":{"_gspb_post_css":""},"product_brand":[],"product_cat":[21],"product_tag":[897,1092,1091,1094,1093,1090],"class_list":{"0":"post-3578","1":"product","2":"type-product","3":"status-publish","4":"has-post-thumbnail","6":"product_cat-pleated-filter-cartridge","7":"product_tag-filter-cartridge-making-machine","8":"product_tag-industrial-filter-cartridge-equipment","9":"product_tag-pp-spun-filter-machine","10":"product_tag-spun-cartridge-production-line","11":"product_tag-water-filter-cartridge-machine","12":"product_tag-woven-pp-spun-filter-cartridge-machine","14":"first","15":"instock","16":"shipping-taxable","17":"product-type-simple"},"_links":{"self":[{"href":"https:\/\/lyfilter.com\/fr\/wp-json\/wp\/v2\/product\/3578","targetHints":{"allow":["GET"]}}],"collection":[{"href":"https:\/\/lyfilter.com\/fr\/wp-json\/wp\/v2\/product"}],"about":[{"href":"https:\/\/lyfilter.com\/fr\/wp-json\/wp\/v2\/types\/product"}],"replies":[{"embeddable":true,"href":"https:\/\/lyfilter.com\/fr\/wp-json\/wp\/v2\/comments?post=3578"}],"wp:featuredmedia":[{"embeddable":true,"href":"https:\/\/lyfilter.com\/fr\/wp-json\/wp\/v2\/media\/3580"}],"wp:attachment":[{"href":"https:\/\/lyfilter.com\/fr\/wp-json\/wp\/v2\/media?parent=3578"}],"wp:term":[{"taxonomy":"product_brand","embeddable":true,"href":"https:\/\/lyfilter.com\/fr\/wp-json\/wp\/v2\/product_brand?post=3578"},{"taxonomy":"product_cat","embeddable":true,"href":"https:\/\/lyfilter.com\/fr\/wp-json\/wp\/v2\/product_cat?post=3578"},{"taxonomy":"product_tag","embeddable":true,"href":"https:\/\/lyfilter.com\/fr\/wp-json\/wp\/v2\/product_tag?post=3578"}],"curies":[{"name":"wp","href":"https:\/\/api.w.org\/{rel}","templated":true}]}}