{"id":3576,"date":"2026-04-01T08:54:48","date_gmt":"2026-04-01T08:54:48","guid":{"rendered":"https:\/\/lyfilter.com\/"},"modified":"2026-04-01T08:54:48","modified_gmt":"2026-04-01T08:54:48","slug":"304-stainless-steel-filter-housing-liquid-cartridge-filter-housing-for-biodiese","status":"publish","type":"product","link":"https:\/\/lyfilter.com\/fr\/304-stainless-steel-filter-housing-liquid-cartridge-filter-housing-for-biodiese\/","title":{"rendered":"Bo\u00eetier de filtre en acier inoxydable 304 Bo\u00eetier de filtre \u00e0 cartouche liquide pour biodiese"},"content":{"rendered":"<table>\n<thead>\n<tr>\n<th>Objet<\/th>\n<th>D\u00e9tails<\/th>\n<\/tr>\n<\/thead>\n<tbody>\n<tr>\n<td>Mat\u00e9riau<\/td>\n<td>Acier inoxydable<\/td>\n<\/tr>\n<tr>\n<td>Disponibilit\u00e9<\/td>\n<td>OEM\/ODM<\/td>\n<\/tr>\n<\/tbody>\n<\/table>\n<p><strong>304\u00a0<a href=\"https:\/\/lyfilter.com\/fr\/stainless-steel-filter-housing.html\/\">bo\u00eetier de filtre en acier inoxydable<\/a>\u00a0Filtre \u00e0 cartouche liquide pour biodiese<\/strong><\/p>\n<p>Le bo\u00eetier du filtre \u00e0 cartouche pour liquides est fabriqu\u00e9 en acier inoxydable SUS316l ou SUS304. Les surfaces int\u00e9rieures et ext\u00e9rieures sont rectifi\u00e9es et polies. Faible r\u00e9sistance \u00e0 l'\u00e9coulement, r\u00e9sistance aux acides, r\u00e9sistance aux alcalis, r\u00e9sistance \u00e0 la corrosion, nettoyage et d\u00e9sinfection faciles. Possibilit\u00e9 d'assembler diff\u00e9rents\u00a0<a href=\"https:\/\/lyfilter.com\/fr\/products.html\/\">\u00e9l\u00e9ment filtrant<\/a>L'\u00e9quipement de filtrage est adapt\u00e9 aux besoins des clients et r\u00e9pond aux exigences des BPF pour les industries alimentaires et pharmaceutiques. L'\u00e9quipement de filtrage est adapt\u00e9 aux industries alimentaires et pharmaceutiques.<\/p>","protected":false},"excerpt":{"rendered":"<table>\n<thead>\n<tr>\n<th>Objet<\/th>\n<th>D\u00e9tails<\/th>\n<\/tr>\n<\/thead>\n<tbody>\n<tr>\n<td>Port de d\u00e9part<\/td>\n<td>Guangzhou<\/td>\n<\/tr>\n<tr>\n<td>Capacit\u00e9 de production<\/td>\n<td>10000 unit\u00e9s\/mois<\/td>\n<\/tr>\n<tr>\n<td>Lieu d'origine<\/td>\n<td>Guangdong, Chine<\/td>\n<\/tr>\n<tr>\n<td>Paiement<\/td>\n<td>T\/T, Alibaba Trade Assurance, paypal<\/td>\n<\/tr>\n<tr>\n<td>D\u00e9lai de livraison<\/td>\n<td>Dans les 7 jours ouvrables<\/td>\n<\/tr>\n<tr>\n<td>Certification<\/td>\n<td>ISO 9001<\/td>\n<\/tr>\n<tr>\n<td>Marque<\/td>\n<td>OEM\/Lvyuan<\/td>\n<\/tr>\n<\/tbody>\n<\/table>","protected":false},"featured_media":3577,"comment_status":"open","ping_status":"closed","template":"","meta":{"_gspb_post_css":""},"product_brand":[],"product_cat":[15],"product_tag":[1085,1087,43,1089,1086,1088],"class_list":{"0":"post-3576","1":"product","2":"type-product","3":"status-publish","4":"has-post-thumbnail","6":"product_cat-stainless-steel-filter-housing","7":"product_tag-304-stainless-steel-filter-housing","8":"product_tag-biodiesel-filter-housing","9":"product_tag-corrosion-resistant-filter-housing","10":"product_tag-industrial-cartridge-housing","11":"product_tag-liquid-cartridge-filter-housing","12":"product_tag-stainless-steel-liquid-filter","14":"first","15":"instock","16":"shipping-taxable","17":"product-type-simple"},"_links":{"self":[{"href":"https:\/\/lyfilter.com\/fr\/wp-json\/wp\/v2\/product\/3576","targetHints":{"allow":["GET"]}}],"collection":[{"href":"https:\/\/lyfilter.com\/fr\/wp-json\/wp\/v2\/product"}],"about":[{"href":"https:\/\/lyfilter.com\/fr\/wp-json\/wp\/v2\/types\/product"}],"replies":[{"embeddable":true,"href":"https:\/\/lyfilter.com\/fr\/wp-json\/wp\/v2\/comments?post=3576"}],"wp:featuredmedia":[{"embeddable":true,"href":"https:\/\/lyfilter.com\/fr\/wp-json\/wp\/v2\/media\/3577"}],"wp:attachment":[{"href":"https:\/\/lyfilter.com\/fr\/wp-json\/wp\/v2\/media?parent=3576"}],"wp:term":[{"taxonomy":"product_brand","embeddable":true,"href":"https:\/\/lyfilter.com\/fr\/wp-json\/wp\/v2\/product_brand?post=3576"},{"taxonomy":"product_cat","embeddable":true,"href":"https:\/\/lyfilter.com\/fr\/wp-json\/wp\/v2\/product_cat?post=3576"},{"taxonomy":"product_tag","embeddable":true,"href":"https:\/\/lyfilter.com\/fr\/wp-json\/wp\/v2\/product_tag?post=3576"}],"curies":[{"name":"wp","href":"https:\/\/api.w.org\/{rel}","templated":true}]}}