{"id":3569,"date":"2026-04-01T08:26:06","date_gmt":"2026-04-01T08:26:06","guid":{"rendered":"https:\/\/lyfilter.com\/"},"modified":"2026-04-01T08:26:06","modified_gmt":"2026-04-01T08:26:06","slug":"tri-clamp-10-20-30-inch-stainless-steel-steam-filter-housing-for-compressed-steam-air-gas-water-purifying","status":"publish","type":"product","link":"https:\/\/lyfilter.com\/fr\/tri-clamp-10-20-30-inch-stainless-steel-steam-filter-housing-for-compressed-steam-air-gas-water-purifying\/","title":{"rendered":"Tri Clamp 10 20 30 Inch Stainless Steel Steam Filter Housing For Compressed Steam Air Gas Water Purifying"},"content":{"rendered":"<table>\n<thead>\n<tr>\n<th>Objet<\/th>\n<th>D\u00e9tails<\/th>\n<\/tr>\n<\/thead>\n<tbody>\n<tr>\n<td>Mat\u00e9riau<\/td>\n<td>Acier inoxydable<\/td>\n<\/tr>\n<tr>\n<td>Disponibilit\u00e9<\/td>\n<td>OEM\/ODM<\/td>\n<\/tr>\n<\/tbody>\n<\/table>\n<p><strong><span class=\"\">Tri clamp 10 20 30 inch Stainless Steel Steam filter housing for compressed steam air gas water purifying<\/span><\/strong><\/p>\n<ul>\n<li>Mat\u00e9riau et construction : Ces corps de filtre sont fabriqu\u00e9s en acier inoxydable de haute qualit\u00e9, tel que l'acier inoxydable 304 ou 316L, ce qui garantit leur durabilit\u00e9 et leur r\u00e9sistance \u00e0 la corrosion ;<\/li>\n<li>Raccords d'extr\u00e9mit\u00e9 : Ils sont disponibles avec diff\u00e9rents raccords d'extr\u00e9mit\u00e9, notamment des raccords NPT (1\/2\u201d \u00e0 2\u201d) et des raccords \u00e0 brides ASME 150 (2-1\/2\u201d \u00e0 8\u201d), ce qui offre une grande souplesse d'installation et une compatibilit\u00e9 avec diff\u00e9rents syst\u00e8mes ;<\/li>\n<li>Applications : Les corps de filtres \u00e0 vapeur en acier inoxydable sont con\u00e7us pour la purification de l'air comprim\u00e9, des gaz techniques et de la vapeur dans des applications de qualit\u00e9 sanitaire, ce qui les rend adapt\u00e9s \u00e0 une utilisation dans des industries telles que l'industrie pharmaceutique, l'industrie alimentaire et des boissons, et d'autres applications sanitaires ;<\/li>\n<li>Polyvalence : Ces\u00a0<strong><a href=\"https:\/\/lyfilter.com\/fr\/stainless-steel-filter-housing.html\/\">bo\u00eetier de filtre en acier inoxydable<\/a>s<\/strong>\u00a0sont adapt\u00e9s \u00e0 la filtration de l'air comprim\u00e9 et de la vapeur, assurant l'\u00e9limination des contaminants et des impuret\u00e9s pour r\u00e9pondre aux exigences sp\u00e9cifiques de l'application ;<\/li>\n<li>Applications sanitaires : Les bo\u00eetiers sont con\u00e7us pour \u00eatre utilis\u00e9s dans des applications sanitaires, garantissant la puret\u00e9 et la propret\u00e9 de l'air et de la vapeur filtr\u00e9s, ce qui est crucial dans les industries o\u00f9 les normes d'hygi\u00e8ne sont strictes ;<\/li>\n<li>Disponibilit\u00e9 du produit : Ces\u00a0<strong>bo\u00eetier de filtre tri clamp<\/strong>\u00a0sont disponibles aupr\u00e8s de divers fournisseurs et se d\u00e9clinent en diff\u00e9rentes tailles et configurations pour r\u00e9pondre \u00e0 des besoins de filtration sp\u00e9cifiques.<\/li>\n<\/ul>\n<p>Les corps de filtres \u00e0 vapeur en acier inoxydable sont des composants essentiels pour maintenir la puret\u00e9 et la qualit\u00e9 de l'air comprim\u00e9 et de la vapeur dans les applications critiques, en fournissant une filtration fiable et en garantissant l'int\u00e9grit\u00e9 des processus dans lesquels ils sont utilis\u00e9s.<\/p>","protected":false},"excerpt":{"rendered":"<table>\n<thead>\n<tr>\n<th>Objet<\/th>\n<th>D\u00e9tails<\/th>\n<\/tr>\n<\/thead>\n<tbody>\n<tr>\n<td>Port de d\u00e9part<\/td>\n<td>Guangzhou<\/td>\n<\/tr>\n<tr>\n<td>Capacit\u00e9 de production<\/td>\n<td>10000 unit\u00e9s\/mois<\/td>\n<\/tr>\n<tr>\n<td>Lieu d'origine<\/td>\n<td>Guangdong, Chine<\/td>\n<\/tr>\n<tr>\n<td>Paiement<\/td>\n<td>T\/T, Assurance commerciale Alibaba<\/td>\n<\/tr>\n<tr>\n<td>MOQ<\/td>\n<td>1 pi\u00e8ce<\/td>\n<\/tr>\n<tr>\n<td>Mod\u00e8le<\/td>\n<td>LY-FB<\/td>\n<\/tr>\n<tr>\n<td>D\u00e9lai de livraison<\/td>\n<td>Dans les 7 jours ouvrables<\/td>\n<\/tr>\n<tr>\n<td>Certification<\/td>\n<td>ISO 9001<\/td>\n<\/tr>\n<tr>\n<td>Marque<\/td>\n<td>OEM\/Lvyuan<\/td>\n<\/tr>\n<\/tbody>\n<\/table>","protected":false},"featured_media":3570,"comment_status":"open","ping_status":"closed","template":"","meta":{"_gspb_post_css":""},"product_brand":[],"product_cat":[15],"product_tag":[1082,1081,1084,1079,1083,1080],"class_list":{"0":"post-3569","1":"product","2":"type-product","3":"status-publish","4":"has-post-thumbnail","6":"product_cat-stainless-steel-filter-housing","7":"product_tag-air-gas-water-filter-housing","8":"product_tag-compressed-steam-filter","9":"product_tag-industrial-filter-housing","10":"product_tag-stainless-steel-steam-filter-housing","11":"product_tag-steam-filtration-housing","12":"product_tag-tri-clamp-filter-housing","14":"first","15":"instock","16":"shipping-taxable","17":"product-type-simple"},"_links":{"self":[{"href":"https:\/\/lyfilter.com\/fr\/wp-json\/wp\/v2\/product\/3569","targetHints":{"allow":["GET"]}}],"collection":[{"href":"https:\/\/lyfilter.com\/fr\/wp-json\/wp\/v2\/product"}],"about":[{"href":"https:\/\/lyfilter.com\/fr\/wp-json\/wp\/v2\/types\/product"}],"replies":[{"embeddable":true,"href":"https:\/\/lyfilter.com\/fr\/wp-json\/wp\/v2\/comments?post=3569"}],"wp:featuredmedia":[{"embeddable":true,"href":"https:\/\/lyfilter.com\/fr\/wp-json\/wp\/v2\/media\/3570"}],"wp:attachment":[{"href":"https:\/\/lyfilter.com\/fr\/wp-json\/wp\/v2\/media?parent=3569"}],"wp:term":[{"taxonomy":"product_brand","embeddable":true,"href":"https:\/\/lyfilter.com\/fr\/wp-json\/wp\/v2\/product_brand?post=3569"},{"taxonomy":"product_cat","embeddable":true,"href":"https:\/\/lyfilter.com\/fr\/wp-json\/wp\/v2\/product_cat?post=3569"},{"taxonomy":"product_tag","embeddable":true,"href":"https:\/\/lyfilter.com\/fr\/wp-json\/wp\/v2\/product_tag?post=3569"}],"curies":[{"name":"wp","href":"https:\/\/api.w.org\/{rel}","templated":true}]}}