{"id":3563,"date":"2026-04-01T07:37:52","date_gmt":"2026-04-01T07:37:52","guid":{"rendered":"https:\/\/lyfilter.com\/"},"modified":"2026-04-01T07:37:52","modified_gmt":"2026-04-01T07:37:52","slug":"resin-bonded-filter-cartridges-10-20-30-40-inch","status":"publish","type":"product","link":"https:\/\/lyfilter.com\/fr\/resin-bonded-filter-cartridges-10-20-30-40-inch\/","title":{"rendered":"Cartouches filtrantes \u00e0 base de r\u00e9sine 10 20 30 40 pouces"},"content":{"rendered":"<table>\n<thead>\n<tr>\n<th>Objet<\/th>\n<th>D\u00e9tails<\/th>\n<\/tr>\n<\/thead>\n<tbody>\n<tr>\n<td>Dimensions courantes<\/td>\n<td>Longueur : 5\u2033, 10\u2033, 20\u2033, 30\u2033, 40\u2033 (note : 1 pouce = 25,4 mm) ; diam\u00e8tre ext\u00e9rieur : environ 65 \u00b1 1 mm, diam\u00e8tre int\u00e9rieur : environ 28 \u00b1 1 mm.<\/td>\n<\/tr>\n<tr>\n<td>Pr\u00e9cision du filtrage<\/td>\n<td>1-100 \u03bcm (selon le mod\u00e8le)<\/td>\n<\/tr>\n<tr>\n<td>D\u00e9bit de traitement<\/td>\n<td>0,15-1,2 t\/h (proportionnel \u00e0 la longueur de l'\u00e9l\u00e9ment filtrant)<\/td>\n<\/tr>\n<tr>\n<td>Temp\u00e9rature de travail<\/td>\n<td>-20 \u2103 \u00e0 90 \u2103 (certains mod\u00e8les peuvent supporter des temp\u00e9ratures \u00e9lev\u00e9es jusqu'\u00e0 100 \u2103)<\/td>\n<\/tr>\n<tr>\n<td>Pression au travail<\/td>\n<td>Maximum 0,2-0,6 MPa (couramment utilis\u00e9 dans le traitement de l'eau) ; le filtre industriel pour le traitement de l'huile peut atteindre 21 MPa.<\/td>\n<\/tr>\n<tr>\n<td>Porosit\u00e9<\/td>\n<td>30% -35% (type fritt\u00e9)<\/td>\n<\/tr>\n<tr>\n<td>Taux d'\u00e9limination du chlore r\u00e9siduel<\/td>\n<td>&gt;96%<\/td>\n<\/tr>\n<tr>\n<td>M\u00e9thode de r\u00e9g\u00e9n\u00e9ration<\/td>\n<td>Tremper dans une solution satur\u00e9e de chlorure de sodium pour r\u00e9tablir l'activit\u00e9.<\/td>\n<\/tr>\n<tr>\n<td>Plage de pH applicable<\/td>\n<td>Grande adaptabilit\u00e9 (en fonction du type de r\u00e9sine)<\/td>\n<\/tr>\n<\/tbody>\n<\/table>","protected":false},"excerpt":{"rendered":"<table>\n<thead>\n<tr>\n<th>Objet<\/th>\n<th>D\u00e9tails<\/th>\n<\/tr>\n<\/thead>\n<tbody>\n<tr>\n<td>Port de d\u00e9part<\/td>\n<td>Nansha\/Huangpu<\/td>\n<\/tr>\n<tr>\n<td>Capacit\u00e9 de production<\/td>\n<td>10000pcs\/mois<\/td>\n<\/tr>\n<tr>\n<td>Lieu d'origine<\/td>\n<td>Guangdong<\/td>\n<\/tr>\n<tr>\n<td>Paiement<\/td>\n<td>T\/T, Western Union, Alibaba Trade Assurance, paypal<\/td>\n<\/tr>\n<tr>\n<td>MOQ<\/td>\n<td>1 pi\u00e8ce<\/td>\n<\/tr>\n<tr>\n<td>D\u00e9lai de livraison<\/td>\n<td>15-20 jours<\/td>\n<\/tr>\n<tr>\n<td>Certification<\/td>\n<td>SGS<\/td>\n<\/tr>\n<tr>\n<td>Marque<\/td>\n<td>OEM\/Lvyuan<\/td>\n<\/tr>\n<\/tbody>\n<\/table>","protected":false},"featured_media":3568,"comment_status":"open","ping_status":"closed","template":"","meta":{"_gspb_post_css":""},"product_brand":[],"product_cat":[23],"product_tag":[730,1078,633,334,1077,357],"class_list":{"0":"post-3563","1":"product","2":"type-product","3":"status-publish","4":"has-post-thumbnail","6":"product_cat-pp-filter-cartridge","7":"product_tag-10-inch-filter-cartridge","8":"product_tag-20-inch-filter-cartridge","9":"product_tag-40-inch-filter-cartridge","10":"product_tag-industrial-water-filter","11":"product_tag-resin-bonded-filter-cartridge","12":"product_tag-water-filter-cartridge","14":"first","15":"instock","16":"shipping-taxable","17":"product-type-simple"},"_links":{"self":[{"href":"https:\/\/lyfilter.com\/fr\/wp-json\/wp\/v2\/product\/3563","targetHints":{"allow":["GET"]}}],"collection":[{"href":"https:\/\/lyfilter.com\/fr\/wp-json\/wp\/v2\/product"}],"about":[{"href":"https:\/\/lyfilter.com\/fr\/wp-json\/wp\/v2\/types\/product"}],"replies":[{"embeddable":true,"href":"https:\/\/lyfilter.com\/fr\/wp-json\/wp\/v2\/comments?post=3563"}],"wp:featuredmedia":[{"embeddable":true,"href":"https:\/\/lyfilter.com\/fr\/wp-json\/wp\/v2\/media\/3568"}],"wp:attachment":[{"href":"https:\/\/lyfilter.com\/fr\/wp-json\/wp\/v2\/media?parent=3563"}],"wp:term":[{"taxonomy":"product_brand","embeddable":true,"href":"https:\/\/lyfilter.com\/fr\/wp-json\/wp\/v2\/product_brand?post=3563"},{"taxonomy":"product_cat","embeddable":true,"href":"https:\/\/lyfilter.com\/fr\/wp-json\/wp\/v2\/product_cat?post=3563"},{"taxonomy":"product_tag","embeddable":true,"href":"https:\/\/lyfilter.com\/fr\/wp-json\/wp\/v2\/product_tag?post=3563"}],"curies":[{"name":"wp","href":"https:\/\/api.w.org\/{rel}","templated":true}]}}