{"id":3548,"date":"2026-04-01T06:56:32","date_gmt":"2026-04-01T06:56:32","guid":{"rendered":"https:\/\/lyfilter.com\/"},"modified":"2026-04-01T06:56:32","modified_gmt":"2026-04-01T06:56:32","slug":"soe-226-fin-micro-pore-n66-folded-candle-filter-0-2-micron-nylon-membrane-filter-for-mineral-water-filter-treatment","status":"publish","type":"product","link":"https:\/\/lyfilter.com\/fr\/soe-226-fin-micro-pore-n66-folded-candle-filter-0-2-micron-nylon-membrane-filter-for-mineral-water-filter-treatment\/","title":{"rendered":"SOE 226\/fin micro pore N66 folded candle filter 0.2 micron nylon membrane filter for mineral water filter treatment"},"content":{"rendered":"<table>\n<thead>\n<tr>\n<th>Objet<\/th>\n<th>D\u00e9tails<\/th>\n<\/tr>\n<\/thead>\n<tbody>\n<tr>\n<td>Unit\u00e9s de vente<\/td>\n<td>Article unique<\/td>\n<\/tr>\n<tr>\n<td>Taille de l'emballage unique<\/td>\n<td>68X40X40 cm<\/td>\n<\/tr>\n<tr>\n<td>Poids brut unique<\/td>\n<td>23.000 kg<\/td>\n<\/tr>\n<tr>\n<td>Type d'emballage<\/td>\n<td>SOE 226\/fin micro pore N66 folded candle filter 0.2 micron nylon membrane filter for mineral water filter treatment : 10\u2033 50PCS\/CTN, 20\u2033 25PCS\/CTN, 30\u2033 25PCS\/CTN, 40\u2033 25PCS\/CTN.<\/td>\n<\/tr>\n<\/tbody>\n<\/table>\n<p>&nbsp;<\/p>\n<table>\n<thead>\n<tr>\n<th>Quantit\u00e9 (pi\u00e8ces)<\/th>\n<th>Est. Temps (jours)<\/th>\n<\/tr>\n<\/thead>\n<tbody>\n<tr>\n<td>1 - 100<\/td>\n<td>2<\/td>\n<\/tr>\n<tr>\n<td>101 - 500<\/td>\n<td>5<\/td>\n<\/tr>\n<tr>\n<td>501 - 1000<\/td>\n<td>7<\/td>\n<\/tr>\n<tr>\n<td>&gt;1000<\/td>\n<td>A n\u00e9gocier<\/td>\n<\/tr>\n<\/tbody>\n<\/table>","protected":false},"excerpt":{"rendered":"<table>\n<thead>\n<tr>\n<th>Objet<\/th>\n<th>D\u00e9tails<\/th>\n<\/tr>\n<\/thead>\n<tbody>\n<tr>\n<td>Industries concern\u00e9es<\/td>\n<td>Usine de fabrication, usine de produits alimentaires et de boissons, restaurant, \u00e9nergie et mines, magasins de produits alimentaires et de boissons<\/td>\n<\/tr>\n<tr>\n<td>Lieu d'origine<\/td>\n<td>Guangdong, Chine<\/td>\n<\/tr>\n<tr>\n<td>Nom de la marque<\/td>\n<td>Lvyuan\/OEM<\/td>\n<\/tr>\n<tr>\n<td>Mat\u00e9riau<\/td>\n<td>Polypropyl\u00e8ne<\/td>\n<\/tr>\n<tr>\n<td>Poids<\/td>\n<td>Standard<\/td>\n<\/tr>\n<tr>\n<td>Taille<\/td>\n<td>Standard<\/td>\n<\/tr>\n<tr>\n<td>Puissance<\/td>\n<td>0<\/td>\n<\/tr>\n<tr>\n<td>Garantie<\/td>\n<td>Indisponible<\/td>\n<\/tr>\n<tr>\n<td>Nom<\/td>\n<td>226\/fin filtre \u00e0 bougie pli\u00e9 filtre \u00e0 membrane en nylon de 0,2 micron<\/td>\n<\/tr>\n<tr>\n<td>Mat\u00e9riau de la membrane filtrante<\/td>\n<td>PP\/PVDF\/PTFE\/PES\/Nylon<\/td>\n<\/tr>\n<tr>\n<td>Longueur<\/td>\n<td>5 \/ 10 \/ 20 \/ 30 \/ 40 \/ 50 \/ 60 pouces<\/td>\n<\/tr>\n<tr>\n<td>Conecteur<\/td>\n<td>Fin\/222\/226\/215\/DOE\/Thread<\/td>\n<\/tr>\n<tr>\n<td>Micron<\/td>\n<td>0.22\/0.5\/1\/3\/5\/10\/25\/50\/75\/100\/150<\/td>\n<\/tr>\n<tr>\n<td>Mat\u00e9riau du joint torique<\/td>\n<td>EPDM\/Viton\/Silicone\/T\u00e9flon<\/td>\n<\/tr>\n<tr>\n<td>M\u00e9thode de scellement<\/td>\n<td>Soudage par fusion \u00e0 chaud<\/td>\n<\/tr>\n<tr>\n<td>Diam\u00e8tre<\/td>\n<td>70mm\/OEM<\/td>\n<\/tr>\n<tr>\n<td>Noyau interne<\/td>\n<td>PP\/SS\/OEM<\/td>\n<\/tr>\n<tr>\n<td>MOQ<\/td>\n<td>Actuellement pas de limitation<\/td>\n<\/tr>\n<tr>\n<td>Service apr\u00e8s-vente<\/td>\n<td>Soutien en ligne<\/td>\n<\/tr>\n<\/tbody>\n<\/table>","protected":false},"featured_media":3550,"comment_status":"open","ping_status":"closed","template":"","meta":{"_gspb_post_css":""},"product_brand":[],"product_cat":[21],"product_tag":[],"class_list":{"0":"post-3548","1":"product","2":"type-product","3":"status-publish","4":"has-post-thumbnail","6":"product_cat-pleated-filter-cartridge","8":"first","9":"instock","10":"shipping-taxable","11":"product-type-simple"},"_links":{"self":[{"href":"https:\/\/lyfilter.com\/fr\/wp-json\/wp\/v2\/product\/3548","targetHints":{"allow":["GET"]}}],"collection":[{"href":"https:\/\/lyfilter.com\/fr\/wp-json\/wp\/v2\/product"}],"about":[{"href":"https:\/\/lyfilter.com\/fr\/wp-json\/wp\/v2\/types\/product"}],"replies":[{"embeddable":true,"href":"https:\/\/lyfilter.com\/fr\/wp-json\/wp\/v2\/comments?post=3548"}],"wp:featuredmedia":[{"embeddable":true,"href":"https:\/\/lyfilter.com\/fr\/wp-json\/wp\/v2\/media\/3550"}],"wp:attachment":[{"href":"https:\/\/lyfilter.com\/fr\/wp-json\/wp\/v2\/media?parent=3548"}],"wp:term":[{"taxonomy":"product_brand","embeddable":true,"href":"https:\/\/lyfilter.com\/fr\/wp-json\/wp\/v2\/product_brand?post=3548"},{"taxonomy":"product_cat","embeddable":true,"href":"https:\/\/lyfilter.com\/fr\/wp-json\/wp\/v2\/product_cat?post=3548"},{"taxonomy":"product_tag","embeddable":true,"href":"https:\/\/lyfilter.com\/fr\/wp-json\/wp\/v2\/product_tag?post=3548"}],"curies":[{"name":"wp","href":"https:\/\/api.w.org\/{rel}","templated":true}]}}