{"id":3541,"date":"2026-04-01T06:27:53","date_gmt":"2026-04-01T06:27:53","guid":{"rendered":"https:\/\/lyfilter.com\/"},"modified":"2026-04-01T06:27:53","modified_gmt":"2026-04-01T06:27:53","slug":"stainless-steel-micron-porous-pleated-filter-housing","status":"publish","type":"product","link":"https:\/\/lyfilter.com\/fr\/stainless-steel-micron-porous-pleated-filter-housing\/","title":{"rendered":"Bo\u00eetier de filtre pliss\u00e9 poreux en acier inoxydable Micron"},"content":{"rendered":"<table>\n<thead>\n<tr>\n<th>Capacit\u00e9 d'approvisionnement<\/th>\n<th>1000000pc\/mois<\/th>\n<\/tr>\n<\/thead>\n<tbody>\n<tr>\n<td>Mat\u00e9riau<\/td>\n<td>Acier inoxydable<\/td>\n<\/tr>\n<tr>\n<td>Disponibilit\u00e9<\/td>\n<td>OEM<\/td>\n<\/tr>\n<tr>\n<td>Nom du produit<\/td>\n<td>Bo\u00eetier de filtre pliss\u00e9 poreux en acier inoxydable Micron<\/td>\n<\/tr>\n<tr>\n<td>Description<\/td>\n<td>Le filtre microporeux est un nouveau type d'\u00e9quipement de filtrage mis au point dans le pays et \u00e0 l'\u00e9tranger. Il peut filtrer les particules et les bact\u00e9ries sup\u00e9rieures \u00e0 0,1um dans les liquides et les gaz. Il pr\u00e9sente les avantages d'une grande pr\u00e9cision de filtration, d'une vitesse de transition rapide, d'une moindre adsorption, d'une absence de perte de mati\u00e8re, d'une r\u00e9sistance \u00e0 la corrosion acide et alcaline et d'un fonctionnement pratique. Il est largement utilis\u00e9 dans la m\u00e9decine, l'industrie chimique, l'\u00e9lectronique, les boissons, les vins de fruits, le traitement biochimique de l'eau, la protection de l'environnement et d'autres industries.<\/td>\n<\/tr>\n<\/tbody>\n<\/table>","protected":false},"excerpt":{"rendered":"<table>\n<thead>\n<tr>\n<th>Port de d\u00e9part<\/th>\n<th>Guangzhou<\/th>\n<\/tr>\n<\/thead>\n<tbody>\n<tr>\n<td>Capacit\u00e9 de production<\/td>\n<td>10000 unit\u00e9s\/mois<\/td>\n<\/tr>\n<tr>\n<td>Lieu d'origine<\/td>\n<td>Guangdong, Chine<\/td>\n<\/tr>\n<tr>\n<td>Paiement<\/td>\n<td>T\/T, Assurance commerciale Alibaba<\/td>\n<\/tr>\n<tr>\n<td>MOQ<\/td>\n<td>1 pi\u00e8ce<\/td>\n<\/tr>\n<tr>\n<td>D\u00e9lai de livraison<\/td>\n<td>Dans les 7 jours ouvrables<\/td>\n<\/tr>\n<tr>\n<td>Certification<\/td>\n<td>ISO 9001<\/td>\n<\/tr>\n<tr>\n<td>Marque<\/td>\n<td>OEM\/Lvyuan<\/td>\n<\/tr>\n<\/tbody>\n<\/table>","protected":false},"featured_media":3543,"comment_status":"open","ping_status":"closed","template":"","meta":{"_gspb_post_css":""},"product_brand":[],"product_cat":[15],"product_tag":[1071,1069,1070,1067,1068,34],"class_list":{"0":"post-3541","1":"product","2":"type-product","3":"status-publish","4":"has-post-thumbnail","6":"product_cat-stainless-steel-filter-housing","7":"product_tag-corrosion-resistant-filter","8":"product_tag-industrial-filtration-housing","9":"product_tag-liquid-filtration-system","10":"product_tag-micron-porous-filter-housing","11":"product_tag-pleated-filter-housing","12":"product_tag-stainless-steel-filter-housing","14":"first","15":"instock","16":"shipping-taxable","17":"product-type-simple"},"_links":{"self":[{"href":"https:\/\/lyfilter.com\/fr\/wp-json\/wp\/v2\/product\/3541","targetHints":{"allow":["GET"]}}],"collection":[{"href":"https:\/\/lyfilter.com\/fr\/wp-json\/wp\/v2\/product"}],"about":[{"href":"https:\/\/lyfilter.com\/fr\/wp-json\/wp\/v2\/types\/product"}],"replies":[{"embeddable":true,"href":"https:\/\/lyfilter.com\/fr\/wp-json\/wp\/v2\/comments?post=3541"}],"wp:featuredmedia":[{"embeddable":true,"href":"https:\/\/lyfilter.com\/fr\/wp-json\/wp\/v2\/media\/3543"}],"wp:attachment":[{"href":"https:\/\/lyfilter.com\/fr\/wp-json\/wp\/v2\/media?parent=3541"}],"wp:term":[{"taxonomy":"product_brand","embeddable":true,"href":"https:\/\/lyfilter.com\/fr\/wp-json\/wp\/v2\/product_brand?post=3541"},{"taxonomy":"product_cat","embeddable":true,"href":"https:\/\/lyfilter.com\/fr\/wp-json\/wp\/v2\/product_cat?post=3541"},{"taxonomy":"product_tag","embeddable":true,"href":"https:\/\/lyfilter.com\/fr\/wp-json\/wp\/v2\/product_tag?post=3541"}],"curies":[{"name":"wp","href":"https:\/\/api.w.org\/{rel}","templated":true}]}}