{"id":3537,"date":"2026-04-01T04:12:05","date_gmt":"2026-04-01T04:12:05","guid":{"rendered":"https:\/\/lyfilter.com\/"},"modified":"2026-04-01T04:12:05","modified_gmt":"2026-04-01T04:12:05","slug":"stainless-steel-liquid-bag-filter-housing","status":"publish","type":"product","link":"https:\/\/lyfilter.com\/fr\/stainless-steel-liquid-bag-filter-housing\/","title":{"rendered":"Bo\u00eetier de filtre \u00e0 poches pour liquides en acier inoxydable"},"content":{"rendered":"<table>\n<thead>\n<tr>\n<th>Caract\u00e9ristiques du produit<\/th>\n<th>Structure unique en une seule pi\u00e8ce, avec des sp\u00e9cifications pr\u00e9cises.<\/th>\n<\/tr>\n<\/thead>\n<tbody>\n<tr>\n<td>Caract\u00e9ristiques du produit<\/td>\n<td>Facile \u00e0 utiliser.<\/td>\n<\/tr>\n<tr>\n<td>Caract\u00e9ristiques du produit<\/td>\n<td>Haute r\u00e9sistance \u00e0 la corrosion.<\/td>\n<\/tr>\n<tr>\n<td>Caract\u00e9ristiques du produit<\/td>\n<td>Structure du boulon \u00e0 \u0153il pour le verrouillage du puits.<\/td>\n<\/tr>\n<tr>\n<td>Caract\u00e9ristiques du produit<\/td>\n<td>R\u00e9sistance aux temp\u00e9ratures \u00e9lev\u00e9es jusqu'\u00e0 90\u00b0C.<\/td>\n<\/tr>\n<tr>\n<td>Mat\u00e9riau<\/td>\n<td>SS304\/SS316L<\/td>\n<\/tr>\n<tr>\n<td>Quantit\u00e9 de sacs<\/td>\n<td>sac unique ou multi-sacs<\/td>\n<\/tr>\n<tr>\n<td>Num\u00e9ro du sac<\/td>\n<td>#1, 2, 3, 4, 5 ou OEM<\/td>\n<\/tr>\n<tr>\n<td>Option de quantit\u00e9<\/td>\n<td>1 \u00e0 18 sachets<\/td>\n<\/tr>\n<tr>\n<td>Taux de filtration du sac<\/td>\n<td>0,5, 1, 5, 10, 20, 50, 100, 200 \u00e0 500 microns<\/td>\n<\/tr>\n<tr>\n<td>Joint torique d'\u00e9tanch\u00e9it\u00e9<\/td>\n<td>Polie\/Sableuse<\/td>\n<\/tr>\n<tr>\n<td>Utilisation<\/td>\n<td>Filtration des liquides<\/td>\n<\/tr>\n<tr>\n<td>Pression de service maximale<\/td>\n<td>100, 150, 300Psi, OEM<\/td>\n<\/tr>\n<tr>\n<td>\u00c9paisseur de la paroi<\/td>\n<td>1,5-5 mm<\/td>\n<\/tr>\n<tr>\n<td>Accepter<\/td>\n<td>OEM personnalis\u00e9<\/td>\n<\/tr>\n<\/tbody>\n<\/table>","protected":false},"excerpt":{"rendered":"<table>\n<thead>\n<tr>\n<th>Port de d\u00e9part<\/th>\n<th>Guangzhou<\/th>\n<\/tr>\n<\/thead>\n<tbody>\n<tr>\n<td>Capacit\u00e9 de production<\/td>\n<td>10000 unit\u00e9s\/mois<\/td>\n<\/tr>\n<tr>\n<td>Lieu d'origine<\/td>\n<td>Guangdong, Chine<\/td>\n<\/tr>\n<tr>\n<td>Paiement<\/td>\n<td>L\/C, T\/T, Alibaba Trade Assurance<\/td>\n<\/tr>\n<tr>\n<td>MOQ<\/td>\n<td>1 pi\u00e8ce<\/td>\n<\/tr>\n<tr>\n<td>Mod\u00e8le<\/td>\n<td>LY-HFPL-10<\/td>\n<\/tr>\n<tr>\n<td>D\u00e9lai de livraison<\/td>\n<td>Dans les 7 jours ouvrables<\/td>\n<\/tr>\n<tr>\n<td>Certification<\/td>\n<td>ISO 9001<\/td>\n<\/tr>\n<tr>\n<td>Marque<\/td>\n<td>OEM\/Lvyuan<\/td>\n<\/tr>\n<\/tbody>\n<\/table>","protected":false},"featured_media":3538,"comment_status":"open","ping_status":"closed","template":"","meta":{"_gspb_post_css":""},"product_brand":[],"product_cat":[15],"product_tag":[43,42,1064,1066,1065,40],"class_list":{"0":"post-3537","1":"product","2":"type-product","3":"status-publish","4":"has-post-thumbnail","6":"product_cat-stainless-steel-filter-housing","7":"product_tag-corrosion-resistant-filter-housing","8":"product_tag-industrial-liquid-filtration","9":"product_tag-liquid-bag-filter-housing","10":"product_tag-multi-bag-filter-system","11":"product_tag-oem-bag-filter-housing","12":"product_tag-stainless-steel-bag-filter-housing","14":"first","15":"instock","16":"shipping-taxable","17":"product-type-simple"},"_links":{"self":[{"href":"https:\/\/lyfilter.com\/fr\/wp-json\/wp\/v2\/product\/3537","targetHints":{"allow":["GET"]}}],"collection":[{"href":"https:\/\/lyfilter.com\/fr\/wp-json\/wp\/v2\/product"}],"about":[{"href":"https:\/\/lyfilter.com\/fr\/wp-json\/wp\/v2\/types\/product"}],"replies":[{"embeddable":true,"href":"https:\/\/lyfilter.com\/fr\/wp-json\/wp\/v2\/comments?post=3537"}],"wp:featuredmedia":[{"embeddable":true,"href":"https:\/\/lyfilter.com\/fr\/wp-json\/wp\/v2\/media\/3538"}],"wp:attachment":[{"href":"https:\/\/lyfilter.com\/fr\/wp-json\/wp\/v2\/media?parent=3537"}],"wp:term":[{"taxonomy":"product_brand","embeddable":true,"href":"https:\/\/lyfilter.com\/fr\/wp-json\/wp\/v2\/product_brand?post=3537"},{"taxonomy":"product_cat","embeddable":true,"href":"https:\/\/lyfilter.com\/fr\/wp-json\/wp\/v2\/product_cat?post=3537"},{"taxonomy":"product_tag","embeddable":true,"href":"https:\/\/lyfilter.com\/fr\/wp-json\/wp\/v2\/product_tag?post=3537"}],"curies":[{"name":"wp","href":"https:\/\/api.w.org\/{rel}","templated":true}]}}