{"id":3519,"date":"2026-04-01T03:34:49","date_gmt":"2026-04-01T03:34:49","guid":{"rendered":"https:\/\/lyfilter.com\/"},"modified":"2026-04-01T03:39:20","modified_gmt":"2026-04-01T03:39:20","slug":"stainless-steel-high-pressure-filter-gas-filter","status":"publish","type":"product","link":"https:\/\/lyfilter.com\/fr\/stainless-steel-high-pressure-filter-gas-filter\/","title":{"rendered":"Filtre haute pression en acier inoxydable Filtre \u00e0 gaz"},"content":{"rendered":"<div class=\"unit-detail-html-tabs__content-attr\">\n<div class=\"unit-product-attrparam\">\n<div class=\"unit-product-attrparam__items row\">\n<div class=\"col-12 col-md-6\">\n<div class=\"unit-product-attrparam__item\">\n<div class=\"unit-product-attrparam__label\">\n<table>\n<thead>\n<tr>\n<th>Capacit\u00e9 d'approvisionnement<\/th>\n<th>1000000pc\/mois<\/th>\n<\/tr>\n<\/thead>\n<tbody>\n<tr>\n<td>Mat\u00e9riau<\/td>\n<td>Acier inoxydable<\/td>\n<\/tr>\n<tr>\n<td>Disponibilit\u00e9<\/td>\n<td>OEM<\/td>\n<\/tr>\n<tr>\n<td>Nom du produit<\/td>\n<td>Filtre haute pression en acier inoxydable Filtre \u00e0 gaz<\/td>\n<\/tr>\n<tr>\n<td>Description<\/td>\n<td>Les filtres haute pression sont utilis\u00e9s pour filtrer les impuret\u00e9s solides et liquides dans l'air comprim\u00e9 \u00e0 haute pression. Les filtres haute pression conviennent pour filtrer les impuret\u00e9s solides et liquides dans l'air comprim\u00e9 \u00e0 haute pression. Le filtre haute pression en alliage d'aluminium peut traiter jusqu'\u00e0 50barg d'air comprim\u00e9, et le filtre haute pression en acier inoxydable peut traiter jusqu'\u00e0 350barg d'air comprim\u00e9.<\/td>\n<\/tr>\n<\/tbody>\n<\/table>\n<\/div>\n<\/div>\n<\/div>\n<\/div>\n<\/div>\n<\/div>","protected":false},"excerpt":{"rendered":"<div class=\"unit-detail-tradeinfo__item\">\n<table>\n<thead>\n<tr>\n<th>Port de d\u00e9part<\/th>\n<th>Guangzhou<\/th>\n<\/tr>\n<\/thead>\n<tbody>\n<tr>\n<td>Capacit\u00e9 de production<\/td>\n<td>10000 unit\u00e9s\/mois<\/td>\n<\/tr>\n<tr>\n<td>Lieu d'origine<\/td>\n<td>Guangdong, Chine<\/td>\n<\/tr>\n<tr>\n<td>Paiement<\/td>\n<td>T\/T, Alibaba Trade Assurance, paypal<\/td>\n<\/tr>\n<tr>\n<td>MOQ<\/td>\n<td>1 pi\u00e8ce<\/td>\n<\/tr>\n<tr>\n<td>D\u00e9lai de livraison<\/td>\n<td>Dans les 7 jours ouvrables<\/td>\n<\/tr>\n<tr>\n<td>Certification<\/td>\n<td>ISO 9001<\/td>\n<\/tr>\n<tr>\n<td>Marque<\/td>\n<td>OEM\/Lvyuan<\/td>\n<\/tr>\n<\/tbody>\n<\/table>\n<\/div>","protected":false},"featured_media":3529,"comment_status":"open","ping_status":"closed","template":"","meta":{"_gspb_post_css":""},"product_brand":[],"product_cat":[15],"product_tag":[1057,1056,1059,1058,1060,80],"class_list":{"0":"post-3519","1":"product","2":"type-product","3":"status-publish","4":"has-post-thumbnail","6":"product_cat-stainless-steel-filter-housing","7":"product_tag-compressed-air-filter","8":"product_tag-high-pressure-gas-filter","9":"product_tag-impurity-removal-filter","10":"product_tag-industrial-air-filtration","11":"product_tag-oem-air-filter","12":"product_tag-stainless-steel-filter","14":"first","15":"instock","16":"shipping-taxable","17":"product-type-simple"},"_links":{"self":[{"href":"https:\/\/lyfilter.com\/fr\/wp-json\/wp\/v2\/product\/3519","targetHints":{"allow":["GET"]}}],"collection":[{"href":"https:\/\/lyfilter.com\/fr\/wp-json\/wp\/v2\/product"}],"about":[{"href":"https:\/\/lyfilter.com\/fr\/wp-json\/wp\/v2\/types\/product"}],"replies":[{"embeddable":true,"href":"https:\/\/lyfilter.com\/fr\/wp-json\/wp\/v2\/comments?post=3519"}],"wp:featuredmedia":[{"embeddable":true,"href":"https:\/\/lyfilter.com\/fr\/wp-json\/wp\/v2\/media\/3529"}],"wp:attachment":[{"href":"https:\/\/lyfilter.com\/fr\/wp-json\/wp\/v2\/media?parent=3519"}],"wp:term":[{"taxonomy":"product_brand","embeddable":true,"href":"https:\/\/lyfilter.com\/fr\/wp-json\/wp\/v2\/product_brand?post=3519"},{"taxonomy":"product_cat","embeddable":true,"href":"https:\/\/lyfilter.com\/fr\/wp-json\/wp\/v2\/product_cat?post=3519"},{"taxonomy":"product_tag","embeddable":true,"href":"https:\/\/lyfilter.com\/fr\/wp-json\/wp\/v2\/product_tag?post=3519"}],"curies":[{"name":"wp","href":"https:\/\/api.w.org\/{rel}","templated":true}]}}