{"id":2592,"date":"2026-01-08T07:13:58","date_gmt":"2026-01-08T07:13:58","guid":{"rendered":"https:\/\/lyfilter.com\/?post_type=product&#038;p=2592"},"modified":"2026-01-08T07:13:59","modified_gmt":"2026-01-08T07:13:59","slug":"ss-304-316-stainless-steel-filter-bag","status":"publish","type":"product","link":"https:\/\/lyfilter.com\/fr\/ss-304-316-stainless-steel-filter-bag\/","title":{"rendered":"Sac filtrant en acier inoxydable SS 304 316"},"content":{"rendered":"<div class=\"unit-detail-html-tabs__content-attr\">\n<div class=\"unit-product-attrparam\">\n<div class=\"unit-product-attrparam__items row\">\n<div class=\"col-12 col-md-6\">\n<div class=\"unit-product-attrparam__item\">\n<div class=\"unit-product-attrparam__label\">\n<table>\n<thead>\n<tr>\n<th>Mat\u00e9riau<\/th>\n<th>Acier inoxydable<\/th>\n<\/tr>\n<\/thead>\n<tbody>\n<tr>\n<td>Disponibilit\u00e9<\/td>\n<td>OEM<\/td>\n<\/tr>\n<\/tbody>\n<\/table>\n<\/div>\n<\/div>\n<\/div>\n<\/div>\n<\/div>\n<\/div>\n<div class=\"unit-detail-html-tabs__content-featuresAttr\"><\/div>\n<div class=\"unit-detail-html-tabs__content-html\">\n<p><strong>Sac filtrant en acier inoxydable SS 304 316<\/strong><\/p>\n<p>MAT\u00c9RIAU PR\u00c9F\u00c9R\u00c9 POUR LES FILTRES EN ACIER INOXYDABLE 304<\/p>\n<p>Le sac \u00e0 moustiquaire en acier inoxydable est fabriqu\u00e9 en acier inoxydable ind\u00e9formable fil\u00e9 en SUS304 ou SUS316 et tiss\u00e9 en une maille selon les sp\u00e9cifications sp\u00e9cifi\u00e9es, apr\u00e8s thermofixation, il devient une maille monofilament. Le tissage constitue une surface lisse, facile \u00e0 nettoyer et pouvant \u00eatre utilis\u00e9e \u00e0 plusieurs reprises. En m\u00eame temps, il convient \u00e0 la filtration de certains liquides \u00e0 forte teneur en impuret\u00e9s, ce qui r\u00e9duit le co\u00fbt de la filtration.<\/p>\n<p>EXCIPIENTS DE PREMI\u00c8RE QUALIT\u00c9<\/p>\n<p>Des accessoires de bonne qualit\u00e9 sont une condition indispensable \u00e0 la production de sachets-filtres de qualit\u00e9. Ce n'est que gr\u00e2ce \u00e0 notre contr\u00f4le strict des fournisseurs que des accessoires de bonne qualit\u00e9 peuvent \u00eatre s\u00e9lectionn\u00e9s, et ce n'est qu'apr\u00e8s avoir pass\u00e9 les tests de fluorescence et de plastification qu'ils peuvent \u00eatre utilis\u00e9s pour produire des sachets-filtres.<\/p>\n<p><img decoding=\"async\" src=\"https:\/\/img.yfisher.com\/m6076\/1725732616tgn\/jpg70-t3-scale100.webp\" alt=\"Sac filtrant en acier inoxydable SS 304 316 2\" data-lazy=\"2\" title=\"\"><\/p>\n<p><img decoding=\"async\" src=\"https:\/\/img.yfisher.com\/m6076\/1725732616e42\/jpg70-t3-scale100.webp\" alt=\"Sac filtrant en acier inoxydable SS 304 316 3\" data-lazy=\"2\" title=\"\"><\/p>\n<p><img decoding=\"async\" src=\"https:\/\/img.yfisher.com\/m6076\/1725732616srt\/jpg70-t3-scale100.webp\" alt=\"Sac filtrant en acier inoxydable SS 304 316 4\" data-lazy=\"2\" title=\"\"><\/p>\n<p><img decoding=\"async\" src=\"https:\/\/img.yfisher.com\/m6076\/1725732616e74\/jpg70-t3-scale100.webp\" alt=\"Sac filtrant en acier inoxydable SS 304 316 5\" data-lazy=\"2\" title=\"\"><\/p>\n<p><img decoding=\"async\" src=\"https:\/\/img.yfisher.com\/m6076\/1725732616zjv\/jpg70-t3-scale100.webp\" alt=\"Sac filtrant en acier inoxydable SS 304 316 6\" data-lazy=\"2\" title=\"\"><\/p>\n<\/div>","protected":false},"excerpt":{"rendered":"<p>Material Stainless Steel Availability OEM SS 304 316 Stainless Steel Filter Bag PREFERRED 304 STAINLESS STEEL FILTER MATERIAL The stainiess steel fiter bag is made of non-deformable stainless steel spun SUS304 or SUS316 material and woven into a mesh according to the specified specifications, After heat setting, it becomes a monofilament mesh. The weaving constitutes [&hellip;]<\/p>\n","protected":false},"featured_media":2594,"comment_status":"open","ping_status":"closed","template":"","meta":{"_gspb_post_css":""},"product_brand":[],"product_cat":[1054],"product_tag":[],"class_list":{"0":"post-2592","1":"product","2":"type-product","3":"status-publish","4":"has-post-thumbnail","6":"product_cat-filter-bag","8":"first","9":"instock","10":"shipping-taxable","11":"product-type-simple"},"_links":{"self":[{"href":"https:\/\/lyfilter.com\/fr\/wp-json\/wp\/v2\/product\/2592","targetHints":{"allow":["GET"]}}],"collection":[{"href":"https:\/\/lyfilter.com\/fr\/wp-json\/wp\/v2\/product"}],"about":[{"href":"https:\/\/lyfilter.com\/fr\/wp-json\/wp\/v2\/types\/product"}],"replies":[{"embeddable":true,"href":"https:\/\/lyfilter.com\/fr\/wp-json\/wp\/v2\/comments?post=2592"}],"wp:featuredmedia":[{"embeddable":true,"href":"https:\/\/lyfilter.com\/fr\/wp-json\/wp\/v2\/media\/2594"}],"wp:attachment":[{"href":"https:\/\/lyfilter.com\/fr\/wp-json\/wp\/v2\/media?parent=2592"}],"wp:term":[{"taxonomy":"product_brand","embeddable":true,"href":"https:\/\/lyfilter.com\/fr\/wp-json\/wp\/v2\/product_brand?post=2592"},{"taxonomy":"product_cat","embeddable":true,"href":"https:\/\/lyfilter.com\/fr\/wp-json\/wp\/v2\/product_cat?post=2592"},{"taxonomy":"product_tag","embeddable":true,"href":"https:\/\/lyfilter.com\/fr\/wp-json\/wp\/v2\/product_tag?post=2592"}],"curies":[{"name":"wp","href":"https:\/\/api.w.org\/{rel}","templated":true}]}}