{"id":2576,"date":"2026-01-07T06:26:09","date_gmt":"2026-01-07T06:26:09","guid":{"rendered":"https:\/\/lyfilter.com\/?post_type=product&#038;p=2576"},"modified":"2026-01-07T06:26:09","modified_gmt":"2026-01-07T06:26:09","slug":"40-inch-high-flow-cartridge-filter","status":"publish","type":"product","link":"https:\/\/lyfilter.com\/fr\/40-inch-high-flow-cartridge-filter\/","title":{"rendered":"Filtre \u00e0 cartouche \u00e0 haut d\u00e9bit de 40 pouces"},"content":{"rendered":"<div id=\"unit-F8cEncbNNJWsYsB\" class=\"\">\n<div class=\"ce-text_item\">\n<div class=\"ce-text\">\n<h1>Sp\u00e9cifications du filtre \u00e0 cartouche \u00e0 haut d\u00e9bit<\/h1>\n<\/div>\n<\/div>\n<\/div>\n<div id=\"unit-VjZsqUwLb5aYN8l\" class=\"\">\n<div class=\"ce-text_item\">\n<div class=\"ce-text\">\n<p>Les filtres \u00e0 cartouche \u00e0 haut d\u00e9bit de Lvyuan sont disponibles dans une gamme de pr\u00e9cisions de filtration allant de 1 \u00b5m \u00e0 100 \u00b5m pour r\u00e9pondre \u00e0 diverses exigences de filtration. Les options de longueur comprennent des tailles de 20\u2033, 40\u2033 et 60\u2033, avec une production sur mesure disponible pour r\u00e9pondre \u00e0 vos besoins sp\u00e9cifiques.<\/p>\n<p>&nbsp;<\/p>\n<p>Nous pouvons fournir des photos de produits, des dessins, des sp\u00e9cifications et des \u00e9chantillons dans diff\u00e9rentes langues. Les commandes sont trait\u00e9es dans les d\u00e9lais requis.<\/p>\n<\/div>\n<\/div>\n<\/div>","protected":false},"excerpt":{"rendered":"<table>\n<thead>\n<tr>\n<th>Port de d\u00e9part<\/th>\n<th>Guangzhou<\/th>\n<\/tr>\n<\/thead>\n<tbody>\n<tr>\n<td>Capacit\u00e9 de production<\/td>\n<td>10000pc\/mois<\/td>\n<\/tr>\n<tr>\n<td>Lieu d'origine<\/td>\n<td>Guangzhou<\/td>\n<\/tr>\n<tr>\n<td>Paiement<\/td>\n<td>T\/T, Western Union, Alibaba Trade Assurance, paypal<\/td>\n<\/tr>\n<tr>\n<td>MOQ<\/td>\n<td>10<\/td>\n<\/tr>\n<tr>\n<td>D\u00e9lai de livraison<\/td>\n<td>dans les 7 jours<\/td>\n<\/tr>\n<tr>\n<td>Certification<\/td>\n<td>GS<\/td>\n<\/tr>\n<tr>\n<td>Marque<\/td>\n<td>OEM<\/td>\n<\/tr>\n<\/tbody>\n<\/table>","protected":false},"featured_media":2585,"comment_status":"open","ping_status":"closed","template":"","meta":{"_gspb_post_css":""},"product_brand":[],"product_cat":[17,20],"product_tag":[980,279,981,266,259,971],"class_list":{"0":"post-2576","1":"product","2":"type-product","3":"status-publish","4":"has-post-thumbnail","6":"product_cat-sediment-filter","7":"product_cat-high-flow-filter-cartridge","8":"product_tag-10000pc-month","9":"product_tag-alibaba-trade-assurance","10":"product_tag-gs","11":"product_tag-guangzhou","12":"product_tag-oem","13":"product_tag-western-union","15":"first","16":"instock","17":"shipping-taxable","18":"product-type-simple"},"_links":{"self":[{"href":"https:\/\/lyfilter.com\/fr\/wp-json\/wp\/v2\/product\/2576","targetHints":{"allow":["GET"]}}],"collection":[{"href":"https:\/\/lyfilter.com\/fr\/wp-json\/wp\/v2\/product"}],"about":[{"href":"https:\/\/lyfilter.com\/fr\/wp-json\/wp\/v2\/types\/product"}],"replies":[{"embeddable":true,"href":"https:\/\/lyfilter.com\/fr\/wp-json\/wp\/v2\/comments?post=2576"}],"wp:featuredmedia":[{"embeddable":true,"href":"https:\/\/lyfilter.com\/fr\/wp-json\/wp\/v2\/media\/2585"}],"wp:attachment":[{"href":"https:\/\/lyfilter.com\/fr\/wp-json\/wp\/v2\/media?parent=2576"}],"wp:term":[{"taxonomy":"product_brand","embeddable":true,"href":"https:\/\/lyfilter.com\/fr\/wp-json\/wp\/v2\/product_brand?post=2576"},{"taxonomy":"product_cat","embeddable":true,"href":"https:\/\/lyfilter.com\/fr\/wp-json\/wp\/v2\/product_cat?post=2576"},{"taxonomy":"product_tag","embeddable":true,"href":"https:\/\/lyfilter.com\/fr\/wp-json\/wp\/v2\/product_tag?post=2576"}],"curies":[{"name":"wp","href":"https:\/\/api.w.org\/{rel}","templated":true}]}}