{"id":2569,"date":"2026-01-07T06:18:33","date_gmt":"2026-01-07T06:18:33","guid":{"rendered":"https:\/\/lyfilter.com\/?post_type=product&#038;p=2569"},"modified":"2026-01-07T06:18:33","modified_gmt":"2026-01-07T06:18:33","slug":"various-sizes-porous-hydrophobic-ptfe-sensor-filters","status":"publish","type":"product","link":"https:\/\/lyfilter.com\/fr\/various-sizes-porous-hydrophobic-ptfe-sensor-filters\/","title":{"rendered":"Filtres pour capteurs en PTFE poreux hydrophobe de diff\u00e9rentes tailles"},"content":{"rendered":"<div class=\"unit-detail-html-tabs__content-attr\">\n<div class=\"unit-product-attrparam\">\n<div class=\"unit-product-attrparam__items row\">\n<div class=\"col-12 col-md-6\">\n<div class=\"unit-product-attrparam__item\">\n<div class=\"unit-product-attrparam__label\">\n<table>\n<thead>\n<tr>\n<th>Capacit\u00e9 d'approvisionnement<\/th>\n<th>1000000pc\/mois<\/th>\n<\/tr>\n<\/thead>\n<tbody>\n<tr>\n<td>Mat\u00e9riau<\/td>\n<td>PE<\/td>\n<\/tr>\n<tr>\n<td>Disponibilit\u00e9<\/td>\n<td>OEM\/ODM<\/td>\n<\/tr>\n<\/tbody>\n<\/table>\n<\/div>\n<\/div>\n<\/div>\n<\/div>\n<\/div>\n<\/div>\n<div class=\"unit-detail-html-tabs__content-featuresAttr\"><\/div>\n<div class=\"unit-detail-html-tabs__content-html\">\n<p><strong>Filtres pour capteurs en PTFE poreux hydrophobe OEM de diff\u00e9rentes tailles\u00a0<\/strong><\/p>\n<ul>\n<li>Le PTFE est utilis\u00e9 dans les applications de filtration de l'eau, notamment dans les membranes hydrophobes en PTFE, qui permettent \u00e0 l'air et aux gaz de passer librement tout en emp\u00eachant la p\u00e9n\u00e9tration de l'eau liquide, de la poussi\u00e8re et d'autres d\u00e9bris contaminants.<\/li>\n<li>Il est disponible en diff\u00e9rentes tailles de pores, notamment 0,05\u03bcm, 0,1\u03bcm, 0,22\u03bcm, 0,45\u03bcm, 1,0\u03bcm, 3,0\u03bcm, 5,0\u03bcm et 10,0\u03bcm.<\/li>\n<li>Convient pour filtrer les micro-organismes, la vapeur et toutes sortes de liquides corrosifs.<\/li>\n<li>Il peut \u00eatre trait\u00e9 avec de l'\u00e9thanol ou de l'isopropanol pour devenir hydrophile, ce qui permet de filtrer des solutions aqueuses.<\/li>\n<li>Fourni par MS a une taille de pore allant de 0,05\u03bcm \u00e0 10\u03bcm et est disponible en diff\u00e9rentes largeurs.<\/li>\n<\/ul>\n<form id=\"form1\" action=\"http:\/\/admin.allweyes.com\/admin\/cms\/addok\" method=\"post\" name=\"form1\">\n<div id=\"foot-fixed\" class=\"clearfix  dl-horizontal form-group mt20 foot-fixed\">\n<div>\n<div class=\"clearfix\"><span class=\"data-integrity ml5 pull-left\"><span class=\"text mr5\">\u8d44\u6599\u5b8c\u6574\u6027<\/span>\u00a0<span class=\"numbox\"><span class=\"dataFilled\">2<\/span>\/<span class=\"dataRequired\">2<\/span><\/span><\/span><\/div>\n<\/div>\n<\/div>\n<\/form>\n<p><img decoding=\"async\" title=\"filtres hydrophobes\" src=\"https:\/\/img.yfisher.com\/m6076\/17257328172vy\/jpg70-t3-scale100.webp\" alt=\"filtres hydrophobes\" border=\"0\" vspace=\"0\" data-lazy=\"2\" \/><\/p>\n<\/div>","protected":false},"excerpt":{"rendered":"<table>\n<thead>\n<tr>\n<th>Port de d\u00e9part<\/th>\n<th>Guangzhou<\/th>\n<\/tr>\n<\/thead>\n<tbody>\n<tr>\n<td>Capacit\u00e9 de production<\/td>\n<td>10000 unit\u00e9s\/mois<\/td>\n<\/tr>\n<tr>\n<td>Lieu d'origine<\/td>\n<td>Guangdong, Chine<\/td>\n<\/tr>\n<tr>\n<td>Paiement<\/td>\n<td>T\/T, Alibaba Trade Assurance, paypal<\/td>\n<\/tr>\n<tr>\n<td>MOQ<\/td>\n<td>1 pi\u00e8ce<\/td>\n<\/tr>\n<tr>\n<td>Mod\u00e8le<\/td>\n<td>LY-FB<\/td>\n<\/tr>\n<tr>\n<td>D\u00e9lai de livraison<\/td>\n<td>Dans les 7 jours ouvrables<\/td>\n<\/tr>\n<tr>\n<td>Certification<\/td>\n<td>ISO 9001<\/td>\n<\/tr>\n<tr>\n<td>Marque<\/td>\n<td>OEM\/Lvyuan<\/td>\n<\/tr>\n<\/tbody>\n<\/table>","protected":false},"featured_media":2566,"comment_status":"open","ping_status":"closed","template":"","meta":{"_gspb_post_css":""},"product_brand":[],"product_cat":[24],"product_tag":[279,261,266,260,258,282],"class_list":{"0":"post-2569","1":"product","2":"type-product","3":"status-publish","4":"has-post-thumbnail","6":"product_cat-sintered-porous-plastic","7":"product_tag-alibaba-trade-assurance","8":"product_tag-guangdong-china","9":"product_tag-guangzhou","10":"product_tag-iso-9001","11":"product_tag-ly-fb","12":"product_tag-oem-lvyuan","14":"first","15":"instock","16":"shipping-taxable","17":"product-type-simple"},"_links":{"self":[{"href":"https:\/\/lyfilter.com\/fr\/wp-json\/wp\/v2\/product\/2569","targetHints":{"allow":["GET"]}}],"collection":[{"href":"https:\/\/lyfilter.com\/fr\/wp-json\/wp\/v2\/product"}],"about":[{"href":"https:\/\/lyfilter.com\/fr\/wp-json\/wp\/v2\/types\/product"}],"replies":[{"embeddable":true,"href":"https:\/\/lyfilter.com\/fr\/wp-json\/wp\/v2\/comments?post=2569"}],"wp:featuredmedia":[{"embeddable":true,"href":"https:\/\/lyfilter.com\/fr\/wp-json\/wp\/v2\/media\/2566"}],"wp:attachment":[{"href":"https:\/\/lyfilter.com\/fr\/wp-json\/wp\/v2\/media?parent=2569"}],"wp:term":[{"taxonomy":"product_brand","embeddable":true,"href":"https:\/\/lyfilter.com\/fr\/wp-json\/wp\/v2\/product_brand?post=2569"},{"taxonomy":"product_cat","embeddable":true,"href":"https:\/\/lyfilter.com\/fr\/wp-json\/wp\/v2\/product_cat?post=2569"},{"taxonomy":"product_tag","embeddable":true,"href":"https:\/\/lyfilter.com\/fr\/wp-json\/wp\/v2\/product_tag?post=2569"}],"curies":[{"name":"wp","href":"https:\/\/api.w.org\/{rel}","templated":true}]}}