{"id":2563,"date":"2026-01-07T06:21:22","date_gmt":"2026-01-07T06:21:22","guid":{"rendered":"https:\/\/lyfilter.com\/?post_type=product&#038;p=2563"},"modified":"2026-01-07T06:21:23","modified_gmt":"2026-01-07T06:21:23","slug":"30-inch-pp-melt-blown-activated-carbon-water-filter-cartridge","status":"publish","type":"product","link":"https:\/\/lyfilter.com\/fr\/30-inch-pp-melt-blown-activated-carbon-water-filter-cartridge\/","title":{"rendered":"Cartouche de filtre \u00e0 eau de 30 pouces en PP souffl\u00e9 par fusion au charbon actif"},"content":{"rendered":"<div class=\"unit-detail-html-tabs__content-attr\">\n<div class=\"unit-product-attrparam\">\n<div class=\"unit-product-attrparam__items row\">\n<div class=\"col-12 col-md-6\">\n<div class=\"unit-product-attrparam__item\">\n<div class=\"unit-product-attrparam__label\">\n<table>\n<thead>\n<tr>\n<th>Capacit\u00e9 d'approvisionnement<\/th>\n<th>1000pc\/mois<\/th>\n<\/tr>\n<\/thead>\n<tbody>\n<tr>\n<td>Mat\u00e9riau<\/td>\n<td>Acier inoxydable<\/td>\n<\/tr>\n<tr>\n<td>Disponibilit\u00e9<\/td>\n<td>OEM\/ODM<\/td>\n<\/tr>\n<\/tbody>\n<\/table>\n<\/div>\n<\/div>\n<\/div>\n<\/div>\n<\/div>\n<\/div>\n<div class=\"unit-detail-html-tabs__content-html\">\n<p><strong>Cartouche de filtration d'eau de 30 pouces en PP souffl\u00e9 et charbon actif<\/strong><\/p>\n<p>PP souffl\u00e9 par fusion et\u00a0<strong>cartouche de filtre \u00e0 eau \u00e0 charbon actif<\/strong>\u00a0sont des composants essentiels des syst\u00e8mes de filtration de l'eau, con\u00e7us pour \u00e9liminer les impuret\u00e9s et les contaminants de l'eau. Voici quelques sp\u00e9cifications relatives aux cartouches de filtration d'eau en PP souffl\u00e9 par fusion et en charbon actif, bas\u00e9es sur les r\u00e9sultats de la recherche :<\/p>\n<ul>\n<li>Gamme de microns : Disponible dans diff\u00e9rentes gammes de microns, notamment 1, 5, 10, 25, 50, 75 et 100 microns.<\/li>\n<li>Longueur : Disponible en diff\u00e9rentes longueurs, notamment 5\u2033, 9.75\u2033, 9.8\u2033, 10\u2033, 20\u2033, 30\u2033, 40\u2033, 50\u2033, 60\u2033 et 70\u2033.<\/li>\n<li>Efficacit\u00e9 : Valeur nominale avec efficacit\u00e9 d'\u00e9limination des contaminants 85%<\/li>\n<li>Niveau de filtration : Disponible en plusieurs degr\u00e9s de filtration, notamment 1\u03bcm, 5\u03bcm, 10\u03bcm, 25\u03bcm, 30\u03bcm, 50\u03bcm, 75\u03bcm et 100\u03bcm4.<\/li>\n<li>Capuchon d'extr\u00e9mit\u00e9 : Disponible en diff\u00e9rents types, notamment DOE, 222\/plat (SOE), 222\/fin (SOE), 226\/plat (SOE) et 226\/fin (SOE).<\/li>\n<\/ul>\n<\/div>","protected":false},"excerpt":{"rendered":"<table>\n<thead>\n<tr>\n<th>Port de d\u00e9part<\/th>\n<th>Guangzhou<\/th>\n<\/tr>\n<\/thead>\n<tbody>\n<tr>\n<td>Capacit\u00e9 de production<\/td>\n<td>10000 unit\u00e9s\/mois<\/td>\n<\/tr>\n<tr>\n<td>Lieu d'origine<\/td>\n<td>Guangdong, Chine<\/td>\n<\/tr>\n<tr>\n<td>Paiement<\/td>\n<td>T\/T, Western Union, Alibaba Trade Assurance<\/td>\n<\/tr>\n<tr>\n<td>MOQ<\/td>\n<td>1 pi\u00e8ce<\/td>\n<\/tr>\n<tr>\n<td>Mod\u00e8le<\/td>\n<td>LY-FB<\/td>\n<\/tr>\n<tr>\n<td>D\u00e9lai de livraison<\/td>\n<td>Dans les 7 jours ouvrables<\/td>\n<\/tr>\n<tr>\n<td>Certification<\/td>\n<td>ISO 9001<\/td>\n<\/tr>\n<tr>\n<td>Marque<\/td>\n<td>OEM\/Lvyuan<\/td>\n<\/tr>\n<\/tbody>\n<\/table>","protected":false},"featured_media":2571,"comment_status":"open","ping_status":"closed","template":"","meta":{"_gspb_post_css":""},"product_brand":[],"product_cat":[17,19],"product_tag":[279,261,266,260,258,971],"class_list":{"0":"post-2563","1":"product","2":"type-product","3":"status-publish","4":"has-post-thumbnail","6":"product_cat-sediment-filter","7":"product_cat-melt-blown-filter-cartridge","8":"product_tag-alibaba-trade-assurance","9":"product_tag-guangdong-china","10":"product_tag-guangzhou","11":"product_tag-iso-9001","12":"product_tag-ly-fb","13":"product_tag-western-union","15":"first","16":"instock","17":"shipping-taxable","18":"product-type-simple"},"_links":{"self":[{"href":"https:\/\/lyfilter.com\/fr\/wp-json\/wp\/v2\/product\/2563","targetHints":{"allow":["GET"]}}],"collection":[{"href":"https:\/\/lyfilter.com\/fr\/wp-json\/wp\/v2\/product"}],"about":[{"href":"https:\/\/lyfilter.com\/fr\/wp-json\/wp\/v2\/types\/product"}],"replies":[{"embeddable":true,"href":"https:\/\/lyfilter.com\/fr\/wp-json\/wp\/v2\/comments?post=2563"}],"wp:featuredmedia":[{"embeddable":true,"href":"https:\/\/lyfilter.com\/fr\/wp-json\/wp\/v2\/media\/2571"}],"wp:attachment":[{"href":"https:\/\/lyfilter.com\/fr\/wp-json\/wp\/v2\/media?parent=2563"}],"wp:term":[{"taxonomy":"product_brand","embeddable":true,"href":"https:\/\/lyfilter.com\/fr\/wp-json\/wp\/v2\/product_brand?post=2563"},{"taxonomy":"product_cat","embeddable":true,"href":"https:\/\/lyfilter.com\/fr\/wp-json\/wp\/v2\/product_cat?post=2563"},{"taxonomy":"product_tag","embeddable":true,"href":"https:\/\/lyfilter.com\/fr\/wp-json\/wp\/v2\/product_tag?post=2563"}],"curies":[{"name":"wp","href":"https:\/\/api.w.org\/{rel}","templated":true}]}}