{"id":2549,"date":"2026-01-07T06:14:53","date_gmt":"2026-01-07T06:14:53","guid":{"rendered":"https:\/\/lyfilter.com\/?post_type=product&#038;p=2549"},"modified":"2026-01-07T06:14:54","modified_gmt":"2026-01-07T06:14:54","slug":"lvyuan-manufacturer-stainless-steel-wire-mesh-for-filters-strainers-and-separations","status":"publish","type":"product","link":"https:\/\/lyfilter.com\/fr\/lvyuan-manufacturer-stainless-steel-wire-mesh-for-filters-strainers-and-separations\/","title":{"rendered":"Lvyuan fabricant de grillage en acier inoxydable pour filtres, cr\u00e9pines et s\u00e9parations"},"content":{"rendered":"<div class=\"unit-detail-html-tabs__content-attr\">\n<div class=\"unit-product-attrparam\">\n<div class=\"unit-product-attrparam__items row\">\n<div class=\"col-12 col-md-6\">\n<div class=\"unit-product-attrparam__item\">\n<div class=\"unit-product-attrparam__label\">\n<table>\n<thead>\n<tr>\n<th>Capacit\u00e9 d'approvisionnement<\/th>\n<th>1000000pc\/mois<\/th>\n<\/tr>\n<\/thead>\n<tbody>\n<tr>\n<td>Mat\u00e9riau<\/td>\n<td>pe<\/td>\n<\/tr>\n<tr>\n<td>Disponibilit\u00e9<\/td>\n<td>OEM\/ODM<\/td>\n<\/tr>\n<\/tbody>\n<\/table>\n<\/div>\n<\/div>\n<\/div>\n<\/div>\n<\/div>\n<\/div>\n<div class=\"unit-detail-html-tabs__content-html\">\n<p><strong>Lvyuan fabricant de grillage en acier inoxydable pour filtres, cr\u00e9pines et s\u00e9parations<\/strong><\/p>\n<p>&nbsp;<\/p>\n<p>Nos grillages en acier inoxydable sont id\u00e9aux pour les filtres, les cr\u00e9pines et les applications de s\u00e9paration qui exigent robustesse, r\u00e9sistance aux produits chimiques et pr\u00e9cision des ouvertures :<\/p>\n<p>- Fabriqu\u00e9 en acier inoxydable 304 ou 316 pour une meilleure r\u00e9sistance \u00e0 la corrosion ;<\/p>\n<p>- Ouverture de maille serr\u00e9e de 10 microns \u00e0 4 mm pour la filtration des particules fines ;<\/p>\n<p>- Options de tissage carr\u00e9 uni ou de tissage hollandais crois\u00e9 disponibles ;<\/p>\n<p>- R\u00e9siste \u00e0 des pressions \u00e9lev\u00e9es et \u00e0 des temp\u00e9ratures allant jusqu'\u00e0 500\u00b0C ;<\/p>\n<p>- Pr\u00e9venir le colmatage gr\u00e2ce \u00e0 la surface lisse et non absorbante du fil ;<\/p>\n<p>- Des tissus sur mesure sont disponibles pour r\u00e9pondre \u00e0 vos besoins sp\u00e9cifiques en mati\u00e8re de s\u00e9paration des particules ou des mol\u00e9cules ;<\/p>\n<p>- Disponible en feuilles, rouleaux, disques et tiges pour s'adapter \u00e0 votre bo\u00eetier de filtre ;<\/p>\n<p>- R\u00e9pond aux exigences sanitaires pour la filtration des aliments, des produits pharmaceutiques et des produits chimiques ;<\/p>\n<p>Gr\u00e2ce \u00e0 leur excellente compatibilit\u00e9 chimique et \u00e0 leurs propri\u00e9t\u00e9s de nettoyage, nos tissus m\u00e9talliques en acier inoxydable surpassent les autres m\u00e9dias filtrants. Apprenez-en plus sur nos tissus m\u00e9talliques en acier inoxydable de qualit\u00e9 filtration d\u00e8s aujourd'hui !<\/p>\n<\/div>","protected":false},"excerpt":{"rendered":"<table>\n<thead>\n<tr>\n<th>Capacit\u00e9 de production<\/th>\n<th>10000 unit\u00e9s\/mois<\/th>\n<\/tr>\n<\/thead>\n<tbody>\n<tr>\n<td>Lieu d'origine<\/td>\n<td>Guangdong, Chine<\/td>\n<\/tr>\n<tr>\n<td>Paiement<\/td>\n<td>T\/T, Western Union, Alibaba Trade Assurance<\/td>\n<\/tr>\n<tr>\n<td>MOQ<\/td>\n<td>1 pi\u00e8ce<\/td>\n<\/tr>\n<tr>\n<td>Mod\u00e8le<\/td>\n<td>LY-FB<\/td>\n<\/tr>\n<tr>\n<td>D\u00e9lai de livraison<\/td>\n<td>Dans les 7 jours ouvrables<\/td>\n<\/tr>\n<tr>\n<td>Certification<\/td>\n<td>ISO 9001<\/td>\n<\/tr>\n<tr>\n<td>Marque<\/td>\n<td>OEM\/Lvyuan<\/td>\n<\/tr>\n<tr>\n<td>Port de d\u00e9part<\/td>\n<td>Guangzhou<\/td>\n<\/tr>\n<\/tbody>\n<\/table>","protected":false},"featured_media":2558,"comment_status":"open","ping_status":"closed","template":"","meta":{"_gspb_post_css":""},"product_brand":[],"product_cat":[17,18],"product_tag":[279,266,260,258,282,971],"class_list":{"0":"post-2549","1":"product","2":"type-product","3":"status-publish","4":"has-post-thumbnail","6":"product_cat-sediment-filter","7":"product_cat-sintered-metal-filters","8":"product_tag-alibaba-trade-assurance","9":"product_tag-guangzhou","10":"product_tag-iso-9001","11":"product_tag-ly-fb","12":"product_tag-oem-lvyuan","13":"product_tag-western-union","15":"first","16":"instock","17":"shipping-taxable","18":"product-type-simple"},"_links":{"self":[{"href":"https:\/\/lyfilter.com\/fr\/wp-json\/wp\/v2\/product\/2549","targetHints":{"allow":["GET"]}}],"collection":[{"href":"https:\/\/lyfilter.com\/fr\/wp-json\/wp\/v2\/product"}],"about":[{"href":"https:\/\/lyfilter.com\/fr\/wp-json\/wp\/v2\/types\/product"}],"replies":[{"embeddable":true,"href":"https:\/\/lyfilter.com\/fr\/wp-json\/wp\/v2\/comments?post=2549"}],"wp:featuredmedia":[{"embeddable":true,"href":"https:\/\/lyfilter.com\/fr\/wp-json\/wp\/v2\/media\/2558"}],"wp:attachment":[{"href":"https:\/\/lyfilter.com\/fr\/wp-json\/wp\/v2\/media?parent=2549"}],"wp:term":[{"taxonomy":"product_brand","embeddable":true,"href":"https:\/\/lyfilter.com\/fr\/wp-json\/wp\/v2\/product_brand?post=2549"},{"taxonomy":"product_cat","embeddable":true,"href":"https:\/\/lyfilter.com\/fr\/wp-json\/wp\/v2\/product_cat?post=2549"},{"taxonomy":"product_tag","embeddable":true,"href":"https:\/\/lyfilter.com\/fr\/wp-json\/wp\/v2\/product_tag?post=2549"}],"curies":[{"name":"wp","href":"https:\/\/api.w.org\/{rel}","templated":true}]}}