{"id":2542,"date":"2026-01-07T06:12:36","date_gmt":"2026-01-07T06:12:36","guid":{"rendered":"https:\/\/lyfilter.com\/?post_type=product&#038;p=2542"},"modified":"2026-01-07T06:14:07","modified_gmt":"2026-01-07T06:14:07","slug":"sintered-ptfe-filter-elements-high-purity-filtration-solutions","status":"publish","type":"product","link":"https:\/\/lyfilter.com\/fr\/sintered-ptfe-filter-elements-high-purity-filtration-solutions\/","title":{"rendered":"\u00c9l\u00e9ments filtrants en PTFE fritt\u00e9 - Solutions de filtration haute puret\u00e9"},"content":{"rendered":"<div class=\"unit-detail-html-tabs__content-attr\">\n<div class=\"unit-product-attrparam\">\n<div class=\"unit-product-attrparam__items row\">\n<div class=\"col-12 col-md-6\">\n<div class=\"unit-product-attrparam__item\">\n<div class=\"unit-product-attrparam__label\">\n<table>\n<thead>\n<tr>\n<th>Capacit\u00e9 d'approvisionnement<\/th>\n<th>1000000pc\/mois<\/th>\n<\/tr>\n<\/thead>\n<tbody>\n<tr>\n<td>Mat\u00e9riau<\/td>\n<td>pe<\/td>\n<\/tr>\n<tr>\n<td>Disponibilit\u00e9<\/td>\n<td>OEM\/ODM<\/td>\n<\/tr>\n<\/tbody>\n<\/table>\n<\/div>\n<\/div>\n<\/div>\n<\/div>\n<\/div>\n<\/div>\n<div class=\"unit-detail-html-tabs__content-featuresAttr\"><\/div>\n<div class=\"unit-detail-html-tabs__content-html\">\n<p>\u00c9l\u00e9ments filtrants en PTFE fritt\u00e9 - Solutions de filtration haute puret\u00e9<\/p>\n<ul>\n<li>Fabriqu\u00e9 en r\u00e9sine de polyt\u00e9trafluoro\u00e9thyl\u00e8ne (PTFE) pure ;<\/li>\n<li>Contient une membrane poreuse en PTFE fritt\u00e9 dont la taille des pores est contr\u00f4l\u00e9e ;<\/li>\n<li>Disponibles en indices microniques de 0,1 \u03bcm \u00e0 10 \u03bcm pour la filtration des particules fines ;<\/li>\n<li>Volume de vide extr\u00eamement \u00e9lev\u00e9, jusqu'\u00e0 90%, permettant des d\u00e9bits \u00e9lev\u00e9s ;<\/li>\n<li>Excellente r\u00e9sistance chimique \u00e0 presque tous les produits chimiques corrosifs ;<\/li>\n<li>R\u00e9siste \u00e0 une utilisation continue jusqu'\u00e0 500\u00b0F et \u00e0 des surtensions jusqu'\u00e0 600\u00b0F ;<\/li>\n<li>Large gamme de pH de 1 \u00e0 14, y compris les conditions tr\u00e8s acides et alcalines ;<\/li>\n<li>Haute imperm\u00e9abilit\u00e9 et surface antiadh\u00e9sive pour un nettoyage facile ;<\/li>\n<li>Grande capacit\u00e9 de r\u00e9tention de la salet\u00e9 gr\u00e2ce \u00e0 la structure poreuse ;<\/li>\n<li>Faible teneur en mati\u00e8res extractibles r\u00e9pondant aux normes de conformit\u00e9 de la FDA ;<\/li>\n<li>R\u00e9sistance m\u00e9canique et stabilit\u00e9 dimensionnelle \u00e9lev\u00e9es ;<\/li>\n<li>Large gamme de raccords et de configurations mat\u00e9rielles ;<\/li>\n<li>Peut \u00eatre st\u00e9rilis\u00e9 \u00e0 la vapeur de fa\u00e7on r\u00e9p\u00e9t\u00e9e in situ ;<\/li>\n<li>Id\u00e9al pour les applications critiques telles que les lignes de fabrication de semi-conducteurs, les produits pharmaceutiques, etc.<\/li>\n<\/ul>\n<p><img decoding=\"async\" src=\"https:\/\/img.yfisher.com\/m6076\/172573280017x\/jpg70-t3-scale100.webp\" alt=\"\u00c9l\u00e9ments filtrants en PTFE fritt\u00e9 - Solutions de filtration haute puret\u00e9 6\" data-lazy=\"2\" title=\"\"><\/p>\n<\/div>","protected":false},"excerpt":{"rendered":"<table>\n<thead>\n<tr>\n<th>Port de d\u00e9part<\/th>\n<th>Guangzhou<\/th>\n<\/tr>\n<\/thead>\n<tbody>\n<tr>\n<td>Lieu d'origine<\/td>\n<td>Guangdong, Chine<\/td>\n<\/tr>\n<tr>\n<td>Paiement<\/td>\n<td>T\/T, Alibaba Trade Assurance, paypal<\/td>\n<\/tr>\n<tr>\n<td>MOQ<\/td>\n<td>1 pi\u00e8ce<\/td>\n<\/tr>\n<tr>\n<td>Mod\u00e8le<\/td>\n<td>LY-FB<\/td>\n<\/tr>\n<tr>\n<td>D\u00e9lai de livraison<\/td>\n<td>Dans les 7 jours ouvrables<\/td>\n<\/tr>\n<tr>\n<td>Certification<\/td>\n<td>ISO 9001<\/td>\n<\/tr>\n<tr>\n<td>Marque<\/td>\n<td>OEM\/Lvyuan<\/td>\n<\/tr>\n<\/tbody>\n<\/table>","protected":false},"featured_media":2551,"comment_status":"open","ping_status":"closed","template":"","meta":{"_gspb_post_css":""},"product_brand":[],"product_cat":[24],"product_tag":[279,261,266,260,258,282],"class_list":{"0":"post-2542","1":"product","2":"type-product","3":"status-publish","4":"has-post-thumbnail","6":"product_cat-sintered-porous-plastic","7":"product_tag-alibaba-trade-assurance","8":"product_tag-guangdong-china","9":"product_tag-guangzhou","10":"product_tag-iso-9001","11":"product_tag-ly-fb","12":"product_tag-oem-lvyuan","14":"first","15":"instock","16":"shipping-taxable","17":"product-type-simple"},"_links":{"self":[{"href":"https:\/\/lyfilter.com\/fr\/wp-json\/wp\/v2\/product\/2542","targetHints":{"allow":["GET"]}}],"collection":[{"href":"https:\/\/lyfilter.com\/fr\/wp-json\/wp\/v2\/product"}],"about":[{"href":"https:\/\/lyfilter.com\/fr\/wp-json\/wp\/v2\/types\/product"}],"replies":[{"embeddable":true,"href":"https:\/\/lyfilter.com\/fr\/wp-json\/wp\/v2\/comments?post=2542"}],"wp:featuredmedia":[{"embeddable":true,"href":"https:\/\/lyfilter.com\/fr\/wp-json\/wp\/v2\/media\/2551"}],"wp:attachment":[{"href":"https:\/\/lyfilter.com\/fr\/wp-json\/wp\/v2\/media?parent=2542"}],"wp:term":[{"taxonomy":"product_brand","embeddable":true,"href":"https:\/\/lyfilter.com\/fr\/wp-json\/wp\/v2\/product_brand?post=2542"},{"taxonomy":"product_cat","embeddable":true,"href":"https:\/\/lyfilter.com\/fr\/wp-json\/wp\/v2\/product_cat?post=2542"},{"taxonomy":"product_tag","embeddable":true,"href":"https:\/\/lyfilter.com\/fr\/wp-json\/wp\/v2\/product_tag?post=2542"}],"curies":[{"name":"wp","href":"https:\/\/api.w.org\/{rel}","templated":true}]}}