{"id":2536,"date":"2026-01-07T06:09:25","date_gmt":"2026-01-07T06:09:25","guid":{"rendered":"https:\/\/lyfilter.com\/?post_type=product&#038;p=2536"},"modified":"2026-01-07T06:09:25","modified_gmt":"2026-01-07T06:09:25","slug":"porous-industrial-solid-liquid-filtration-sintered-white-black-pe-filter-cartridge","status":"publish","type":"product","link":"https:\/\/lyfilter.com\/fr\/porous-industrial-solid-liquid-filtration-sintered-white-black-pe-filter-cartridge\/","title":{"rendered":"Filtration industrielle poreuse des solides et des liquides Cartouche filtrante PE fritt\u00e9e blanche et noire"},"content":{"rendered":"<div class=\"unit-detail-html-tabs__content-attr\">\n<div class=\"unit-product-attrparam\">\n<div class=\"unit-product-attrparam__items row\">\n<div class=\"col-12 col-md-6\">\n<div class=\"unit-product-attrparam__item\">\n<div class=\"unit-product-attrparam__label\">\n<table>\n<thead>\n<tr>\n<th>Capacit\u00e9 d'approvisionnement<\/th>\n<th>1000000pc\/mois<\/th>\n<\/tr>\n<\/thead>\n<tbody>\n<tr>\n<td>Mat\u00e9riau<\/td>\n<td>pe<\/td>\n<\/tr>\n<tr>\n<td>Disponibilit\u00e9<\/td>\n<td>OEM\/ODM<\/td>\n<\/tr>\n<\/tbody>\n<\/table>\n<\/div>\n<\/div>\n<\/div>\n<\/div>\n<\/div>\n<\/div>\n<div class=\"unit-detail-html-tabs__content-featuresAttr\"><\/div>\n<div class=\"unit-detail-html-tabs__content-html\">\n<p><strong>Filtration industrielle poreuse des solides et des liquides Cartouche filtrante PE fritt\u00e9e blanche et noire<\/strong><\/p>\n<ul>\n<li>Contient du PE blanc pour la couche de pr\u00e9filtration et du PE noir pour la couche de filtration fine ;<\/li>\n<li>Cartouche filtrante fritt\u00e9e : structure poreuse fritt\u00e9e avec une taille de pore contr\u00f4l\u00e9e pour l'\u00e9limination des particules solides ;<\/li>\n<li>La couche noire a des pores de 5 microns pour une meilleure efficacit\u00e9 de filtration ;<\/li>\n<li>Faible perte de charge dans la cartouche pour une filtration \u00e0 haut d\u00e9bit ;<\/li>\n<li>Filtre poreux : grande capacit\u00e9 de r\u00e9tention de la salet\u00e9 et longue dur\u00e9e de vie ;<\/li>\n<li>R\u00e9siste \u00e0 des temp\u00e9ratures \u00e9lev\u00e9es jusqu'\u00e0 140\u00b0F et \u00e0 une large gamme de pH 1-14 ;<\/li>\n<li>Peut \u00eatre st\u00e9rilis\u00e9 \u00e0 la vapeur et nettoy\u00e9 avec des produits chimiques ;<\/li>\n<li>Excellente compatibilit\u00e9 chimique, r\u00e9sistant \u00e0 la plupart des acides, bases et solvants ;<\/li>\n<li>Disponible en longueurs standard avec des tubes de diff\u00e9rents diam\u00e8tres ;<\/li>\n<li>La cartouche filtrante PE est largement utilis\u00e9e pour la filtration pr\u00e9-RO et finale dans les applications pharmaceutiques, chimiques, alimentaires et de boissons.<\/li>\n<\/ul>\n<p><img decoding=\"async\" src=\"https:\/\/img.yfisher.com\/m6076\/1725732797cjk\/jpg70-t3-scale100.webp\" alt=\"Filtration industrielle poreuse des solides et des liquides Cartouche filtrante PE fritt\u00e9e blanche et noire 7\" data-lazy=\"2\" title=\"\"><\/p>\n<\/div>","protected":false},"excerpt":{"rendered":"<table>\n<thead>\n<tr>\n<th>Port de d\u00e9part<\/th>\n<th>Guangzhou<\/th>\n<\/tr>\n<\/thead>\n<tbody>\n<tr>\n<td>Lieu d'origine<\/td>\n<td>Guangdong, Chine<\/td>\n<\/tr>\n<tr>\n<td>Paiement<\/td>\n<td>T\/T, paypal<\/td>\n<\/tr>\n<tr>\n<td>MOQ<\/td>\n<td>1 pi\u00e8ce<\/td>\n<\/tr>\n<tr>\n<td>Mod\u00e8le<\/td>\n<td>LY-FB<\/td>\n<\/tr>\n<tr>\n<td>D\u00e9lai de livraison<\/td>\n<td>Dans les 7 jours ouvrables<\/td>\n<\/tr>\n<tr>\n<td>Certification<\/td>\n<td>ISO 9001<\/td>\n<\/tr>\n<tr>\n<td>Marque<\/td>\n<td>OEM\/Lvyuan<\/td>\n<\/tr>\n<\/tbody>\n<\/table>","protected":false},"featured_media":2543,"comment_status":"open","ping_status":"closed","template":"","meta":{"_gspb_post_css":""},"product_brand":[],"product_cat":[24],"product_tag":[261,266,260,258,282,979],"class_list":{"0":"post-2536","1":"product","2":"type-product","3":"status-publish","4":"has-post-thumbnail","6":"product_cat-sintered-porous-plastic","7":"product_tag-guangdong-china","8":"product_tag-guangzhou","9":"product_tag-iso-9001","10":"product_tag-ly-fb","11":"product_tag-oem-lvyuan","12":"product_tag-t-t-and-paypal","14":"first","15":"instock","16":"shipping-taxable","17":"product-type-simple"},"_links":{"self":[{"href":"https:\/\/lyfilter.com\/fr\/wp-json\/wp\/v2\/product\/2536","targetHints":{"allow":["GET"]}}],"collection":[{"href":"https:\/\/lyfilter.com\/fr\/wp-json\/wp\/v2\/product"}],"about":[{"href":"https:\/\/lyfilter.com\/fr\/wp-json\/wp\/v2\/types\/product"}],"replies":[{"embeddable":true,"href":"https:\/\/lyfilter.com\/fr\/wp-json\/wp\/v2\/comments?post=2536"}],"wp:featuredmedia":[{"embeddable":true,"href":"https:\/\/lyfilter.com\/fr\/wp-json\/wp\/v2\/media\/2543"}],"wp:attachment":[{"href":"https:\/\/lyfilter.com\/fr\/wp-json\/wp\/v2\/media?parent=2536"}],"wp:term":[{"taxonomy":"product_brand","embeddable":true,"href":"https:\/\/lyfilter.com\/fr\/wp-json\/wp\/v2\/product_brand?post=2536"},{"taxonomy":"product_cat","embeddable":true,"href":"https:\/\/lyfilter.com\/fr\/wp-json\/wp\/v2\/product_cat?post=2536"},{"taxonomy":"product_tag","embeddable":true,"href":"https:\/\/lyfilter.com\/fr\/wp-json\/wp\/v2\/product_tag?post=2536"}],"curies":[{"name":"wp","href":"https:\/\/api.w.org\/{rel}","templated":true}]}}