{"id":2530,"date":"2026-01-07T03:56:56","date_gmt":"2026-01-07T03:56:56","guid":{"rendered":"https:\/\/lyfilter.com\/?post_type=product&#038;p=2530"},"modified":"2026-01-07T03:56:56","modified_gmt":"2026-01-07T03:56:56","slug":"customized-size-pogoda-connector-304-316-stainless-steel-filter-cartridge","status":"publish","type":"product","link":"https:\/\/lyfilter.com\/fr\/customized-size-pogoda-connector-304-316-stainless-steel-filter-cartridge\/","title":{"rendered":"Cartouche filtrante en acier inoxydable 304 316 \u00e0 connecteur Pogoda de taille personnalis\u00e9e"},"content":{"rendered":"<div class=\"unit-detail-html-tabs__content-attr\">\n<div class=\"unit-product-attrparam\">\n<div class=\"unit-product-attrparam__items row\">\n<div class=\"col-12 col-md-6\">\n<div class=\"unit-product-attrparam__item\">\n<div class=\"unit-product-attrparam__label\">\n<table>\n<thead>\n<tr>\n<th><strong>Attribut<\/strong><\/th>\n<th><strong>D\u00e9tails<\/strong><\/th>\n<\/tr>\n<\/thead>\n<tbody>\n<tr>\n<td><strong>Disponibilit\u00e9<\/strong><\/td>\n<td>OEM\/ODM<\/td>\n<\/tr>\n<\/tbody>\n<\/table>\n<\/div>\n<\/div>\n<\/div>\n<\/div>\n<\/div>\n<\/div>\n<div class=\"unit-detail-html-tabs__content-featuresAttr\"><\/div>\n<div class=\"unit-detail-html-tabs__content-html\">\n<p><strong>Cartouche filtrante en acier inoxydable 304 316 \u00e0 connecteur Pogoda de taille personnalis\u00e9e<\/strong><\/p>\n<p><strong>Description\uff1a<\/strong><\/p>\n<ol>\n<li>Construit en acier inoxydable 304 et 316 pour r\u00e9sister \u00e0 la corrosion<\/li>\n<li>La conception de la cartouche filtrante pliss\u00e9e offre une surface \u00e9lev\u00e9e pour une \u00e9limination efficace des contaminants.<\/li>\n<li>\u00c9limine les s\u00e9diments, la rouille, le tartre, le limon, le sable, la salet\u00e9 et d'autres particules.<\/li>\n<li>Id\u00e9al pour les applications \u00e0 haut d\u00e9bit avec une perte de charge minimale<\/li>\n<li>Compatible avec une large gamme de syst\u00e8mes de filtration industriels, commerciaux et r\u00e9sidentiels<\/li>\n<li>Disponibles en diff\u00e9rentes classes de microns pour r\u00e9pondre \u00e0 diff\u00e9rents besoins de filtration<\/li>\n<li>La maille ext\u00e9rieure en acier inoxydable maintient l'int\u00e9grit\u00e9 des plis.<\/li>\n<li>Enveloppe int\u00e9rieure et ext\u00e9rieure en polypropyl\u00e8ne pour une plus grande durabilit\u00e9<\/li>\n<li>L'alignement radial des plis permet un \u00e9coulement uniforme sur toute la surface du filtre<\/li>\n<li>Propos\u00e9 en longueurs standard de 10\u2033, 20\u2033, 30\u2033 et 40\u2033 pour s'adapter \u00e0 la plupart des bo\u00eetiers.<\/li>\n<li>Peut r\u00e9sister \u00e0 des temp\u00e9ratures allant jusqu'\u00e0 180\u00b0F en fonction du mat\u00e9riau du joint.<\/li>\n<li>Sens d'\u00e9coulement r\u00e9versible pour plus de flexibilit\u00e9<\/li>\n<\/ol>\n<p><strong><br \/>\n<\/strong><\/p>\n<p><img decoding=\"async\" src=\"https:\/\/img.yfisher.com\/m6076\/17257327950r2\/jpg70-t3-scale100.webp\" alt=\"Taille personnalis\u00e9e Pogoda Connector 304 316 Stainless Steel Filter Cartridge 6\" data-lazy=\"2\" title=\"\"><\/p>\n<\/div>","protected":false},"excerpt":{"rendered":"<table>\n<thead>\n<tr>\n<th><strong>Attribut<\/strong><\/th>\n<th><strong>D\u00e9tails<\/strong><\/th>\n<\/tr>\n<\/thead>\n<tbody>\n<tr>\n<td><strong>Port de d\u00e9part<\/strong><\/td>\n<td>Guangzhou<\/td>\n<\/tr>\n<tr>\n<td><strong>Capacit\u00e9 de production<\/strong><\/td>\n<td>10000 unit\u00e9s\/mois<\/td>\n<\/tr>\n<tr>\n<td><strong>Lieu d'origine<\/strong><\/td>\n<td>Guangdong, Chine<\/td>\n<\/tr>\n<tr>\n<td><strong>Paiement<\/strong><\/td>\n<td>T\/T, Alibaba Trade Assurance, Paypal<\/td>\n<\/tr>\n<tr>\n<td><strong>Mod\u00e8le<\/strong><\/td>\n<td>LY-FB<\/td>\n<\/tr>\n<tr>\n<td><strong>D\u00e9lai de livraison<\/strong><\/td>\n<td>Dans les 7 jours ouvrables<\/td>\n<\/tr>\n<tr>\n<td><strong>Certification<\/strong><\/td>\n<td>ISO 9001<\/td>\n<\/tr>\n<tr>\n<td><strong>Marque<\/strong><\/td>\n<td>OEM\/Lvyuan<\/td>\n<\/tr>\n<\/tbody>\n<\/table>","protected":false},"featured_media":2537,"comment_status":"open","ping_status":"closed","template":"","meta":{"_gspb_post_css":""},"product_brand":[],"product_cat":[17,18],"product_tag":[978,977,266,260,258,259],"class_list":{"0":"post-2530","1":"product","2":"type-product","3":"status-publish","4":"has-post-thumbnail","6":"product_cat-sediment-filter","7":"product_cat-sintered-metal-filters","8":"product_tag-alibaba","9":"product_tag-filter-element","10":"product_tag-guangzhou","11":"product_tag-iso-9001","12":"product_tag-ly-fb","13":"product_tag-oem","15":"first","16":"instock","17":"shipping-taxable","18":"product-type-simple"},"_links":{"self":[{"href":"https:\/\/lyfilter.com\/fr\/wp-json\/wp\/v2\/product\/2530","targetHints":{"allow":["GET"]}}],"collection":[{"href":"https:\/\/lyfilter.com\/fr\/wp-json\/wp\/v2\/product"}],"about":[{"href":"https:\/\/lyfilter.com\/fr\/wp-json\/wp\/v2\/types\/product"}],"replies":[{"embeddable":true,"href":"https:\/\/lyfilter.com\/fr\/wp-json\/wp\/v2\/comments?post=2530"}],"wp:featuredmedia":[{"embeddable":true,"href":"https:\/\/lyfilter.com\/fr\/wp-json\/wp\/v2\/media\/2537"}],"wp:attachment":[{"href":"https:\/\/lyfilter.com\/fr\/wp-json\/wp\/v2\/media?parent=2530"}],"wp:term":[{"taxonomy":"product_brand","embeddable":true,"href":"https:\/\/lyfilter.com\/fr\/wp-json\/wp\/v2\/product_brand?post=2530"},{"taxonomy":"product_cat","embeddable":true,"href":"https:\/\/lyfilter.com\/fr\/wp-json\/wp\/v2\/product_cat?post=2530"},{"taxonomy":"product_tag","embeddable":true,"href":"https:\/\/lyfilter.com\/fr\/wp-json\/wp\/v2\/product_tag?post=2530"}],"curies":[{"name":"wp","href":"https:\/\/api.w.org\/{rel}","templated":true}]}}