{"id":2525,"date":"2026-01-07T03:54:51","date_gmt":"2026-01-07T03:54:51","guid":{"rendered":"https:\/\/lyfilter.com\/?post_type=product&#038;p=2525"},"modified":"2026-04-24T23:43:14","modified_gmt":"2026-04-24T23:43:14","slug":"lvyuan-customized-micron-high-flow-filter-cartridge","status":"publish","type":"product","link":"https:\/\/lyfilter.com\/fr\/lvyuan-customized-micron-high-flow-filter-cartridge\/","title":{"rendered":"Lvyuan Customized Micron High Flow Filter Cartridge (cartouche filtrante \u00e0 haut d\u00e9bit)"},"content":{"rendered":"<div class=\"unit-detail-html-tabs__content-attr\">\n<div class=\"unit-product-attrparam\">\n<div class=\"unit-product-attrparam__items row\">\n<div class=\"col-12 col-md-6\">\n<div class=\"unit-product-attrparam__item\">\n<div class=\"unit-product-attrparam__label\">\n<table>\n<thead>\n<tr>\n<th><strong>Attribut<\/strong><\/th>\n<th><strong>D\u00e9tails<\/strong><\/th>\n<\/tr>\n<\/thead>\n<tbody>\n<tr>\n<td><strong>Capacit\u00e9 d'approvisionnement<\/strong><\/td>\n<td>1000000pc\/mois<\/td>\n<\/tr>\n<tr>\n<td><strong>Disponibilit\u00e9<\/strong><\/td>\n<td>OEM\/ODM<\/td>\n<\/tr>\n<\/tbody>\n<\/table>\n<\/div>\n<\/div>\n<\/div>\n<\/div>\n<\/div>\n<\/div>\n<div class=\"unit-detail-html-tabs__content-html\">\n<p><strong>Cartouche filtrante \u00e0 haut d\u00e9bit micron personnalis\u00e9e de Lvyuan<\/strong><\/p>\n<p>Les cartouches filtrantes de la s\u00e9rie High Flow sont con\u00e7ues pour la filtration \u00e0 haut d\u00e9bit dans des applications industrielles exigeantes. Avec une g\u00e9om\u00e9trie de plis optimis\u00e9e et une construction robuste, ces filtres offrent une capacit\u00e9 de d\u00e9bit jusqu'\u00e0 trois fois sup\u00e9rieure \u00e0 celle des cartouches standard, pour un d\u00e9bit maximal.<\/p>\n<p>Constitu\u00e9es de plusieurs couches de m\u00e9dia en polypropyl\u00e8ne finement pliss\u00e9, les cartouches \u00e0 haut d\u00e9bit pr\u00e9sentent une surface et une capacit\u00e9 de chargement en profondeur accrues pour traiter de fortes charges de contaminants. La formulation propri\u00e9taire du m\u00e9dia permet un d\u00e9bit \u00e9lev\u00e9 avec une faible perte de charge.<\/p>\n<p>Le noyau central en polypropyl\u00e8ne assure la solidit\u00e9 et la stabilit\u00e9, tandis que les joints int\u00e9gr\u00e9s assurent l'\u00e9tanch\u00e9it\u00e9 de la cartouche \u00e0 l'int\u00e9rieur du bo\u00eetier. Les capuchons d'extr\u00e9mit\u00e9 en polypropyl\u00e8ne d'une seule pi\u00e8ce \u00e9liminent les points de fuite potentiels.<\/p>\n<p>Avec une capacit\u00e9 \u00e9lev\u00e9e de r\u00e9tention des impuret\u00e9s et une efficacit\u00e9 allant jusqu'\u00e0 99,9% au micron nominal, les cartouches filtrantes High Flow maintiennent les d\u00e9bits des proc\u00e9d\u00e9s plus longtemps entre les remplacements. Leur large compatibilit\u00e9 chimique permet de les utiliser dans de nombreuses applications.<\/p>\n<p>Les cartouches High Flow sont disponibles avec diff\u00e9rents taux de microns de 1 \u00e0 800 microns. Leur large empreinte de 2,5 pouces de diam\u00e8tre combin\u00e9e \u00e0 une conception \u00e0 haut d\u00e9bit en font une solution id\u00e9ale pour les fluides \u00e0 haute vitesse et les flux de traitement \u00e0 grand volume.<\/p>\n<p>Les d\u00e9bits allant de 250 \u00e0 1250 GPM offrent une grande flexibilit\u00e9 dans le traitement des applications industrielles difficiles et des op\u00e9rations de fabrication \u00e0 haut d\u00e9bit. Les cartouches High Flow offrent une filtration \u00e0 d\u00e9bit extr\u00eame dans un bo\u00eetier robuste mais \u00e9conomique.<\/p>\n<\/div>","protected":false},"excerpt":{"rendered":"<table>\n<thead>\n<tr>\n<th><strong>Attribut<\/strong><\/th>\n<th><strong>D\u00e9tails<\/strong><\/th>\n<\/tr>\n<\/thead>\n<tbody>\n<tr>\n<td><strong>Capacit\u00e9 de production<\/strong><\/td>\n<td>10000 unit\u00e9s\/mois<\/td>\n<\/tr>\n<tr>\n<td><strong>Paiement<\/strong><\/td>\n<td>T\/T, Assurance commerciale Alibaba<\/td>\n<\/tr>\n<tr>\n<td><strong>MOQ<\/strong><\/td>\n<td>1 pi\u00e8ce<\/td>\n<\/tr>\n<tr>\n<td><strong>Mod\u00e8le<\/strong><\/td>\n<td>LY-FB<\/td>\n<\/tr>\n<tr>\n<td><strong>D\u00e9lai de livraison<\/strong><\/td>\n<td>Dans les 7 jours ouvrables<\/td>\n<\/tr>\n<tr>\n<td><strong>Certification<\/strong><\/td>\n<td>ISO 9001<\/td>\n<\/tr>\n<tr>\n<td><strong>Marque<\/strong><\/td>\n<td>OEM\/Lvyuan<\/td>\n<\/tr>\n<\/tbody>\n<\/table>","protected":false},"featured_media":2531,"comment_status":"open","ping_status":"closed","template":"","meta":{"_gspb_post_css":""},"product_brand":[],"product_cat":[17],"product_tag":[978,977,266,260,258,259],"class_list":{"0":"post-2525","1":"product","2":"type-product","3":"status-publish","4":"has-post-thumbnail","6":"product_cat-sediment-filter","7":"product_tag-alibaba","8":"product_tag-filter-element","9":"product_tag-guangzhou","10":"product_tag-iso-9001","11":"product_tag-ly-fb","12":"product_tag-oem","14":"first","15":"instock","16":"shipping-taxable","17":"product-type-simple"},"_links":{"self":[{"href":"https:\/\/lyfilter.com\/fr\/wp-json\/wp\/v2\/product\/2525","targetHints":{"allow":["GET"]}}],"collection":[{"href":"https:\/\/lyfilter.com\/fr\/wp-json\/wp\/v2\/product"}],"about":[{"href":"https:\/\/lyfilter.com\/fr\/wp-json\/wp\/v2\/types\/product"}],"replies":[{"embeddable":true,"href":"https:\/\/lyfilter.com\/fr\/wp-json\/wp\/v2\/comments?post=2525"}],"wp:featuredmedia":[{"embeddable":true,"href":"https:\/\/lyfilter.com\/fr\/wp-json\/wp\/v2\/media\/2531"}],"wp:attachment":[{"href":"https:\/\/lyfilter.com\/fr\/wp-json\/wp\/v2\/media?parent=2525"}],"wp:term":[{"taxonomy":"product_brand","embeddable":true,"href":"https:\/\/lyfilter.com\/fr\/wp-json\/wp\/v2\/product_brand?post=2525"},{"taxonomy":"product_cat","embeddable":true,"href":"https:\/\/lyfilter.com\/fr\/wp-json\/wp\/v2\/product_cat?post=2525"},{"taxonomy":"product_tag","embeddable":true,"href":"https:\/\/lyfilter.com\/fr\/wp-json\/wp\/v2\/product_tag?post=2525"}],"curies":[{"name":"wp","href":"https:\/\/api.w.org\/{rel}","templated":true}]}}