{"id":2518,"date":"2026-01-07T03:50:02","date_gmt":"2026-01-07T03:50:02","guid":{"rendered":"https:\/\/lyfilter.com\/?post_type=product&#038;p=2518"},"modified":"2026-01-07T03:50:02","modified_gmt":"2026-01-07T03:50:02","slug":"round-white-polyethylene-porous-plastic-pe-fllter-plate","status":"publish","type":"product","link":"https:\/\/lyfilter.com\/fr\/round-white-polyethylene-porous-plastic-pe-fllter-plate\/","title":{"rendered":"Plaque ronde blanche en poly\u00e9thyl\u00e8ne poreux PE Fllter Plate"},"content":{"rendered":"<div class=\"unit-detail-html-tabs__content-attr\">\n<div class=\"unit-product-attrparam\">\n<div class=\"unit-product-attrparam__items row\">\n<div class=\"col-12 col-md-6\">\n<div class=\"unit-product-attrparam__item\">\n<div class=\"unit-product-attrparam__label\">\n<table>\n<thead>\n<tr>\n<th><strong>Attribut<\/strong><\/th>\n<th><strong>D\u00e9tails<\/strong><\/th>\n<\/tr>\n<\/thead>\n<tbody>\n<tr>\n<td><strong>Capacit\u00e9 d'approvisionnement<\/strong><\/td>\n<td>1000000pc\/mois<\/td>\n<\/tr>\n<tr>\n<td><strong>Mat\u00e9riau<\/strong><\/td>\n<td>pe<\/td>\n<\/tr>\n<tr>\n<td><strong>Disponibilit\u00e9<\/strong><\/td>\n<td>OEM\/ODM<\/td>\n<\/tr>\n<\/tbody>\n<\/table>\n<\/div>\n<\/div>\n<\/div>\n<\/div>\n<\/div>\n<\/div>\n<div class=\"unit-detail-html-tabs__content-featuresAttr\"><\/div>\n<div class=\"unit-detail-html-tabs__content-html\">\n<p><strong>Plaque ronde blanche en poly\u00e9thyl\u00e8ne poreux PE Fllter Plate<\/strong><\/p>\n<p>Mat\u00e9riau : PE\/ Poly\u00e9thyl\u00e8ne<\/p>\n<p>Cette plaque ronde en plastique de 95mm\uff08size peut \u00eatre personnalis\u00e9e en diam\u00e8tre est con\u00e7ue pour les microscopes st\u00e9r\u00e9o.<\/p>\n<p><img loading=\"lazy\" decoding=\"async\" class=\"size-medium wp-image-2524\" src=\"https:\/\/lyfilter.com\/wp-content\/uploads\/2026\/01\/Round-White-Polyethylene-Porous-Plastic-PE-Fllter-Plate--300x200.webp\" alt=\"Plaque ronde blanche en poly\u00e9thyl\u00e8ne poreux PE Fllter Plate \" width=\"300\" height=\"200\" title=\"\" srcset=\"https:\/\/lyfilter.com\/wp-content\/uploads\/2026\/01\/Round-White-Polyethylene-Porous-Plastic-PE-Fllter-Plate--300x200.webp 300w, https:\/\/lyfilter.com\/wp-content\/uploads\/2026\/01\/Round-White-Polyethylene-Porous-Plastic-PE-Fllter-Plate--18x12.webp 18w, https:\/\/lyfilter.com\/wp-content\/uploads\/2026\/01\/Round-White-Polyethylene-Porous-Plastic-PE-Fllter-Plate--600x400.webp 600w, https:\/\/lyfilter.com\/wp-content\/uploads\/2026\/01\/Round-White-Polyethylene-Porous-Plastic-PE-Fllter-Plate-.webp 750w\" sizes=\"auto, (max-width: 300px) 100vw, 300px\" \/><\/p>\n<\/div>","protected":false},"excerpt":{"rendered":"<table>\n<thead>\n<tr>\n<th><strong>Attribut<\/strong><\/th>\n<th><strong>D\u00e9tails<\/strong><\/th>\n<\/tr>\n<\/thead>\n<tbody>\n<tr>\n<td><strong>Port de d\u00e9part<\/strong><\/td>\n<td>Guangzhou<\/td>\n<\/tr>\n<tr>\n<td><strong>Capacit\u00e9 de production<\/strong><\/td>\n<td>10000 unit\u00e9s\/mois<\/td>\n<\/tr>\n<tr>\n<td><strong>Lieu d'origine<\/strong><\/td>\n<td>Guangdong, Chine<\/td>\n<\/tr>\n<tr>\n<td><strong>Paiement<\/strong><\/td>\n<td>T\/T, Alibaba Trade Assurance, Paypal<\/td>\n<\/tr>\n<tr>\n<td><strong>MOQ<\/strong><\/td>\n<td>1 pi\u00e8ce<\/td>\n<\/tr>\n<tr>\n<td><strong>Mod\u00e8le<\/strong><\/td>\n<td>LY-FB<\/td>\n<\/tr>\n<tr>\n<td><strong>D\u00e9lai de livraison<\/strong><\/td>\n<td>Dans les 7 jours ouvrables<\/td>\n<\/tr>\n<tr>\n<td><strong>Certification<\/strong><\/td>\n<td>CE, ISO 9001<\/td>\n<\/tr>\n<tr>\n<td><strong>Marque<\/strong><\/td>\n<td>OEM\/Lvyuan<\/td>\n<\/tr>\n<\/tbody>\n<\/table>","protected":false},"featured_media":2519,"comment_status":"open","ping_status":"closed","template":"","meta":{"_gspb_post_css":""},"product_brand":[],"product_cat":[24],"product_tag":[963,977,266,260,258,259],"class_list":{"0":"post-2518","1":"product","2":"type-product","3":"status-publish","4":"has-post-thumbnail","6":"product_cat-sintered-porous-plastic","7":"product_tag-ce-certified","8":"product_tag-filter-element","9":"product_tag-guangzhou","10":"product_tag-iso-9001","11":"product_tag-ly-fb","12":"product_tag-oem","14":"first","15":"instock","16":"shipping-taxable","17":"product-type-simple"},"_links":{"self":[{"href":"https:\/\/lyfilter.com\/fr\/wp-json\/wp\/v2\/product\/2518","targetHints":{"allow":["GET"]}}],"collection":[{"href":"https:\/\/lyfilter.com\/fr\/wp-json\/wp\/v2\/product"}],"about":[{"href":"https:\/\/lyfilter.com\/fr\/wp-json\/wp\/v2\/types\/product"}],"replies":[{"embeddable":true,"href":"https:\/\/lyfilter.com\/fr\/wp-json\/wp\/v2\/comments?post=2518"}],"wp:featuredmedia":[{"embeddable":true,"href":"https:\/\/lyfilter.com\/fr\/wp-json\/wp\/v2\/media\/2519"}],"wp:attachment":[{"href":"https:\/\/lyfilter.com\/fr\/wp-json\/wp\/v2\/media?parent=2518"}],"wp:term":[{"taxonomy":"product_brand","embeddable":true,"href":"https:\/\/lyfilter.com\/fr\/wp-json\/wp\/v2\/product_brand?post=2518"},{"taxonomy":"product_cat","embeddable":true,"href":"https:\/\/lyfilter.com\/fr\/wp-json\/wp\/v2\/product_cat?post=2518"},{"taxonomy":"product_tag","embeddable":true,"href":"https:\/\/lyfilter.com\/fr\/wp-json\/wp\/v2\/product_tag?post=2518"}],"curies":[{"name":"wp","href":"https:\/\/api.w.org\/{rel}","templated":true}]}}