{"id":2517,"date":"2026-01-07T03:52:43","date_gmt":"2026-01-07T03:52:43","guid":{"rendered":"https:\/\/lyfilter.com\/?post_type=product&#038;p=2517"},"modified":"2026-01-07T03:52:43","modified_gmt":"2026-01-07T03:52:43","slug":"ultrafiltration-polyethylene-pe-needle-filters","status":"publish","type":"product","link":"https:\/\/lyfilter.com\/fr\/ultrafiltration-polyethylene-pe-needle-filters\/","title":{"rendered":"Filtres \u00e0 aiguilles en poly\u00e9thyl\u00e8ne (PE) pour l'ultrafiltration"},"content":{"rendered":"<div class=\"unit-detail-html-tabs__content-attr\">\n<div class=\"unit-product-attrparam\">\n<div class=\"unit-product-attrparam__items row\">\n<div class=\"col-12 col-md-6\">\n<div class=\"unit-product-attrparam__item\">\n<div class=\"unit-product-attrparam__label\">\n<table>\n<thead>\n<tr>\n<th><strong>Attribut<\/strong><\/th>\n<th><strong>D\u00e9tails<\/strong><\/th>\n<\/tr>\n<\/thead>\n<tbody>\n<tr>\n<td><strong>Disponibilit\u00e9<\/strong><\/td>\n<td>OEM\/ODM<\/td>\n<\/tr>\n<\/tbody>\n<\/table>\n<\/div>\n<\/div>\n<\/div>\n<\/div>\n<\/div>\n<\/div>\n<div class=\"unit-detail-html-tabs__content-html\">\n<p><strong>Filtres \u00e0 aiguilles en poly\u00e9thyl\u00e8ne (PE) pour l'ultrafiltration\u00a0<\/strong><\/p>\n<p>1. Mat\u00e9riau PE - Le poly\u00e9thyl\u00e8ne (PE) est un mat\u00e9riau de membrane d'ultrafiltration tr\u00e8s r\u00e9pandu. Il est r\u00e9sistant aux produits chimiques, peu co\u00fbteux et durable. Les filtres \u00e0 aiguilles en PE sont compatibles avec une large gamme de produits chimiques, de solvants et de liquides.<\/p>\n<p>2. Flux \u00e9lev\u00e9 - Les membranes d'ultrafiltration en PE ont une taille de pore de 0,01-0,1 micron et peuvent atteindre un flux de perm\u00e9at \u00e9lev\u00e9 de plusieurs litres \u00e0 des centaines de litres par m2 par heure. Ce flux \u00e9lev\u00e9 permet d'obtenir une efficacit\u00e9 de production et une vitesse de traitement \u00e9lev\u00e9es.<\/p>\n<p>3. S\u00e9lectivit\u00e9 - Les membranes d'ultrafiltration en PE s\u00e9parent les mol\u00e9cules en fonction de leur poids mol\u00e9culaire. Elles peuvent retenir les grosses mol\u00e9cules tout en laissant passer les petites. Cette s\u00e9lectivit\u00e9 les rend adapt\u00e9es aux applications de s\u00e9paration, de concentration et de purification.<\/p>\n<p>4. R\u00e9sistance \u00e0 la chaleur - Les membranes d'ultrafiltration en PE ordinaires peuvent supporter des liquides chauds de 50 \u00e0 70 \u00b0C. Les filtres \u00e0 aiguilles en PE fabriqu\u00e9s en plastique technique peuvent supporter des temp\u00e9ratures de 90 \u00e0 120 \u00b0C. Les filtres \u00e0 aiguilles en PE fabriqu\u00e9s \u00e0 partir de plastiques techniques peuvent supporter des temp\u00e9ratures de 90 \u00e0 120\u00b0C. Cette r\u00e9sistance \u00e9lev\u00e9e \u00e0 la chaleur \u00e9largit leur champ d'application.<\/p>\n<p>5. R\u00e9utilisation - Certains filtres \u00e0 aiguilles en PE peuvent \u00eatre lav\u00e9s \u00e0 contre-courant ou nettoy\u00e9s chimiquement pour \u00e9liminer l'encrassement et les particules sur le noyau du filtre et \u00eatre r\u00e9utilis\u00e9s. La r\u00e9utilisation prolonge consid\u00e9rablement la dur\u00e9e de vie du filtre et r\u00e9duit les co\u00fbts.<\/p>\n<p>6. Connexions - Les filtres \u00e0 aiguilles en PE sont g\u00e9n\u00e9ralement dot\u00e9s de bo\u00eetiers en acier inoxydable ou en plastique et de connecteurs courants, tels que des raccords filet\u00e9s ou \u00e0 bride, pour les relier \u00e0 des tuyaux ou \u00e0 des conteneurs. Le bo\u00eetier et les raccords doivent \u00eatre correctement \u00e9tanches pour \u00e9viter les fuites.<\/p>\n<p>7. Sp\u00e9cifications - Les filtres \u00e0 aiguilles en PE existent en version bas d\u00e9bit (50L\/min) avec une pr\u00e9cision de filtration de 0,01 \u00e0 0,2 microns. Vous pouvez choisir les sp\u00e9cifications appropri\u00e9es en fonction de votre application.<\/p>\n<\/div>","protected":false},"excerpt":{"rendered":"<table>\n<thead>\n<tr>\n<th><strong>Attribut<\/strong><\/th>\n<th><strong>D\u00e9tails<\/strong><\/th>\n<\/tr>\n<\/thead>\n<tbody>\n<tr>\n<td><strong>Port de d\u00e9part<\/strong><\/td>\n<td>Guangzhou<\/td>\n<\/tr>\n<tr>\n<td><strong>Lieu d'origine<\/strong><\/td>\n<td>Guangdong, Chine<\/td>\n<\/tr>\n<tr>\n<td><strong>Paiement<\/strong><\/td>\n<td>T\/T, Alibaba Trade Assurance, Paypal<\/td>\n<\/tr>\n<tr>\n<td><strong>MOQ<\/strong><\/td>\n<td>1 pi\u00e8ce<\/td>\n<\/tr>\n<tr>\n<td><strong>Mod\u00e8le<\/strong><\/td>\n<td>LY-FB<\/td>\n<\/tr>\n<tr>\n<td><strong>D\u00e9lai de livraison<\/strong><\/td>\n<td>Dans les 7 jours ouvrables<\/td>\n<\/tr>\n<tr>\n<td><strong>Certification<\/strong><\/td>\n<td>ISO 9001<\/td>\n<\/tr>\n<tr>\n<td><strong>Marque<\/strong><\/td>\n<td>OEM\/Lvyuan<\/td>\n<\/tr>\n<\/tbody>\n<\/table>","protected":false},"featured_media":2526,"comment_status":"open","ping_status":"closed","template":"","meta":{"_gspb_post_css":""},"product_brand":[],"product_cat":[17,22],"product_tag":[978,977,266,260,258,259],"class_list":{"0":"post-2517","1":"product","2":"type-product","3":"status-publish","4":"has-post-thumbnail","6":"product_cat-sediment-filter","7":"product_cat-sintered-filter-cartridge","8":"product_tag-alibaba","9":"product_tag-filter-element","10":"product_tag-guangzhou","11":"product_tag-iso-9001","12":"product_tag-ly-fb","13":"product_tag-oem","15":"first","16":"instock","17":"shipping-taxable","18":"product-type-simple"},"_links":{"self":[{"href":"https:\/\/lyfilter.com\/fr\/wp-json\/wp\/v2\/product\/2517","targetHints":{"allow":["GET"]}}],"collection":[{"href":"https:\/\/lyfilter.com\/fr\/wp-json\/wp\/v2\/product"}],"about":[{"href":"https:\/\/lyfilter.com\/fr\/wp-json\/wp\/v2\/types\/product"}],"replies":[{"embeddable":true,"href":"https:\/\/lyfilter.com\/fr\/wp-json\/wp\/v2\/comments?post=2517"}],"wp:featuredmedia":[{"embeddable":true,"href":"https:\/\/lyfilter.com\/fr\/wp-json\/wp\/v2\/media\/2526"}],"wp:attachment":[{"href":"https:\/\/lyfilter.com\/fr\/wp-json\/wp\/v2\/media?parent=2517"}],"wp:term":[{"taxonomy":"product_brand","embeddable":true,"href":"https:\/\/lyfilter.com\/fr\/wp-json\/wp\/v2\/product_brand?post=2517"},{"taxonomy":"product_cat","embeddable":true,"href":"https:\/\/lyfilter.com\/fr\/wp-json\/wp\/v2\/product_cat?post=2517"},{"taxonomy":"product_tag","embeddable":true,"href":"https:\/\/lyfilter.com\/fr\/wp-json\/wp\/v2\/product_tag?post=2517"}],"curies":[{"name":"wp","href":"https:\/\/api.w.org\/{rel}","templated":true}]}}