{"id":2505,"date":"2026-01-07T03:31:27","date_gmt":"2026-01-07T03:31:27","guid":{"rendered":"https:\/\/lyfilter.com\/?post_type=product&#038;p=2505"},"modified":"2026-01-07T03:31:28","modified_gmt":"2026-01-07T03:31:28","slug":"lvyuan-0-2-to-5-microns-needle-filter","status":"publish","type":"product","link":"https:\/\/lyfilter.com\/fr\/lvyuan-0-2-to-5-microns-needle-filter\/","title":{"rendered":"Filtre \u00e0 aiguille Lvyuan 0,2 \u00e0 5 microns"},"content":{"rendered":"<div class=\"unit-detail-html-tabs__content-attr\">\n<div class=\"unit-product-attrparam\">\n<div class=\"unit-product-attrparam__items row\">\n<div class=\"col-12 col-md-6\">\n<div class=\"unit-product-attrparam__item\">\n<div class=\"unit-product-attrparam__label\">\n<table>\n<thead>\n<tr>\n<th>article<\/th>\n<th>d\u00e9tails<\/th>\n<\/tr>\n<\/thead>\n<tbody>\n<tr>\n<td>Capacit\u00e9 d'approvisionnement<\/td>\n<td>1000000pc\/mois<\/td>\n<\/tr>\n<tr>\n<td>Mat\u00e9riau<\/td>\n<td>PTFE\/PE<\/td>\n<\/tr>\n<tr>\n<td>Disponibilit\u00e9<\/td>\n<td>OEM\/ODM<\/td>\n<\/tr>\n<\/tbody>\n<\/table>\n<\/div>\n<\/div>\n<\/div>\n<\/div>\n<\/div>\n<\/div>\n<div class=\"unit-detail-html-tabs__content-html\">\n<p>Un filtre \u00e0 aiguille est un type de filtre couramment utilis\u00e9 dans les applications m\u00e9dicales pour \u00e9liminer les particules ou les impuret\u00e9s des fluides tels que les m\u00e9dicaments ou le sang. Voici quelques sp\u00e9cifications d'un filtre \u00e0 aiguille :<\/p>\n<ol>\n<li>Taille des pores : Les filtres \u00e0 aiguilles ont g\u00e9n\u00e9ralement des pores d'une taille comprise entre 0,2 et 5 microns, selon l'application. La taille des pores du filtre est s\u00e9lectionn\u00e9e en fonction de la taille des particules \u00e0 \u00e9liminer et du d\u00e9bit souhait\u00e9.<\/li>\n<li>Mat\u00e9riau : Les filtres \u00e0 aiguilles sont fabriqu\u00e9s \u00e0 partir de divers mat\u00e9riaux, notamment le polypropyl\u00e8ne, le nylon, le PTFE et le PVDF. Le mat\u00e9riau utilis\u00e9 pour le filtre est s\u00e9lectionn\u00e9 en fonction de facteurs tels que la compatibilit\u00e9 chimique avec le fluide filtr\u00e9, la stabilit\u00e9 thermique et la r\u00e9sistance m\u00e9canique.<\/li>\n<li>Bo\u00eetier : Le bo\u00eetier du filtre \u00e0 aiguille est g\u00e9n\u00e9ralement en polypropyl\u00e8ne ou en un autre mat\u00e9riau plastique. Le bo\u00eetier est con\u00e7u pour s'adapter \u00e0 une seringue ou \u00e0 un autre dispositif d'administration et pour assurer l'\u00e9tanch\u00e9it\u00e9 autour de la membrane filtrante.<\/li>\n<li>Surface de filtration : La surface de filtration du filtre \u00e0 aiguille est g\u00e9n\u00e9ralement petite, allant de quelques centim\u00e8tres carr\u00e9s \u00e0 quelques millim\u00e8tres carr\u00e9s. Cela permet d'obtenir une grande efficacit\u00e9 de filtration dans un format compact.<\/li>\n<li>D\u00e9bit : Le d\u00e9bit du filtre \u00e0 aiguille d\u00e9pend de la taille des pores, du mat\u00e9riau de la membrane et de la viscosit\u00e9 du fluide \u00e0 filtrer. En g\u00e9n\u00e9ral, des pores plus petits et des fluides plus \u00e9pais se traduisent par des d\u00e9bits plus faibles.<\/li>\n<li>St\u00e9rilisation : Les filtres \u00e0 aiguilles sont g\u00e9n\u00e9ralement st\u00e9rilis\u00e9s \u00e0 l'aide de rayons gamma ou de gaz d'oxyde d'\u00e9thyl\u00e8ne pour s'assurer qu'ils sont exempts de contaminants avant leur utilisation.<\/li>\n<\/ol>\n<p>Globalement, les sp\u00e9cifications d'un filtre \u00e0 aiguille d\u00e9pendent de l'application sp\u00e9cifique et des exigences de l'utilisateur.<\/p>\n<p><img decoding=\"async\" src=\"https:\/\/img.yfisher.com\/m6076\/1725732767nbs\/jpg70-t3-scale100.webp\" alt=\"Filtre \u00e0 aiguille Lvyuan 0,2 \u00e0 5 microns 6\" data-lazy=\"2\" title=\"\"><\/p>\n<\/div>","protected":false},"excerpt":{"rendered":"<table>\n<thead>\n<tr>\n<th>article<\/th>\n<th>d\u00e9tails<\/th>\n<\/tr>\n<\/thead>\n<tbody>\n<tr>\n<td>mod\u00e8le<\/td>\n<td>Filtre \u00e0 aiguille<\/td>\n<\/tr>\n<tr>\n<td>marque<\/td>\n<td>OEM\/Lvyuan<\/td>\n<\/tr>\n<tr>\n<td>port de d\u00e9part<\/td>\n<td>Guangzhou<\/td>\n<\/tr>\n<tr>\n<td>capacit\u00e9 de production<\/td>\n<td>10000 unit\u00e9s\/mois<\/td>\n<\/tr>\n<tr>\n<td>lieu d'origine<\/td>\n<td>Guangdong, Chine<\/td>\n<\/tr>\n<tr>\n<td>paiement<\/td>\n<td>T\/T, Alibaba Trade Assurance, paypal<\/td>\n<\/tr>\n<tr>\n<td>moq<\/td>\n<td>1 pi\u00e8ce<\/td>\n<\/tr>\n<tr>\n<td>d\u00e9lai de livraison<\/td>\n<td>Dans les 7 jours ouvrables<\/td>\n<\/tr>\n<tr>\n<td>certification<\/td>\n<td>ISO 9001<\/td>\n<\/tr>\n<\/tbody>\n<\/table>","protected":false},"featured_media":2512,"comment_status":"open","ping_status":"closed","template":"","meta":{"_gspb_post_css":""},"product_brand":[],"product_cat":[24,25],"product_tag":[956,279,964,260,975,976],"class_list":{"0":"post-2505","1":"product","2":"type-product","3":"status-publish","4":"has-post-thumbnail","6":"product_cat-sintered-porous-plastic","7":"product_cat-medical-filters","8":"product_tag-1-piece-moq","9":"product_tag-alibaba-trade-assurance","10":"product_tag-guangdong-manufacturer","11":"product_tag-iso-9001","12":"product_tag-needle-filter","13":"product_tag-oem-needle-filter","15":"first","16":"instock","17":"shipping-taxable","18":"product-type-simple"},"_links":{"self":[{"href":"https:\/\/lyfilter.com\/fr\/wp-json\/wp\/v2\/product\/2505","targetHints":{"allow":["GET"]}}],"collection":[{"href":"https:\/\/lyfilter.com\/fr\/wp-json\/wp\/v2\/product"}],"about":[{"href":"https:\/\/lyfilter.com\/fr\/wp-json\/wp\/v2\/types\/product"}],"replies":[{"embeddable":true,"href":"https:\/\/lyfilter.com\/fr\/wp-json\/wp\/v2\/comments?post=2505"}],"wp:featuredmedia":[{"embeddable":true,"href":"https:\/\/lyfilter.com\/fr\/wp-json\/wp\/v2\/media\/2512"}],"wp:attachment":[{"href":"https:\/\/lyfilter.com\/fr\/wp-json\/wp\/v2\/media?parent=2505"}],"wp:term":[{"taxonomy":"product_brand","embeddable":true,"href":"https:\/\/lyfilter.com\/fr\/wp-json\/wp\/v2\/product_brand?post=2505"},{"taxonomy":"product_cat","embeddable":true,"href":"https:\/\/lyfilter.com\/fr\/wp-json\/wp\/v2\/product_cat?post=2505"},{"taxonomy":"product_tag","embeddable":true,"href":"https:\/\/lyfilter.com\/fr\/wp-json\/wp\/v2\/product_tag?post=2505"}],"curies":[{"name":"wp","href":"https:\/\/api.w.org\/{rel}","templated":true}]}}