{"id":2499,"date":"2026-01-07T03:28:21","date_gmt":"2026-01-07T03:28:21","guid":{"rendered":"https:\/\/lyfilter.com\/?post_type=product&#038;p=2499"},"modified":"2026-01-07T03:28:21","modified_gmt":"2026-01-07T03:28:21","slug":"factory-price-porous-plastic-sintered-pa-membrane-filter-with-screw-connector","status":"publish","type":"product","link":"https:\/\/lyfilter.com\/fr\/factory-price-porous-plastic-sintered-pa-membrane-filter-with-screw-connector\/","title":{"rendered":"Filtre \u00e0 membrane PA fritt\u00e9 en plastique poreux \u00e0 prix d'usine avec connecteur \u00e0 vis"},"content":{"rendered":"<div class=\"unit-detail-html-tabs__content-attr\">\n<div class=\"unit-product-attrparam\">\n<div class=\"unit-product-attrparam__items row\">\n<div class=\"col-12 col-md-6\">\n<div class=\"unit-product-attrparam__item\">\n<div class=\"unit-product-attrparam__label\">\n<table>\n<thead>\n<tr>\n<th>article<\/th>\n<th>d\u00e9tails<\/th>\n<\/tr>\n<\/thead>\n<tbody>\n<tr>\n<td>capacit\u00e9 d'approvisionnement<\/td>\n<td>1000000 pc\/mois<\/td>\n<\/tr>\n<tr>\n<td>mat\u00e9riel<\/td>\n<td>pe<\/td>\n<\/tr>\n<tr>\n<td>disponibilit\u00e9<\/td>\n<td>oem<\/td>\n<\/tr>\n<\/tbody>\n<\/table>\n<\/div>\n<\/div>\n<\/div>\n<\/div>\n<\/div>\n<\/div>\n<div class=\"unit-detail-html-tabs__content-featuresAttr\"><\/div>\n<div class=\"unit-detail-html-tabs__content-html\">\n<p><strong>Filtre \u00e0 membrane PA fritt\u00e9 en plastique poreux \u00e0 prix d'usine avec connecteur \u00e0 vis<\/strong><\/p>\n<p><strong>Description du produit<\/strong><\/p>\n<p>L'\u00e9l\u00e9ment filtrant fritt\u00e9 PA est fabriqu\u00e9 \u00e0 partir de poly\u00e9thyl\u00e8ne \u00e0 haut poids mol\u00e9culaire de haute qualit\u00e9 comme mati\u00e8re premi\u00e8re principale et de fibres de carbone par le biais d'une formule scientifique de frittage. Structure compacte, solide, l\u00e9g\u00e8re, capable de supporter une pression de filtration \u00e9lev\u00e9e, non toxique et insipide, bonne r\u00e9sistance \u00e0 la corrosion des solvants acides et alcalins.<\/p>\n<p>1. Caract\u00e9ristiques de l'\u00e9l\u00e9ment filtrant fritt\u00e9 microporeux PA :<\/p>\n<p>1. R\u00e9sistant \u00e0 la corrosion par l'acide fort et l'alcali fort, et r\u00e9sistant \u00e0 la dissolution par les solvants organiques ;<\/p>\n<p>2. L'excellente solidit\u00e9 et la r\u00e9sistance \u00e0 l'usure garantissent sa dur\u00e9e de vie ;<\/p>\n<p>3. La surface de la lumi\u00e8re ext\u00e9rieure rend difficile l'adh\u00e9rence des impuret\u00e9s ;<\/p>\n<p>4. Le lavage \u00e0 contre-courant et le lavage \u00e0 contre-courant sont faciles \u00e0 r\u00e9utiliser ;<\/p>\n<p>5. Bonne r\u00e9sistance, l'\u00e9l\u00e9ment filtrant n'est pas facile \u00e0 casser ;<\/p>\n<p>6. Pas de ph\u00e9nom\u00e8ne de battage, forte r\u00e9sistance \u00e0 la pression.<\/p>\n<p>&nbsp;<\/p>\n<p><strong>Sp\u00e9cifications<\/strong><\/p>\n<p>Diameter: \u222e20\u222e25\u222e30\u222e35\u222e38\u222e45\u222e50\u222e60<\/p>\n<p>Taille du connecteur : M20-M22-M24-M26-M30<\/p>\n<p>Mat\u00e9riau des joints : polypropyl\u00e8ne, acier inoxydable 316<\/p>\n<p>Longueur : 5\u203310\u203320\u203330\u203340\u203360\u203380\u2033<\/p>\n<p>Pr\u00e9cision de filtration : 0,5um-100um<\/p>\n<p><strong>Conditions de fonctionnement<\/strong><\/p>\n<p>0-40\u2103 diff\u00e9rence de pression maximale de fonctionnement 6bar<\/p>\n<p>60 \u2103 diff\u00e9rence de pression maximale de fonctionnement 5bar<\/p>\n<p>80\u2103 diff\u00e9rence de pression maximale de fonctionnement 4,5bar<\/p>\n<p>120\u2103 diff\u00e9rence de pression maximale de fonctionnement 4bar<\/p>\n<p>&nbsp;<\/p>\n<p><strong>M\u00e9thode de r\u00e9g\u00e9n\u00e9ration des b\u00e2tonnets de filtre PA :<\/strong><\/p>\n<p>&nbsp;<\/p>\n<ul>\n<li>M\u00e9thode physique : \u00c9tant donn\u00e9 que la tige filtrante poss\u00e8de de bonnes propri\u00e9t\u00e9s m\u00e9caniques et ne se casse pas, de l'air comprim\u00e9 de 0,6 Mpa peut \u00eatre utilis\u00e9 pour le soufflage \u00e0 contre-courant et l'\u00e9limination des scories. Le r\u00e9trosoufflage joue \u00e9galement un r\u00f4le dans la r\u00e9g\u00e9n\u00e9ration des pores capillaires, mais il s'accumule dans la couche filtrante apr\u00e8s une utilisation prolong\u00e9e. Les particules fines affectent le taux de filtration et la r\u00e9g\u00e9n\u00e9ration chimique doit \u00eatre effectu\u00e9e \u00e0 ce moment-l\u00e0.\n<p>&nbsp;<\/li>\n<li>M\u00e9thode chimique : Tremper la tige filtrante PA obstru\u00e9e dans une solution acide ou alcaline d'une concentration de 5%-10% pour neutraliser les micromat\u00e9riaux obstru\u00e9s dans la couche filtrante, puis la nettoyer avec de l'eau ou de l'air, l'effet filtrant de la tige filtrante peut \u00eatre restaur\u00e9.<\/li>\n<\/ul>\n<p><strong><br \/>\n<\/strong><\/p>\n<p><img decoding=\"async\" src=\"https:\/\/img.yfisher.com\/m6076\/1725732764rbg\/jpg70-t3-scale100.webp\" alt=\"Filtre \u00e0 membrane PA fritt\u00e9 en plastique poreux \u00e0 prix d&#039;usine avec connecteur \u00e0 vis 6\" data-lazy=\"2\" title=\"\"><\/p>\n<\/div>","protected":false},"excerpt":{"rendered":"<table>\n<thead>\n<tr>\n<th>article<\/th>\n<th>d\u00e9tails<\/th>\n<\/tr>\n<\/thead>\n<tbody>\n<tr>\n<td>port de d\u00e9part<\/td>\n<td>Guangzhou<\/td>\n<\/tr>\n<tr>\n<td>capacit\u00e9 de production<\/td>\n<td>10000 unit\u00e9s\/mois<\/td>\n<\/tr>\n<tr>\n<td>lieu d'origine<\/td>\n<td>Guangdong, Chine<\/td>\n<\/tr>\n<tr>\n<td>paiement<\/td>\n<td>D\/P, T\/T, Alibaba Trade Assurance, paypal<\/td>\n<\/tr>\n<tr>\n<td>moq<\/td>\n<td>1 pi\u00e8ce<\/td>\n<\/tr>\n<tr>\n<td>d\u00e9lai de livraison<\/td>\n<td>Dans les 7 jours ouvrables<\/td>\n<\/tr>\n<tr>\n<td>certification<\/td>\n<td>ISO 9001<\/td>\n<\/tr>\n<tr>\n<td>marque<\/td>\n<td>OEM\/Lvyuan<\/td>\n<\/tr>\n<\/tbody>\n<\/table>","protected":false},"featured_media":2506,"comment_status":"open","ping_status":"closed","template":"","meta":{"_gspb_post_css":""},"product_brand":[],"product_cat":[24],"product_tag":[956,279,974,964,260,288],"class_list":{"0":"post-2499","1":"product","2":"type-product","3":"status-publish","4":"has-post-thumbnail","6":"product_cat-sintered-porous-plastic","7":"product_tag-1-piece-moq","8":"product_tag-alibaba-trade-assurance","9":"product_tag-dp-payment","10":"product_tag-guangdong-manufacturer","11":"product_tag-iso-9001","12":"product_tag-paypal","14":"first","15":"instock","16":"shipping-taxable","17":"product-type-simple"},"_links":{"self":[{"href":"https:\/\/lyfilter.com\/fr\/wp-json\/wp\/v2\/product\/2499","targetHints":{"allow":["GET"]}}],"collection":[{"href":"https:\/\/lyfilter.com\/fr\/wp-json\/wp\/v2\/product"}],"about":[{"href":"https:\/\/lyfilter.com\/fr\/wp-json\/wp\/v2\/types\/product"}],"replies":[{"embeddable":true,"href":"https:\/\/lyfilter.com\/fr\/wp-json\/wp\/v2\/comments?post=2499"}],"wp:featuredmedia":[{"embeddable":true,"href":"https:\/\/lyfilter.com\/fr\/wp-json\/wp\/v2\/media\/2506"}],"wp:attachment":[{"href":"https:\/\/lyfilter.com\/fr\/wp-json\/wp\/v2\/media?parent=2499"}],"wp:term":[{"taxonomy":"product_brand","embeddable":true,"href":"https:\/\/lyfilter.com\/fr\/wp-json\/wp\/v2\/product_brand?post=2499"},{"taxonomy":"product_cat","embeddable":true,"href":"https:\/\/lyfilter.com\/fr\/wp-json\/wp\/v2\/product_cat?post=2499"},{"taxonomy":"product_tag","embeddable":true,"href":"https:\/\/lyfilter.com\/fr\/wp-json\/wp\/v2\/product_tag?post=2499"}],"curies":[{"name":"wp","href":"https:\/\/api.w.org\/{rel}","templated":true}]}}