{"id":2493,"date":"2026-01-07T03:23:54","date_gmt":"2026-01-07T03:23:54","guid":{"rendered":"https:\/\/lyfilter.com\/?post_type=product&#038;p=2493"},"modified":"2026-01-07T03:23:54","modified_gmt":"2026-01-07T03:23:54","slug":"factory-price-air-filter-for-oxygen-concentrator","status":"publish","type":"product","link":"https:\/\/lyfilter.com\/fr\/factory-price-air-filter-for-oxygen-concentrator\/","title":{"rendered":"Prix d'usine Filtre \u00e0 air pour concentrateur d'oxyg\u00e8ne"},"content":{"rendered":"<div class=\"unit-detail-html-tabs__content-attr\">\n<div class=\"unit-product-attrparam\">\n<div class=\"unit-product-attrparam__items row\">\n<div class=\"col-12 col-md-6\">\n<div class=\"unit-product-attrparam__item\">\n<div class=\"unit-product-attrparam__label\">\n<div class=\"unit-detail-html-tabs__content-attr\">\n<div class=\"unit-product-attrparam\">\n<div class=\"unit-product-attrparam__items row\">\n<div class=\"col-12 col-md-6\">\n<div class=\"unit-product-attrparam__item\">\n<div class=\"unit-product-attrparam__label\">\n<table>\n<thead>\n<tr>\n<th>article<\/th>\n<th>d\u00e9tails<\/th>\n<\/tr>\n<\/thead>\n<tbody>\n<tr>\n<td>capacit\u00e9 d'approvisionnement<\/td>\n<td>1000000 pc\/mois<\/td>\n<\/tr>\n<tr>\n<td>mat\u00e9riel<\/td>\n<td>pe<\/td>\n<\/tr>\n<tr>\n<td>disponibilit\u00e9<\/td>\n<td>oem<\/td>\n<\/tr>\n<\/tbody>\n<\/table>\n<\/div>\n<\/div>\n<\/div>\n<\/div>\n<\/div>\n<\/div>\n<\/div>\n<\/div>\n<\/div>\n<\/div>\n<\/div>\n<\/div>\n<div class=\"unit-detail-html-tabs__content-featuresAttr\"><\/div>\n<div class=\"unit-detail-html-tabs__content-html\">\n<p>L'\u00e9l\u00e9ment filtrant Lvyuan agit sur le dispositif d'humidification et de filtration du g\u00e9n\u00e9rateur d'oxyg\u00e8ne. Il est principalement utilis\u00e9 dans les traitements m\u00e9dicaux, les th\u00e9rapies familiales par inhalation d'oxyg\u00e8ne et les soins de sant\u00e9. Il peut \u00eatre utilis\u00e9 comme filtre et purification du gaz d'\u00e9chappement \u00e0 l'entr\u00e9e du g\u00e9n\u00e9rateur d'oxyg\u00e8ne, ce qui r\u00e9duit consid\u00e9rablement le bruit lors de l'\u00e9chappement. En m\u00eame temps, il r\u00e9pond aux exigences de d\u00e9bit et de d\u00e9bit dans diff\u00e9rents environnements de production d'oxyg\u00e8ne, afin de maintenir la stabilit\u00e9 de la concentration d'oxyg\u00e8ne, de prolonger la dur\u00e9e de vie des g\u00e9n\u00e9rateurs d'oxyg\u00e8ne et d'assurer la s\u00e9curit\u00e9 des utilisateurs d'oxyg\u00e8ne.<\/p>\n<p><strong>Caract\u00e9ristiques :<\/strong><\/p>\n<ul>\n<li>R\u00e9pondent aux exigences de d\u00e9bit et de vitesse des g\u00e9n\u00e9rateurs d'oxyg\u00e8ne m\u00e9dicaux et domestiques lorsque l'oxyg\u00e8ne passe \u00e0 travers ;<\/li>\n<li>Effet de r\u00e9duction du bruit exceptionnel ;<\/li>\n<li>Les mati\u00e8res premi\u00e8res sont des poly\u00e9thyl\u00e8nes \u00e0 tr\u00e8s haut poids mol\u00e9culaire de qualit\u00e9 m\u00e9dicale, hygi\u00e9niques et s\u00fbrs ;<\/li>\n<li>La taille et la structure peuvent \u00eatre ajust\u00e9es et personnalis\u00e9es en fonction des produits du client.<\/li>\n<\/ul>\n<p><img decoding=\"async\" src=\"https:\/\/img.yfisher.com\/m6076\/1725732761i4q\/jpg70-t3-scale100.webp\" alt=\"Prix d&#039;usine Filtre \u00e0 air pour concentrateur d&#039;oxyg\u00e8ne 6\" data-lazy=\"2\" title=\"\"><\/p>\n<\/div>","protected":false},"excerpt":{"rendered":"<table>\n<thead>\n<tr>\n<th>article<\/th>\n<th>d\u00e9tails<\/th>\n<\/tr>\n<\/thead>\n<tbody>\n<tr>\n<td>mod\u00e8le<\/td>\n<td>Filtre \u00e0 oxyg\u00e8ne<\/td>\n<\/tr>\n<tr>\n<td>marque<\/td>\n<td>OEM\/Lvyuan<\/td>\n<\/tr>\n<tr>\n<td>lieu d'origine<\/td>\n<td>Guangdong, Chine<\/td>\n<\/tr>\n<tr>\n<td>port de d\u00e9part<\/td>\n<td>Guangzhou<\/td>\n<\/tr>\n<tr>\n<td>capacit\u00e9 de production<\/td>\n<td>10000 unit\u00e9s\/mois<\/td>\n<\/tr>\n<tr>\n<td>moq<\/td>\n<td>1 pi\u00e8ce<\/td>\n<\/tr>\n<tr>\n<td>paiement<\/td>\n<td>T\/T, Alibaba Trade Assurance, paypal<\/td>\n<\/tr>\n<tr>\n<td>d\u00e9lai de livraison<\/td>\n<td>Dans les 7 jours ouvrables<\/td>\n<\/tr>\n<tr>\n<td>certification<\/td>\n<td>ISO 9001<\/td>\n<\/tr>\n<\/tbody>\n<\/table>","protected":false},"featured_media":2500,"comment_status":"open","ping_status":"closed","template":"","meta":{"_gspb_post_css":""},"product_brand":[],"product_cat":[24,25],"product_tag":[956,279,964,260,973,972],"class_list":{"0":"post-2493","1":"product","2":"type-product","3":"status-publish","4":"has-post-thumbnail","6":"product_cat-sintered-porous-plastic","7":"product_cat-medical-filters","8":"product_tag-1-piece-moq","9":"product_tag-alibaba-trade-assurance","10":"product_tag-guangdong-manufacturer","11":"product_tag-iso-9001","12":"product_tag-oem-oxygen-filter","13":"product_tag-oxygen-filter","15":"first","16":"instock","17":"shipping-taxable","18":"product-type-simple"},"_links":{"self":[{"href":"https:\/\/lyfilter.com\/fr\/wp-json\/wp\/v2\/product\/2493","targetHints":{"allow":["GET"]}}],"collection":[{"href":"https:\/\/lyfilter.com\/fr\/wp-json\/wp\/v2\/product"}],"about":[{"href":"https:\/\/lyfilter.com\/fr\/wp-json\/wp\/v2\/types\/product"}],"replies":[{"embeddable":true,"href":"https:\/\/lyfilter.com\/fr\/wp-json\/wp\/v2\/comments?post=2493"}],"wp:featuredmedia":[{"embeddable":true,"href":"https:\/\/lyfilter.com\/fr\/wp-json\/wp\/v2\/media\/2500"}],"wp:attachment":[{"href":"https:\/\/lyfilter.com\/fr\/wp-json\/wp\/v2\/media?parent=2493"}],"wp:term":[{"taxonomy":"product_brand","embeddable":true,"href":"https:\/\/lyfilter.com\/fr\/wp-json\/wp\/v2\/product_brand?post=2493"},{"taxonomy":"product_cat","embeddable":true,"href":"https:\/\/lyfilter.com\/fr\/wp-json\/wp\/v2\/product_cat?post=2493"},{"taxonomy":"product_tag","embeddable":true,"href":"https:\/\/lyfilter.com\/fr\/wp-json\/wp\/v2\/product_tag?post=2493"}],"curies":[{"name":"wp","href":"https:\/\/api.w.org\/{rel}","templated":true}]}}