{"id":2486,"date":"2026-01-07T03:21:09","date_gmt":"2026-01-07T03:21:09","guid":{"rendered":"https:\/\/lyfilter.com\/?post_type=product&#038;p=2486"},"modified":"2026-01-07T03:21:09","modified_gmt":"2026-01-07T03:21:09","slug":"factory-price-humidifier-bottle-filter-sintered-porous-pe-polyethylene-sparger-filter-for-gas-air-filters-diffuser-accessory","status":"publish","type":"product","link":"https:\/\/lyfilter.com\/fr\/factory-price-humidifier-bottle-filter-sintered-porous-pe-polyethylene-sparger-filter-for-gas-air-filters-diffuser-accessory\/","title":{"rendered":"Filtre pour bouteille d'humidificateur en poly\u00e9thyl\u00e8ne poreux fritt\u00e9 Filtre Sparger pour filtre \u00e0 air de gaz Accessoire de diffusion"},"content":{"rendered":"<div class=\"unit-detail-html-tabs__content-attr\">\n<div class=\"unit-product-attrparam\">\n<div class=\"unit-product-attrparam__items row\">\n<div class=\"col-12 col-md-6\">\n<div class=\"unit-product-attrparam__item\">\n<div class=\"unit-product-attrparam__label\">\n<table>\n<thead>\n<tr>\n<th>article<\/th>\n<th>d\u00e9tails<\/th>\n<\/tr>\n<\/thead>\n<tbody>\n<tr>\n<td>capacit\u00e9 d'approvisionnement<\/td>\n<td>1000000 pc\/mois<\/td>\n<\/tr>\n<tr>\n<td>mat\u00e9riel<\/td>\n<td>pe<\/td>\n<\/tr>\n<tr>\n<td>disponibilit\u00e9<\/td>\n<td>oem<\/td>\n<\/tr>\n<\/tbody>\n<\/table>\n<\/div>\n<\/div>\n<\/div>\n<\/div>\n<\/div>\n<\/div>\n<div class=\"unit-detail-html-tabs__content-featuresAttr\"><\/div>\n<div class=\"unit-detail-html-tabs__content-html\">\n<p>Les \u00e9l\u00e9ments filtrants pour bouteilles d'humidification sont largement utilis\u00e9s dans les bouteilles d'humidification m\u00e9dicale, les bouteilles d'humidification et les bouteilles d'oxyg\u00e8ne. La s\u00e9lection de mat\u00e9riaux purs et la pr\u00e9cision de filtration \u00e9quilibr\u00e9e de l'\u00e9l\u00e9ment filtrant Lvyuan permettent de diviser l'oxyg\u00e8ne en fines bulles \u00e0 travers l'\u00e9l\u00e9ment filtrant PE, d'augmenter le temps et la surface de contact avec le liquide d'humidification et de garantir efficacement que lorsque l'oxyg\u00e8ne passe \u00e0 travers, quel que soit le d\u00e9bit, il peut \u00eatre avec l'humidit\u00e9. Le liquide chimique atteint la plus grande surface de contact, de mani\u00e8re \u00e0 obtenir une humidification uniforme, st\u00e9rile et efficace, et en m\u00eame temps, il a un effet de r\u00e9duction du bruit et de r\u00e9duction du bruit, ce qui rend les patients plus confortables et plus \u00e0 l'aise.<\/p>\n<p><strong>Caract\u00e9ristiques :<\/strong><\/p>\n<ul>\n<li>R\u00e9pond aux exigences de d\u00e9bit de diverses bouteilles d'humidification m\u00e9dicale lorsque l'oxyg\u00e8ne passe \u00e0 travers ;<\/li>\n<li>Effet de r\u00e9duction du bruit exceptionnel ;<\/li>\n<li>La taille et la structure peuvent \u00eatre ajust\u00e9es et personnalis\u00e9es en fonction du produit du client ;<\/li>\n<li>Les mati\u00e8res premi\u00e8res sont des poly\u00e9thyl\u00e8nes \u00e0 tr\u00e8s haut poids mol\u00e9culaire de qualit\u00e9 m\u00e9dicale, hygi\u00e9niques et s\u00fbrs.<\/li>\n<\/ul>\n<p><img decoding=\"async\" src=\"https:\/\/img.yfisher.com\/m6076\/1725732759ob8\/jpg70-t3-scale100.webp\" alt=\"Prix d&#039;usine Filtre pour bouteille d&#039;humidificateur PE poreux fritt\u00e9 Poly\u00e9thyl\u00e8ne Filtre sparger pour filtre \u00e0 air gazeux accessoire de diffusion 6\" data-lazy=\"2\" title=\"\"><\/p>\n<\/div>","protected":false},"excerpt":{"rendered":"<table>\n<thead>\n<tr>\n<th>article<\/th>\n<th>d\u00e9tails<\/th>\n<\/tr>\n<\/thead>\n<tbody>\n<tr>\n<td>port de d\u00e9part<\/td>\n<td>Guangzhou<\/td>\n<\/tr>\n<tr>\n<td>capacit\u00e9 de production<\/td>\n<td>10000 unit\u00e9s\/mois<\/td>\n<\/tr>\n<tr>\n<td>lieu d'origine<\/td>\n<td>Guangdong, Chine<\/td>\n<\/tr>\n<tr>\n<td>paiement<\/td>\n<td>T\/T, Assurance commerciale Alibaba<\/td>\n<\/tr>\n<tr>\n<td>moq<\/td>\n<td>1 pi\u00e8ce<\/td>\n<\/tr>\n<tr>\n<td>d\u00e9lai de livraison<\/td>\n<td>Dans les 7 jours ouvrables<\/td>\n<\/tr>\n<tr>\n<td>certification<\/td>\n<td>ISO 9001<\/td>\n<\/tr>\n<tr>\n<td>marque<\/td>\n<td>OEM\/Lvyuan<\/td>\n<\/tr>\n<\/tbody>\n<\/table>","protected":false},"featured_media":2494,"comment_status":"open","ping_status":"closed","template":"","meta":{"_gspb_post_css":""},"product_brand":[],"product_cat":[24,28,25],"product_tag":[956,279,964,260,968,965],"class_list":{"0":"post-2486","1":"product","2":"type-product","3":"status-publish","4":"has-post-thumbnail","6":"product_cat-sintered-porous-plastic","7":"product_cat-humidifier-bottle-filter","8":"product_cat-medical-filters","9":"product_tag-1-piece-moq","10":"product_tag-alibaba-trade-assurance","11":"product_tag-guangdong-manufacturer","12":"product_tag-iso-9001","13":"product_tag-oem-paper-tubes","14":"product_tag-paper-tubes","16":"first","17":"instock","18":"shipping-taxable","19":"product-type-simple"},"_links":{"self":[{"href":"https:\/\/lyfilter.com\/fr\/wp-json\/wp\/v2\/product\/2486","targetHints":{"allow":["GET"]}}],"collection":[{"href":"https:\/\/lyfilter.com\/fr\/wp-json\/wp\/v2\/product"}],"about":[{"href":"https:\/\/lyfilter.com\/fr\/wp-json\/wp\/v2\/types\/product"}],"replies":[{"embeddable":true,"href":"https:\/\/lyfilter.com\/fr\/wp-json\/wp\/v2\/comments?post=2486"}],"wp:featuredmedia":[{"embeddable":true,"href":"https:\/\/lyfilter.com\/fr\/wp-json\/wp\/v2\/media\/2494"}],"wp:attachment":[{"href":"https:\/\/lyfilter.com\/fr\/wp-json\/wp\/v2\/media?parent=2486"}],"wp:term":[{"taxonomy":"product_brand","embeddable":true,"href":"https:\/\/lyfilter.com\/fr\/wp-json\/wp\/v2\/product_brand?post=2486"},{"taxonomy":"product_cat","embeddable":true,"href":"https:\/\/lyfilter.com\/fr\/wp-json\/wp\/v2\/product_cat?post=2486"},{"taxonomy":"product_tag","embeddable":true,"href":"https:\/\/lyfilter.com\/fr\/wp-json\/wp\/v2\/product_tag?post=2486"}],"curies":[{"name":"wp","href":"https:\/\/api.w.org\/{rel}","templated":true}]}}