{"id":2480,"date":"2026-01-07T03:14:14","date_gmt":"2026-01-07T03:14:14","guid":{"rendered":"https:\/\/lyfilter.com\/?post_type=product&#038;p=2480"},"modified":"2026-01-07T03:14:14","modified_gmt":"2026-01-07T03:14:14","slug":"factory-price-oem-porous-plastic-self-sealing-fitlers","status":"publish","type":"product","link":"https:\/\/lyfilter.com\/fr\/factory-price-oem-porous-plastic-self-sealing-fitlers\/","title":{"rendered":"Prix d'usine OEM Plastique poreux auto-\u00e9tanche Fitlers"},"content":{"rendered":"<div class=\"unit-detail-html-tabs__content-attr\">\n<div class=\"unit-product-attrparam\">\n<div class=\"unit-product-attrparam__items row\">\n<div class=\"col-12 col-md-6\">\n<div class=\"unit-product-attrparam__item\">\n<div class=\"unit-product-attrparam__label\">\n<table>\n<thead>\n<tr>\n<th>article<\/th>\n<th>d\u00e9tails<\/th>\n<\/tr>\n<\/thead>\n<tbody>\n<tr>\n<td>capacit\u00e9 d'approvisionnement<\/td>\n<td>1000000 pc\/mois<\/td>\n<\/tr>\n<tr>\n<td>mat\u00e9riel<\/td>\n<td>pe<\/td>\n<\/tr>\n<tr>\n<td>disponibilit\u00e9<\/td>\n<td>oem<\/td>\n<\/tr>\n<\/tbody>\n<\/table>\n<\/div>\n<\/div>\n<\/div>\n<\/div>\n<\/div>\n<\/div>\n<div class=\"unit-detail-html-tabs__content-featuresAttr\"><\/div>\n<div class=\"unit-detail-html-tabs__content-html\">\n<p>Le filtre d'\u00e9tanch\u00e9it\u00e9 pour sac de drainage jetable de Lvyuan permet \u00e0 l'air de s'\u00e9chapper librement \u00e0 travers le sac de collecte des d\u00e9chets. Une fois en contact avec le liquide, l'\u00e9l\u00e9ment filtrant produit un effet d'auto-obturation, emp\u00eachant efficacement le liquide de d\u00e9border et de polluer l'instrument et l'environnement. Le clapet anti-retour pour sac de drainage jetable est largement utilis\u00e9 dans le syst\u00e8me de traitement des d\u00e9chets liquides dans les h\u00f4pitaux.<\/p>\n<p><strong>Caract\u00e9ristiques<\/strong><\/p>\n<ul>\n<li>Pression de travail &gt;50 kPa, \u00e9quivalente \u00e0 une colonne d'eau de 5-10 m.<\/li>\n<li>Normes de test de qualit\u00e9 strictes, conformes aux normes m\u00e9dicales.<\/li>\n<\/ul>\n<div class=\"table-responsive\">\n<table>\n<tbody>\n<tr class=\"firstRow\">\n<td valign=\"top\" width=\"170\"><strong>Num\u00e9ro d'article.<\/strong><\/td>\n<td valign=\"top\" width=\"170\"><strong>Diam\u00e8tre ext\u00e9rieur<\/strong><\/td>\n<td valign=\"top\" width=\"170\"><strong>Diam\u00e8tre int\u00e9rieur<\/strong><\/td>\n<td valign=\"top\" width=\"170\"><strong>Hauteur<\/strong><\/td>\n<td valign=\"top\" width=\"170\"><strong>Diam\u00e8tre de la coupelle<\/strong><\/td>\n<td valign=\"top\" width=\"170\"><strong>Hauteur du gobelet<\/strong><\/td>\n<td valign=\"top\" width=\"170\"><strong>Paquet<\/strong><\/td>\n<\/tr>\n<tr>\n<td valign=\"top\" width=\"170\">LY160-245-X<\/td>\n<td valign=\"top\" width=\"170\">16 mm<\/td>\n<td valign=\"top\" width=\"170\">10 mm<\/td>\n<td valign=\"top\" width=\"170\">25 mm<\/td>\n<td valign=\"top\" width=\"170\">14,5 mm<\/td>\n<td valign=\"top\" width=\"170\">21mm<\/td>\n<td valign=\"top\" width=\"170\">200pcs\/Box<\/td>\n<\/tr>\n<tr>\n<td valign=\"top\" width=\"170\">LY198-300-X<\/td>\n<td valign=\"top\" width=\"170\">19 mm<\/td>\n<td valign=\"top\" width=\"170\">13 mm<\/td>\n<td valign=\"top\" width=\"170\">30 mm<\/td>\n<td valign=\"top\" width=\"170\">20 mm<\/td>\n<td valign=\"top\" width=\"170\">26 mm<\/td>\n<td valign=\"top\" width=\"170\">100pcs\/Box<\/td>\n<\/tr>\n<tr>\n<td valign=\"top\" width=\"170\">LY252<\/td>\n<td valign=\"top\" width=\"170\">16 mm<\/td>\n<td valign=\"top\" width=\"170\">13 mm<\/td>\n<td valign=\"top\" width=\"170\">25 mm<\/td>\n<td valign=\"top\" width=\"170\">18 mm<\/td>\n<td valign=\"top\" width=\"170\">21mm<\/td>\n<td valign=\"top\" width=\"170\">100pcs\/Box<\/td>\n<\/tr>\n<tr>\n<td valign=\"top\" width=\"170\">LY276<\/td>\n<td valign=\"top\" width=\"170\">16 mm<\/td>\n<td valign=\"top\" width=\"170\">10 mm<\/td>\n<td valign=\"top\" width=\"170\">25 mm<\/td>\n<td valign=\"top\" width=\"170\">14 mm<\/td>\n<td valign=\"top\" width=\"170\">21mm<\/td>\n<td valign=\"top\" width=\"170\">100pcs\/Box<\/td>\n<\/tr>\n<\/tbody>\n<\/table>\n<\/div>\n<p><img decoding=\"async\" src=\"https:\/\/img.yfisher.com\/m6076\/1725732757ler\/jpg70-t3-scale100.webp\" alt=\"Prix d&#039;usine OEM Plastique poreux auto-\u00e9tanche Fitlers 6\" data-lazy=\"2\" title=\"\"><\/p>\n<\/div>","protected":false},"excerpt":{"rendered":"<p>item details supply ability 1000000 pc\/month material pe availability oem The Lvyuan Disposable Drainage Bag Sealing Filter Filter allows air to escape freely through the waste collection bag. Once in contact with the liquid, the\u00a0filter element\u00a0will produce a self-sealing effect, effectively preventing the liquid from overflowing and preventing the liquid from polluting the instrument and [&hellip;]<\/p>\n","protected":false},"featured_media":2487,"comment_status":"open","ping_status":"closed","template":"","meta":{"_gspb_post_css":""},"product_brand":[],"product_cat":[24,25,27],"product_tag":[],"class_list":{"0":"post-2480","1":"product","2":"type-product","3":"status-publish","4":"has-post-thumbnail","6":"product_cat-sintered-porous-plastic","7":"product_cat-medical-filters","8":"product_cat-self-sealing-filter","10":"first","11":"instock","12":"shipping-taxable","13":"product-type-simple"},"_links":{"self":[{"href":"https:\/\/lyfilter.com\/fr\/wp-json\/wp\/v2\/product\/2480","targetHints":{"allow":["GET"]}}],"collection":[{"href":"https:\/\/lyfilter.com\/fr\/wp-json\/wp\/v2\/product"}],"about":[{"href":"https:\/\/lyfilter.com\/fr\/wp-json\/wp\/v2\/types\/product"}],"replies":[{"embeddable":true,"href":"https:\/\/lyfilter.com\/fr\/wp-json\/wp\/v2\/comments?post=2480"}],"wp:featuredmedia":[{"embeddable":true,"href":"https:\/\/lyfilter.com\/fr\/wp-json\/wp\/v2\/media\/2487"}],"wp:attachment":[{"href":"https:\/\/lyfilter.com\/fr\/wp-json\/wp\/v2\/media?parent=2480"}],"wp:term":[{"taxonomy":"product_brand","embeddable":true,"href":"https:\/\/lyfilter.com\/fr\/wp-json\/wp\/v2\/product_brand?post=2480"},{"taxonomy":"product_cat","embeddable":true,"href":"https:\/\/lyfilter.com\/fr\/wp-json\/wp\/v2\/product_cat?post=2480"},{"taxonomy":"product_tag","embeddable":true,"href":"https:\/\/lyfilter.com\/fr\/wp-json\/wp\/v2\/product_tag?post=2480"}],"curies":[{"name":"wp","href":"https:\/\/api.w.org\/{rel}","templated":true}]}}