{"id":2474,"date":"2026-01-07T03:08:41","date_gmt":"2026-01-07T03:08:41","guid":{"rendered":"https:\/\/lyfilter.com\/?post_type=product&#038;p=2474"},"modified":"2026-01-07T03:08:41","modified_gmt":"2026-01-07T03:08:41","slug":"oem-all-sizes-of-sintered-plastic-filters","status":"publish","type":"product","link":"https:\/\/lyfilter.com\/fr\/oem-all-sizes-of-sintered-plastic-filters\/","title":{"rendered":"OEM Filtres en plastique fritt\u00e9 de toutes tailles"},"content":{"rendered":"<div class=\"unit-detail-html-tabs__content-attr\">\n<div class=\"unit-product-attrparam\">\n<div class=\"unit-product-attrparam__items row\">\n<div class=\"col-12 col-md-6\">\n<div class=\"unit-product-attrparam__item\">\n<div class=\"unit-product-attrparam__label\">\n<table>\n<thead>\n<tr>\n<th>article<\/th>\n<th>d\u00e9tails<\/th>\n<\/tr>\n<\/thead>\n<tbody>\n<tr>\n<td>capacit\u00e9 d'approvisionnement<\/td>\n<td>1000000 pc\/mois<\/td>\n<\/tr>\n<tr>\n<td>mat\u00e9riel<\/td>\n<td>pe<\/td>\n<\/tr>\n<tr>\n<td>disponibilit\u00e9<\/td>\n<td>oem<\/td>\n<\/tr>\n<\/tbody>\n<\/table>\n<\/div>\n<\/div>\n<\/div>\n<\/div>\n<\/div>\n<\/div>\n<div class=\"unit-detail-html-tabs__content-featuresAttr\"><\/div>\n<div class=\"unit-detail-html-tabs__content-html\">\n<p>Lvyuan fabrique sur mesure diff\u00e9rents types de produits en plastique fritt\u00e9 : UHMWPE, HDPE, PP, PA, PTFE et autres mat\u00e9riaux non standard personnalis\u00e9s, ainsi que des \u00e9l\u00e9ments filtrants fritt\u00e9s en plastique, des colonnes filtrantes fritt\u00e9es, des plaques de tamisage fritt\u00e9es, des plaques filtrantes fritt\u00e9es, des boules filtrantes fritt\u00e9es, des tiges filtrantes fritt\u00e9es, des cartouches filtrantes fritt\u00e9es, des tubes filtrants fritt\u00e9s, des bouchons filtrants fritt\u00e9s, des boules filtrantes et diverses pi\u00e8ces de forme sp\u00e9ciale.<\/p>\n<p><img decoding=\"async\" src=\"https:\/\/img.yfisher.com\/m6076\/172573275423f\/jpg70-t3-scale100.webp\" alt=\"OEM Filtres en plastique fritt\u00e9 de toutes tailles 6\" data-lazy=\"2\" title=\"\"><\/p>\n<div class=\"table-responsive\">\n<table data-sort=\"sortDisabled\">\n<tbody>\n<tr class=\"firstRow\">\n<td colspan=\"8\" rowspan=\"1\" align=\"center\" valign=\"top\" height=\"20\">Le moule PE existant est le suivant (le diam\u00e8tre du trou et les joints peuvent \u00eatre personnalis\u00e9s)<\/td>\n<\/tr>\n<tr>\n<td valign=\"top\" height=\"39\"><\/td>\n<td valign=\"top\" height=\"39\">Diam\u00e8tre ext\u00e9rieur (mm)<\/td>\n<td valign=\"top\" height=\"39\">Diam\u00e8tre ext\u00e9rieur (mm)<\/td>\n<td valign=\"top\" height=\"39\">Longueur (mm)<\/td>\n<td valign=\"top\" height=\"39\"><\/td>\n<td valign=\"top\" height=\"39\">Diam\u00e8tre ext\u00e9rieur (mm)<\/td>\n<td valign=\"top\" height=\"39\">Diam\u00e8tre ext\u00e9rieur (mm)<\/td>\n<td valign=\"top\" height=\"39\">Longueur (mm)<\/td>\n<\/tr>\n<tr>\n<td valign=\"top\">01<\/td>\n<td valign=\"top\">300<\/td>\n<td valign=\"top\">270<\/td>\n<td valign=\"top\">1000<\/td>\n<td valign=\"top\">25<\/td>\n<td valign=\"top\">45.5<\/td>\n<td valign=\"top\">39<\/td>\n<td valign=\"top\">96<\/td>\n<\/tr>\n<tr>\n<td valign=\"top\">02<\/td>\n<td valign=\"top\">240<\/td>\n<td valign=\"top\">210<\/td>\n<td valign=\"top\">1000<\/td>\n<td valign=\"top\">26<\/td>\n<td valign=\"top\">40<\/td>\n<td valign=\"top\">33<\/td>\n<td valign=\"top\">1000<\/td>\n<\/tr>\n<tr>\n<td valign=\"top\">03<\/td>\n<td valign=\"top\">200<\/td>\n<td valign=\"top\">160<\/td>\n<td valign=\"top\">1000<\/td>\n<td valign=\"top\">27<\/td>\n<td valign=\"top\">38<\/td>\n<td valign=\"top\">25<\/td>\n<td valign=\"top\">1000<\/td>\n<\/tr>\n<tr>\n<td valign=\"top\">04<\/td>\n<td valign=\"top\">195<\/td>\n<td valign=\"top\">155<\/td>\n<td valign=\"top\">1000<\/td>\n<td valign=\"top\">28<\/td>\n<td valign=\"top\">38<\/td>\n<td valign=\"top\">20<\/td>\n<td valign=\"top\">1000<\/td>\n<\/tr>\n<tr>\n<td valign=\"top\">05<\/td>\n<td valign=\"top\">180<\/td>\n<td valign=\"top\">150<\/td>\n<td valign=\"top\">1000<\/td>\n<td valign=\"top\">29<\/td>\n<td valign=\"top\">38<\/td>\n<td valign=\"top\">20<\/td>\n<td valign=\"top\">1000<\/td>\n<\/tr>\n<tr>\n<td valign=\"top\">06<\/td>\n<td valign=\"top\">165<\/td>\n<td valign=\"top\">125<\/td>\n<td valign=\"top\">1000<\/td>\n<td valign=\"top\">30<\/td>\n<td valign=\"top\">35.7<\/td>\n<td valign=\"top\">6<\/td>\n<td valign=\"top\">114<\/td>\n<\/tr>\n<tr>\n<td valign=\"top\">07<\/td>\n<td valign=\"top\">150<\/td>\n<td valign=\"top\">125<\/td>\n<td valign=\"top\">1000<\/td>\n<td valign=\"top\">31<\/td>\n<td valign=\"top\">34<\/td>\n<td valign=\"top\">27<\/td>\n<td valign=\"top\">28<\/td>\n<\/tr>\n<tr>\n<td colspan=\"1\" rowspan=\"1\" valign=\"top\">08<\/td>\n<td colspan=\"1\" rowspan=\"1\" valign=\"top\">142<\/td>\n<td colspan=\"1\" rowspan=\"1\" valign=\"top\">120<\/td>\n<td colspan=\"1\" rowspan=\"1\" valign=\"top\">1000<\/td>\n<td colspan=\"1\" rowspan=\"1\" valign=\"top\">32<\/td>\n<td colspan=\"1\" rowspan=\"1\" valign=\"top\">32.6<\/td>\n<td colspan=\"1\" rowspan=\"1\" valign=\"top\">25<\/td>\n<td colspan=\"1\" rowspan=\"1\" valign=\"top\">60.5<\/td>\n<\/tr>\n<tr>\n<td valign=\"top\">09<\/td>\n<td valign=\"top\">125<\/td>\n<td valign=\"top\">105<\/td>\n<td valign=\"top\">900<\/td>\n<td valign=\"top\">33<\/td>\n<td valign=\"top\">31.5<\/td>\n<td valign=\"top\">10.5<\/td>\n<td valign=\"top\">500<\/td>\n<\/tr>\n<tr>\n<td colspan=\"1\" rowspan=\"1\" valign=\"top\">10<\/td>\n<td colspan=\"1\" rowspan=\"1\" valign=\"top\">118<\/td>\n<td colspan=\"1\" rowspan=\"1\" valign=\"top\">83<\/td>\n<td colspan=\"1\" rowspan=\"1\" valign=\"top\">1030<\/td>\n<td colspan=\"1\" rowspan=\"1\" valign=\"top\">34<\/td>\n<td colspan=\"1\" rowspan=\"1\" valign=\"top\">30<\/td>\n<td colspan=\"1\" rowspan=\"1\" valign=\"top\">24<\/td>\n<td colspan=\"1\" rowspan=\"1\" valign=\"top\">70<\/td>\n<\/tr>\n<tr>\n<td colspan=\"1\" rowspan=\"1\" valign=\"top\">11<\/td>\n<td colspan=\"1\" rowspan=\"1\" valign=\"top\">100<\/td>\n<td colspan=\"1\" rowspan=\"1\" valign=\"top\">80<\/td>\n<td colspan=\"1\" rowspan=\"1\" valign=\"top\">1000<\/td>\n<td colspan=\"1\" rowspan=\"1\" valign=\"top\">35<\/td>\n<td colspan=\"1\" rowspan=\"1\" valign=\"top\">30<\/td>\n<td colspan=\"1\" rowspan=\"1\" valign=\"top\">10<\/td>\n<td colspan=\"1\" rowspan=\"1\" valign=\"top\">1000<\/td>\n<\/tr>\n<tr>\n<td colspan=\"1\" rowspan=\"1\" valign=\"top\">12<\/td>\n<td colspan=\"1\" rowspan=\"1\" valign=\"top\">80<\/td>\n<td colspan=\"1\" rowspan=\"1\" valign=\"top\">69<\/td>\n<td colspan=\"1\" rowspan=\"1\" valign=\"top\">1000<\/td>\n<td colspan=\"1\" rowspan=\"1\" valign=\"top\">36<\/td>\n<td colspan=\"1\" rowspan=\"1\" valign=\"top\">30<\/td>\n<td colspan=\"1\" rowspan=\"1\" valign=\"top\">15<\/td>\n<td colspan=\"1\" rowspan=\"1\" valign=\"top\">1000<\/td>\n<\/tr>\n<tr>\n<td colspan=\"1\" rowspan=\"1\" valign=\"top\">13<\/td>\n<td colspan=\"1\" rowspan=\"1\" valign=\"top\">78<\/td>\n<td colspan=\"1\" rowspan=\"1\" valign=\"top\">70<\/td>\n<td colspan=\"1\" rowspan=\"1\" valign=\"top\">1000<\/td>\n<td colspan=\"1\" rowspan=\"1\" valign=\"top\">37<\/td>\n<td colspan=\"1\" rowspan=\"1\" valign=\"top\">27<\/td>\n<td colspan=\"1\" rowspan=\"1\" valign=\"top\">22<\/td>\n<td colspan=\"1\" rowspan=\"1\" valign=\"top\">120<\/td>\n<\/tr>\n<tr>\n<td colspan=\"1\" rowspan=\"1\" valign=\"top\">14<\/td>\n<td colspan=\"1\" rowspan=\"1\" valign=\"top\">78<\/td>\n<td colspan=\"1\" rowspan=\"1\" valign=\"top\">60<\/td>\n<td colspan=\"1\" rowspan=\"1\" valign=\"top\">750<\/td>\n<td colspan=\"1\" rowspan=\"1\" valign=\"top\">38<\/td>\n<td colspan=\"1\" rowspan=\"1\" valign=\"top\">26<\/td>\n<td colspan=\"1\" rowspan=\"1\" valign=\"top\">16<\/td>\n<td colspan=\"1\" rowspan=\"1\" valign=\"top\">350<\/td>\n<\/tr>\n<tr>\n<td colspan=\"1\" rowspan=\"1\" valign=\"top\">15<\/td>\n<td colspan=\"1\" rowspan=\"1\" valign=\"top\">70<\/td>\n<td colspan=\"1\" rowspan=\"1\" valign=\"top\">58<\/td>\n<td colspan=\"1\" rowspan=\"1\" valign=\"top\">500<\/td>\n<td colspan=\"1\" rowspan=\"1\" valign=\"top\">39<\/td>\n<td colspan=\"1\" rowspan=\"1\" valign=\"top\">25.4<\/td>\n<td colspan=\"1\" rowspan=\"1\" valign=\"top\">19<\/td>\n<td colspan=\"1\" rowspan=\"1\" valign=\"top\">1100<\/td>\n<\/tr>\n<tr>\n<td colspan=\"1\" rowspan=\"1\" valign=\"top\">16<\/td>\n<td colspan=\"1\" rowspan=\"1\" valign=\"top\">65<\/td>\n<td colspan=\"1\" rowspan=\"1\" valign=\"top\">35<\/td>\n<td colspan=\"1\" rowspan=\"1\" valign=\"top\">1000<\/td>\n<td colspan=\"1\" rowspan=\"1\" valign=\"top\">40<\/td>\n<td colspan=\"1\" rowspan=\"1\" valign=\"top\">20<\/td>\n<td colspan=\"1\" rowspan=\"1\" valign=\"top\">16.5<\/td>\n<td colspan=\"1\" rowspan=\"1\" valign=\"top\">1000<\/td>\n<\/tr>\n<tr>\n<td colspan=\"1\" rowspan=\"1\" valign=\"top\">17<\/td>\n<td colspan=\"1\" rowspan=\"1\" valign=\"top\">63<\/td>\n<td colspan=\"1\" rowspan=\"1\" valign=\"top\">55<\/td>\n<td colspan=\"1\" rowspan=\"1\" valign=\"top\">254<\/td>\n<td colspan=\"1\" rowspan=\"1\" valign=\"top\">41<\/td>\n<td colspan=\"1\" rowspan=\"1\" valign=\"top\">20<\/td>\n<td colspan=\"1\" rowspan=\"1\" valign=\"top\">16.5<\/td>\n<td colspan=\"1\" rowspan=\"1\" valign=\"top\">211<\/td>\n<\/tr>\n<tr>\n<td colspan=\"1\" rowspan=\"1\" valign=\"top\">18<\/td>\n<td colspan=\"1\" rowspan=\"1\" valign=\"top\">63<\/td>\n<td colspan=\"1\" rowspan=\"1\" valign=\"top\">35<\/td>\n<td colspan=\"1\" rowspan=\"1\" valign=\"top\">1000<\/td>\n<td colspan=\"1\" rowspan=\"1\" valign=\"top\">42<\/td>\n<td colspan=\"1\" rowspan=\"1\" valign=\"top\">20<\/td>\n<td colspan=\"1\" rowspan=\"1\" valign=\"top\">10<\/td>\n<td colspan=\"1\" rowspan=\"1\" valign=\"top\">1000<\/td>\n<\/tr>\n<tr>\n<td colspan=\"1\" rowspan=\"1\" valign=\"top\">19<\/td>\n<td colspan=\"1\" rowspan=\"1\" valign=\"top\">61<\/td>\n<td colspan=\"1\" rowspan=\"1\" valign=\"top\">50<\/td>\n<td colspan=\"1\" rowspan=\"1\" valign=\"top\">70.5<\/td>\n<td colspan=\"1\" rowspan=\"1\" valign=\"top\">43<\/td>\n<td colspan=\"1\" rowspan=\"1\" valign=\"top\">19.5<\/td>\n<td colspan=\"1\" rowspan=\"1\" valign=\"top\">12.5<\/td>\n<td colspan=\"1\" rowspan=\"1\" valign=\"top\">2000<\/td>\n<\/tr>\n<tr>\n<td colspan=\"1\" rowspan=\"1\" valign=\"top\">20<\/td>\n<td colspan=\"1\" rowspan=\"1\" valign=\"top\">60<\/td>\n<td colspan=\"1\" rowspan=\"1\" valign=\"top\">35<\/td>\n<td colspan=\"1\" rowspan=\"1\" valign=\"top\">1000<\/td>\n<td colspan=\"1\" rowspan=\"1\" valign=\"top\">44<\/td>\n<td colspan=\"1\" rowspan=\"1\" valign=\"top\">19<\/td>\n<td colspan=\"1\" rowspan=\"1\" valign=\"top\">15<\/td>\n<td colspan=\"1\" rowspan=\"1\" valign=\"top\">450<\/td>\n<\/tr>\n<tr>\n<td colspan=\"1\" rowspan=\"1\" valign=\"top\">21<\/td>\n<td colspan=\"1\" rowspan=\"1\" valign=\"top\">50<\/td>\n<td colspan=\"1\" rowspan=\"1\" valign=\"top\">40<\/td>\n<td colspan=\"1\" rowspan=\"1\" valign=\"top\">1000<\/td>\n<td colspan=\"1\" rowspan=\"1\" valign=\"top\">45<\/td>\n<td colspan=\"1\" rowspan=\"1\" valign=\"top\">18<\/td>\n<td colspan=\"1\" rowspan=\"1\" valign=\"top\">10<\/td>\n<td colspan=\"1\" rowspan=\"1\" valign=\"top\">67.5<\/td>\n<\/tr>\n<tr>\n<td colspan=\"1\" rowspan=\"1\" valign=\"top\">22<\/td>\n<td colspan=\"1\" rowspan=\"1\" valign=\"top\">50<\/td>\n<td colspan=\"1\" rowspan=\"1\" valign=\"top\">38<\/td>\n<td colspan=\"1\" rowspan=\"1\" valign=\"top\">1000<\/td>\n<td colspan=\"1\" rowspan=\"1\" valign=\"top\">46<\/td>\n<td colspan=\"1\" rowspan=\"1\" valign=\"top\">16.6<\/td>\n<td colspan=\"1\" rowspan=\"1\" valign=\"top\">12.6<\/td>\n<td colspan=\"1\" rowspan=\"1\" valign=\"top\">17.4<\/td>\n<\/tr>\n<tr>\n<td colspan=\"1\" rowspan=\"1\" valign=\"top\">23<\/td>\n<td colspan=\"1\" rowspan=\"1\" valign=\"top\">50<\/td>\n<td colspan=\"1\" rowspan=\"1\" valign=\"top\">35<\/td>\n<td colspan=\"1\" rowspan=\"1\" valign=\"top\">1000<\/td>\n<td colspan=\"1\" rowspan=\"1\" valign=\"top\">47<\/td>\n<td colspan=\"1\" rowspan=\"1\" valign=\"top\">15.9<\/td>\n<td colspan=\"1\" rowspan=\"1\" valign=\"top\">9.7<\/td>\n<td colspan=\"1\" rowspan=\"1\" valign=\"top\">30<\/td>\n<\/tr>\n<tr>\n<td colspan=\"1\" rowspan=\"1\" valign=\"top\">24<\/td>\n<td colspan=\"1\" rowspan=\"1\" valign=\"top\">50<\/td>\n<td colspan=\"1\" rowspan=\"1\" valign=\"top\">20<\/td>\n<td colspan=\"1\" rowspan=\"1\" valign=\"top\">200<\/td>\n<td colspan=\"1\" rowspan=\"1\" valign=\"top\">48<\/td>\n<td colspan=\"1\" rowspan=\"1\" valign=\"top\">14<\/td>\n<td colspan=\"1\" rowspan=\"1\" valign=\"top\">10<\/td>\n<td colspan=\"1\" rowspan=\"1\" valign=\"top\">11<\/td>\n<\/tr>\n<\/tbody>\n<\/table>\n<\/div>\n<\/div>","protected":false},"excerpt":{"rendered":"<table>\n<thead>\n<tr>\n<th>article<\/th>\n<th>d\u00e9tails<\/th>\n<\/tr>\n<\/thead>\n<tbody>\n<tr>\n<td>port de d\u00e9part<\/td>\n<td>Guangzhou<\/td>\n<\/tr>\n<tr>\n<td>capacit\u00e9 de production<\/td>\n<td>10000 unit\u00e9s\/mois<\/td>\n<\/tr>\n<tr>\n<td>lieu d'origine<\/td>\n<td>Guangdong, Chine<\/td>\n<\/tr>\n<tr>\n<td>paiement<\/td>\n<td>T\/T, Alibaba Trade Assurance, paypal<\/td>\n<\/tr>\n<tr>\n<td>moq<\/td>\n<td>1 pi\u00e8ce<\/td>\n<\/tr>\n<tr>\n<td>d\u00e9lai de livraison<\/td>\n<td>dans les 7 jours ouvrables<\/td>\n<\/tr>\n<tr>\n<td>certification<\/td>\n<td>ISO 9001<\/td>\n<\/tr>\n<tr>\n<td>marque<\/td>\n<td>OEM\/Lvyuan<\/td>\n<\/tr>\n<\/tbody>\n<\/table>","protected":false},"featured_media":2481,"comment_status":"open","ping_status":"closed","template":"","meta":{"_gspb_post_css":""},"product_brand":[],"product_cat":[24],"product_tag":[956,279,964,260,968,965],"class_list":{"0":"post-2474","1":"product","2":"type-product","3":"status-publish","4":"has-post-thumbnail","6":"product_cat-sintered-porous-plastic","7":"product_tag-1-piece-moq","8":"product_tag-alibaba-trade-assurance","9":"product_tag-guangdong-manufacturer","10":"product_tag-iso-9001","11":"product_tag-oem-paper-tubes","12":"product_tag-paper-tubes","14":"first","15":"instock","16":"shipping-taxable","17":"product-type-simple"},"_links":{"self":[{"href":"https:\/\/lyfilter.com\/fr\/wp-json\/wp\/v2\/product\/2474","targetHints":{"allow":["GET"]}}],"collection":[{"href":"https:\/\/lyfilter.com\/fr\/wp-json\/wp\/v2\/product"}],"about":[{"href":"https:\/\/lyfilter.com\/fr\/wp-json\/wp\/v2\/types\/product"}],"replies":[{"embeddable":true,"href":"https:\/\/lyfilter.com\/fr\/wp-json\/wp\/v2\/comments?post=2474"}],"wp:featuredmedia":[{"embeddable":true,"href":"https:\/\/lyfilter.com\/fr\/wp-json\/wp\/v2\/media\/2481"}],"wp:attachment":[{"href":"https:\/\/lyfilter.com\/fr\/wp-json\/wp\/v2\/media?parent=2474"}],"wp:term":[{"taxonomy":"product_brand","embeddable":true,"href":"https:\/\/lyfilter.com\/fr\/wp-json\/wp\/v2\/product_brand?post=2474"},{"taxonomy":"product_cat","embeddable":true,"href":"https:\/\/lyfilter.com\/fr\/wp-json\/wp\/v2\/product_cat?post=2474"},{"taxonomy":"product_tag","embeddable":true,"href":"https:\/\/lyfilter.com\/fr\/wp-json\/wp\/v2\/product_tag?post=2474"}],"curies":[{"name":"wp","href":"https:\/\/api.w.org\/{rel}","templated":true}]}}