{"id":2468,"date":"2026-01-07T03:06:51","date_gmt":"2026-01-07T03:06:51","guid":{"rendered":"https:\/\/lyfilter.com\/?post_type=product&#038;p=2468"},"modified":"2026-01-07T03:06:51","modified_gmt":"2026-01-07T03:06:51","slug":"factory-price-vacuum-feeding-pe-filter-element","status":"publish","type":"product","link":"https:\/\/lyfilter.com\/fr\/factory-price-vacuum-feeding-pe-filter-element\/","title":{"rendered":"\u00c9l\u00e9ment filtrant en PE pour alimentation sous vide \u00e0 prix d'usine"},"content":{"rendered":"<div class=\"unit-detail-html-tabs__content-attr\">\n<div class=\"unit-product-attrparam\">\n<div class=\"unit-product-attrparam__items row\">\n<div class=\"col-12 col-md-6\">\n<div class=\"unit-product-attrparam__item\">\n<div class=\"unit-product-attrparam__label\">\n<table>\n<thead>\n<tr>\n<th>article<\/th>\n<th>d\u00e9tails<\/th>\n<\/tr>\n<\/thead>\n<tbody>\n<tr>\n<td>capacit\u00e9 d'approvisionnement<\/td>\n<td>1000000 pc\/mois<\/td>\n<\/tr>\n<tr>\n<td>mat\u00e9riel<\/td>\n<td>pe<\/td>\n<\/tr>\n<tr>\n<td>disponibilit\u00e9<\/td>\n<td>oem<\/td>\n<\/tr>\n<\/tbody>\n<\/table>\n<\/div>\n<\/div>\n<\/div>\n<\/div>\n<\/div>\n<\/div>\n<div class=\"unit-detail-html-tabs__content-featuresAttr\"><\/div>\n<div class=\"unit-detail-html-tabs__content-html\">\n<p>Les caract\u00e9ristiques de l'\u00e9l\u00e9ment filtrant en PE pour alimentation sous vide : distribution uniforme de la taille des pores, forte r\u00e9sistance aux acides et aux alcalis, bonnes propri\u00e9t\u00e9s m\u00e9caniques, forte r\u00e9sistance \u00e0 l'\u00e9rosion par les solvants organiques, possibilit\u00e9 d'utiliser la m\u00e9thode de d\u00e9crassage \u00e0 recul automatique ou manuel, possibilit\u00e9 de r\u00e9cup\u00e9rer les particules solides par d\u00e9charge de scories s\u00e8ches, pas besoin de remplacer fr\u00e9quemment l'\u00e9l\u00e9ment filtrant, fonctionnement automatique, faible co\u00fbt de filtration, etc. sont bien accueillies par les utilisateurs, et les tailles non standard peuvent \u00eatre personnalis\u00e9es. Param\u00e8tres de l'\u00e9l\u00e9ment filtrant fritt\u00e9 en PE de l'alimentateur sous vide : Plage de pr\u00e9cision : 0,2-140um, Longueur : 120mm-200mm-300mm-400mm-500mm-600mm Diam\u00e8tres communs : \u03a620mm \u03a630\u03a638 \u03a640 \u03a650\u03a660 \u03a665\u03a670 Sp\u00e9cification du connecteur filet\u00e9 : M20-M22-M26-M30 \u00c9crou : simple ou double.<\/p>\n<p>&nbsp;<\/p>\n<div class=\"table-responsive\">\n<table data-sort=\"sortDisabled\">\n<tbody>\n<tr class=\"firstRow\">\n<td valign=\"top\" width=\"288\">Diam\u00e8tre ext\u00e9rieur\/int\u00e9rieur \uff08mm\uff09<\/td>\n<td valign=\"top\" width=\"288\">Longueur<\/td>\n<td valign=\"top\" width=\"288\">Ouverture\uff08mm\uff09<\/td>\n<td valign=\"top\" width=\"288\">Remarques<\/td>\n<\/tr>\n<tr>\n<td valign=\"top\" width=\"288\">50\/35<\/td>\n<td valign=\"top\" width=\"288\">120<\/td>\n<td valign=\"top\" width=\"288\">0.5-10<\/td>\n<td colspan=\"1\" rowspan=\"6\" valign=\"top\" width=\"288\">Joint en polypropyl\u00e8ne M26, tige centrale en acier inoxydable 304 renfor\u00e7ant et fixant 2 embouts, options d'\u00e9crous simples et doubles et de joints toriques simples et doubles, pr\u00e9cision conventionnelle de 5 microns.<\/td>\n<\/tr>\n<tr>\n<td valign=\"top\" width=\"288\">50\/35<\/td>\n<td valign=\"top\" width=\"288\">200<\/td>\n<td valign=\"top\" width=\"288\">0.5-10<\/td>\n<\/tr>\n<tr>\n<td valign=\"top\" width=\"288\">50\/35<\/td>\n<td valign=\"top\" width=\"288\">300<\/td>\n<td valign=\"top\" width=\"288\">0.5-10<\/td>\n<\/tr>\n<tr>\n<td valign=\"top\" width=\"288\">50\/35<\/td>\n<td valign=\"top\" width=\"288\">400<\/td>\n<td valign=\"top\" width=\"288\">0.5-10<\/td>\n<\/tr>\n<tr>\n<td valign=\"top\" width=\"288\">50\/35<\/td>\n<td valign=\"top\" width=\"288\">500<\/td>\n<td valign=\"top\" width=\"288\">0.5-10<\/td>\n<\/tr>\n<tr>\n<td valign=\"top\" width=\"288\">50\/35<\/td>\n<td valign=\"top\" width=\"288\">600<\/td>\n<td valign=\"top\" width=\"288\">0.5-10<\/td>\n<\/tr>\n<tr>\n<td valign=\"top\" width=\"288\">60\/35<\/td>\n<td valign=\"top\" width=\"288\">300<\/td>\n<td valign=\"top\" width=\"288\">0.5-10<\/td>\n<td colspan=\"1\" rowspan=\"3\" valign=\"top\" width=\"288\">\nRaccord M30 en polypropyl\u00e8ne, double \u00e9crou et 1 rondelle.<\/td>\n<\/tr>\n<tr>\n<td valign=\"top\" width=\"288\">60\/35<\/td>\n<td valign=\"top\" width=\"288\">400<\/td>\n<td valign=\"top\" width=\"288\">0.5-10<\/td>\n<\/tr>\n<tr>\n<td valign=\"top\" width=\"288\">60\/35<\/td>\n<td valign=\"top\" width=\"288\">500<\/td>\n<td valign=\"top\" width=\"288\">0.5-10<\/td>\n<\/tr>\n<\/tbody>\n<\/table>\n<\/div>\n<div class=\"table-responsive\">\n<table>\n<tbody>\n<tr class=\"firstRow\">\n<td valign=\"top\" width=\"226\">Num\u00e9ro de mod\u00e8le.<\/td>\n<td valign=\"top\" width=\"219\">Surface effective de la section transversale mm3<\/td>\n<td valign=\"top\" width=\"202\">Conductance acoustique (dm3\/s.bar)<\/td>\n<td valign=\"top\" width=\"157\">D\u00e9bit recommand\u00e9<\/td>\n<td valign=\"top\" width=\"226\">Qualit\u00e9 g<\/td>\n<\/tr>\n<tr>\n<td valign=\"top\" width=\"226\">AN05-M5<\/td>\n<td valign=\"top\" width=\"239\">5<\/td>\n<td valign=\"top\" width=\"222\">1<\/td>\n<td valign=\"top\" width=\"157\">inf\u00e9rieur \u00e0 0,4<\/td>\n<td valign=\"top\" width=\"226\">0.5<\/td>\n<\/tr>\n<tr>\n<td valign=\"top\" width=\"226\">AN10-01<\/td>\n<td valign=\"top\" width=\"239\">10<\/td>\n<td valign=\"top\" width=\"222\">2<\/td>\n<td valign=\"top\" width=\"157\">inf\u00e9rieur \u00e0 0,8<\/td>\n<td valign=\"top\" width=\"226\">1<\/td>\n<\/tr>\n<tr>\n<td valign=\"top\" width=\"226\">AN10-02<\/td>\n<td valign=\"top\" width=\"239\">15<\/td>\n<td valign=\"top\" width=\"222\">3<\/td>\n<td valign=\"top\" width=\"157\">inf\u00e9rieur \u00e0 1,0<\/td>\n<td valign=\"top\" width=\"226\">2.5<\/td>\n<\/tr>\n<tr>\n<td valign=\"top\" width=\"226\">AN10-02<\/td>\n<td valign=\"top\" width=\"239\">35<\/td>\n<td valign=\"top\" width=\"222\">7<\/td>\n<td valign=\"top\" width=\"157\">inf\u00e9rieur \u00e0 3.0<\/td>\n<td valign=\"top\" width=\"226\">4<\/td>\n<\/tr>\n<tr>\n<td valign=\"top\" width=\"226\">AN10-03<\/td>\n<td valign=\"top\" width=\"239\">60<\/td>\n<td valign=\"top\" width=\"222\">12<\/td>\n<td valign=\"top\" width=\"157\">inf\u00e9rieur \u00e0 5.0<\/td>\n<td valign=\"top\" width=\"226\">5.5<\/td>\n<\/tr>\n<tr>\n<td valign=\"top\" width=\"226\">AN10-04<\/td>\n<td valign=\"top\" width=\"239\">90<\/td>\n<td valign=\"top\" width=\"222\">18<\/td>\n<td valign=\"top\" width=\"157\">inf\u00e9rieur \u00e0 8,0<\/td>\n<td valign=\"top\" width=\"226\">8.5<\/td>\n<\/tr>\n<\/tbody>\n<\/table>\n<\/div>\n<p><img decoding=\"async\" src=\"https:\/\/img.yfisher.com\/m6076\/1725732751nol\/jpg70-t3-scale100.webp\" alt=\"\u00c9l\u00e9ment filtrant en PE pour alimentation sous vide \u00e0 prix d&#039;usine 6\" data-lazy=\"2\" title=\"\"><\/p>\n<div class=\"table-responsive\">\n<table data-sort=\"sortDisabled\">\n<tbody>\n<tr class=\"firstRow\">\n<td colspan=\"5\" rowspan=\"1\" align=\"center\" valign=\"top\"><strong>Tableau de comparaison des fils<\/strong><\/td>\n<\/tr>\n<tr>\n<td valign=\"top\" width=\"226\">Num\u00e9ro d'article.<\/td>\n<td valign=\"top\" width=\"226\">\u00a0Mesure britannique<\/td>\n<td valign=\"top\" width=\"226\">Indiquer la norme<\/td>\n<td valign=\"top\" width=\"226\">Diam\u00e8tre du filetage ext\u00e9rieur mm<\/td>\n<td valign=\"top\" width=\"226\">Diam\u00e8tre du filetage int\u00e9rieur<\/td>\n<\/tr>\n<tr>\n<td valign=\"top\" width=\"226\">PSL-01<\/td>\n<td valign=\"top\" width=\"226\">G1\/8<\/td>\n<td valign=\"top\" width=\"226\">DN6<\/td>\n<td valign=\"top\" width=\"226\">9.5\u00b10.2<\/td>\n<td valign=\"top\" width=\"226\">8.8\u00b10.3<\/td>\n<\/tr>\n<tr>\n<td valign=\"top\" width=\"226\">PSL-02<\/td>\n<td valign=\"top\" width=\"226\">G1\/4<\/td>\n<td valign=\"top\" width=\"226\">DN8<\/td>\n<td valign=\"top\" width=\"226\">12.5\u00b10.3<\/td>\n<td valign=\"top\" width=\"226\">11.5\u00b10.3<\/td>\n<\/tr>\n<tr>\n<td valign=\"top\" width=\"226\">PSL-03<\/td>\n<td valign=\"top\" width=\"226\">G3\/8<\/td>\n<td valign=\"top\" width=\"226\">DN10<\/td>\n<td valign=\"top\" width=\"226\">16.2\u00b10.3<\/td>\n<td valign=\"top\" width=\"226\">15.3\u00b10.3<\/td>\n<\/tr>\n<tr>\n<td valign=\"top\" width=\"226\">PSL-04<\/td>\n<td valign=\"top\" width=\"226\">G1\/2<\/td>\n<td valign=\"top\" width=\"226\">DN15<\/td>\n<td valign=\"top\" width=\"226\">20.3\u00b10.3<\/td>\n<td valign=\"top\" width=\"226\">19.5\u00b10.3<\/td>\n<\/tr>\n<tr>\n<td valign=\"top\" width=\"226\">PSL-06<\/td>\n<td valign=\"top\" width=\"226\">G3\/4<\/td>\n<td valign=\"top\" width=\"226\">DN20<\/td>\n<td valign=\"top\" width=\"226\">25.\u00b10.3<\/td>\n<td valign=\"top\" width=\"226\">24.0\u00b10.3<\/td>\n<\/tr>\n<tr>\n<td valign=\"top\" width=\"226\">PSL-10<\/td>\n<td valign=\"top\" width=\"226\">G1<\/td>\n<td valign=\"top\" width=\"226\">DN25<\/td>\n<td valign=\"top\" width=\"226\">32.5\u00b10.3<\/td>\n<td valign=\"top\" width=\"226\">30.5\u00b10.3<\/td>\n<\/tr>\n<\/tbody>\n<\/table>\n<\/div>\n<p>&nbsp;<\/p>\n<div class=\"table-responsive\">\n<table data-sort=\"sortDisabled\">\n<tbody>\n<tr class=\"firstRow\">\n<td colspan=\"2\" rowspan=\"1\" align=\"center\" valign=\"top\"><strong>Sp\u00e9cification du fil<\/strong><\/td>\n<\/tr>\n<tr>\n<td valign=\"top\">1\u5206<\/td>\n<td valign=\"top\">1\/8<\/td>\n<\/tr>\n<tr>\n<td valign=\"top\">2\u5206<\/td>\n<td valign=\"top\">1\/4<\/td>\n<\/tr>\n<tr>\n<td valign=\"top\">3\u5206<\/td>\n<td valign=\"top\">3\/8<\/td>\n<\/tr>\n<tr>\n<td valign=\"top\">4\u5206<\/td>\n<td valign=\"top\">1\/2<\/td>\n<\/tr>\n<tr>\n<td valign=\"top\">6\u5206<\/td>\n<td valign=\"top\">3\/4<\/td>\n<\/tr>\n<tr>\n<td valign=\"top\">1\u5bf8<\/td>\n<td valign=\"top\">G1<\/td>\n<\/tr>\n<\/tbody>\n<\/table>\n<\/div>\n<p>&nbsp;<\/p>\n<p><img decoding=\"async\" src=\"https:\/\/img.yfisher.com\/m6076\/1725732751v30\/jpg70-t3-scale100.webp\" alt=\"\u00c9l\u00e9ment filtrant PE \u00e0 alimentation sous vide \u00e0 prix d&#039;usine 7\" data-lazy=\"2\" title=\"\"><\/p>\n<\/div>","protected":false},"excerpt":{"rendered":"<table>\n<thead>\n<tr>\n<th>article<\/th>\n<th>d\u00e9tails<\/th>\n<\/tr>\n<\/thead>\n<tbody>\n<tr>\n<td>port de d\u00e9part<\/td>\n<td>Guangzhou<\/td>\n<\/tr>\n<tr>\n<td>capacit\u00e9 de production<\/td>\n<td>10000 unit\u00e9s\/mois<\/td>\n<\/tr>\n<tr>\n<td>lieu d'origine<\/td>\n<td>Guangdong, Chine<\/td>\n<\/tr>\n<tr>\n<td>paiement<\/td>\n<td>T\/T, Alibaba Trade Assurance, paypal<\/td>\n<\/tr>\n<tr>\n<td>moq<\/td>\n<td>1 pi\u00e8ce<\/td>\n<\/tr>\n<tr>\n<td>d\u00e9lai de livraison<\/td>\n<td>dans les 7 jours ouvrables<\/td>\n<\/tr>\n<tr>\n<td>certification<\/td>\n<td>ISO 9001<\/td>\n<\/tr>\n<tr>\n<td>marque<\/td>\n<td>OEM\/Lvyuan<\/td>\n<\/tr>\n<\/tbody>\n<\/table>","protected":false},"featured_media":2475,"comment_status":"open","ping_status":"closed","template":"","meta":{"_gspb_post_css":""},"product_brand":[],"product_cat":[24],"product_tag":[956,279,964,260,968,965],"class_list":{"0":"post-2468","1":"product","2":"type-product","3":"status-publish","4":"has-post-thumbnail","6":"product_cat-sintered-porous-plastic","7":"product_tag-1-piece-moq","8":"product_tag-alibaba-trade-assurance","9":"product_tag-guangdong-manufacturer","10":"product_tag-iso-9001","11":"product_tag-oem-paper-tubes","12":"product_tag-paper-tubes","14":"first","15":"instock","16":"shipping-taxable","17":"product-type-simple"},"_links":{"self":[{"href":"https:\/\/lyfilter.com\/fr\/wp-json\/wp\/v2\/product\/2468","targetHints":{"allow":["GET"]}}],"collection":[{"href":"https:\/\/lyfilter.com\/fr\/wp-json\/wp\/v2\/product"}],"about":[{"href":"https:\/\/lyfilter.com\/fr\/wp-json\/wp\/v2\/types\/product"}],"replies":[{"embeddable":true,"href":"https:\/\/lyfilter.com\/fr\/wp-json\/wp\/v2\/comments?post=2468"}],"wp:featuredmedia":[{"embeddable":true,"href":"https:\/\/lyfilter.com\/fr\/wp-json\/wp\/v2\/media\/2475"}],"wp:attachment":[{"href":"https:\/\/lyfilter.com\/fr\/wp-json\/wp\/v2\/media?parent=2468"}],"wp:term":[{"taxonomy":"product_brand","embeddable":true,"href":"https:\/\/lyfilter.com\/fr\/wp-json\/wp\/v2\/product_brand?post=2468"},{"taxonomy":"product_cat","embeddable":true,"href":"https:\/\/lyfilter.com\/fr\/wp-json\/wp\/v2\/product_cat?post=2468"},{"taxonomy":"product_tag","embeddable":true,"href":"https:\/\/lyfilter.com\/fr\/wp-json\/wp\/v2\/product_tag?post=2468"}],"curies":[{"name":"wp","href":"https:\/\/api.w.org\/{rel}","templated":true}]}}