{"id":2462,"date":"2026-01-07T03:03:34","date_gmt":"2026-01-07T03:03:34","guid":{"rendered":"https:\/\/lyfilter.com\/?post_type=product&#038;p=2462"},"modified":"2026-01-07T03:03:34","modified_gmt":"2026-01-07T03:03:34","slug":"factory-price-pe-sintered-filter-for-medical","status":"publish","type":"product","link":"https:\/\/lyfilter.com\/fr\/factory-price-pe-sintered-filter-for-medical\/","title":{"rendered":"Prix d'usine Filtre fritt\u00e9 en PE pour le secteur m\u00e9dical"},"content":{"rendered":"<div class=\"unit-detail-html-tabs__content-attr\">\n<div class=\"unit-product-attrparam\">\n<div class=\"unit-product-attrparam__items row\">\n<div class=\"col-12 col-md-6\">\n<div class=\"unit-product-attrparam__item\">\n<div class=\"unit-product-attrparam__label\">\n<table>\n<thead>\n<tr>\n<th>article<\/th>\n<th>d\u00e9tails<\/th>\n<\/tr>\n<\/thead>\n<tbody>\n<tr>\n<td>capacit\u00e9 d'approvisionnement<\/td>\n<td>1000000 pc\/mois<\/td>\n<\/tr>\n<tr>\n<td>mat\u00e9riel<\/td>\n<td>pe<\/td>\n<\/tr>\n<tr>\n<td>disponibilit\u00e9<\/td>\n<td>oem<\/td>\n<\/tr>\n<\/tbody>\n<\/table>\n<\/div>\n<\/div>\n<\/div>\n<\/div>\n<\/div>\n<\/div>\n<div class=\"unit-detail-html-tabs__content-featuresAttr\"><\/div>\n<div class=\"unit-detail-html-tabs__content-html\">\n<p><strong>Prix d'usine Filtre fritt\u00e9 en PE pour le secteur m\u00e9dical<\/strong><\/p>\n<p>Le filtre fritt\u00e9 en PE qui relie la tuyauterie de pression n\u00e9gative et la bouteille n\u00e9cessite une fonction d'auto-\u00e9tanch\u00e9it\u00e9. En tant que composant central du syst\u00e8me d'aspiration des liquides usag\u00e9s, le filtre fritt\u00e9 en PE auto-\u00e9tanche peut assurer les fonctions de ventilation et de filtrage lorsqu'il n'est pas en contact avec les liquides usag\u00e9s. La pression n\u00e9gative permet de pomper les liquides usag\u00e9s cliniques dans le flacon par l'interm\u00e9diaire du syst\u00e8me d'aspiration de l'h\u00f4pital. Dans le m\u00eame temps, il peut \u00e9galement filtrer les poussi\u00e8res, les bact\u00e9ries et autres substances nocives, ce qui \u00e9vite les infections crois\u00e9es. Cependant, lorsque la bouteille est pleine et que le filtre fritt\u00e9 PE auto-\u00e9tanche entre en contact avec le liquide usag\u00e9, le filtre compl\u00e8te instantan\u00e9ment l'auto-\u00e9tanch\u00e9it\u00e9, bloquant ainsi l'\u00e9coulement de tous les liquides et gaz. En m\u00eame temps, il offre une r\u00e9sistance \u00e0 la pression suffisante pour emp\u00eacher les substances nocives de p\u00e9n\u00e9trer dans le syst\u00e8me d'aspiration de l'h\u00f4pital et de provoquer une pollution secondaire.<\/p>\n<p><img decoding=\"async\" src=\"https:\/\/img.yfisher.com\/m6076\/1725732748kyf\/jpg70-t3-scale100.webp\" alt=\"Prix d&#039;usine Filtre fritt\u00e9 en PE pour le secteur m\u00e9dical 6\" data-lazy=\"2\" title=\"\"><\/p>\n<\/div>","protected":false},"excerpt":{"rendered":"<table>\n<thead>\n<tr>\n<th>article<\/th>\n<th>d\u00e9tails<\/th>\n<\/tr>\n<\/thead>\n<tbody>\n<tr>\n<td>port de d\u00e9part<\/td>\n<td>Guangzhou<\/td>\n<\/tr>\n<tr>\n<td>capacit\u00e9 de production<\/td>\n<td>10000 unit\u00e9s\/mois<\/td>\n<\/tr>\n<tr>\n<td>lieu d'origine<\/td>\n<td>Guangdong, Chine<\/td>\n<\/tr>\n<tr>\n<td>paiement<\/td>\n<td>T\/T, Alibaba Trade Assurance, paypal<\/td>\n<\/tr>\n<tr>\n<td>moq<\/td>\n<td>1 pi\u00e8ce<\/td>\n<\/tr>\n<tr>\n<td>d\u00e9lai de livraison<\/td>\n<td>dans les 7 jours ouvrables<\/td>\n<\/tr>\n<tr>\n<td>certification<\/td>\n<td>ISO 9001<\/td>\n<\/tr>\n<tr>\n<td>marque<\/td>\n<td>OEM\/Lvyuan<\/td>\n<\/tr>\n<\/tbody>\n<\/table>","protected":false},"featured_media":2469,"comment_status":"open","ping_status":"closed","template":"","meta":{"_gspb_post_css":""},"product_brand":[],"product_cat":[24,25],"product_tag":[956,279,964,260,968,965],"class_list":{"0":"post-2462","1":"product","2":"type-product","3":"status-publish","4":"has-post-thumbnail","6":"product_cat-sintered-porous-plastic","7":"product_cat-medical-filters","8":"product_tag-1-piece-moq","9":"product_tag-alibaba-trade-assurance","10":"product_tag-guangdong-manufacturer","11":"product_tag-iso-9001","12":"product_tag-oem-paper-tubes","13":"product_tag-paper-tubes","15":"first","16":"instock","17":"shipping-taxable","18":"product-type-simple"},"_links":{"self":[{"href":"https:\/\/lyfilter.com\/fr\/wp-json\/wp\/v2\/product\/2462","targetHints":{"allow":["GET"]}}],"collection":[{"href":"https:\/\/lyfilter.com\/fr\/wp-json\/wp\/v2\/product"}],"about":[{"href":"https:\/\/lyfilter.com\/fr\/wp-json\/wp\/v2\/types\/product"}],"replies":[{"embeddable":true,"href":"https:\/\/lyfilter.com\/fr\/wp-json\/wp\/v2\/comments?post=2462"}],"wp:featuredmedia":[{"embeddable":true,"href":"https:\/\/lyfilter.com\/fr\/wp-json\/wp\/v2\/media\/2469"}],"wp:attachment":[{"href":"https:\/\/lyfilter.com\/fr\/wp-json\/wp\/v2\/media?parent=2462"}],"wp:term":[{"taxonomy":"product_brand","embeddable":true,"href":"https:\/\/lyfilter.com\/fr\/wp-json\/wp\/v2\/product_brand?post=2462"},{"taxonomy":"product_cat","embeddable":true,"href":"https:\/\/lyfilter.com\/fr\/wp-json\/wp\/v2\/product_cat?post=2462"},{"taxonomy":"product_tag","embeddable":true,"href":"https:\/\/lyfilter.com\/fr\/wp-json\/wp\/v2\/product_tag?post=2462"}],"curies":[{"name":"wp","href":"https:\/\/api.w.org\/{rel}","templated":true}]}}