{"id":2449,"date":"2026-01-07T02:53:49","date_gmt":"2026-01-07T02:53:49","guid":{"rendered":"https:\/\/lyfilter.com\/?post_type=product&#038;p=2449"},"modified":"2026-01-07T02:53:49","modified_gmt":"2026-01-07T02:53:49","slug":"pneumatic-components1-8-1-4-3-8-1-2-3-4-bsp-male-thread-plastic-silencer-pneumatic-black-blue-air-quick-exhaust-muffler","status":"publish","type":"product","link":"https:\/\/lyfilter.com\/fr\/pneumatic-components1-8-1-4-3-8-1-2-3-4-bsp-male-thread-plastic-silencer-pneumatic-black-blue-air-quick-exhaust-muffler\/","title":{"rendered":"Composants pneumatiques1\/8 1\/4 3\/8 1\/2 3\/4 BSP Filetage m\u00e2le Silencieux en plastique Pneumatique Noir bleu Air Rapide Silencieux d'\u00e9chappement"},"content":{"rendered":"<div class=\"unit-detail-html-tabs__content-attr\">\n<div class=\"unit-product-attrparam\">\n<div class=\"unit-product-attrparam__items row\">\n<div class=\"col-12 col-md-6\">\n<div class=\"unit-product-attrparam__item\">\n<div class=\"unit-product-attrparam__label\">\n<table>\n<thead>\n<tr>\n<th>article<\/th>\n<th>d\u00e9tails<\/th>\n<\/tr>\n<\/thead>\n<tbody>\n<tr>\n<td>capacit\u00e9 d'approvisionnement<\/td>\n<td>1000000 pc\/mois<\/td>\n<\/tr>\n<tr>\n<td>mat\u00e9riel<\/td>\n<td>pe<\/td>\n<\/tr>\n<tr>\n<td>disponibilit\u00e9<\/td>\n<td>oem<\/td>\n<\/tr>\n<\/tbody>\n<\/table>\n<\/div>\n<\/div>\n<\/div>\n<\/div>\n<\/div>\n<\/div>\n<div class=\"unit-detail-html-tabs__content-featuresAttr\"><\/div>\n<div class=\"unit-detail-html-tabs__content-html\">\n<p><strong>Composants pneumatiques1\/8 1\/4 3\/8 1\/2 3\/4 BSP Filetage m\u00e2le Silencieux en plastique Pneumatique Noir bleu Air Rapide Silencieux d'\u00e9chappement<\/strong><\/p>\n<p>Description du produit :<\/p>\n<p>1. Objectif du silencieux Le silencieux, \u00e9galement connu sous le nom de silencieux, est un produit absorbant et r\u00e9duisant le bruit qui est largement utilis\u00e9. Le silencieux est \u00e9galement un produit qui peut non seulement faire passer le flux d'air, mais aussi r\u00e9duire le bruit. Le silencieux est largement utilis\u00e9 dans divers silencieux d'\u00e9mission de vapeur de chaudi\u00e8re dans les secteurs de l'\u00e9nergie \u00e9lectrique, de la p\u00e9trochimie, de la m\u00e9tallurgie et d'autres secteurs industriels.<\/p>\n<p>2. Contexte de l'application Dans le cadre de la production industrielle moderne et de l'utilisation des \u00e9quipements, le silencieux permet de r\u00e9duire efficacement le bruit des \u00e9quipements pneumatiques et d'assurer le meilleur \u00e9quilibre entre la r\u00e9duction du bruit et une contre-pression acceptable dans le syst\u00e8me pneumatique. En g\u00e9n\u00e9ral, les silencieux sont disponibles dans une large gamme de tailles pour s'adapter \u00e0 la plupart des vannes standard, et ont des filetages int\u00e9gr\u00e9s robustes pour assurer un montage facile sur l'\u00e9quipement pneumatique.<\/p>\n<ul>\n<li>Haute porosit\u00e9 pour assurer un plus grand d\u00e9bit par unit\u00e9 de surface ;<\/li>\n<li>Surface ext\u00e9rieure lisse, les impuret\u00e9s n'adh\u00e8rent pas facilement, le lavage arri\u00e8re est facile et complet ;<\/li>\n<li>Capacit\u00e9 anti-salissure : la petite taille du filtre fait que les impuret\u00e9s ne peuvent pas \u00eatre retenues dans le corps du filtre ;<\/li>\n<li>R\u00e9sistance aux acides forts, \u00e0 la corrosion alcaline, aux solvants organiques ; 5. excellentes propri\u00e9t\u00e9s m\u00e9caniques ; 6. pas de lib\u00e9ration de particules. 7. Large gamme de produits et vaste champ d'application<\/li>\n<\/ul>\n<p><strong>Sp\u00e9cifications :\u00a0<\/strong><\/p>\n<p>La longueur 1\/8 est d'environ 37 mm, le filetage est direct : 9,5-10 mm, diam\u00e8tre du trou int\u00e9rieur 6 mm.<\/p>\n<p>Le petit corps 1\/4 a une longueur d'environ 41 mm, un diam\u00e8tre de filetage de 12 \u00e0 12,5 mm et un diam\u00e8tre de trou int\u00e9rieur de 8 mm.<\/p>\n<p>1\/4 La longueur g\u00e9n\u00e9rale est d'environ 63 mm, le diam\u00e8tre du filetage est de 12 \u00e0 12,5 mm, le diam\u00e8tre du trou int\u00e9rieur est de 8 mm.<\/p>\n<p>La longueur 3\/8 est d'environ 82 mm, le diam\u00e8tre du filetage est de 16-16,2 mm, le diam\u00e8tre du trou int\u00e9rieur est de 10 mm.<\/p>\n<p>1\/2 longueur d'environ 91 mm, diam\u00e8tre du filetage : 20-20,3 mm, diam\u00e8tre du trou int\u00e9rieur : 12 mm.<\/p>\n<p><img decoding=\"async\" src=\"https:\/\/img.yfisher.com\/m6076\/1725732744cbe\/jpg70-t3-scale100.webp\" alt=\"Composants pneumatiques1\/8 1\/4 3\/8 1\/2 3\/4 BSP Filetage m\u00e2le Silencieux en plastique Pneumatique Noir bleu Air Rapide Silencieux d&#039;\u00e9chappement 6\" data-lazy=\"2\" title=\"\"><\/p>\n<\/div>","protected":false},"excerpt":{"rendered":"<table>\n<thead>\n<tr>\n<th>article<\/th>\n<th>d\u00e9tails<\/th>\n<\/tr>\n<\/thead>\n<tbody>\n<tr>\n<td>port de d\u00e9part<\/td>\n<td>Guangzhou<\/td>\n<\/tr>\n<tr>\n<td>capacit\u00e9 de production<\/td>\n<td>10000 unit\u00e9s\/mois<\/td>\n<\/tr>\n<tr>\n<td>paiement<\/td>\n<td>T\/T, Alibaba Trade Assurance, paypal, OA<\/td>\n<\/tr>\n<tr>\n<td>moq<\/td>\n<td>1 pi\u00e8ce<\/td>\n<\/tr>\n<tr>\n<td>d\u00e9lai de livraison<\/td>\n<td>dans les 7 jours ouvrables<\/td>\n<\/tr>\n<tr>\n<td>certification<\/td>\n<td>ISO 9001<\/td>\n<\/tr>\n<tr>\n<td>marque<\/td>\n<td>OEM\/Lvyuan<\/td>\n<\/tr>\n<\/tbody>\n<\/table>","protected":false},"featured_media":2457,"comment_status":"open","ping_status":"closed","template":"","meta":{"_gspb_post_css":""},"product_brand":[],"product_cat":[24,26],"product_tag":[956,279,262,260,955,965],"class_list":{"0":"post-2449","1":"product","2":"type-product","3":"status-publish","4":"has-post-thumbnail","6":"product_cat-sintered-porous-plastic","7":"product_cat-plastic-silencer","8":"product_tag-1-piece-moq","9":"product_tag-alibaba-trade-assurance","10":"product_tag-guangzhou-port","11":"product_tag-iso-9001","12":"product_tag-oem-packaging","13":"product_tag-paper-tubes","15":"first","16":"instock","17":"shipping-taxable","18":"product-type-simple"},"_links":{"self":[{"href":"https:\/\/lyfilter.com\/fr\/wp-json\/wp\/v2\/product\/2449","targetHints":{"allow":["GET"]}}],"collection":[{"href":"https:\/\/lyfilter.com\/fr\/wp-json\/wp\/v2\/product"}],"about":[{"href":"https:\/\/lyfilter.com\/fr\/wp-json\/wp\/v2\/types\/product"}],"replies":[{"embeddable":true,"href":"https:\/\/lyfilter.com\/fr\/wp-json\/wp\/v2\/comments?post=2449"}],"wp:featuredmedia":[{"embeddable":true,"href":"https:\/\/lyfilter.com\/fr\/wp-json\/wp\/v2\/media\/2457"}],"wp:attachment":[{"href":"https:\/\/lyfilter.com\/fr\/wp-json\/wp\/v2\/media?parent=2449"}],"wp:term":[{"taxonomy":"product_brand","embeddable":true,"href":"https:\/\/lyfilter.com\/fr\/wp-json\/wp\/v2\/product_brand?post=2449"},{"taxonomy":"product_cat","embeddable":true,"href":"https:\/\/lyfilter.com\/fr\/wp-json\/wp\/v2\/product_cat?post=2449"},{"taxonomy":"product_tag","embeddable":true,"href":"https:\/\/lyfilter.com\/fr\/wp-json\/wp\/v2\/product_tag?post=2449"}],"curies":[{"name":"wp","href":"https:\/\/api.w.org\/{rel}","templated":true}]}}