{"id":2444,"date":"2026-01-07T02:50:46","date_gmt":"2026-01-07T02:50:46","guid":{"rendered":"https:\/\/lyfilter.com\/?post_type=product&#038;p=2444"},"modified":"2026-01-07T02:50:46","modified_gmt":"2026-01-07T02:50:46","slug":"factory-oem-sintered-porous-polyethylene-pe-filter-for-filtered-pipette-tips","status":"publish","type":"product","link":"https:\/\/lyfilter.com\/fr\/factory-oem-sintered-porous-polyethylene-pe-filter-for-filtered-pipette-tips\/","title":{"rendered":"Filtre en poly\u00e9thyl\u00e8ne poreux fritt\u00e9 pour pointes de pipettes filtr\u00e9es Factory OEM"},"content":{"rendered":"<div class=\"unit-detail-html-tabs__content-attr\">\n<div class=\"unit-product-attrparam\">\n<div class=\"unit-product-attrparam__items row\">\n<div class=\"col-12 col-md-6\">\n<div class=\"unit-product-attrparam__item\">\n<div class=\"unit-product-attrparam__label\">\n<table>\n<thead>\n<tr>\n<th>article<\/th>\n<th>d\u00e9tails<\/th>\n<\/tr>\n<\/thead>\n<tbody>\n<tr>\n<td>capacit\u00e9 d'approvisionnement<\/td>\n<td>1000000 pc\/mois<\/td>\n<\/tr>\n<tr>\n<td>mat\u00e9riel<\/td>\n<td>pe<\/td>\n<\/tr>\n<tr>\n<td>disponibilit\u00e9<\/td>\n<td>oem<\/td>\n<\/tr>\n<\/tbody>\n<\/table>\n<\/div>\n<\/div>\n<\/div>\n<\/div>\n<\/div>\n<\/div>\n<div class=\"unit-detail-html-tabs__content-featuresAttr\"><\/div>\n<div class=\"unit-detail-html-tabs__content-html\">\n<p><strong>Filtre en poly\u00e9thyl\u00e8ne poreux fritt\u00e9 pour pointes de pipettes filtr\u00e9es Factory OEM<\/strong><\/p>\n<p>Le filtre de pipette est \u00e9galement appel\u00e9 (filtre de pointe, filtre de pipette, filtre de pipette, etc.). Il est fabriqu\u00e9 en poly\u00e9thyl\u00e8ne de qualit\u00e9 m\u00e9dicale \u00e0 tr\u00e8s haut poids mol\u00e9culaire et trait\u00e9 par un processus unique, qui est hydrophobe. Le filtre hydrophobe cr\u00e9e une barri\u00e8re solide contre les a\u00e9rosols et les liquides, \u00e9liminant ainsi la contamination crois\u00e9e potentielle de l'\u00e9chantillon et de la pipette qui pourrait affecter les r\u00e9sultats.<\/p>\n<p>L'\u00e9l\u00e9ment filtrant pour pipette est trait\u00e9 \u00e0 haute temp\u00e9rature, produit et emball\u00e9 dans un atelier propre, et chaque processus garantit l'absence de pollution.<\/p>\n<p>L'\u00e9l\u00e9ment filtrant fritt\u00e9 en PE pour pipettes int\u00e8gre des ann\u00e9es d'exp\u00e9rience de production de la soci\u00e9t\u00e9 Guangzhou Filter Source. Il est fabriqu\u00e9 \u00e0 l'aide de moules de pr\u00e9cision sans bavures. L'\u00e9l\u00e9ment filtrant a une \u00e9lasticit\u00e9 mod\u00e9r\u00e9e et s'adapte parfaitement au diam\u00e8tre int\u00e9rieur de l'embout pour r\u00e9pondre \u00e0 vos exigences les plus strictes en mati\u00e8re d'apparence. Les \u00e9l\u00e9ments filtrants fritt\u00e9s en PE pour pipettes sont disponibles dans des dizaines de sp\u00e9cifications pour r\u00e9pondre \u00e0 vos besoins en mati\u00e8re de conception de produits diff\u00e9renci\u00e9s.<\/p>\n<p><strong>Barri\u00e8re parfaite contre les a\u00e9rosols<\/strong><\/p>\n<p>L'\u00e9l\u00e9ment filtrant de Lvyuan pour la t\u00eate d'aspiration est fabriqu\u00e9 en poly\u00e9thyl\u00e8ne pur \u00e0 tr\u00e8s haut poids mol\u00e9culaire et trait\u00e9 par un processus unique, qui est hydrophobe.<\/p>\n<p>Le filtre hydrophobe cr\u00e9e une barri\u00e8re solide contre les a\u00e9rosols et les liquides, \u00e9liminant ainsi les risques de contamination crois\u00e9e entre l'\u00e9chantillon et la pipette, susceptibles d'affecter les r\u00e9sultats.<\/p>\n<p><strong>Sans RNase\/DNase<\/strong><\/p>\n<p>Les pointes Lvyuan sont trait\u00e9es \u00e0 haute temp\u00e9rature avec des \u00e9l\u00e9ments filtrants, produites et emball\u00e9es dans des ateliers propres, et chaque processus garantit l'absence de pollution par la RNase et la DNase.<\/p>\n<p><strong>R\u00e9pondre \u00e0 vos besoins les plus exigeants en mati\u00e8re d'apparence<\/strong><\/p>\n<p>L'\u00e9l\u00e9ment filtrant Lvyuan pour t\u00eate d'aspiration int\u00e8gre l'exp\u00e9rience de production de centaines de millions d'\u00e9l\u00e9ments filtrants de Biocomma. Il est fabriqu\u00e9 \u00e0 l'aide de moules de pr\u00e9cision sans bavures. L'\u00e9l\u00e9ment filtrant pr\u00e9sente une \u00e9lasticit\u00e9 mod\u00e9r\u00e9e et s'adapte parfaitement au diam\u00e8tre int\u00e9rieur de la t\u00eate d'aspiration pour r\u00e9pondre \u00e0 vos exigences les plus strictes en mati\u00e8re d'apparence. .<\/p>\n<p>M\u00eame le plus petit \u00e9l\u00e9ment (diam\u00e8tre de 1,45 mm, \u00e9paisseur de 1,6 mm) est d'une pr\u00e9cision esth\u00e9tique sans compromis.<\/p>\n<p><strong>Une vari\u00e9t\u00e9 de sp\u00e9cifications \u00e0 choisir<\/strong><\/p>\n<p>Les filtres Lvyuan pour embouts d'aspiration sont disponibles dans des dizaines de sp\u00e9cifications pour r\u00e9pondre \u00e0 vos besoins de conception de produits diff\u00e9renci\u00e9s.<\/p>\n<p><img decoding=\"async\" src=\"https:\/\/img.yfisher.com\/m6076\/1725732742htq\/jpg70-t3-scale100.webp\" alt=\"Filtre fritt\u00e9 en poly\u00e9thyl\u00e8ne poreux pour pointes de pipettes filtr\u00e9es 6\" data-lazy=\"2\" title=\"\"><\/p>\n<p><strong>Lvyuan Pipette Tips 10ul<\/strong><\/p>\n<div class=\"table-responsive\">\n<table>\n<tbody>\n<tr class=\"firstRow\">\n<td valign=\"top\" width=\"199\"><strong>Num\u00e9ro d'article.<\/strong><\/td>\n<td valign=\"top\" width=\"199\"><strong>Diam\u00e8tre (mm)<\/strong><\/td>\n<td valign=\"top\" width=\"199\"><strong>\u00c9paisseur<\/strong><\/td>\n<td valign=\"top\" width=\"199\"><strong>Ouverture<\/strong><\/td>\n<td valign=\"top\" width=\"199\"><strong>Utilisation<\/strong><\/td>\n<td valign=\"top\" width=\"199\"><strong>Paquet<\/strong><\/td>\n<\/tr>\n<tr>\n<td valign=\"top\" width=\"199\">LV10-14-16<\/td>\n<td valign=\"top\" width=\"199\">1.4<\/td>\n<td valign=\"top\" width=\"199\">1.6<\/td>\n<td valign=\"top\" width=\"199\">10<\/td>\n<td valign=\"top\" width=\"199\">10\u03bcL<\/td>\n<td valign=\"top\" width=\"199\">10000pcs\/sac<\/td>\n<\/tr>\n<tr>\n<td valign=\"top\" width=\"199\">LV10-14-35<\/td>\n<td valign=\"top\" width=\"199\">1.4<\/td>\n<td valign=\"top\" width=\"199\">3.5<\/td>\n<td valign=\"top\" width=\"199\">10<\/td>\n<td valign=\"top\" width=\"199\">10\u03bcL<\/td>\n<td valign=\"top\" width=\"199\">10000pcs\/sac<\/td>\n<\/tr>\n<tr>\n<td valign=\"top\" width=\"199\">LV10-16-35<\/td>\n<td valign=\"top\" width=\"199\">1.6<\/td>\n<td valign=\"top\" width=\"199\">3.5<\/td>\n<td valign=\"top\" width=\"199\">10<\/td>\n<td valign=\"top\" width=\"199\">10\u03bcL<\/td>\n<td valign=\"top\" width=\"199\">10000pcs\/sac<\/td>\n<\/tr>\n<tr>\n<td valign=\"top\" width=\"199\">LV10-18-35<\/td>\n<td valign=\"top\" width=\"199\">1.8<\/td>\n<td valign=\"top\" width=\"199\">3.5<\/td>\n<td valign=\"top\" width=\"199\">10<\/td>\n<td valign=\"top\" width=\"199\">10\u03bcL<\/td>\n<td valign=\"top\" width=\"199\">10000pcs\/sac<\/td>\n<\/tr>\n<\/tbody>\n<\/table>\n<\/div>\n<p><strong>Lvyuan Pipette Tips 200ul<\/strong><\/p>\n<div class=\"table-responsive\">\n<table>\n<tbody>\n<tr class=\"firstRow\">\n<td valign=\"top\" width=\"199\"><strong>Num\u00e9ro d'article.<\/strong><\/td>\n<td valign=\"top\" width=\"199\"><strong>Diam\u00e8tre (mm)<\/strong><\/td>\n<td valign=\"top\" width=\"199\"><strong>\u00c9paisseur<\/strong><\/td>\n<td valign=\"top\" width=\"199\"><strong>Ouverture<\/strong><\/td>\n<td valign=\"top\" width=\"199\"><strong>Utilisation<\/strong><\/td>\n<td valign=\"top\" width=\"199\"><strong>Paquet<\/strong><\/td>\n<\/tr>\n<tr>\n<td valign=\"top\" width=\"199\">LV200-40-35<\/td>\n<td valign=\"top\" width=\"199\">4<\/td>\n<td valign=\"top\" width=\"199\">3.5<\/td>\n<td valign=\"top\" width=\"199\">10<\/td>\n<td valign=\"top\" width=\"199\">200\u03bcL<\/td>\n<td valign=\"top\" width=\"199\">10000pcs\/sac<\/td>\n<\/tr>\n<tr>\n<td valign=\"top\" width=\"199\">LV200-41-35<\/td>\n<td valign=\"top\" width=\"199\">4.1<\/td>\n<td valign=\"top\" width=\"199\">3.5<\/td>\n<td valign=\"top\" width=\"199\">10<\/td>\n<td valign=\"top\" width=\"199\">200\u03bcL<\/td>\n<td valign=\"top\" width=\"199\">10000pcs\/sac<\/td>\n<\/tr>\n<tr>\n<td valign=\"top\" width=\"199\">LV200-43-35<\/td>\n<td valign=\"top\" width=\"199\">4.3<\/td>\n<td valign=\"top\" width=\"199\">3.5<\/td>\n<td valign=\"top\" width=\"199\">10<\/td>\n<td valign=\"top\" width=\"199\">200\u03bcL<\/td>\n<td valign=\"top\" width=\"199\">10000pcs\/sac<\/td>\n<\/tr>\n<tr>\n<td valign=\"top\" width=\"199\">LV200-45-35<\/td>\n<td valign=\"top\" width=\"199\">4.5<\/td>\n<td valign=\"top\" width=\"199\">3.5<\/td>\n<td valign=\"top\" width=\"199\">10<\/td>\n<td valign=\"top\" width=\"199\">200\u03bcL<\/td>\n<td valign=\"top\" width=\"199\">10000pcs\/sac<\/td>\n<\/tr>\n<tr>\n<td valign=\"top\" width=\"199\">LV200-47-35<\/td>\n<td valign=\"top\" width=\"199\">4.7<\/td>\n<td valign=\"top\" width=\"199\">3.5<\/td>\n<td valign=\"top\" width=\"199\">10<\/td>\n<td valign=\"top\" width=\"199\">200\u03bcL<\/td>\n<td valign=\"top\" width=\"199\">10000pcs\/sac<\/td>\n<\/tr>\n<tr>\n<td valign=\"top\" width=\"199\">LV200-49-35<\/td>\n<td valign=\"top\" width=\"199\">4.9<\/td>\n<td valign=\"top\" width=\"199\">3.5<\/td>\n<td valign=\"top\" width=\"199\">10<\/td>\n<td valign=\"top\" width=\"199\">200\u03bcL<\/td>\n<td valign=\"top\" width=\"199\">10000pcs\/sac<\/td>\n<\/tr>\n<tr>\n<td valign=\"top\" width=\"199\">LV200-51-35<\/td>\n<td valign=\"top\" width=\"199\">5.1<\/td>\n<td valign=\"top\" width=\"199\">3.5<\/td>\n<td valign=\"top\" width=\"199\">10<\/td>\n<td valign=\"top\" width=\"199\">200\u03bcL<\/td>\n<td valign=\"top\" width=\"199\">10000pcs\/sac<\/td>\n<\/tr>\n<\/tbody>\n<\/table>\n<\/div>\n<p><strong>Lvyuan Pipette Tips 1000ul<\/strong><\/p>\n<div class=\"table-responsive\">\n<table>\n<tbody>\n<tr class=\"firstRow\">\n<td valign=\"top\" width=\"199\"><strong>Num\u00e9ro d'article.<\/strong><\/td>\n<td valign=\"top\" width=\"199\"><strong>Diam\u00e8tre (mm)<\/strong><\/td>\n<td valign=\"top\" width=\"199\"><strong>\u00c9paisseur<\/strong><\/td>\n<td valign=\"top\" width=\"199\"><strong>Ouverture<\/strong><\/td>\n<td valign=\"top\" width=\"199\"><strong>Utilisation<\/strong><\/td>\n<td valign=\"top\" width=\"199\"><strong>Paquet<\/strong><\/td>\n<\/tr>\n<tr>\n<td valign=\"top\" width=\"199\">LV1000-70-40<\/td>\n<td valign=\"top\" width=\"199\">7<\/td>\n<td valign=\"top\" width=\"199\">4<\/td>\n<td valign=\"top\" width=\"199\">10<\/td>\n<td valign=\"top\" width=\"199\">1000\u03bcL<\/td>\n<td valign=\"top\" width=\"199\">10000pcs\/sac<\/td>\n<\/tr>\n<tr>\n<td valign=\"top\" width=\"199\">LV1000-71-40<\/td>\n<td valign=\"top\" width=\"199\">7.1<\/td>\n<td valign=\"top\" width=\"199\">4<\/td>\n<td valign=\"top\" width=\"199\">10<\/td>\n<td valign=\"top\" width=\"199\">1000\u03bcL<\/td>\n<td valign=\"top\" width=\"199\">10000pcs\/sac<\/td>\n<\/tr>\n<tr>\n<td valign=\"top\" width=\"199\">LV1000-72-40<\/td>\n<td valign=\"top\" width=\"199\">7.2<\/td>\n<td valign=\"top\" width=\"199\">4<\/td>\n<td valign=\"top\" width=\"199\">10<\/td>\n<td valign=\"top\" width=\"199\">1000\u03bcL<\/td>\n<td valign=\"top\" width=\"199\">10000pcs\/sac<\/td>\n<\/tr>\n<tr>\n<td valign=\"top\" width=\"199\">LV1000-74-40<\/td>\n<td valign=\"top\" width=\"199\">7.4<\/td>\n<td valign=\"top\" width=\"199\">4<\/td>\n<td valign=\"top\" width=\"199\">10<\/td>\n<td valign=\"top\" width=\"199\">1000\u03bcL<\/td>\n<td valign=\"top\" width=\"199\">10000pcs\/sac<\/td>\n<\/tr>\n<\/tbody>\n<\/table>\n<\/div>\n<p><strong>Plus de sp\u00e9cifications<\/strong><\/p>\n<div class=\"table-responsive\">\n<table>\n<tbody>\n<tr class=\"firstRow\">\n<td valign=\"top\" width=\"199\"><strong>Num\u00e9ro d'article.<\/strong><\/td>\n<td valign=\"top\" width=\"199\"><strong>Diam\u00e8tre (mm)<\/strong><\/td>\n<td valign=\"top\" width=\"199\"><strong>\u00c9paisseur<\/strong><\/td>\n<td valign=\"top\" width=\"199\"><strong>\u00c9paisseur<\/strong><\/td>\n<td valign=\"top\" width=\"199\"><strong>\u00c9paisseur<\/strong><\/td>\n<td valign=\"top\" width=\"199\"><strong>\u00c9paisseur<\/strong><\/td>\n<\/tr>\n<tr>\n<td colspan=\"1\" rowspan=\"1\" valign=\"top\">LV1<\/td>\n<td colspan=\"1\" rowspan=\"1\" valign=\"top\">1.2<\/td>\n<td colspan=\"1\" rowspan=\"1\" valign=\"top\">3.0<\/td>\n<td colspan=\"1\" rowspan=\"1\" valign=\"top\">3.5<\/td>\n<td colspan=\"1\" rowspan=\"1\" valign=\"top\">4.0<\/td>\n<td colspan=\"1\" rowspan=\"1\" valign=\"top\">5.0<\/td>\n<\/tr>\n<tr>\n<td valign=\"top\" width=\"243\">LV2<\/td>\n<td valign=\"top\" width=\"243\">1.3<\/td>\n<td valign=\"top\" width=\"243\">3.0<\/td>\n<td valign=\"top\" width=\"243\">3.5<\/td>\n<td valign=\"top\" width=\"243\">4.0<\/td>\n<td valign=\"top\" width=\"243\">5.0<\/td>\n<\/tr>\n<tr>\n<td valign=\"top\" width=\"243\">LV3<\/td>\n<td valign=\"top\" width=\"243\">1.4<\/td>\n<td valign=\"top\" width=\"243\">3.0<\/td>\n<td valign=\"top\" width=\"243\">3.5<\/td>\n<td valign=\"top\" width=\"243\">4.0<\/td>\n<td valign=\"top\" width=\"243\">5.0<\/td>\n<\/tr>\n<tr>\n<td valign=\"top\" width=\"243\">LV4<\/td>\n<td valign=\"top\" width=\"243\">1.5<\/td>\n<td valign=\"top\" width=\"243\">3.0<\/td>\n<td valign=\"top\" width=\"243\">3.5<\/td>\n<td valign=\"top\" width=\"243\">4.0<\/td>\n<td valign=\"top\" width=\"243\">5.0<\/td>\n<\/tr>\n<tr>\n<td valign=\"top\" width=\"243\">LV9<\/td>\n<td valign=\"top\" width=\"243\">2.0<\/td>\n<td valign=\"top\" width=\"243\">3.0<\/td>\n<td valign=\"top\" width=\"243\">3.5<\/td>\n<td valign=\"top\" width=\"243\">4.0<\/td>\n<td valign=\"top\" width=\"243\">5.0<\/td>\n<\/tr>\n<tr>\n<td valign=\"top\" width=\"243\">LV10<\/td>\n<td valign=\"top\" width=\"243\">2.1<\/td>\n<td valign=\"top\" width=\"243\">3.0<\/td>\n<td valign=\"top\" width=\"243\">3.5<\/td>\n<td valign=\"top\" width=\"243\">4.0<\/td>\n<td valign=\"top\" width=\"243\">5.0<\/td>\n<\/tr>\n<tr>\n<td valign=\"top\" width=\"243\">LV11<\/td>\n<td valign=\"top\" width=\"243\">2.23<\/td>\n<td valign=\"top\" width=\"243\">3.0<\/td>\n<td valign=\"top\" width=\"243\">3.5<\/td>\n<td valign=\"top\" width=\"243\">4.0<\/td>\n<td valign=\"top\" width=\"243\">5.0<\/td>\n<\/tr>\n<tr>\n<td valign=\"top\" width=\"243\">LV12<\/td>\n<td valign=\"top\" width=\"243\">2.63<\/td>\n<td valign=\"top\" width=\"243\">3.0<\/td>\n<td valign=\"top\" width=\"243\">3.5<\/td>\n<td valign=\"top\" width=\"243\">4.0<\/td>\n<td valign=\"top\" width=\"243\">5.0<\/td>\n<\/tr>\n<tr>\n<td valign=\"top\" width=\"243\">LV16<\/td>\n<td valign=\"top\" width=\"243\">3.0<\/td>\n<td valign=\"top\" width=\"243\">3.0<\/td>\n<td valign=\"top\" width=\"243\">3.5<\/td>\n<td valign=\"top\" width=\"243\">4.0<\/td>\n<td valign=\"top\" width=\"243\">5.0<\/td>\n<\/tr>\n<tr>\n<td valign=\"top\" width=\"243\">LV17<\/td>\n<td valign=\"top\" width=\"243\">3.1<\/td>\n<td valign=\"top\" width=\"243\">3.0<\/td>\n<td valign=\"top\" width=\"243\">3.5<\/td>\n<td valign=\"top\" width=\"243\">4.0<\/td>\n<td valign=\"top\" width=\"243\">5.0<\/td>\n<\/tr>\n<tr>\n<td valign=\"top\" width=\"243\">LV18<\/td>\n<td valign=\"top\" width=\"243\">3.2<\/td>\n<td valign=\"top\" width=\"243\">3.0<\/td>\n<td valign=\"top\" width=\"243\">3.5<\/td>\n<td valign=\"top\" width=\"243\">4.0<\/td>\n<td valign=\"top\" width=\"243\">5.0<\/td>\n<\/tr>\n<tr>\n<td colspan=\"1\" rowspan=\"1\" valign=\"top\">LV19<\/td>\n<td colspan=\"1\" rowspan=\"1\" valign=\"top\">3.3<\/td>\n<td colspan=\"1\" rowspan=\"1\" valign=\"top\">3.0<\/td>\n<td colspan=\"1\" rowspan=\"1\" valign=\"top\">3.5<\/td>\n<td colspan=\"1\" rowspan=\"1\" valign=\"top\">4.0<\/td>\n<td colspan=\"1\" rowspan=\"1\" valign=\"top\">5.0<\/td>\n<\/tr>\n<tr>\n<td colspan=\"1\" rowspan=\"1\" valign=\"top\">LV26<\/td>\n<td colspan=\"1\" rowspan=\"1\" valign=\"top\">4.02<\/td>\n<td colspan=\"1\" rowspan=\"1\" valign=\"top\">3.0<\/td>\n<td colspan=\"1\" rowspan=\"1\" valign=\"top\">3.5<\/td>\n<td colspan=\"1\" rowspan=\"1\" valign=\"top\">4.0<\/td>\n<td colspan=\"1\" rowspan=\"1\" valign=\"top\">5.0<\/td>\n<\/tr>\n<tr>\n<td colspan=\"1\" rowspan=\"1\" valign=\"top\">LV27<\/td>\n<td colspan=\"1\" rowspan=\"1\" valign=\"top\">4.1<\/td>\n<td colspan=\"1\" rowspan=\"1\" valign=\"top\">3.0<\/td>\n<td colspan=\"1\" rowspan=\"1\" valign=\"top\">3.5<\/td>\n<td colspan=\"1\" rowspan=\"1\" valign=\"top\">4.0<\/td>\n<td colspan=\"1\" rowspan=\"1\" valign=\"top\">5.0<\/td>\n<\/tr>\n<tr>\n<td colspan=\"1\" rowspan=\"1\" valign=\"top\">LV28<\/td>\n<td colspan=\"1\" rowspan=\"1\" valign=\"top\">4.2<\/td>\n<td colspan=\"1\" rowspan=\"1\" valign=\"top\">3.0<\/td>\n<td colspan=\"1\" rowspan=\"1\" valign=\"top\">3.5<\/td>\n<td colspan=\"1\" rowspan=\"1\" valign=\"top\">4.0<\/td>\n<td colspan=\"1\" rowspan=\"1\" valign=\"top\">5.0<\/td>\n<\/tr>\n<\/tbody>\n<\/table>\n<\/div>\n<p><img decoding=\"async\" src=\"https:\/\/img.yfisher.com\/m6076\/17257327423e8\/jpg70-t3-scale100.webp\" alt=\"Filtre fritt\u00e9 en poly\u00e9thyl\u00e8ne poreux pour pointes de pipettes filtr\u00e9es 7\" data-lazy=\"2\" title=\"\"><\/p>\n<\/div>","protected":false},"excerpt":{"rendered":"<table>\n<thead>\n<tr>\n<th>article<\/th>\n<th>d\u00e9tails<\/th>\n<\/tr>\n<\/thead>\n<tbody>\n<tr>\n<td>port de d\u00e9part<\/td>\n<td>Guangzhou<\/td>\n<\/tr>\n<tr>\n<td>capacit\u00e9 de production<\/td>\n<td>10000 unit\u00e9s\/mois<\/td>\n<\/tr>\n<tr>\n<td>lieu d'origine<\/td>\n<td>Guangdong, Chine<\/td>\n<\/tr>\n<tr>\n<td>paiement<\/td>\n<td>T\/T, Alibaba Trade Assurance, paypal<\/td>\n<\/tr>\n<tr>\n<td>moq<\/td>\n<td>1 pi\u00e8ce<\/td>\n<\/tr>\n<tr>\n<td>d\u00e9lai de livraison<\/td>\n<td>dans les 7 jours ouvrables<\/td>\n<\/tr>\n<tr>\n<td>certification<\/td>\n<td>ISO 9001<\/td>\n<\/tr>\n<tr>\n<td>marque<\/td>\n<td>OEM\/Lvyuan<\/td>\n<\/tr>\n<\/tbody>\n<\/table>","protected":false},"featured_media":2451,"comment_status":"open","ping_status":"closed","template":"","meta":{"_gspb_post_css":""},"product_brand":[],"product_cat":[24],"product_tag":[956,967,964,260,955,965],"class_list":{"0":"post-2444","1":"product","2":"type-product","3":"status-publish","4":"has-post-thumbnail","6":"product_cat-sintered-porous-plastic","7":"product_tag-1-piece-moq","8":"product_tag-7-day-delivery","9":"product_tag-guangdong-manufacturer","10":"product_tag-iso-9001","11":"product_tag-oem-packaging","12":"product_tag-paper-tubes","14":"first","15":"instock","16":"shipping-taxable","17":"product-type-simple"},"_links":{"self":[{"href":"https:\/\/lyfilter.com\/fr\/wp-json\/wp\/v2\/product\/2444","targetHints":{"allow":["GET"]}}],"collection":[{"href":"https:\/\/lyfilter.com\/fr\/wp-json\/wp\/v2\/product"}],"about":[{"href":"https:\/\/lyfilter.com\/fr\/wp-json\/wp\/v2\/types\/product"}],"replies":[{"embeddable":true,"href":"https:\/\/lyfilter.com\/fr\/wp-json\/wp\/v2\/comments?post=2444"}],"wp:featuredmedia":[{"embeddable":true,"href":"https:\/\/lyfilter.com\/fr\/wp-json\/wp\/v2\/media\/2451"}],"wp:attachment":[{"href":"https:\/\/lyfilter.com\/fr\/wp-json\/wp\/v2\/media?parent=2444"}],"wp:term":[{"taxonomy":"product_brand","embeddable":true,"href":"https:\/\/lyfilter.com\/fr\/wp-json\/wp\/v2\/product_brand?post=2444"},{"taxonomy":"product_cat","embeddable":true,"href":"https:\/\/lyfilter.com\/fr\/wp-json\/wp\/v2\/product_cat?post=2444"},{"taxonomy":"product_tag","embeddable":true,"href":"https:\/\/lyfilter.com\/fr\/wp-json\/wp\/v2\/product_tag?post=2444"}],"curies":[{"name":"wp","href":"https:\/\/api.w.org\/{rel}","templated":true}]}}