{"id":2438,"date":"2026-01-07T02:46:54","date_gmt":"2026-01-07T02:46:54","guid":{"rendered":"https:\/\/lyfilter.com\/?post_type=product&#038;p=2438"},"modified":"2026-01-07T02:47:17","modified_gmt":"2026-01-07T02:47:17","slug":"factory-price-sintered-porous-pe-pp-filter-discs","status":"publish","type":"product","link":"https:\/\/lyfilter.com\/fr\/factory-price-sintered-porous-pe-pp-filter-discs\/","title":{"rendered":"Prix d'usine Disques filtrants PE PP poreux fritt\u00e9s"},"content":{"rendered":"<div class=\"unit-detail-html-tabs__content-attr\">\n<div class=\"unit-product-attrparam\">\n<div class=\"unit-product-attrparam__items row\">\n<div class=\"col-12 col-md-6\">\n<div class=\"unit-product-attrparam__item\">\n<div class=\"unit-product-attrparam__label\">\n<table>\n<thead>\n<tr>\n<th>article<\/th>\n<th>d\u00e9tails<\/th>\n<\/tr>\n<\/thead>\n<tbody>\n<tr>\n<td>capacit\u00e9 d'approvisionnement<\/td>\n<td>1000000 pc\/mois<\/td>\n<\/tr>\n<tr>\n<td>mat\u00e9riel<\/td>\n<td>pp<\/td>\n<\/tr>\n<tr>\n<td>disponibilit\u00e9<\/td>\n<td>oem<\/td>\n<\/tr>\n<\/tbody>\n<\/table>\n<\/div>\n<\/div>\n<\/div>\n<\/div>\n<\/div>\n<\/div>\n<div class=\"unit-detail-html-tabs__content-html\">\n<p><strong>Prix d'usine Disques filtrants PE PP poreux fritt\u00e9s<\/strong><\/p>\n<p>Le filtre de batterie, la plaque antid\u00e9flagrante, le filtre \u00e0 acide, l'\u00e9vent d'air, le filtre \u00e0 air, la plaque d'\u00e9chappement, le filtre \u00e0 poussi\u00e8re, le bouchon de filtre \u00e0 poussi\u00e8re et d'autres produits fabriqu\u00e9s par notre usine sont strictement conformes \u00e0 la norme du filtre \u00e0 acide microporeux JB\/T11340.5-2012 de la soupape de s\u00e9curit\u00e9 de stockage d'acide au plomb r\u00e9gul\u00e9e. Le produit est fabriqu\u00e9 \u00e0 partir de poudre de PE\/PP par le biais d'un frittage proportionnel scientifique, qui pr\u00e9sente les caract\u00e9ristiques suivantes : haute r\u00e9sistance, diam\u00e8tre de pore uniforme, bonne perm\u00e9abilit\u00e9, etc. Le filtre PP ne se d\u00e9forme pas et ne jaunit pas apr\u00e8s 400 heures \u00e0 150 \u2103. Les sp\u00e9cifications du produit sont de 5 \u00e0 30 mm de diam\u00e8tre et de 2 \u00e0 7 mm d'\u00e9paisseur. Les sp\u00e9cifications sp\u00e9ciales peuvent \u00eatre personnalis\u00e9es.<\/p>\n<p>&nbsp;<\/p>\n<div class=\"table-responsive\">\n<table>\n<tbody>\n<tr class=\"firstRow\">\n<td valign=\"top\" height=\"20\">Diam\u00e8tre<\/td>\n<td valign=\"top\" height=\"20\">10mm,20mm,30mm,40mm,50mm,60mm,70mm,80mm,90mm,100mm,110mm,<br \/>\n120 mm, 200 mm, etc.<\/td>\n<\/tr>\n<tr>\n<td valign=\"top\">\u00c9paisseur<\/td>\n<td valign=\"top\">2-7mm<\/td>\n<\/tr>\n<tr>\n<td valign=\"top\">Taux de micron<\/td>\n<td valign=\"top\">1um,5um,10um,20um,30um,etc.<\/td>\n<\/tr>\n<tr>\n<td valign=\"top\">Temp\u00e9rature de travail<\/td>\n<td valign=\"top\">PE\u226480\u2103 ; PTFE\u2265200\u2103;PA\u2264120\u2103<\/td>\n<\/tr>\n<tr>\n<td valign=\"top\">Connecteur du filtre<\/td>\n<td valign=\"top\">PLAT, \u00c0 INS\u00c9RER, \u00c0 FILETER, 226, 222, 215, PERSONNALIS\u00c9<\/td>\n<\/tr>\n<tr>\n<td valign=\"top\">Remarque<\/td>\n<td valign=\"top\">La taille du filtre et les microns peuvent \u00eatre personnalis\u00e9s. Plus petit ou plus grand !<\/td>\n<\/tr>\n<\/tbody>\n<\/table>\n<\/div>\n<p>&nbsp;<\/p>\n<div class=\"table-responsive\">\n<table data-sort=\"sortDisabled\">\n<tbody>\n<tr class=\"firstRow\">\n<td colspan=\"8\" rowspan=\"1\" align=\"center\" valign=\"top\">Les sp\u00e9cifications du moule du disque filtrant existant<\/td>\n<\/tr>\n<tr>\n<td valign=\"top\">Diam\u00e8tre (mm)<\/td>\n<td valign=\"top\">\u00c9paisseur (mm)<\/td>\n<td valign=\"top\"><\/td>\n<td valign=\"top\">Diam\u00e8tre (mm)<\/td>\n<td valign=\"top\">\u00c9paisseur (mm)<\/td>\n<td valign=\"top\"><\/td>\n<td valign=\"top\">Diam\u00e8tre (mm)<\/td>\n<td valign=\"top\">\u00c9paisseur (mm)<\/td>\n<\/tr>\n<tr>\n<td valign=\"top\">10<\/td>\n<td valign=\"top\">3<\/td>\n<td valign=\"top\"><\/td>\n<td valign=\"top\">18<\/td>\n<td valign=\"top\">3.1<\/td>\n<td valign=\"top\"><\/td>\n<td valign=\"top\">15<\/td>\n<td valign=\"top\">3<\/td>\n<\/tr>\n<tr>\n<td valign=\"top\">4<\/td>\n<td valign=\"top\">3<\/td>\n<td valign=\"top\"><\/td>\n<td valign=\"top\">9.8<\/td>\n<td valign=\"top\">3<\/td>\n<td valign=\"top\"><\/td>\n<td valign=\"top\">12<\/td>\n<td valign=\"top\">3<\/td>\n<\/tr>\n<tr>\n<td valign=\"top\">13<\/td>\n<td valign=\"top\">3<\/td>\n<td valign=\"top\"><\/td>\n<td valign=\"top\">8<\/td>\n<td valign=\"top\">2.5<\/td>\n<td valign=\"top\"><\/td>\n<td valign=\"top\">8.8<\/td>\n<td valign=\"top\">2.2<\/td>\n<\/tr>\n<tr>\n<td valign=\"top\">5<\/td>\n<td valign=\"top\">3.5<\/td>\n<td valign=\"top\"><\/td>\n<td valign=\"top\">14.45<\/td>\n<td valign=\"top\">4<\/td>\n<td valign=\"top\"><\/td>\n<td valign=\"top\">17<\/td>\n<td valign=\"top\">3.2<\/td>\n<\/tr>\n<tr>\n<td valign=\"top\">12.6<\/td>\n<td valign=\"top\">3.2<\/td>\n<td valign=\"top\"><\/td>\n<td valign=\"top\">25<\/td>\n<td valign=\"top\">3<\/td>\n<td valign=\"top\"><\/td>\n<td valign=\"top\">20<\/td>\n<td valign=\"top\">3.2<\/td>\n<\/tr>\n<tr>\n<td valign=\"top\">16.2<\/td>\n<td valign=\"top\">3.5<\/td>\n<td valign=\"top\"><\/td>\n<td valign=\"top\">16<\/td>\n<td valign=\"top\">2.5<\/td>\n<td valign=\"top\"><\/td>\n<td valign=\"top\">16<\/td>\n<td valign=\"top\">5.5<\/td>\n<\/tr>\n<tr>\n<td valign=\"top\">23<\/td>\n<td valign=\"top\">1.6<\/td>\n<td valign=\"top\"><\/td>\n<td valign=\"top\">13<\/td>\n<td valign=\"top\">3.4<\/td>\n<td valign=\"top\"><\/td>\n<td valign=\"top\">6.1<\/td>\n<td valign=\"top\">3<\/td>\n<\/tr>\n<tr>\n<td valign=\"top\">8.5<\/td>\n<td valign=\"top\">3<\/td>\n<td valign=\"top\"><\/td>\n<td valign=\"top\">16.1<\/td>\n<td valign=\"top\">2.65<\/td>\n<td valign=\"top\"><\/td>\n<td valign=\"top\">8.5<\/td>\n<td valign=\"top\">2<\/td>\n<\/tr>\n<\/tbody>\n<\/table>\n<\/div>\n<p><img decoding=\"async\" src=\"https:\/\/img.yfisher.com\/m6076\/1725732739cgm\/jpg70-t3-scale100.webp\" alt=\"Prix d&#039;usine Disques filtrants PE PP poreux fritt\u00e9s 5\" data-lazy=\"2\" title=\"\"><\/p>\n<\/div>","protected":false},"excerpt":{"rendered":"<table>\n<thead>\n<tr>\n<th>article<\/th>\n<th>d\u00e9tails<\/th>\n<\/tr>\n<\/thead>\n<tbody>\n<tr>\n<td>port de d\u00e9part<\/td>\n<td>Guangzhou<\/td>\n<\/tr>\n<tr>\n<td>capacit\u00e9 de production<\/td>\n<td>10000 unit\u00e9s\/mois<\/td>\n<\/tr>\n<tr>\n<td>lieu d'origine<\/td>\n<td>Guangdong, Chine<\/td>\n<\/tr>\n<tr>\n<td>paiement<\/td>\n<td>T\/T, Western Union, Alibaba Trade Assurance, paypal<\/td>\n<\/tr>\n<tr>\n<td>moq<\/td>\n<td>1 pi\u00e8ce<\/td>\n<\/tr>\n<tr>\n<td>d\u00e9lai de livraison<\/td>\n<td>Dans les 7 jours ouvrables<\/td>\n<\/tr>\n<tr>\n<td>marque<\/td>\n<td>OEM\/Lvyuan<\/td>\n<\/tr>\n<\/tbody>\n<\/table>","protected":false},"featured_media":2445,"comment_status":"open","ping_status":"closed","template":"","meta":{"_gspb_post_css":""},"product_brand":[],"product_cat":[24],"product_tag":[956,279,964,965,288,971],"class_list":{"0":"post-2438","1":"product","2":"type-product","3":"status-publish","4":"has-post-thumbnail","6":"product_cat-sintered-porous-plastic","7":"product_tag-1-piece-moq","8":"product_tag-alibaba-trade-assurance","9":"product_tag-guangdong-manufacturer","10":"product_tag-paper-tubes","11":"product_tag-paypal","12":"product_tag-western-union","14":"first","15":"instock","16":"shipping-taxable","17":"product-type-simple"},"_links":{"self":[{"href":"https:\/\/lyfilter.com\/fr\/wp-json\/wp\/v2\/product\/2438","targetHints":{"allow":["GET"]}}],"collection":[{"href":"https:\/\/lyfilter.com\/fr\/wp-json\/wp\/v2\/product"}],"about":[{"href":"https:\/\/lyfilter.com\/fr\/wp-json\/wp\/v2\/types\/product"}],"replies":[{"embeddable":true,"href":"https:\/\/lyfilter.com\/fr\/wp-json\/wp\/v2\/comments?post=2438"}],"wp:featuredmedia":[{"embeddable":true,"href":"https:\/\/lyfilter.com\/fr\/wp-json\/wp\/v2\/media\/2445"}],"wp:attachment":[{"href":"https:\/\/lyfilter.com\/fr\/wp-json\/wp\/v2\/media?parent=2438"}],"wp:term":[{"taxonomy":"product_brand","embeddable":true,"href":"https:\/\/lyfilter.com\/fr\/wp-json\/wp\/v2\/product_brand?post=2438"},{"taxonomy":"product_cat","embeddable":true,"href":"https:\/\/lyfilter.com\/fr\/wp-json\/wp\/v2\/product_cat?post=2438"},{"taxonomy":"product_tag","embeddable":true,"href":"https:\/\/lyfilter.com\/fr\/wp-json\/wp\/v2\/product_tag?post=2438"}],"curies":[{"name":"wp","href":"https:\/\/api.w.org\/{rel}","templated":true}]}}