{"id":2432,"date":"2026-01-07T02:37:41","date_gmt":"2026-01-07T02:37:41","guid":{"rendered":"https:\/\/lyfilter.com\/?post_type=product&#038;p=2432"},"modified":"2026-01-07T02:37:41","modified_gmt":"2026-01-07T02:37:41","slug":"factory-price-sintered-copper-powder-filter","status":"publish","type":"product","link":"https:\/\/lyfilter.com\/fr\/factory-price-sintered-copper-powder-filter\/","title":{"rendered":"Prix d'usine Filtre \u00e0 poudre de cuivre fritt\u00e9"},"content":{"rendered":"<div class=\"unit-detail-html-tabs__content-attr\">\n<div class=\"unit-product-attrparam\">\n<div class=\"unit-product-attrparam__items row\">\n<div class=\"col-12 col-md-6\">\n<div class=\"unit-product-attrparam__item\">\n<div class=\"unit-product-attrparam__label\">\n<table>\n<thead>\n<tr>\n<th>article<\/th>\n<th>d\u00e9tails<\/th>\n<\/tr>\n<\/thead>\n<tbody>\n<tr>\n<td>capacit\u00e9 d'approvisionnement<\/td>\n<td>1000000 pc\/mois<\/td>\n<\/tr>\n<tr>\n<td>mat\u00e9riel<\/td>\n<td>cuivre<\/td>\n<\/tr>\n<tr>\n<td>disponibilit\u00e9<\/td>\n<td>oem<\/td>\n<\/tr>\n<\/tbody>\n<\/table>\n<\/div>\n<\/div>\n<\/div>\n<\/div>\n<\/div>\n<\/div>\n<div class=\"unit-detail-html-tabs__content-featuresAttr\"><\/div>\n<div class=\"unit-detail-html-tabs__content-html\">\n<p>L'\u00e9l\u00e9ment filtrant fritt\u00e9 en poudre de cuivre a une bonne performance de filtration par perm\u00e9ation et une grande pr\u00e9cision de filtration, peut mieux r\u00e9sister \u00e0 la pression thermique et aux chocs, a une grande r\u00e9sistance, une bonne plasticit\u00e9, une r\u00e9sistance \u00e0 l'oxydation et une r\u00e9sistance \u00e0 la corrosion. Bon assemblage, peut \u00eatre soud\u00e9, coll\u00e9 et usin\u00e9 ; forte capacit\u00e9 de r\u00e9g\u00e9n\u00e9ration, longue dur\u00e9e de vie ; porosit\u00e9 vari\u00e9e (28%-50%), taille des pores (4u-160U) et pr\u00e9cision de filtration (0,2um-100um ), canaux crois\u00e9s, peut \u00eatre utilis\u00e9 \u00e0 300 hautes temp\u00e9ratures, r\u00e9sistant \u00e0 un refroidissement et \u00e0 un chauffage rapides. Compar\u00e9 aux filtres en papier, en treillis m\u00e9tallique en cuivre et autres tissus en fibres, il pr\u00e9sente des performances sup\u00e9rieures et est facile \u00e0 assembler, \u00e0 d\u00e9monter et \u00e0 nettoyer. Il est principalement utilis\u00e9 pour filtrer les gaz, les liquides et le mazout. Il est largement utilis\u00e9 dans les industries du p\u00e9trole, de la chimie, de l'automobile, des tracteurs, de l'a\u00e9ronautique et de la construction navale. Elle est largement utilis\u00e9e dans le monde entier, ainsi que dans les \u00e9l\u00e9ments filtrants des circuits pneumatiques et hydrauliques. La cartouche filtrante fritt\u00e9e en poudre de cuivre peut filtrer l'huile, l'eau et les impuret\u00e9s pr\u00e9sentes dans l'air, et peut \u00e9galement r\u00e9duire le bruit. Dans le dispositif d'autosauvetage \u00e0 air comprim\u00e9, l'alimentation en air adopte g\u00e9n\u00e9ralement le pipeline d'air comprim\u00e9 de la mine, qui remplit des fonctions telles que la d\u00e9compression, la r\u00e9duction du bruit, le r\u00e9glage du d\u00e9bit, la filtration de l'huile et de l'eau, etc. Les \u00e9l\u00e9ments filtrants fritt\u00e9s en cuivre ont des fonctions de filtration de l'air et de r\u00e9duction du bruit, et sont largement utilis\u00e9s dans les processeurs de sources d'air pour les composants pneumatiques.<\/p>\n<p><img decoding=\"async\" src=\"https:\/\/img.yfisher.com\/m6076\/1725732736yr2\/jpg70-t3-scale100.webp\" alt=\"Prix d&#039;usine Filtre \u00e0 poudre de cuivre fritt\u00e9 6\" data-lazy=\"2\" title=\"\"><\/p>\n<p><img decoding=\"async\" src=\"https:\/\/img.yfisher.com\/m6076\/1725732736po4\/jpg70-t3-scale100.webp\" alt=\"Prix d&#039;usine Filtre \u00e0 poudre de cuivre fritt\u00e9 7\" data-lazy=\"2\" title=\"\"><\/p>\n<p><img decoding=\"async\" src=\"https:\/\/img.yfisher.com\/m6076\/1725732736q6z\/jpg70-t3-scale100.webp\" alt=\"Prix d&#039;usine Filtre \u00e0 poudre de cuivre fritt\u00e9 8\" data-lazy=\"2\" title=\"\"><\/p>\n<p><img decoding=\"async\" src=\"https:\/\/img.yfisher.com\/m6076\/1725732736a4m\/jpg70-t3-scale100.webp\" alt=\"Prix d&#039;usine Filtre \u00e0 poudre de cuivre fritt\u00e9 9\" data-lazy=\"2\" title=\"\"><\/p>\n<p><img decoding=\"async\" src=\"https:\/\/img.yfisher.com\/m6076\/1725732736s7d\/jpg70-t3-scale100.webp\" alt=\"Prix d&#039;usine Filtre \u00e0 poudre de cuivre fritt\u00e9 10\" data-lazy=\"2\" title=\"\"><\/p>\n<p><img decoding=\"async\" src=\"https:\/\/img.yfisher.com\/m6076\/17257327365t1\/jpg70-t3-scale100.webp\" alt=\"Prix d&#039;usine Filtre \u00e0 poudre de cuivre fritt\u00e9 11\" data-lazy=\"2\" title=\"\"><\/p>\n<p><img decoding=\"async\" src=\"https:\/\/img.yfisher.com\/m6076\/1725732736b3t\/jpg70-t3-scale100.webp\" alt=\"Prix d&#039;usine Filtre \u00e0 poudre de cuivre fritt\u00e9 12\" data-lazy=\"2\" title=\"\"><\/p>\n<\/div>","protected":false},"excerpt":{"rendered":"<table>\n<thead>\n<tr>\n<th>article<\/th>\n<th>d\u00e9tails<\/th>\n<\/tr>\n<\/thead>\n<tbody>\n<tr>\n<td>port de d\u00e9part<\/td>\n<td>Guangzhou<\/td>\n<\/tr>\n<tr>\n<td>capacit\u00e9 de production<\/td>\n<td>10000 unit\u00e9s\/mois<\/td>\n<\/tr>\n<tr>\n<td>lieu d'origine<\/td>\n<td>Guangdong, Chine<\/td>\n<\/tr>\n<tr>\n<td>paiement<\/td>\n<td>T\/T, Alibaba Trade Assurance, paypal<\/td>\n<\/tr>\n<tr>\n<td>moq<\/td>\n<td>1 pi\u00e8ce<\/td>\n<\/tr>\n<tr>\n<td>certification<\/td>\n<td>ISO 9001<\/td>\n<\/tr>\n<tr>\n<td>marque<\/td>\n<td>OEM\/Lvyuan<\/td>\n<\/tr>\n<\/tbody>\n<\/table>","protected":false},"featured_media":2439,"comment_status":"open","ping_status":"closed","template":"","meta":{"_gspb_post_css":""},"product_brand":[],"product_cat":[17,18],"product_tag":[956,279,964,260,955,965],"class_list":{"0":"post-2432","1":"product","2":"type-product","3":"status-publish","4":"has-post-thumbnail","6":"product_cat-sediment-filter","7":"product_cat-sintered-metal-filters","8":"product_tag-1-piece-moq","9":"product_tag-alibaba-trade-assurance","10":"product_tag-guangdong-manufacturer","11":"product_tag-iso-9001","12":"product_tag-oem-packaging","13":"product_tag-paper-tubes","15":"first","16":"instock","17":"shipping-taxable","18":"product-type-simple"},"_links":{"self":[{"href":"https:\/\/lyfilter.com\/fr\/wp-json\/wp\/v2\/product\/2432","targetHints":{"allow":["GET"]}}],"collection":[{"href":"https:\/\/lyfilter.com\/fr\/wp-json\/wp\/v2\/product"}],"about":[{"href":"https:\/\/lyfilter.com\/fr\/wp-json\/wp\/v2\/types\/product"}],"replies":[{"embeddable":true,"href":"https:\/\/lyfilter.com\/fr\/wp-json\/wp\/v2\/comments?post=2432"}],"wp:featuredmedia":[{"embeddable":true,"href":"https:\/\/lyfilter.com\/fr\/wp-json\/wp\/v2\/media\/2439"}],"wp:attachment":[{"href":"https:\/\/lyfilter.com\/fr\/wp-json\/wp\/v2\/media?parent=2432"}],"wp:term":[{"taxonomy":"product_brand","embeddable":true,"href":"https:\/\/lyfilter.com\/fr\/wp-json\/wp\/v2\/product_brand?post=2432"},{"taxonomy":"product_cat","embeddable":true,"href":"https:\/\/lyfilter.com\/fr\/wp-json\/wp\/v2\/product_cat?post=2432"},{"taxonomy":"product_tag","embeddable":true,"href":"https:\/\/lyfilter.com\/fr\/wp-json\/wp\/v2\/product_tag?post=2432"}],"curies":[{"name":"wp","href":"https:\/\/api.w.org\/{rel}","templated":true}]}}