{"id":2426,"date":"2026-01-07T02:35:16","date_gmt":"2026-01-07T02:35:16","guid":{"rendered":"https:\/\/lyfilter.com\/?post_type=product&#038;p=2426"},"modified":"2026-01-07T02:35:16","modified_gmt":"2026-01-07T02:35:16","slug":"factory-price-oem-size-316-metal-stainless-steel-pleated-filter-cartridge-ss-filter-element","status":"publish","type":"product","link":"https:\/\/lyfilter.com\/fr\/factory-price-oem-size-316-metal-stainless-steel-pleated-filter-cartridge-ss-filter-element\/","title":{"rendered":"Prix d'usine Taille OEM Cartouche filtrante pliss\u00e9e en acier inoxydable 316 m\u00e9tallique El\u00e9ment filtrant SS"},"content":{"rendered":"<div class=\"unit-detail-html-tabs__content-attr\">\n<div class=\"unit-product-attrparam\">\n<div class=\"unit-product-attrparam__items row\">\n<div class=\"col-12 col-md-6\">\n<div class=\"unit-product-attrparam__item\">\n<div class=\"unit-product-attrparam__label\">Capacit\u00e9 d'approvisionnement<\/div>\n<div class=\"unit-product-attrparam__value\" title=\"1000000pc\/mois\">1000000pc\/mois<\/div>\n<\/div>\n<\/div>\n<div class=\"col-12 col-md-6\">\n<div class=\"unit-product-attrparam__item\">\n<div class=\"unit-product-attrparam__label\">Mat\u00e9riau<\/div>\n<div class=\"unit-product-attrparam__value\" title=\"Acier inoxydable\">Acier inoxydable<\/div>\n<\/div>\n<\/div>\n<div class=\"col-12 col-md-6\">\n<div class=\"unit-product-attrparam__item\">\n<div class=\"unit-product-attrparam__label\">Disponibilit\u00e9<\/div>\n<div class=\"unit-product-attrparam__value\" title=\"OEM\">OEM<\/div>\n<\/div>\n<\/div>\n<\/div>\n<\/div>\n<\/div>\n<div class=\"unit-detail-html-tabs__content-featuresAttr\"><\/div>\n<div class=\"unit-detail-html-tabs__content-html\">\n<p><img decoding=\"async\" src=\"https:\/\/img.yfisher.com\/m6076\/1725732733omv\/jpg70-t3-scale100.webp\" alt=\"Prix d&#039;usine Taille OEM Cartouche filtrante pliss\u00e9e en acier inoxydable 316 \u00c9l\u00e9ment filtrant en acier inoxydable 6\" data-lazy=\"2\" title=\"\"><\/p>\n<p><img decoding=\"async\" src=\"https:\/\/img.yfisher.com\/m6076\/1725732733560\/jpg70-t3-scale100.webp\" alt=\"Prix d&#039;usine Taille OEM Cartouche filtrante pliss\u00e9e en acier inoxydable 316 \u00c9l\u00e9ment filtrant SS 7\" data-lazy=\"2\" title=\"\"><\/p>\n<p><img decoding=\"async\" src=\"https:\/\/img.yfisher.com\/m6076\/172573273371a\/jpg70-t3-scale100.webp\" alt=\"Prix d&#039;usine Taille OEM Cartouche filtrante pliss\u00e9e en acier inoxydable 316 \u00c9l\u00e9ment filtrant en acier inoxydable 8\" data-lazy=\"2\" title=\"\"><\/p>\n<p><img decoding=\"async\" src=\"https:\/\/img.yfisher.com\/m6076\/1725732733zf9\/jpg70-t3-scale100.webp\" alt=\"Prix d&#039;usine Taille OEM Cartouche filtrante pliss\u00e9e en acier inoxydable 316 \u00c9l\u00e9ment filtrant SS 9\" data-lazy=\"2\" title=\"\"><\/p>\n<p><img decoding=\"async\" src=\"https:\/\/img.yfisher.com\/m6076\/172573273393d\/jpg70-t3-scale100.webp\" alt=\"Prix d&#039;usine Taille OEM Cartouche filtrante pliss\u00e9e en acier inoxydable 316 \u00c9l\u00e9ment filtrant SS 10\" data-lazy=\"2\" title=\"\"><\/p>\n<p><img decoding=\"async\" src=\"https:\/\/img.yfisher.com\/m6076\/1725732733g58\/jpg70-t3-scale100.webp\" alt=\"Prix d&#039;usine Taille OEM Cartouche filtrante pliss\u00e9e en acier inoxydable 316 m\u00e9tallique \u00c9l\u00e9ment filtrant SS 11\" data-lazy=\"2\" title=\"\"><\/p>\n<\/div>","protected":false},"excerpt":{"rendered":"<table>\n<thead>\n<tr>\n<th>article<\/th>\n<th>d\u00e9tails<\/th>\n<\/tr>\n<\/thead>\n<tbody>\n<tr>\n<td>port de d\u00e9part<\/td>\n<td>Guangzhou<\/td>\n<\/tr>\n<tr>\n<td>capacit\u00e9 de production<\/td>\n<td>10000 unit\u00e9s\/mois<\/td>\n<\/tr>\n<tr>\n<td>lieu d'origine<\/td>\n<td>Guangdong, Chine<\/td>\n<\/tr>\n<tr>\n<td>paiement<\/td>\n<td>T\/T, Alibaba Trade Assurance, paypal<\/td>\n<\/tr>\n<tr>\n<td>moq<\/td>\n<td>1 pi\u00e8ce<\/td>\n<\/tr>\n<tr>\n<td>d\u00e9lai de livraison<\/td>\n<td>Dans les 7 jours ouvrables<\/td>\n<\/tr>\n<tr>\n<td>certification<\/td>\n<td>ISO 9001<\/td>\n<\/tr>\n<tr>\n<td>marque<\/td>\n<td>OEM\/Lvyuan<\/td>\n<\/tr>\n<\/tbody>\n<\/table>","protected":false},"featured_media":2433,"comment_status":"open","ping_status":"closed","template":"","meta":{"_gspb_post_css":""},"product_brand":[],"product_cat":[17,18],"product_tag":[279,954,964,260,955,965],"class_list":{"0":"post-2426","1":"product","2":"type-product","3":"status-publish","4":"has-post-thumbnail","6":"product_cat-sediment-filter","7":"product_cat-sintered-metal-filters","8":"product_tag-alibaba-trade-assurance","9":"product_tag-custom-paper-tubes","10":"product_tag-guangdong-manufacturer","11":"product_tag-iso-9001","12":"product_tag-oem-packaging","13":"product_tag-paper-tubes","15":"first","16":"instock","17":"shipping-taxable","18":"product-type-simple"},"_links":{"self":[{"href":"https:\/\/lyfilter.com\/fr\/wp-json\/wp\/v2\/product\/2426","targetHints":{"allow":["GET"]}}],"collection":[{"href":"https:\/\/lyfilter.com\/fr\/wp-json\/wp\/v2\/product"}],"about":[{"href":"https:\/\/lyfilter.com\/fr\/wp-json\/wp\/v2\/types\/product"}],"replies":[{"embeddable":true,"href":"https:\/\/lyfilter.com\/fr\/wp-json\/wp\/v2\/comments?post=2426"}],"wp:featuredmedia":[{"embeddable":true,"href":"https:\/\/lyfilter.com\/fr\/wp-json\/wp\/v2\/media\/2433"}],"wp:attachment":[{"href":"https:\/\/lyfilter.com\/fr\/wp-json\/wp\/v2\/media?parent=2426"}],"wp:term":[{"taxonomy":"product_brand","embeddable":true,"href":"https:\/\/lyfilter.com\/fr\/wp-json\/wp\/v2\/product_brand?post=2426"},{"taxonomy":"product_cat","embeddable":true,"href":"https:\/\/lyfilter.com\/fr\/wp-json\/wp\/v2\/product_cat?post=2426"},{"taxonomy":"product_tag","embeddable":true,"href":"https:\/\/lyfilter.com\/fr\/wp-json\/wp\/v2\/product_tag?post=2426"}],"curies":[{"name":"wp","href":"https:\/\/api.w.org\/{rel}","templated":true}]}}