{"id":2414,"date":"2026-01-07T02:31:13","date_gmt":"2026-01-07T02:31:13","guid":{"rendered":"https:\/\/lyfilter.com\/?post_type=product&#038;p=2414"},"modified":"2026-01-07T02:31:13","modified_gmt":"2026-01-07T02:31:13","slug":"factory-price-stainless-steel-filter-cartridge-ss-filter-element","status":"publish","type":"product","link":"https:\/\/lyfilter.com\/fr\/factory-price-stainless-steel-filter-cartridge-ss-filter-element\/","title":{"rendered":"Prix d'usine Cartouche de filtre en acier inoxydable El\u00e9ment filtrant en acier inoxydable"},"content":{"rendered":"<div class=\"unit-detail-html-tabs__content-attr\">\n<div class=\"unit-product-attrparam\">\n<div class=\"unit-product-attrparam__items row\">\n<div class=\"col-12 col-md-6\">\n<div class=\"unit-product-attrparam__item\">\n<div class=\"unit-product-attrparam__label\">\n<table>\n<thead>\n<tr>\n<th>article<\/th>\n<th>d\u00e9tails<\/th>\n<\/tr>\n<\/thead>\n<tbody>\n<tr>\n<td>capacit\u00e9 d'approvisionnement<\/td>\n<td>1000000 pc\/mois<\/td>\n<\/tr>\n<tr>\n<td>mat\u00e9riel<\/td>\n<td>acier inoxydable<\/td>\n<\/tr>\n<\/tbody>\n<\/table>\n<\/div>\n<\/div>\n<\/div>\n<\/div>\n<\/div>\n<\/div>\n<div class=\"unit-detail-html-tabs__content-featuresAttr\"><\/div>\n<div class=\"unit-detail-html-tabs__content-html\">\n<p>La cartouche filtrante en acier inoxydable SS a une tr\u00e8s bonne performance de filtration, et peut exercer une performance de filtration de surface uniforme pour la taille de particule de filtration de 2-200um. Le mat\u00e9riau principal du filtre adopte une maille fritt\u00e9e multicouche en acier inoxydable, et la pr\u00e9cision de filtration est de 0,5 \u00e0 200 mm. Ses dimensions peuvent \u00eatre adapt\u00e9es aux besoins de l'utilisateur.<\/p>\n<p>Porosit\u00e9 (28%-50%), taille des pores (4u-160u) et pr\u00e9cision de filtration (0,2um-100um), canaux crois\u00e9s, r\u00e9sistance aux temp\u00e9ratures \u00e9lev\u00e9es, refroidissement rapide et r\u00e9sistance \u00e0 la chaleur rapide. Anti-corrosion. Il convient \u00e0 une vari\u00e9t\u00e9 de milieux corrosifs tels que les acides et les alcalis. L'\u00e9l\u00e9ment filtrant en acier inoxydable peut r\u00e9sister \u00e0 la corrosion acide-base g\u00e9n\u00e9rale et \u00e0 la corrosion organique, et convient particuli\u00e8rement \u00e0 la filtration des gaz contenant du soufre. Il pr\u00e9sente une r\u00e9sistance \u00e9lev\u00e9e et une bonne t\u00e9nacit\u00e9. Il convient aux environnements \u00e0 haute pression. Il peut \u00eatre soud\u00e9, facile \u00e0 charger et \u00e0 d\u00e9charger. La forme stable des pores et la distribution uniforme garantissent une performance de filtration stable. Bonne performance de r\u00e9g\u00e9n\u00e9ration. Apr\u00e8s plusieurs nettoyages et r\u00e9g\u00e9n\u00e9rations, la performance de filtration est sup\u00e9rieure \u00e0 90%.<\/p>\n<p><img decoding=\"async\" src=\"https:\/\/img.yfisher.com\/m6076\/17257327258i7\/jpg70-t3-scale100.webp\" alt=\"Prix d&#039;usine Cartouche de filtre en acier inoxydable El\u00e9ment filtrant en acier inoxydable 6\" data-lazy=\"2\" title=\"\"><\/p>\n<p><img decoding=\"async\" src=\"https:\/\/img.yfisher.com\/m6076\/1725732725fg4\/jpg70-t3-scale100.webp\" alt=\"Prix d&#039;usine Cartouche de filtre en acier inoxydable El\u00e9ment filtrant en acier inoxydable 7\" data-lazy=\"2\" title=\"\"><\/p>\n<p><img decoding=\"async\" src=\"https:\/\/img.yfisher.com\/m6076\/17257327251x3\/jpg70-t3-scale100.webp\" alt=\"Prix d&#039;usine Cartouche de filtre en acier inoxydable El\u00e9ment filtrant en acier inoxydable 8\" data-lazy=\"2\" title=\"\"><\/p>\n<p><img decoding=\"async\" src=\"https:\/\/img.yfisher.com\/m6076\/1725732725vxe\/jpg70-t3-scale100.webp\" alt=\"Prix d&#039;usine Cartouche de filtre en acier inoxydable El\u00e9ment filtrant en acier inoxydable 9\" data-lazy=\"2\" title=\"\"><\/p>\n<p><img decoding=\"async\" src=\"https:\/\/img.yfisher.com\/m6076\/172573272535g\/jpg70-t3-scale100.webp\" alt=\"Prix d&#039;usine Cartouche de filtre en acier inoxydable El\u00e9ment filtrant en acier inoxydable 10\" data-lazy=\"2\" title=\"\"><\/p>\n<p><img decoding=\"async\" src=\"https:\/\/img.yfisher.com\/m6076\/1725732725ieq\/jpg70-t3-scale100.webp\" alt=\"Prix d&#039;usine Cartouche de filtre en acier inoxydable El\u00e9ment filtrant en acier inoxydable 11\" data-lazy=\"2\" title=\"\"><\/p>\n<\/div>","protected":false},"excerpt":{"rendered":"<table>\n<thead>\n<tr>\n<th>article<\/th>\n<th>d\u00e9tails<\/th>\n<\/tr>\n<\/thead>\n<tbody>\n<tr>\n<td>port de d\u00e9part<\/td>\n<td>Guangzhou<\/td>\n<\/tr>\n<tr>\n<td>capacit\u00e9 de production<\/td>\n<td>10000 unit\u00e9s\/mois<\/td>\n<\/tr>\n<tr>\n<td>lieu d'origine<\/td>\n<td>Guangdong, Chine<\/td>\n<\/tr>\n<tr>\n<td>paiement<\/td>\n<td>Western Union, Alibaba Trade Assurance, paypal<\/td>\n<\/tr>\n<tr>\n<td>moq<\/td>\n<td>1 pi\u00e8ce<\/td>\n<\/tr>\n<tr>\n<td>d\u00e9lai de livraison<\/td>\n<td>Dans les 7 jours ouvrables<\/td>\n<\/tr>\n<tr>\n<td>certification<\/td>\n<td>ISO 9001<\/td>\n<\/tr>\n<tr>\n<td>marque<\/td>\n<td>OEM\/Lvyuan<\/td>\n<\/tr>\n<\/tbody>\n<\/table>","protected":false},"featured_media":2421,"comment_status":"open","ping_status":"closed","template":"","meta":{"_gspb_post_css":""},"product_brand":[],"product_cat":[17,18],"product_tag":[956,964,260,968,965,971],"class_list":{"0":"post-2414","1":"product","2":"type-product","3":"status-publish","4":"has-post-thumbnail","6":"product_cat-sediment-filter","7":"product_cat-sintered-metal-filters","8":"product_tag-1-piece-moq","9":"product_tag-guangdong-manufacturer","10":"product_tag-iso-9001","11":"product_tag-oem-paper-tubes","12":"product_tag-paper-tubes","13":"product_tag-western-union","15":"first","16":"instock","17":"shipping-taxable","18":"product-type-simple"},"_links":{"self":[{"href":"https:\/\/lyfilter.com\/fr\/wp-json\/wp\/v2\/product\/2414","targetHints":{"allow":["GET"]}}],"collection":[{"href":"https:\/\/lyfilter.com\/fr\/wp-json\/wp\/v2\/product"}],"about":[{"href":"https:\/\/lyfilter.com\/fr\/wp-json\/wp\/v2\/types\/product"}],"replies":[{"embeddable":true,"href":"https:\/\/lyfilter.com\/fr\/wp-json\/wp\/v2\/comments?post=2414"}],"wp:featuredmedia":[{"embeddable":true,"href":"https:\/\/lyfilter.com\/fr\/wp-json\/wp\/v2\/media\/2421"}],"wp:attachment":[{"href":"https:\/\/lyfilter.com\/fr\/wp-json\/wp\/v2\/media?parent=2414"}],"wp:term":[{"taxonomy":"product_brand","embeddable":true,"href":"https:\/\/lyfilter.com\/fr\/wp-json\/wp\/v2\/product_brand?post=2414"},{"taxonomy":"product_cat","embeddable":true,"href":"https:\/\/lyfilter.com\/fr\/wp-json\/wp\/v2\/product_cat?post=2414"},{"taxonomy":"product_tag","embeddable":true,"href":"https:\/\/lyfilter.com\/fr\/wp-json\/wp\/v2\/product_tag?post=2414"}],"curies":[{"name":"wp","href":"https:\/\/api.w.org\/{rel}","templated":true}]}}