{"id":2407,"date":"2026-01-07T02:28:12","date_gmt":"2026-01-07T02:28:12","guid":{"rendered":"https:\/\/lyfilter.com\/?post_type=product&#038;p=2407"},"modified":"2026-01-07T02:29:15","modified_gmt":"2026-01-07T02:29:15","slug":"sintered-stainless-steel-ss316-cartridge-basket-strainer-element","status":"publish","type":"product","link":"https:\/\/lyfilter.com\/fr\/sintered-stainless-steel-ss316-cartridge-basket-strainer-element\/","title":{"rendered":"\u00c9l\u00e9ment filtrant \u00e0 panier fritt\u00e9 en acier inoxydable SS316"},"content":{"rendered":"<div class=\"unit-detail-html-tabs__content-attr\">\n<div class=\"unit-product-attrparam\">\n<div class=\"unit-product-attrparam__items row\">\n<div class=\"col-12 col-md-6\">\n<div class=\"unit-product-attrparam__item\">\n<div class=\"unit-product-attrparam__label\">\n<table>\n<thead>\n<tr>\n<th>capacit\u00e9 d'approvisionnement<\/th>\n<th>1000000 pc\/mois<\/th>\n<\/tr>\n<\/thead>\n<tbody>\n<tr>\n<td>mat\u00e9riel<\/td>\n<td>acier inoxydable<\/td>\n<\/tr>\n<tr>\n<td>disponibilit\u00e9<\/td>\n<td>oem<\/td>\n<\/tr>\n<\/tbody>\n<\/table>\n<\/div>\n<\/div>\n<\/div>\n<\/div>\n<\/div>\n<\/div>\n<div class=\"unit-detail-html-tabs__content-featuresAttr\"><\/div>\n<div class=\"unit-detail-html-tabs__content-html\">\n<p><strong>\u00c9l\u00e9ment filtrant \u00e0 panier fritt\u00e9 en acier inoxydable SS316<\/strong><\/p>\n<p>Le filtre de Lvyuan\u00a0<strong>filtres en acier inoxydable cr\u00e9pines<\/strong>\u00a0Fabriqu\u00e9s en SS316, une qualit\u00e9 sup\u00e9rieure d'acier inoxydable reconnue pour sa r\u00e9sistance sup\u00e9rieure \u00e0 la corrosion et sa tol\u00e9rance aux temp\u00e9ratures \u00e9lev\u00e9es, ces filtres \u00e0 tamis en acier inoxydable sont fiables dans les environnements difficiles tels que les industries chimiques et p\u00e9trochimiques ou m\u00eame dans les conditions sanitaires rigoureuses exig\u00e9es par le secteur de l'alimentation et des boissons. Le processus de frittage fusionne les particules de m\u00e9tal sous une chaleur et une pression intenses, ce qui donne une structure poreuse mais robuste \u00e0 la cartouche. Cette cartouche filtrante fritt\u00e9e en acier inoxydable am\u00e9liore consid\u00e9rablement l'efficacit\u00e9 de la filtration en offrant une plus grande surface pour la capture des particules.<\/p>\n<p>Avec une configuration de type panier adaptateur de cartouche filtrante, cette cartouche filtrante \u00e0 panier en acier inoxydable retient efficacement les d\u00e9bris, les s\u00e9diments et les impuret\u00e9s jusqu'\u00e0 des niveaux de l'ordre du micron, prot\u00e9geant ainsi les \u00e9quipements sensibles contre les dommages potentiels caus\u00e9s par les contaminants.  Notre \u00e9l\u00e9ment filtrant SS316 peut r\u00e9pondre aux besoins de filtration grossi\u00e8re et fine avec des valeurs microniques personnalisables adapt\u00e9es aux exigences sp\u00e9cifiques du processus. Sa construction robuste facilite les nettoyages r\u00e9p\u00e9t\u00e9s et la r\u00e9utilisation, r\u00e9duisant ainsi les co\u00fbts d'exploitation associ\u00e9s aux remplacements fr\u00e9quents g\u00e9n\u00e9ralement n\u00e9cessaires pour les \u00e9l\u00e9ments filtrants moins r\u00e9sistants. La r\u00e9sistance inh\u00e9rente de l'\u00e9l\u00e9ment filtrant \u00e0 panier en acier inoxydable \u00e0 une large gamme de produits chimiques lui permet d'\u00eatre utilis\u00e9 avec divers types de fluides, y compris les acides, les alcalis et les syst\u00e8mes d'eau de haute puret\u00e9.<\/p>\n<p><strong>Caract\u00e9ristiques<\/strong><\/p>\n<p><strong>Mat\u00e9riaux :<\/strong>\u00a0201, 304, 304L, 316, 316L, maille perfor\u00e9e en acier inoxydable, maille tiss\u00e9e en acier inoxydable, maille soud\u00e9e en acier inoxydable, maille expans\u00e9e en acier inoxydable, plaque en acier inoxydable, maille fritt\u00e9e en acier inoxydable et autres maille filtrante en alliage rare.<\/p>\n<p><strong>Style de filtration :\u00a0<\/strong>Type de panier, type de c\u00f4ne, type de double oreille, type de bride, cartouche filtrante \u00e0 panier, type d'interface filet\u00e9e, etc.<\/p>\n<p><strong>S\u00e9rie de cartouches filtrantes :<\/strong>\u00a0cartouche filtrante \u00e0 mailles fritt\u00e9es, cartouche filtrante \u00e0 panier, cartouche filtrante conique, cartouche filtrante \u00e0 plaques perfor\u00e9es, cartouche filtrante \u00e0 coins, cartouche filtrante composite<\/p>\n<p><strong>Style :\u00a0<\/strong>monocouche, multicouche (cylindre de tamis m\u00e9tallique, tube de tamis, godet de tamis, tube de filtre, soud\u00e9 par un tamis en acier inoxydable, un double tamis de fer perfor\u00e9 en acier inoxydable, une plaque d'acier inoxydable, une plaque de fer). Il peut \u00e9galement \u00eatre soud\u00e9 en une seule couche, puis le cylindre de tamis m\u00e9tallique, le tuyau de r\u00e9seau, le godet de filet, l'\u00e9l\u00e9ment filtrant et le tube filtrant sont superpos\u00e9s et intercal\u00e9s pour former un filtre multicouche).<\/p>\n<p><img decoding=\"async\" title=\"filtres en acier inoxydable cr\u00e9pines\" src=\"https:\/\/img.yfisher.com\/m6076\/1725732722dho\/jpg70-t3-scale100.webp\" alt=\"filtres en acier inoxydable cr\u00e9pines\" border=\"0\" vspace=\"0\" data-lazy=\"2\" \/><\/p>\n<p><img decoding=\"async\" title=\"cartouche de filtre en acier inoxydable \" src=\"https:\/\/img.yfisher.com\/m6076\/17257327224xo\/jpg70-t3-scale100.webp\" alt=\"cartouche de filtre en acier inoxydable \" border=\"0\" vspace=\"0\" data-lazy=\"2\" \/><\/p>\n<p><img decoding=\"async\" title=\"\u00e9l\u00e9ment filtrant s\u00e9diment\" src=\"https:\/\/img.yfisher.com\/m6076\/17257327229sz\/jpg70-t3-scale100.webp\" alt=\"\u00e9l\u00e9ment filtrant s\u00e9diment\" border=\"0\" vspace=\"0\" data-lazy=\"2\" \/><\/p>\n<p><img decoding=\"async\" title=\"\u00e9l\u00e9ment filtrant \u00e0 panier\" src=\"https:\/\/img.yfisher.com\/m6076\/17257327225jy\/jpg70-t3-scale100.webp\" alt=\"\u00e9l\u00e9ment filtrant \u00e0 panier\" border=\"0\" vspace=\"0\" data-lazy=\"2\" \/><\/p>\n<p><img decoding=\"async\" title=\"filtre \u00e0 tamis cartouche\" src=\"https:\/\/img.yfisher.com\/m6076\/17257327222x4\/jpg70-t3-scale100.webp\" alt=\"filtre \u00e0 tamis cartouche\" border=\"0\" vspace=\"0\" data-lazy=\"2\" \/><\/p>\n<p><img decoding=\"async\" title=\"Usine de filtres de Lvyuan\" src=\"https:\/\/img.yfisher.com\/m6076\/1725732722bmo\/jpg70-t3-scale100.webp\" alt=\"Usine de filtres de Lvyuan\" border=\"0\" vspace=\"0\" data-lazy=\"2\" \/><\/p>\n<p><img decoding=\"async\" title=\"Certificat de Lvyuan Filter\" src=\"https:\/\/img.yfisher.com\/m6076\/1725732722cyf\/jpg70-t3-scale100.webp\" alt=\"Certificat de Lvyuan Filter\" border=\"0\" vspace=\"0\" data-lazy=\"2\" \/><\/p>\n<\/div>","protected":false},"excerpt":{"rendered":"<table>\n<thead>\n<tr>\n<th>article<\/th>\n<th>d\u00e9tails<\/th>\n<\/tr>\n<\/thead>\n<tbody>\n<tr>\n<td>port de d\u00e9part<\/td>\n<td>Guangzhou<\/td>\n<\/tr>\n<tr>\n<td>lieu d'origine<\/td>\n<td>Guangdong, Chine<\/td>\n<\/tr>\n<tr>\n<td>paiement<\/td>\n<td>T\/T, Alibaba Trade Assurance, paypal<\/td>\n<\/tr>\n<tr>\n<td>moq<\/td>\n<td>1 pi\u00e8ce<\/td>\n<\/tr>\n<tr>\n<td>d\u00e9lai de livraison<\/td>\n<td>Dans les 7 jours ouvrables<\/td>\n<\/tr>\n<tr>\n<td>certification<\/td>\n<td>ISO 9001<\/td>\n<\/tr>\n<tr>\n<td>marque<\/td>\n<td>OEM\/Lvyuan<\/td>\n<\/tr>\n<\/tbody>\n<\/table>","protected":false},"featured_media":2415,"comment_status":"open","ping_status":"closed","template":"","meta":{"_gspb_post_css":""},"product_brand":[],"product_cat":[17,18],"product_tag":[956,966,260,968,965,288],"class_list":{"0":"post-2407","1":"product","2":"type-product","3":"status-publish","4":"has-post-thumbnail","6":"product_cat-sediment-filter","7":"product_cat-sintered-metal-filters","8":"product_tag-1-piece-moq","9":"product_tag-guangdong-supplier","10":"product_tag-iso-9001","11":"product_tag-oem-paper-tubes","12":"product_tag-paper-tubes","13":"product_tag-paypal","15":"first","16":"instock","17":"shipping-taxable","18":"product-type-simple"},"_links":{"self":[{"href":"https:\/\/lyfilter.com\/fr\/wp-json\/wp\/v2\/product\/2407","targetHints":{"allow":["GET"]}}],"collection":[{"href":"https:\/\/lyfilter.com\/fr\/wp-json\/wp\/v2\/product"}],"about":[{"href":"https:\/\/lyfilter.com\/fr\/wp-json\/wp\/v2\/types\/product"}],"replies":[{"embeddable":true,"href":"https:\/\/lyfilter.com\/fr\/wp-json\/wp\/v2\/comments?post=2407"}],"wp:featuredmedia":[{"embeddable":true,"href":"https:\/\/lyfilter.com\/fr\/wp-json\/wp\/v2\/media\/2415"}],"wp:attachment":[{"href":"https:\/\/lyfilter.com\/fr\/wp-json\/wp\/v2\/media?parent=2407"}],"wp:term":[{"taxonomy":"product_brand","embeddable":true,"href":"https:\/\/lyfilter.com\/fr\/wp-json\/wp\/v2\/product_brand?post=2407"},{"taxonomy":"product_cat","embeddable":true,"href":"https:\/\/lyfilter.com\/fr\/wp-json\/wp\/v2\/product_cat?post=2407"},{"taxonomy":"product_tag","embeddable":true,"href":"https:\/\/lyfilter.com\/fr\/wp-json\/wp\/v2\/product_tag?post=2407"}],"curies":[{"name":"wp","href":"https:\/\/api.w.org\/{rel}","templated":true}]}}