{"id":2401,"date":"2026-01-07T02:25:23","date_gmt":"2026-01-07T02:25:23","guid":{"rendered":"https:\/\/lyfilter.com\/?post_type=product&#038;p=2401"},"modified":"2026-01-07T02:25:23","modified_gmt":"2026-01-07T02:25:23","slug":"micro-porous-membrane-pleated-filter-element","status":"publish","type":"product","link":"https:\/\/lyfilter.com\/fr\/micro-porous-membrane-pleated-filter-element\/","title":{"rendered":"\u00c9l\u00e9ment filtrant pliss\u00e9 \u00e0 membrane microporeuse"},"content":{"rendered":"<div class=\"unit-detail-html-tabs__content-attr\">\n<div class=\"unit-product-attrparam\">\n<div class=\"unit-product-attrparam__items row\">\n<div class=\"col-12 col-md-6\">\n<div class=\"unit-product-attrparam__item\">\n<div class=\"unit-product-attrparam__label\">\n<table>\n<thead>\n<tr>\n<th>capacit\u00e9 d'approvisionnement<\/th>\n<th>1000000 pc\/mois<\/th>\n<\/tr>\n<\/thead>\n<tbody>\n<tr>\n<td>mat\u00e9riel<\/td>\n<td>acier inoxydable<\/td>\n<\/tr>\n<tr>\n<td>disponibilit\u00e9<\/td>\n<td>oem<\/td>\n<\/tr>\n<\/tbody>\n<\/table>\n<\/div>\n<\/div>\n<\/div>\n<\/div>\n<\/div>\n<\/div>\n<div class=\"unit-detail-html-tabs__content-featuresAttr\"><\/div>\n<div class=\"unit-detail-html-tabs__content-html\">\n<p><strong>\u00c9l\u00e9ment filtrant pliss\u00e9 \u00e0 membrane microporeuse<\/strong><\/p>\n<p>Les cartouches filtrantes pliss\u00e9es en PP r\u00e9pondent aux besoins de filtration \u00e0 haute efficacit\u00e9. Elles sont fabriqu\u00e9es \u00e0 partir de mat\u00e9riaux en polypropyl\u00e8ne de haute puret\u00e9 qui augmentent la capacit\u00e9 de r\u00e9tention de la salet\u00e9. Les mat\u00e9riaux sont conformes aux exigences de la FDA. La surface \u00e9lev\u00e9e permet des d\u00e9bits importants et une longue dur\u00e9e de vie. La s\u00e9rie de cartouches \u00e0 couches multiples microporeuses garantit des performances stables et une large compatibilit\u00e9 chimique.<\/p>\n<p><img decoding=\"async\" src=\"https:\/\/img.yfisher.com\/m6076\/1725732719mf1\/jpg70-t3-scale100.webp\" alt=\"\u00c9l\u00e9ment filtrant pliss\u00e9 \u00e0 membrane microporeuse 6\" data-lazy=\"2\" title=\"\"><\/p>\n<p><img decoding=\"async\" src=\"https:\/\/img.yfisher.com\/m6076\/1725732719sew\/jpg70-t3-scale100.webp\" alt=\"\u00c9l\u00e9ment filtrant pliss\u00e9 \u00e0 membrane microporeuse 7\" data-lazy=\"2\" title=\"\"><\/p>\n<p><img decoding=\"async\" src=\"https:\/\/img.yfisher.com\/m6076\/1725732719r3t\/jpg70-t3-scale100.webp\" alt=\"\u00c9l\u00e9ment filtrant pliss\u00e9 \u00e0 membrane microporeuse 8\" data-lazy=\"2\" title=\"\"><\/p>\n<p><img decoding=\"async\" src=\"https:\/\/img.yfisher.com\/m6076\/17257327197m1\/jpg70-t3-scale100.webp\" alt=\"\u00c9l\u00e9ment filtrant pliss\u00e9 \u00e0 membrane microporeuse 9\" data-lazy=\"2\" title=\"\"><\/p>\n<p><img decoding=\"async\" src=\"https:\/\/img.yfisher.com\/m6076\/17257327193tb\/jpg70-t3-scale100.webp\" alt=\"\u00c9l\u00e9ment filtrant pliss\u00e9 \u00e0 membrane microporeuse 10\" data-lazy=\"2\" title=\"\"><\/p>\n<p><img decoding=\"async\" src=\"https:\/\/img.yfisher.com\/m6076\/1725732719zok\/jpg70-t3-scale100.webp\" alt=\"\u00c9l\u00e9ment filtrant pliss\u00e9 \u00e0 membrane microporeuse 11\" data-lazy=\"2\" title=\"\"><\/p>\n<p><img decoding=\"async\" src=\"https:\/\/img.yfisher.com\/m6076\/17257327190me\/jpg70-t3-scale100.webp\" alt=\"\u00c9l\u00e9ment filtrant pliss\u00e9 \u00e0 membrane microporeuse 12\" data-lazy=\"2\" title=\"\"><\/p>\n<p><img decoding=\"async\" src=\"https:\/\/img.yfisher.com\/m6076\/17257327203cn\/jpg70-t3-scale100.webp\" alt=\"\u00c9l\u00e9ment filtrant pliss\u00e9 \u00e0 membrane microporeuse 13\" data-lazy=\"2\" title=\"\"><\/p>\n<p><img decoding=\"async\" src=\"https:\/\/img.yfisher.com\/m6076\/1725732720x25\/jpg70-t3-scale100.webp\" alt=\"\u00c9l\u00e9ment filtrant pliss\u00e9 \u00e0 membrane microporeuse 14\" data-lazy=\"2\" title=\"\"><\/p>\n<p><img decoding=\"async\" src=\"https:\/\/img.yfisher.com\/m6076\/1725732720odr\/jpg70-t3-scale100.webp\" alt=\"\u00c9l\u00e9ment filtrant pliss\u00e9 \u00e0 membrane microporeuse 15\" data-lazy=\"2\" title=\"\"><\/p>\n<\/div>","protected":false},"excerpt":{"rendered":"<table>\n<thead>\n<tr>\n<th>article<\/th>\n<th>d\u00e9tails<\/th>\n<\/tr>\n<\/thead>\n<tbody>\n<tr>\n<td>port de d\u00e9part<\/td>\n<td>Guangzhou<\/td>\n<\/tr>\n<tr>\n<td>capacit\u00e9 de production<\/td>\n<td>10000 unit\u00e9s\/mois<\/td>\n<\/tr>\n<tr>\n<td>lieu d'origine<\/td>\n<td>Guangdong, Chine<\/td>\n<\/tr>\n<tr>\n<td>paiement<\/td>\n<td>T\/T, Alibaba Trade Assurance, paypal<\/td>\n<\/tr>\n<tr>\n<td>moq<\/td>\n<td>1 pi\u00e8ce<\/td>\n<\/tr>\n<tr>\n<td>d\u00e9lai de livraison<\/td>\n<td>Dans les 7 jours ouvrables<\/td>\n<\/tr>\n<tr>\n<td>certification<\/td>\n<td>ISO 9001<\/td>\n<\/tr>\n<\/tbody>\n<\/table>","protected":false},"featured_media":2409,"comment_status":"open","ping_status":"closed","template":"","meta":{"_gspb_post_css":""},"product_brand":[],"product_cat":[17],"product_tag":[956,279,954,970,260,965],"class_list":{"0":"post-2401","1":"product","2":"type-product","3":"status-publish","4":"has-post-thumbnail","6":"product_cat-sediment-filter","7":"product_tag-1-piece-moq","8":"product_tag-alibaba-trade-assurance","9":"product_tag-custom-paper-tubes","10":"product_tag-guangdong-factory","11":"product_tag-iso-9001","12":"product_tag-paper-tubes","14":"first","15":"instock","16":"shipping-taxable","17":"product-type-simple"},"_links":{"self":[{"href":"https:\/\/lyfilter.com\/fr\/wp-json\/wp\/v2\/product\/2401","targetHints":{"allow":["GET"]}}],"collection":[{"href":"https:\/\/lyfilter.com\/fr\/wp-json\/wp\/v2\/product"}],"about":[{"href":"https:\/\/lyfilter.com\/fr\/wp-json\/wp\/v2\/types\/product"}],"replies":[{"embeddable":true,"href":"https:\/\/lyfilter.com\/fr\/wp-json\/wp\/v2\/comments?post=2401"}],"wp:featuredmedia":[{"embeddable":true,"href":"https:\/\/lyfilter.com\/fr\/wp-json\/wp\/v2\/media\/2409"}],"wp:attachment":[{"href":"https:\/\/lyfilter.com\/fr\/wp-json\/wp\/v2\/media?parent=2401"}],"wp:term":[{"taxonomy":"product_brand","embeddable":true,"href":"https:\/\/lyfilter.com\/fr\/wp-json\/wp\/v2\/product_brand?post=2401"},{"taxonomy":"product_cat","embeddable":true,"href":"https:\/\/lyfilter.com\/fr\/wp-json\/wp\/v2\/product_cat?post=2401"},{"taxonomy":"product_tag","embeddable":true,"href":"https:\/\/lyfilter.com\/fr\/wp-json\/wp\/v2\/product_tag?post=2401"}],"curies":[{"name":"wp","href":"https:\/\/api.w.org\/{rel}","templated":true}]}}