{"id":2395,"date":"2026-01-07T02:22:59","date_gmt":"2026-01-07T02:22:59","guid":{"rendered":"https:\/\/lyfilter.com\/?post_type=product&#038;p=2395"},"modified":"2026-01-07T02:22:59","modified_gmt":"2026-01-07T02:22:59","slug":"factory-price-oem-size-titanium-rob-sintered-filter-element","status":"publish","type":"product","link":"https:\/\/lyfilter.com\/fr\/factory-price-oem-size-titanium-rob-sintered-filter-element\/","title":{"rendered":"Prix d'usine Taille OEM \u00c9l\u00e9ment filtrant fritt\u00e9 en titane Rob"},"content":{"rendered":"<div class=\"unit-detail-html-tabs__content-attr\">\n<div class=\"unit-product-attrparam\">\n<div class=\"unit-product-attrparam__items row\">\n<div class=\"col-12 col-md-6\">\n<div class=\"unit-product-attrparam__item\">\n<div class=\"unit-product-attrparam__label\">\n<table>\n<thead>\n<tr>\n<th>capacit\u00e9 d'approvisionnement<\/th>\n<th>1000000 pc\/mois<\/th>\n<\/tr>\n<\/thead>\n<tbody>\n<tr>\n<td>mat\u00e9riel<\/td>\n<td>acier inoxydable<\/td>\n<\/tr>\n<tr>\n<td>disponibilit\u00e9<\/td>\n<td>oem<\/td>\n<\/tr>\n<\/tbody>\n<\/table>\n<\/div>\n<\/div>\n<\/div>\n<\/div>\n<\/div>\n<\/div>\n<div class=\"unit-detail-html-tabs__content-featuresAttr\"><\/div>\n<div class=\"unit-detail-html-tabs__content-html\">\n<p><strong>Prix d'usine Taille OEM \u00c9l\u00e9ment filtrant fritt\u00e9 en titane Rob<\/strong><\/p>\n<p>Poudre de titane de haute puret\u00e9 (99%) fritt\u00e9e \u00e0 haute temp\u00e9rature. R\u00e9siste aux acides forts, aux alcalins et \u00e0 l'oxydation par l'ozone et peut \u00eatre lav\u00e9e et r\u00e9utilis\u00e9e. Convient \u00e0 la s\u00e9paration solide\/liquide\/gaz et \u00e0 la purification des liquides de faible viscosit\u00e9 (avec des particules rigides).<\/p>\n<p><img decoding=\"async\" src=\"https:\/\/img.yfisher.com\/m6076\/1725732717j5n\/jpg70-t3-scale100.webp\" alt=\"Prix d&#039;usine Taille OEM \u00c9l\u00e9ment filtrant fritt\u00e9 en titane Rob 6\" data-lazy=\"2\" title=\"\"><\/p>\n<p><img decoding=\"async\" src=\"https:\/\/img.yfisher.com\/m6076\/1725732717se3\/jpg70-t3-scale100.webp\" alt=\"Prix d&#039;usine Taille OEM \u00c9l\u00e9ment filtrant fritt\u00e9 en titane Rob 7\" data-lazy=\"2\" title=\"\"><\/p>\n<p><img decoding=\"async\" src=\"https:\/\/img.yfisher.com\/m6076\/1725732717nx9\/jpg70-t3-scale100.webp\" alt=\"Prix d&#039;usine Taille OEM \u00c9l\u00e9ment filtrant fritt\u00e9 en titane Rob 8\" data-lazy=\"2\" title=\"\"><\/p>\n<p><img decoding=\"async\" src=\"https:\/\/img.yfisher.com\/m6076\/17257327175xy\/jpg70-t3-scale100.webp\" alt=\"Prix d&#039;usine Taille OEM \u00c9l\u00e9ment filtrant fritt\u00e9 en titane Rob 9\" data-lazy=\"2\" title=\"\"><\/p>\n<p><img decoding=\"async\" src=\"https:\/\/img.yfisher.com\/m6076\/1725732717ysc\/jpg70-t3-scale100.webp\" alt=\"Prix d&#039;usine Taille OEM \u00c9l\u00e9ment filtrant fritt\u00e9 en titane Rob 10\" data-lazy=\"2\" title=\"\"><\/p>\n<\/div>","protected":false},"excerpt":{"rendered":"<table>\n<thead>\n<tr>\n<th>article<\/th>\n<th>d\u00e9tails<\/th>\n<\/tr>\n<\/thead>\n<tbody>\n<tr>\n<td>port de d\u00e9part<\/td>\n<td>Guangzhou<\/td>\n<\/tr>\n<tr>\n<td>capacit\u00e9 de production<\/td>\n<td>10000 unit\u00e9s\/mois<\/td>\n<\/tr>\n<tr>\n<td>lieu d'origine<\/td>\n<td>Guangdong, Chine<\/td>\n<\/tr>\n<tr>\n<td>paiement<\/td>\n<td>T\/T, paypal<\/td>\n<\/tr>\n<tr>\n<td>moq<\/td>\n<td>1 pi\u00e8ce<\/td>\n<\/tr>\n<tr>\n<td>d\u00e9lai de livraison<\/td>\n<td>Dans les 7 jours ouvrables<\/td>\n<\/tr>\n<tr>\n<td>certification<\/td>\n<td>ISO 9001<\/td>\n<\/tr>\n<tr>\n<td>marque<\/td>\n<td>OEM\/Lvyuan<\/td>\n<\/tr>\n<\/tbody>\n<\/table>","protected":false},"featured_media":2402,"comment_status":"open","ping_status":"closed","template":"","meta":{"_gspb_post_css":""},"product_brand":[],"product_cat":[15],"product_tag":[956,964,260,968,965,941],"class_list":{"0":"post-2395","1":"product","2":"type-product","3":"status-publish","4":"has-post-thumbnail","6":"product_cat-stainless-steel-filter-housing","7":"product_tag-1-piece-moq","8":"product_tag-guangdong-manufacturer","9":"product_tag-iso-9001","10":"product_tag-oem-paper-tubes","11":"product_tag-paper-tubes","12":"product_tag-paypal-payment","14":"first","15":"instock","16":"shipping-taxable","17":"product-type-simple"},"_links":{"self":[{"href":"https:\/\/lyfilter.com\/fr\/wp-json\/wp\/v2\/product\/2395","targetHints":{"allow":["GET"]}}],"collection":[{"href":"https:\/\/lyfilter.com\/fr\/wp-json\/wp\/v2\/product"}],"about":[{"href":"https:\/\/lyfilter.com\/fr\/wp-json\/wp\/v2\/types\/product"}],"replies":[{"embeddable":true,"href":"https:\/\/lyfilter.com\/fr\/wp-json\/wp\/v2\/comments?post=2395"}],"wp:featuredmedia":[{"embeddable":true,"href":"https:\/\/lyfilter.com\/fr\/wp-json\/wp\/v2\/media\/2402"}],"wp:attachment":[{"href":"https:\/\/lyfilter.com\/fr\/wp-json\/wp\/v2\/media?parent=2395"}],"wp:term":[{"taxonomy":"product_brand","embeddable":true,"href":"https:\/\/lyfilter.com\/fr\/wp-json\/wp\/v2\/product_brand?post=2395"},{"taxonomy":"product_cat","embeddable":true,"href":"https:\/\/lyfilter.com\/fr\/wp-json\/wp\/v2\/product_cat?post=2395"},{"taxonomy":"product_tag","embeddable":true,"href":"https:\/\/lyfilter.com\/fr\/wp-json\/wp\/v2\/product_tag?post=2395"}],"curies":[{"name":"wp","href":"https:\/\/api.w.org\/{rel}","templated":true}]}}