{"id":2382,"date":"2026-01-07T02:17:33","date_gmt":"2026-01-07T02:17:33","guid":{"rendered":"https:\/\/lyfilter.com\/?post_type=product&#038;p=2382"},"modified":"2026-01-07T02:19:16","modified_gmt":"2026-01-07T02:19:16","slug":"wholesale-polypropylene-pp-meltblown-filter-element","status":"publish","type":"product","link":"https:\/\/lyfilter.com\/fr\/wholesale-polypropylene-pp-meltblown-filter-element\/","title":{"rendered":"\u00c9l\u00e9ment filtrant en gros en polypropyl\u00e8ne PP souffl\u00e9 par fusion"},"content":{"rendered":"<div class=\"unit-detail-html-tabs__content-attr\">\n<div class=\"unit-product-attrparam\">\n<div class=\"unit-product-attrparam__items row\">\n<div class=\"col-12 col-md-6\">\n<div class=\"unit-product-attrparam__item\">\n<div class=\"unit-product-attrparam__label\">\n<table>\n<thead>\n<tr>\n<th>capacit\u00e9 d'approvisionnement<\/th>\n<th>1000000 pc\/mois<\/th>\n<\/tr>\n<\/thead>\n<tbody>\n<tr>\n<td>mat\u00e9riel<\/td>\n<td>acier inoxydable<\/td>\n<\/tr>\n<tr>\n<td>disponibilit\u00e9<\/td>\n<td>oem<\/td>\n<\/tr>\n<\/tbody>\n<\/table>\n<\/div>\n<\/div>\n<\/div>\n<\/div>\n<\/div>\n<\/div>\n<div class=\"unit-detail-html-tabs__content-html\">\n<p><strong>\u00c9l\u00e9ment filtrant en gros en polypropyl\u00e8ne PP souffl\u00e9 par fusion<\/strong><\/p>\n<p>Caract\u00e9ristiques de l'\u00e9l\u00e9ment filtrant en pp<\/p>\n<p>(1), l'ouverture du filtre est compacte et uniforme, et l'efficacit\u00e9 de la filtration est \u00e9lev\u00e9e. \u00c9tant donn\u00e9 que les particules passeront dans le canal du filtre, les particules plus petites que le canal peuvent \u00e9galement \u00eatre bloqu\u00e9es et l'efficacit\u00e9 de la filtration est \u00e9lev\u00e9e.<\/p>\n<p>(2), grande propret\u00e9, pas de pollution de la qualit\u00e9 de l'eau.<\/p>\n<p>(3), r\u00e9sistant \u00e0 la corrosion des r\u00e9actifs chimiques tels que l'acide et l'alcali et les solvants organiques.<\/p>\n<p>(4), forte, lorsque la pression d'entr\u00e9e et de sortie du filtre est de 0,4mpaLorsque l'\u00e9l\u00e9ment filtrant n'est pas d\u00e9form\u00e9.<\/p>\n<p>Utiliser la voie<\/p>\n<p>1. l'industrie \u00e9lectronique et \u00e9nerg\u00e9tique : eau pure, gaz, fluide \u00e9lectrique, plaques de fils d'imprimerie, etc.<\/p>\n<p>2. industrie chimique, industrie p\u00e9trochimique : solvant, rev\u00eatement, boue magn\u00e9tique, d\u00e9tergent, cire liquide, etc.<\/p>\n<p>3. industrie pharmaceutique : eau d'h\u00f4pital, injection pharmaceutique, liquide moyen, etc.<\/p>\n<p>4. l'industrie alimentaire : Aliments, boissons, eau potable, alcool, etc.<\/p>\n<p><img decoding=\"async\" src=\"https:\/\/img.yfisher.com\/m6076\/1725732712feb\/jpg70-t3-scale100.webp\" alt=\"\u00c9l\u00e9ment filtrant en gros en polypropyl\u00e8ne PP souffl\u00e9 par fusion 6\" data-lazy=\"2\" title=\"\"><\/p>\n<p><img decoding=\"async\" src=\"https:\/\/img.yfisher.com\/m6076\/1725732712xo8\/jpg70-t3-scale100.webp\" alt=\"\u00c9l\u00e9ment filtrant en gros en polypropyl\u00e8ne PP souffl\u00e9 par fusion 7\" data-lazy=\"2\" title=\"\"><\/p>\n<p><img decoding=\"async\" src=\"https:\/\/img.yfisher.com\/m6076\/1725732712txe\/jpg70-t3-scale100.webp\" alt=\"\u00c9l\u00e9ment filtrant en gros en polypropyl\u00e8ne PP souffl\u00e9 par fusion 8\" data-lazy=\"2\" title=\"\"><\/p>\n<p><img decoding=\"async\" src=\"https:\/\/img.yfisher.com\/m6076\/1725732712acw\/jpg70-t3-scale100.webp\" alt=\"\u00c9l\u00e9ment filtrant en gros en polypropyl\u00e8ne PP souffl\u00e9 par fusion 9\" data-lazy=\"2\" title=\"\"><\/p>\n<p><img decoding=\"async\" src=\"https:\/\/img.yfisher.com\/m6076\/1725732713t1y\/jpg70-t3-scale100.webp\" alt=\"\u00c9l\u00e9ment filtrant en gros en polypropyl\u00e8ne PP souffl\u00e9 par fusion 10\" data-lazy=\"2\" title=\"\"><\/p>\n<p><img decoding=\"async\" src=\"https:\/\/img.yfisher.com\/m6076\/1725732713fzx\/jpg70-t3-scale100.webp\" alt=\"\u00c9l\u00e9ment filtrant en gros en polypropyl\u00e8ne PP souffl\u00e9 par fusion 11\" data-lazy=\"2\" title=\"\"><\/p>\n<\/div>","protected":false},"excerpt":{"rendered":"<table>\n<thead>\n<tr>\n<th>article<\/th>\n<th>d\u00e9tails<\/th>\n<\/tr>\n<\/thead>\n<tbody>\n<tr>\n<td>port de d\u00e9part<\/td>\n<td>guangzhou<\/td>\n<\/tr>\n<tr>\n<td>capacit\u00e9 de production<\/td>\n<td>10000 unit\u00e9s\/mois<\/td>\n<\/tr>\n<tr>\n<td>lieu d'origine<\/td>\n<td>guangdong, chine<\/td>\n<\/tr>\n<tr>\n<td>paiement<\/td>\n<td>t\/t, alibaba trade assurance, paypal<\/td>\n<\/tr>\n<tr>\n<td>moq<\/td>\n<td>1 pi\u00e8ce<\/td>\n<\/tr>\n<tr>\n<td>d\u00e9lai de livraison<\/td>\n<td>dans les 7 jours ouvrables<\/td>\n<\/tr>\n<tr>\n<td>certification<\/td>\n<td>iso 9001<\/td>\n<\/tr>\n<tr>\n<td>marque<\/td>\n<td>oem\/lvyuan<\/td>\n<\/tr>\n<\/tbody>\n<\/table>","protected":false},"featured_media":2390,"comment_status":"open","ping_status":"closed","template":"","meta":{"_gspb_post_css":""},"product_brand":[],"product_cat":[17],"product_tag":[956,279,964,260,968,965],"class_list":{"0":"post-2382","1":"product","2":"type-product","3":"status-publish","4":"has-post-thumbnail","6":"product_cat-sediment-filter","7":"product_tag-1-piece-moq","8":"product_tag-alibaba-trade-assurance","9":"product_tag-guangdong-manufacturer","10":"product_tag-iso-9001","11":"product_tag-oem-paper-tubes","12":"product_tag-paper-tubes","14":"first","15":"instock","16":"shipping-taxable","17":"product-type-simple"},"_links":{"self":[{"href":"https:\/\/lyfilter.com\/fr\/wp-json\/wp\/v2\/product\/2382","targetHints":{"allow":["GET"]}}],"collection":[{"href":"https:\/\/lyfilter.com\/fr\/wp-json\/wp\/v2\/product"}],"about":[{"href":"https:\/\/lyfilter.com\/fr\/wp-json\/wp\/v2\/types\/product"}],"replies":[{"embeddable":true,"href":"https:\/\/lyfilter.com\/fr\/wp-json\/wp\/v2\/comments?post=2382"}],"wp:featuredmedia":[{"embeddable":true,"href":"https:\/\/lyfilter.com\/fr\/wp-json\/wp\/v2\/media\/2390"}],"wp:attachment":[{"href":"https:\/\/lyfilter.com\/fr\/wp-json\/wp\/v2\/media?parent=2382"}],"wp:term":[{"taxonomy":"product_brand","embeddable":true,"href":"https:\/\/lyfilter.com\/fr\/wp-json\/wp\/v2\/product_brand?post=2382"},{"taxonomy":"product_cat","embeddable":true,"href":"https:\/\/lyfilter.com\/fr\/wp-json\/wp\/v2\/product_cat?post=2382"},{"taxonomy":"product_tag","embeddable":true,"href":"https:\/\/lyfilter.com\/fr\/wp-json\/wp\/v2\/product_tag?post=2382"}],"curies":[{"name":"wp","href":"https:\/\/api.w.org\/{rel}","templated":true}]}}