{"id":2368,"date":"2026-01-07T02:12:40","date_gmt":"2026-01-07T02:12:40","guid":{"rendered":"https:\/\/lyfilter.com\/?post_type=product&#038;p=2368"},"modified":"2026-01-07T02:20:28","modified_gmt":"2026-01-07T02:20:28","slug":"pa-sintered-filter-eement","status":"publish","type":"product","link":"https:\/\/lyfilter.com\/fr\/pa-sintered-filter-eement\/","title":{"rendered":"El\u00e9ment filtrant fritt\u00e9 PA"},"content":{"rendered":"<div class=\"unit-detail-html-tabs__content-attr\">\n<div class=\"unit-product-attrparam\">\n<div class=\"unit-product-attrparam__items row\">\n<div class=\"col-12 col-md-6\">\n<div class=\"unit-product-attrparam__item\">\n<div class=\"unit-product-attrparam__label\">\n<table>\n<thead>\n<tr>\n<th>capacit\u00e9 d'approvisionnement<\/th>\n<th>1000000 pc\/mois<\/th>\n<\/tr>\n<\/thead>\n<tbody>\n<tr>\n<td>mat\u00e9riel<\/td>\n<td>acier inoxydable<\/td>\n<\/tr>\n<tr>\n<td>disponibilit\u00e9<\/td>\n<td>oem<\/td>\n<\/tr>\n<\/tbody>\n<\/table>\n<\/div>\n<\/div>\n<\/div>\n<\/div>\n<\/div>\n<\/div>\n<div class=\"unit-detail-html-tabs__content-featuresAttr\"><\/div>\n<div class=\"unit-detail-html-tabs__content-html\">\n<p><strong>El\u00e9ment filtrant fritt\u00e9 PA<\/strong><\/p>\n<p>Mati\u00e8res premi\u00e8res : Les mati\u00e8res premi\u00e8res de frittage produites par notre soci\u00e9t\u00e9 sont des mati\u00e8res premi\u00e8res de tr\u00e8s haute qualit\u00e9, conformes aux bonnes pratiques de fabrication. Pays-Bas.    Structure : Avec une formule scientifique \u00e9paisse et une fabrication \u00e0 haute temp\u00e9rature, il a d'excellentes propri\u00e9t\u00e9s m\u00e9caniques, et le m\u00e9dia filtrant est diversifi\u00e9, et il peut \u00e9galement assurer l'effet de filtrage multicouche du produit lorsqu'il est facile \u00e0 reculer. Chaque dispositif peut \u00eatre test\u00e9 au pr\u00e9alable.<\/p>\n<p>Puissance de broyage Sp\u00e9cifications du produit :    Plage de pr\u00e9cision : 0,2-140um, Diam\u00e8tre du tube : 10mm-120mm.    Sp\u00e9cifications courantes : \u03a638*20*1000 \u03a650*20*1000 \u03a665*30*1000 \u03a670*40*1000 Sp\u00e9cifications des connecteurs : \u03a636 \u03a630 \u03a625 \u03a622 \u03a614 \u03a612 Type de pression plat g\u00e9n\u00e9ral international : diam\u00e8tre ext\u00e9rieur \u03a665 diam\u00e8tre int\u00e9rieur \u03a630 longueur 10, 20, 30, 40 pouces Type enfichable : diam\u00e8tre ext\u00e9rieur \u03a670 diam\u00e8tre int\u00e9rieur \u03a630 longueur 10, 20, 30, 40 pouces La prise est divis\u00e9e en deux types : 226 (diam\u00e8tre ext\u00e9rieur du joint torique 56) 222 (diam\u00e8tre ext\u00e9rieur du joint torique 44) Peut \u00e9galement produire des plaques filtrantes : \u00e9paisseur 3-50mm largeur 1000mm diff\u00e9rentes longueurs 1500mm sp\u00e9cification plaque filtrante. Si vous avez des besoins particuliers, vous pouvez demander une production sur mesure.<\/p>\n<p><img decoding=\"async\" src=\"https:\/\/img.yfisher.com\/m6076\/17257327076b5\/jpg70-t3-scale100.webp\" alt=\"Filtre fritt\u00e9 PA \u00e9l\u00e9ment 7\" data-lazy=\"2\" title=\"\"><\/p>\n<p><img decoding=\"async\" src=\"https:\/\/img.yfisher.com\/m6076\/1725732707gyz\/jpg70-t3-scale100.webp\" alt=\"Filtre fritt\u00e9 PA \u00e9l\u00e9ment 8\" data-lazy=\"2\" title=\"\"><\/p>\n<p><img decoding=\"async\" src=\"https:\/\/img.yfisher.com\/m6076\/17257327078q7\/jpg70-t3-scale100.webp\" alt=\"Filtre fritt\u00e9 PA \u00e9l\u00e9ment 9\" data-lazy=\"2\" title=\"\"><\/p>\n<p><img decoding=\"async\" src=\"https:\/\/img.yfisher.com\/m6076\/1725732707qvj\/jpg70-t3-scale100.webp\" alt=\"Filtre fritt\u00e9 PA \u00e9l\u00e9ment 10\" data-lazy=\"2\" title=\"\"><\/p>\n<p><img decoding=\"async\" src=\"https:\/\/img.yfisher.com\/m6076\/1725732707ai3\/jpg70-t3-scale100.webp\" alt=\"El\u00e9ment de filtre fritt\u00e9 PA 11\" data-lazy=\"2\" title=\"\"><\/p>\n<\/div>","protected":false},"excerpt":{"rendered":"<table>\n<thead>\n<tr>\n<th>article<\/th>\n<th>d\u00e9tails<\/th>\n<\/tr>\n<\/thead>\n<tbody>\n<tr>\n<td>port de d\u00e9part<\/td>\n<td>Guangzhou<\/td>\n<\/tr>\n<tr>\n<td>capacit\u00e9 de production<\/td>\n<td>10000 unit\u00e9s\/mois<\/td>\n<\/tr>\n<tr>\n<td>lieu d'origine<\/td>\n<td>Guangdong, Chine<\/td>\n<\/tr>\n<tr>\n<td>paiement<\/td>\n<td>T\/T, paypal<\/td>\n<\/tr>\n<tr>\n<td>moq<\/td>\n<td>1 pi\u00e8ce<\/td>\n<\/tr>\n<tr>\n<td>d\u00e9lai de livraison<\/td>\n<td>Dans les 7 jours ouvrables<\/td>\n<\/tr>\n<tr>\n<td>certification<\/td>\n<td>ISO 9001<\/td>\n<\/tr>\n<tr>\n<td>marque<\/td>\n<td>OEM\/Lvyuan<\/td>\n<\/tr>\n<\/tbody>\n<\/table>","protected":false},"featured_media":2376,"comment_status":"open","ping_status":"closed","template":"","meta":{"_gspb_post_css":""},"product_brand":[],"product_cat":[17],"product_tag":[956,967,966,260,955,965],"class_list":{"0":"post-2368","1":"product","2":"type-product","3":"status-publish","4":"has-post-thumbnail","6":"product_cat-sediment-filter","7":"product_tag-1-piece-moq","8":"product_tag-7-day-delivery","9":"product_tag-guangdong-supplier","10":"product_tag-iso-9001","11":"product_tag-oem-packaging","12":"product_tag-paper-tubes","14":"first","15":"instock","16":"shipping-taxable","17":"product-type-simple"},"_links":{"self":[{"href":"https:\/\/lyfilter.com\/fr\/wp-json\/wp\/v2\/product\/2368","targetHints":{"allow":["GET"]}}],"collection":[{"href":"https:\/\/lyfilter.com\/fr\/wp-json\/wp\/v2\/product"}],"about":[{"href":"https:\/\/lyfilter.com\/fr\/wp-json\/wp\/v2\/types\/product"}],"replies":[{"embeddable":true,"href":"https:\/\/lyfilter.com\/fr\/wp-json\/wp\/v2\/comments?post=2368"}],"wp:featuredmedia":[{"embeddable":true,"href":"https:\/\/lyfilter.com\/fr\/wp-json\/wp\/v2\/media\/2376"}],"wp:attachment":[{"href":"https:\/\/lyfilter.com\/fr\/wp-json\/wp\/v2\/media?parent=2368"}],"wp:term":[{"taxonomy":"product_brand","embeddable":true,"href":"https:\/\/lyfilter.com\/fr\/wp-json\/wp\/v2\/product_brand?post=2368"},{"taxonomy":"product_cat","embeddable":true,"href":"https:\/\/lyfilter.com\/fr\/wp-json\/wp\/v2\/product_cat?post=2368"},{"taxonomy":"product_tag","embeddable":true,"href":"https:\/\/lyfilter.com\/fr\/wp-json\/wp\/v2\/product_tag?post=2368"}],"curies":[{"name":"wp","href":"https:\/\/api.w.org\/{rel}","templated":true}]}}