{"id":2361,"date":"2026-01-07T02:10:59","date_gmt":"2026-01-07T02:10:59","guid":{"rendered":"https:\/\/lyfilter.com\/?post_type=product&#038;p=2361"},"modified":"2026-01-07T02:10:59","modified_gmt":"2026-01-07T02:10:59","slug":"single-cartridge-stainless-steel-filter-housing","status":"publish","type":"product","link":"https:\/\/lyfilter.com\/fr\/single-cartridge-stainless-steel-filter-housing\/","title":{"rendered":"Bo\u00eetier de filtre en acier inoxydable \u00e0 cartouche unique"},"content":{"rendered":"<div class=\"unit-detail-html-tabs__content-attr\">\n<div class=\"unit-product-attrparam\">\n<div class=\"unit-product-attrparam__items row\">\n<div class=\"col-12 col-md-6\">\n<div class=\"unit-product-attrparam__item\">\n<div class=\"unit-product-attrparam__label\">\n<table>\n<thead>\n<tr>\n<th>capacit\u00e9 d'approvisionnement<\/th>\n<th>1000000 pc\/mois<\/th>\n<\/tr>\n<\/thead>\n<tbody>\n<tr>\n<td>mat\u00e9riel<\/td>\n<td>acier inoxydable<\/td>\n<\/tr>\n<tr>\n<td>disponibilit\u00e9<\/td>\n<td>oem<\/td>\n<\/tr>\n<\/tbody>\n<\/table>\n<\/div>\n<\/div>\n<\/div>\n<\/div>\n<\/div>\n<\/div>\n<div class=\"unit-detail-html-tabs__content-featuresAttr\"><\/div>\n<div class=\"unit-detail-html-tabs__content-html\">\n<p><strong>Bo\u00eetier de filtre en acier inoxydable \u00e0 cartouche unique<\/strong><\/p>\n<p>Le filtre \u00e0 noyau unique est divis\u00e9 en deux types : filtration des liquides et des gaz, et la taille peut \u00eatre divis\u00e9e en 5\u2033, 10\u2033, 20\u2033, 30\u2033 et 40\u2033, etc. La pression de travail est g\u00e9n\u00e9ralement comprise entre 0,1 et 0,4 Mpa. En raison des diff\u00e9rentes tailles de pores des \u00e9l\u00e9ments filtrants, les d\u00e9bits sont \u00e9galement diff\u00e9rents. Par exemple, la norme pour la filtration de l'eau chaotique \u00e0 0,2um-0,4um est de 300-500kg\/h. Pour filtrer 5 t\/h d'eau st\u00e9rile, vous pouvez par exemple choisir un filtre \u00e0 7 \u00e9l\u00e9ments de 0,2 um et 30 pouces. S'il y a beaucoup d'impuret\u00e9s dans le filtre et qu'il y a de la viscosit\u00e9, un dispositif de pr\u00e9filtration doit \u00eatre ajout\u00e9. La filtration des gaz est l\u00e9g\u00e8rement diff\u00e9rente de celle des liquides, et son volume de filtration est calcul\u00e9 en volume de gaz par minute. \u00c9l\u00e9ment filtrant de 10 pouces, diam\u00e8tre des pores \u03c60,22 um, pression de 0,12 Mpa, diff\u00e9rence de pression de 0,01 Mpa, d\u00e9bit de 4-6m3\/min, largement utilis\u00e9 dans l'industrie de la fermentation.<\/p>\n<p><img decoding=\"async\" src=\"https:\/\/img.yfisher.com\/m6076\/17257326863q0\/jpg70-t3-scale100.webp\" alt=\"Bo\u00eetier de filtre en acier inoxydable \u00e0 cartouche unique 6\" data-lazy=\"2\" title=\"\"><\/p>\n<p><img decoding=\"async\" src=\"https:\/\/img.yfisher.com\/m6076\/17257326860zb\/jpg70-t3-scale100.webp\" alt=\"Bo\u00eetier de filtre en acier inoxydable \u00e0 cartouche unique 7\" data-lazy=\"2\" title=\"\"><\/p>\n<p><img decoding=\"async\" src=\"https:\/\/img.yfisher.com\/m6076\/1725732686ltg\/jpg70-t3-scale100.webp\" alt=\"Bo\u00eetier de filtre en acier inoxydable \u00e0 cartouche unique 8\" data-lazy=\"2\" title=\"\"><\/p>\n<p><img decoding=\"async\" src=\"https:\/\/img.yfisher.com\/m6076\/17257326861ct\/jpg70-t3-scale100.webp\" alt=\"Bo\u00eetier de filtre en acier inoxydable \u00e0 cartouche unique 9\" data-lazy=\"2\" title=\"\"><\/p>\n<p><img decoding=\"async\" src=\"https:\/\/img.yfisher.com\/m6076\/1725732686zhj\/jpg70-t3-scale100.webp\" alt=\"Bo\u00eetier de filtre en acier inoxydable \u00e0 cartouche unique 10\" data-lazy=\"2\" title=\"\"><\/p>\n<p><img decoding=\"async\" src=\"https:\/\/img.yfisher.com\/m6076\/1725732686sy0\/jpg70-t3-scale100.webp\" alt=\"Bo\u00eetier de filtre en acier inoxydable \u00e0 cartouche unique 11\" data-lazy=\"2\" title=\"\"><\/p>\n<p><img decoding=\"async\" src=\"https:\/\/img.yfisher.com\/m6076\/1725732686w6l\/jpg70-t3-scale100.webp\" alt=\"Bo\u00eetier de filtre en acier inoxydable \u00e0 cartouche unique 12\" data-lazy=\"2\" title=\"\"><\/p>\n<\/div>","protected":false},"excerpt":{"rendered":"<table>\n<thead>\n<tr>\n<th>article<\/th>\n<th>d\u00e9tails<\/th>\n<\/tr>\n<\/thead>\n<tbody>\n<tr>\n<td>port de d\u00e9part<\/td>\n<td>Guangzhou<\/td>\n<\/tr>\n<tr>\n<td>capacit\u00e9 de production<\/td>\n<td>10000 unit\u00e9s\/mois<\/td>\n<\/tr>\n<tr>\n<td>lieu d'origine<\/td>\n<td>Guangdong, Chine<\/td>\n<\/tr>\n<tr>\n<td>paiement<\/td>\n<td>T\/T, Alibaba Trade Assurance, paypal<\/td>\n<\/tr>\n<tr>\n<td>moq<\/td>\n<td>1 pi\u00e8ce<\/td>\n<\/tr>\n<tr>\n<td>d\u00e9lai de livraison<\/td>\n<td>Dans les 7 jours ouvrables<\/td>\n<\/tr>\n<tr>\n<td>certification<\/td>\n<td>ISO 9001<\/td>\n<\/tr>\n<tr>\n<td>marque<\/td>\n<td>OEM\/Lvyuan<\/td>\n<\/tr>\n<\/tbody>\n<\/table>","protected":false},"featured_media":2370,"comment_status":"open","ping_status":"closed","template":"","meta":{"_gspb_post_css":""},"product_brand":[],"product_cat":[15],"product_tag":[263,964,260,280,955,965],"class_list":{"0":"post-2361","1":"product","2":"type-product","3":"status-publish","4":"has-post-thumbnail","6":"product_cat-stainless-steel-filter-housing","7":"product_tag-fast-delivery","8":"product_tag-guangdong-manufacturer","9":"product_tag-iso-9001","10":"product_tag-low-moq","11":"product_tag-oem-packaging","12":"product_tag-paper-tubes","14":"first","15":"instock","16":"shipping-taxable","17":"product-type-simple"},"_links":{"self":[{"href":"https:\/\/lyfilter.com\/fr\/wp-json\/wp\/v2\/product\/2361","targetHints":{"allow":["GET"]}}],"collection":[{"href":"https:\/\/lyfilter.com\/fr\/wp-json\/wp\/v2\/product"}],"about":[{"href":"https:\/\/lyfilter.com\/fr\/wp-json\/wp\/v2\/types\/product"}],"replies":[{"embeddable":true,"href":"https:\/\/lyfilter.com\/fr\/wp-json\/wp\/v2\/comments?post=2361"}],"wp:featuredmedia":[{"embeddable":true,"href":"https:\/\/lyfilter.com\/fr\/wp-json\/wp\/v2\/media\/2370"}],"wp:attachment":[{"href":"https:\/\/lyfilter.com\/fr\/wp-json\/wp\/v2\/media?parent=2361"}],"wp:term":[{"taxonomy":"product_brand","embeddable":true,"href":"https:\/\/lyfilter.com\/fr\/wp-json\/wp\/v2\/product_brand?post=2361"},{"taxonomy":"product_cat","embeddable":true,"href":"https:\/\/lyfilter.com\/fr\/wp-json\/wp\/v2\/product_cat?post=2361"},{"taxonomy":"product_tag","embeddable":true,"href":"https:\/\/lyfilter.com\/fr\/wp-json\/wp\/v2\/product_tag?post=2361"}],"curies":[{"name":"wp","href":"https:\/\/api.w.org\/{rel}","templated":true}]}}