{"id":2331,"date":"2026-01-07T02:01:30","date_gmt":"2026-01-07T02:01:30","guid":{"rendered":"https:\/\/lyfilter.com\/?post_type=product&#038;p=2331"},"modified":"2026-01-07T02:01:30","modified_gmt":"2026-01-07T02:01:30","slug":"stainless-steel-multi-cartridge-filter-housing","status":"publish","type":"product","link":"https:\/\/lyfilter.com\/fr\/stainless-steel-multi-cartridge-filter-housing\/","title":{"rendered":"Bo\u00eetier de filtre \u00e0 cartouches multiples en acier inoxydable"},"content":{"rendered":"<div class=\"unit-detail-html-tabs__content-attr\">\n<div class=\"unit-product-attrparam\">\n<div class=\"unit-product-attrparam__items row\">\n<div class=\"col-12 col-md-6\">\n<div class=\"unit-product-attrparam__item\">\n<div class=\"unit-product-attrparam__label\">\n<table>\n<thead>\n<tr>\n<th>capacit\u00e9 d'approvisionnement<\/th>\n<th>1000000 pc\/mois<\/th>\n<\/tr>\n<\/thead>\n<tbody>\n<tr>\n<td>mat\u00e9riel<\/td>\n<td>acier inoxydable<\/td>\n<\/tr>\n<tr>\n<td>disponibilit\u00e9<\/td>\n<td>oem<\/td>\n<\/tr>\n<\/tbody>\n<\/table>\n<\/div>\n<\/div>\n<\/div>\n<\/div>\n<\/div>\n<\/div>\n<div class=\"unit-detail-html-tabs__content-featuresAttr\"><\/div>\n<div class=\"unit-detail-html-tabs__content-html\">\n<p><strong>Bo\u00eetier de filtre \u00e0 cartouche multi-noyaux<\/strong>\u00a0est compos\u00e9 d'une coque en acier inoxydable et d'un \u00e9l\u00e9ment filtrant, qui est largement utilis\u00e9 dans l'industrie. L'eau brute traverse l'\u00e9l\u00e9ment filtrant de l'ext\u00e9rieur vers l'int\u00e9rieur, se rassemble et s'\u00e9coule par le centre, et les impuret\u00e9s granuleuses de l'eau brute sont pi\u00e9g\u00e9es \u00e0 la surface de l'\u00e9l\u00e9ment filtrant, ce qui permet d'atteindre l'objectif de filtration et de purification.<\/p>\n<p><img decoding=\"async\" src=\"https:\/\/img.yfisher.com\/m6076\/1725732651dx4\/jpg70-t3-scale100.webp\" alt=\"Bo\u00eetier de filtre multi-cartouches en acier inoxydable 6\" data-lazy=\"2\" title=\"\"><\/p>\n<p><img decoding=\"async\" src=\"https:\/\/img.yfisher.com\/m6076\/1725732651v2p\/jpg70-t3-scale100.webp\" alt=\"Bo\u00eetier de filtre multi-cartouches en acier inoxydable 7\" data-lazy=\"2\" title=\"\"><\/p>\n<p><img decoding=\"async\" src=\"https:\/\/img.yfisher.com\/m6076\/1725732652qwa\/jpg70-t3-scale100.webp\" alt=\"Bo\u00eetier de filtre multi-cartouches en acier inoxydable 8\" data-lazy=\"2\" title=\"\"><\/p>\n<p><img decoding=\"async\" src=\"https:\/\/img.yfisher.com\/m6076\/1725732652e6x\/jpg70-t3-scale100.webp\" alt=\"Bo\u00eetier de filtre multi-cartouches en acier inoxydable 9\" data-lazy=\"2\" title=\"\"><\/p>\n<p><img decoding=\"async\" src=\"https:\/\/img.yfisher.com\/m6076\/17257326527px\/jpg70-t3-scale100.webp\" alt=\"Bo\u00eetier de filtre multi-cartouches en acier inoxydable 10\" data-lazy=\"2\" title=\"\"><\/p>\n<p><img decoding=\"async\" src=\"https:\/\/img.yfisher.com\/m6076\/172573265275t\/jpg70-t3-scale100.webp\" alt=\"Bo\u00eetier de filtre multi-cartouches en acier inoxydable 11\" data-lazy=\"2\" title=\"\"><\/p>\n<\/div>","protected":false},"excerpt":{"rendered":"<table>\n<thead>\n<tr>\n<th>port de d\u00e9part<\/th>\n<th>Guangzhou<\/th>\n<\/tr>\n<\/thead>\n<tbody>\n<tr>\n<td>capacit\u00e9 de production<\/td>\n<td>10000 unit\u00e9s\/mois<\/td>\n<\/tr>\n<tr>\n<td>lieu d'origine<\/td>\n<td>Guangdong, Chine<\/td>\n<\/tr>\n<tr>\n<td>paiement<\/td>\n<td>T\/T, Alibaba Trade Assurance, paypal<\/td>\n<\/tr>\n<tr>\n<td>moq<\/td>\n<td>1 pi\u00e8ce<\/td>\n<\/tr>\n<tr>\n<td>d\u00e9lai de livraison<\/td>\n<td>Dans les 7 jours ouvrables<\/td>\n<\/tr>\n<tr>\n<td>certification<\/td>\n<td>ISO 9001<\/td>\n<\/tr>\n<tr>\n<td>marque<\/td>\n<td>OEM\/Lvyuan<\/td>\n<\/tr>\n<\/tbody>\n<\/table>","protected":false},"featured_media":2343,"comment_status":"open","ping_status":"closed","template":"","meta":{"_gspb_post_css":""},"product_brand":[],"product_cat":[15],"product_tag":[263,964,289,260,280,282],"class_list":{"0":"post-2331","1":"product","2":"type-product","3":"status-publish","4":"has-post-thumbnail","6":"product_cat-stainless-steel-filter-housing","7":"product_tag-fast-delivery","8":"product_tag-guangdong-manufacturer","9":"product_tag-guangzhou-shipping","10":"product_tag-iso-9001","11":"product_tag-low-moq","12":"product_tag-oem-lvyuan","14":"first","15":"instock","16":"shipping-taxable","17":"product-type-simple"},"_links":{"self":[{"href":"https:\/\/lyfilter.com\/fr\/wp-json\/wp\/v2\/product\/2331","targetHints":{"allow":["GET"]}}],"collection":[{"href":"https:\/\/lyfilter.com\/fr\/wp-json\/wp\/v2\/product"}],"about":[{"href":"https:\/\/lyfilter.com\/fr\/wp-json\/wp\/v2\/types\/product"}],"replies":[{"embeddable":true,"href":"https:\/\/lyfilter.com\/fr\/wp-json\/wp\/v2\/comments?post=2331"}],"wp:featuredmedia":[{"embeddable":true,"href":"https:\/\/lyfilter.com\/fr\/wp-json\/wp\/v2\/media\/2343"}],"wp:attachment":[{"href":"https:\/\/lyfilter.com\/fr\/wp-json\/wp\/v2\/media?parent=2331"}],"wp:term":[{"taxonomy":"product_brand","embeddable":true,"href":"https:\/\/lyfilter.com\/fr\/wp-json\/wp\/v2\/product_brand?post=2331"},{"taxonomy":"product_cat","embeddable":true,"href":"https:\/\/lyfilter.com\/fr\/wp-json\/wp\/v2\/product_cat?post=2331"},{"taxonomy":"product_tag","embeddable":true,"href":"https:\/\/lyfilter.com\/fr\/wp-json\/wp\/v2\/product_tag?post=2331"}],"curies":[{"name":"wp","href":"https:\/\/api.w.org\/{rel}","templated":true}]}}