{"id":2317,"date":"2026-01-07T01:59:12","date_gmt":"2026-01-07T01:59:12","guid":{"rendered":"https:\/\/lyfilter.com\/?post_type=product&#038;p=2317"},"modified":"2026-01-07T01:59:12","modified_gmt":"2026-01-07T01:59:12","slug":"stainless-steel-deplux-filter-housing","status":"publish","type":"product","link":"https:\/\/lyfilter.com\/fr\/stainless-steel-deplux-filter-housing\/","title":{"rendered":"Bo\u00eetier de filtre Deplux en acier inoxydable"},"content":{"rendered":"<p><strong>Bo\u00eetier de filtre Deplux en acier inoxydable\u00a0<\/strong><\/p>\n<p>Le bo\u00eetier du filtre Deplux adopte une vanne d'inversion \u00e0 six voies \u00e0 deux positions, qui assemble deux filtres monocylindriques sur une base de machine, et n'a pas besoin de s'arr\u00eater lors du nettoyage du filtre, afin d'assurer son fonctionnement continu. Le filtre \u00e0 huile de type \u00e0 mailles est divis\u00e9 en s\u00e9ries SPL \u00e0 deux cylindres et DPL \u00e0 un cylindre. Le produit est fiable dans son fonctionnement, facile \u00e0 entretenir et ne n\u00e9cessite pas d'autres sources d'\u00e9nergie. L'\u00e9l\u00e9ment filtrant est un filtre en treillis m\u00e9tallique, qui pr\u00e9sente une r\u00e9sistance \u00e9lev\u00e9e et une grande capacit\u00e9 de passage de l'huile. De grande taille, pour assurer la pr\u00e9cision de la filtration, la facilit\u00e9 de nettoyage et d'autres caract\u00e9ristiques de la s\u00e9rie \u00e0 double cylindre, il est possible de r\u00e9aliser une conversion et un nettoyage continus pendant le fonctionnement de l'h\u00f4te.<\/p>","protected":false},"excerpt":{"rendered":"<table>\n<thead>\n<tr>\n<th>port de d\u00e9part<\/th>\n<th>Guangzhou<\/th>\n<\/tr>\n<\/thead>\n<tbody>\n<tr>\n<td>capacit\u00e9 de production<\/td>\n<td>10000 unit\u00e9s\/mois<\/td>\n<\/tr>\n<tr>\n<td>lieu d'origine<\/td>\n<td>Guangdong, Chine<\/td>\n<\/tr>\n<tr>\n<td>paiement<\/td>\n<td>T\/T, Alibaba Trade Assurance, paypal<\/td>\n<\/tr>\n<tr>\n<td>moq<\/td>\n<td>1 pi\u00e8ce<\/td>\n<\/tr>\n<tr>\n<td>d\u00e9lai de livraison<\/td>\n<td>Dans les 7 jours ouvrables<\/td>\n<\/tr>\n<tr>\n<td>certification<\/td>\n<td>CE, ISO 9001<\/td>\n<\/tr>\n<tr>\n<td>marque<\/td>\n<td>OEM\/Lvyuan<\/td>\n<\/tr>\n<\/tbody>\n<\/table>","protected":false},"featured_media":2339,"comment_status":"open","ping_status":"closed","template":"","meta":{"_gspb_post_css":""},"product_brand":[],"product_cat":[15],"product_tag":[963,263,289,260,280,282],"class_list":{"0":"post-2317","1":"product","2":"type-product","3":"status-publish","4":"has-post-thumbnail","6":"product_cat-stainless-steel-filter-housing","7":"product_tag-ce-certified","8":"product_tag-fast-delivery","9":"product_tag-guangzhou-shipping","10":"product_tag-iso-9001","11":"product_tag-low-moq","12":"product_tag-oem-lvyuan","14":"first","15":"instock","16":"shipping-taxable","17":"product-type-simple"},"_links":{"self":[{"href":"https:\/\/lyfilter.com\/fr\/wp-json\/wp\/v2\/product\/2317","targetHints":{"allow":["GET"]}}],"collection":[{"href":"https:\/\/lyfilter.com\/fr\/wp-json\/wp\/v2\/product"}],"about":[{"href":"https:\/\/lyfilter.com\/fr\/wp-json\/wp\/v2\/types\/product"}],"replies":[{"embeddable":true,"href":"https:\/\/lyfilter.com\/fr\/wp-json\/wp\/v2\/comments?post=2317"}],"wp:featuredmedia":[{"embeddable":true,"href":"https:\/\/lyfilter.com\/fr\/wp-json\/wp\/v2\/media\/2339"}],"wp:attachment":[{"href":"https:\/\/lyfilter.com\/fr\/wp-json\/wp\/v2\/media?parent=2317"}],"wp:term":[{"taxonomy":"product_brand","embeddable":true,"href":"https:\/\/lyfilter.com\/fr\/wp-json\/wp\/v2\/product_brand?post=2317"},{"taxonomy":"product_cat","embeddable":true,"href":"https:\/\/lyfilter.com\/fr\/wp-json\/wp\/v2\/product_cat?post=2317"},{"taxonomy":"product_tag","embeddable":true,"href":"https:\/\/lyfilter.com\/fr\/wp-json\/wp\/v2\/product_tag?post=2317"}],"curies":[{"name":"wp","href":"https:\/\/api.w.org\/{rel}","templated":true}]}}