{"id":2291,"date":"2026-01-07T01:44:12","date_gmt":"2026-01-07T01:44:12","guid":{"rendered":"https:\/\/lyfilter.com\/?post_type=product&#038;p=2291"},"modified":"2026-01-07T01:44:13","modified_gmt":"2026-01-07T01:44:13","slug":"filter-element-stainless-steel-filter-tube","status":"publish","type":"product","link":"https:\/\/lyfilter.com\/fr\/filter-element-stainless-steel-filter-tube\/","title":{"rendered":"\u00c9l\u00e9ment filtrant tube filtrant en acier inoxydable"},"content":{"rendered":"<div class=\"unit-detail-html-tabs__content-attr\">\n<div class=\"unit-product-attrparam\">\n<div class=\"unit-product-attrparam__items row\">\n<div class=\"col-12 col-md-6\">\n<div class=\"unit-product-attrparam__item\">\n<div class=\"unit-product-attrparam__label\">\n<table>\n<thead>\n<tr>\n<th>mat\u00e9riel<\/th>\n<th>acier inoxydable<\/th>\n<\/tr>\n<\/thead>\n<tbody>\n<tr>\n<td>disponibilit\u00e9<\/td>\n<td>oem<\/td>\n<\/tr>\n<\/tbody>\n<\/table>\n<\/div>\n<\/div>\n<\/div>\n<\/div>\n<\/div>\n<\/div>\n<div class=\"unit-detail-html-tabs__content-featuresAttr\"><\/div>\n<div class=\"unit-detail-html-tabs__content-html\">\n<p><strong>\u00c9l\u00e9ment filtrant tube filtrant en acier inoxydable<\/strong><\/p>\n<p>Le tube filtrant en acier inoxydable est compos\u00e9 d'une maille fritt\u00e9e standard \u00e0 cinq couches, qui est lamin\u00e9e et fritt\u00e9e sous vide. Ce type de cartouche filtrante pr\u00e9sente les avantages suivants : haute r\u00e9sistance, haute corrosivit\u00e9, excellente perm\u00e9abilit\u00e9, facilit\u00e9 de lavage et de contre-lavage, efficacit\u00e9 de filtrage pr\u00e9cise, etc.<\/p>\n<p>La maille fritt\u00e9e Standrad se compose de cinq couches : la couche protectrice, la couche filtrante, la couche de dispersion et deux mailles de renforcement. Gr\u00e2ce \u00e0 sa structure de filtration superficielle et au fil lisse de la maille, elle est efficace pour le lavage \u00e0 contre-courant et la r\u00e9g\u00e9n\u00e9ration. En outre, cette maille est facile \u00e0 former, \u00e0 usiner et \u00e0 souder. Il peut \u00eatre produit dans de nombreuses formes telles que circulaire, cartouche, c\u00f4ne et plis.<\/p>\n<p>Description du produit<\/p>\n<p>valeur nominale du filtre(um):2,5,10,20,40<\/p>\n<p>couche de contr\u00f4le (maille) : 325*2400 200*1400 165*1400 165*800 50*250<\/p>\n<p>perm\u00e9abilit\u00e9(%):38<\/p>\n<p>pression au point de bulle:280-640(2um) 250-600(5um) 220-550(10um) 180-450(20um) 150-400(40um)<\/p>\n<p>\u00e9paisseur (mm) : 1,7<\/p>\n<p>Poids (kg) : 8,4<\/p>\n<p>Type de connexion principale<\/p>\n<p>*Interface standard, telle que 222, 220, 226<\/p>\n<p>*Interface rapide<\/p>\n<p>*Raccordement \u00e0 bride<\/p>\n<p>*Raccordement des tirants d'ancrage<\/p>\n<p>*Connexion thread\u00e9e<\/p>\n<p>*Connexion personnalis\u00e9e<\/p>\n<\/div>","protected":false},"excerpt":{"rendered":"<table>\n<thead>\n<tr>\n<th>port de d\u00e9part<\/th>\n<th>Guangzhou<\/th>\n<\/tr>\n<\/thead>\n<tbody>\n<tr>\n<td>capacit\u00e9 de production<\/td>\n<td>10000 unit\u00e9s\/mois<\/td>\n<\/tr>\n<tr>\n<td>lieu d'origine<\/td>\n<td>Guangdong, Chine<\/td>\n<\/tr>\n<tr>\n<td>paiement<\/td>\n<td>T\/T, Alibaba Trade Assurance, paypal<\/td>\n<\/tr>\n<tr>\n<td>moq<\/td>\n<td>1 pi\u00e8ce<\/td>\n<\/tr>\n<tr>\n<td>mod\u00e8le<\/td>\n<td>LY-FB<\/td>\n<\/tr>\n<tr>\n<td>d\u00e9lai de livraison<\/td>\n<td>Dans les 7 jours ouvrables<\/td>\n<\/tr>\n<tr>\n<td>certification<\/td>\n<td>ISO 9001<\/td>\n<\/tr>\n<tr>\n<td>marque<\/td>\n<td>OEM\/Lvyuan<\/td>\n<\/tr>\n<\/tbody>\n<\/table>","protected":false},"featured_media":2304,"comment_status":"open","ping_status":"closed","template":"","meta":{"_gspb_post_css":""},"product_brand":[],"product_cat":[17,22],"product_tag":[954,289,260,280,282,953],"class_list":{"0":"post-2291","1":"product","2":"type-product","3":"status-publish","4":"has-post-thumbnail","6":"product_cat-sediment-filter","7":"product_cat-sintered-filter-cartridge","8":"product_tag-custom-paper-tubes","9":"product_tag-guangzhou-shipping","10":"product_tag-iso-9001","11":"product_tag-low-moq","12":"product_tag-oem-lvyuan","13":"product_tag-paper-tube-packaging","15":"first","16":"instock","17":"shipping-taxable","18":"product-type-simple"},"_links":{"self":[{"href":"https:\/\/lyfilter.com\/fr\/wp-json\/wp\/v2\/product\/2291","targetHints":{"allow":["GET"]}}],"collection":[{"href":"https:\/\/lyfilter.com\/fr\/wp-json\/wp\/v2\/product"}],"about":[{"href":"https:\/\/lyfilter.com\/fr\/wp-json\/wp\/v2\/types\/product"}],"replies":[{"embeddable":true,"href":"https:\/\/lyfilter.com\/fr\/wp-json\/wp\/v2\/comments?post=2291"}],"wp:featuredmedia":[{"embeddable":true,"href":"https:\/\/lyfilter.com\/fr\/wp-json\/wp\/v2\/media\/2304"}],"wp:attachment":[{"href":"https:\/\/lyfilter.com\/fr\/wp-json\/wp\/v2\/media?parent=2291"}],"wp:term":[{"taxonomy":"product_brand","embeddable":true,"href":"https:\/\/lyfilter.com\/fr\/wp-json\/wp\/v2\/product_brand?post=2291"},{"taxonomy":"product_cat","embeddable":true,"href":"https:\/\/lyfilter.com\/fr\/wp-json\/wp\/v2\/product_cat?post=2291"},{"taxonomy":"product_tag","embeddable":true,"href":"https:\/\/lyfilter.com\/fr\/wp-json\/wp\/v2\/product_tag?post=2291"}],"curies":[{"name":"wp","href":"https:\/\/api.w.org\/{rel}","templated":true}]}}