{"id":2283,"date":"2026-01-07T01:37:49","date_gmt":"2026-01-07T01:37:49","guid":{"rendered":"https:\/\/lyfilter.com\/?post_type=product&#038;p=2283"},"modified":"2026-01-07T01:37:49","modified_gmt":"2026-01-07T01:37:49","slug":"sintered-plastic-pe-pp-ptfe-outdoor-moisture-filter","status":"publish","type":"product","link":"https:\/\/lyfilter.com\/fr\/sintered-plastic-pe-pp-ptfe-outdoor-moisture-filter\/","title":{"rendered":"Filtre \u00e0 humidit\u00e9 ext\u00e9rieur en plastique fritt\u00e9 PE PP PTFE"},"content":{"rendered":"<div class=\"unit-detail-html-tabs__content-attr\">\n<div class=\"unit-product-attrparam\">\n<div class=\"unit-product-attrparam__items row\">\n<div class=\"col-12 col-md-6\">\n<div class=\"unit-product-attrparam__item\">\n<div class=\"unit-product-attrparam__label\">\n<table>\n<thead>\n<tr>\n<th>mat\u00e9riel<\/th>\n<th>pe<\/th>\n<\/tr>\n<\/thead>\n<tbody>\n<tr>\n<td>disponibilit\u00e9<\/td>\n<td>OEM\/ODM<\/td>\n<\/tr>\n<\/tbody>\n<\/table>\n<\/div>\n<\/div>\n<\/div>\n<\/div>\n<\/div>\n<\/div>\n<div class=\"unit-detail-html-tabs__content-featuresAttr\"><\/div>\n<div class=\"unit-detail-html-tabs__content-html\">\n<p><strong>Filtre \u00e0 humidit\u00e9 ext\u00e9rieur en plastique fritt\u00e9 PE PP PTFE<\/strong><\/p>\n<div class=\"table-responsive\">\n<table width=\"462\" cellspacing=\"0\" cellpadding=\"0\" data-spm-anchor-id=\"a2700.details.0.i31.45026d68wBggxE\">\n<tbody>\n<tr class=\"firstRow\">\n<td width=\"205\" height=\"10\">\n<p data-spm-anchor-id=\"a2700.details.0.i30.45026d68wBggxE\">Style<\/p>\n<\/td>\n<td width=\"237\" height=\"10\">Cylindre<\/td>\n<\/tr>\n<tr>\n<td width=\"205\" height=\"2\">Composition du mat\u00e9riau<\/td>\n<td width=\"237\" height=\"2\">PE, PP<\/td>\n<\/tr>\n<tr>\n<td width=\"205\" height=\"27\">Num\u00e9ro d'article.<\/td>\n<td width=\"237\" height=\"27\">SPF1522170PEDGM20<\/td>\n<\/tr>\n<tr>\n<td width=\"205\" height=\"27\">Forme<\/td>\n<td width=\"237\" height=\"27\">Cylindre<\/td>\n<\/tr>\n<tr>\n<td width=\"205\" height=\"27\">ID<\/td>\n<td width=\"237\" height=\"27\">15<\/td>\n<\/tr>\n<tr>\n<td width=\"205\" height=\"27\">OD<\/td>\n<td width=\"237\" height=\"27\">22<\/td>\n<\/tr>\n<tr>\n<td width=\"205\" height=\"27\">Longueur<\/td>\n<td width=\"237\" height=\"27\">170<\/td>\n<\/tr>\n<tr>\n<td width=\"205\" height=\"30\">\u00c9limine les particules d'une taille inf\u00e9rieure \u00e0<\/td>\n<td width=\"237\" height=\"30\">\n<p data-spm-anchor-id=\"a2700.details.0.i32.45026d68wBggxE\">20 Micron<\/p>\n<\/td>\n<\/tr>\n<tr>\n<td width=\"205\" height=\"21\">D\u00e9bit maximum<\/td>\n<td width=\"237\" height=\"21\">9 scfm @ 100psi<\/td>\n<\/tr>\n<\/tbody>\n<\/table>\n<\/div>\n<p><img decoding=\"async\" src=\"https:\/\/img.yfisher.com\/m6076\/17257326288n0\/png70-t3-scale100.webp\" alt=\"Filtre \u00e0 humidit\u00e9 ext\u00e9rieur en plastique fritt\u00e9 PE PP PTFE 2\" data-lazy=\"2\" title=\"\"><\/p>\n<p>- Chute de pression. La porosit\u00e9 diminue la pression du fluide qui y circule. Les diff\u00e9rentes applications sont : le contr\u00f4le de la pression dans les circuits pneumatiques et hydrauliques (compensateurs, purgeurs, r\u00e9gulateurs), l'absorption du bruit des conduites de gaz (silencieux), les v\u00e9rins pneumatiques, la protection des capteurs et des manom\u00e8tres, les bo\u00eetes de vitesses, etc.<\/p>\n<p>- Contr\u00f4le de l'\u00e9coulement. La porosit\u00e9 isotrope et homog\u00e8ne permet \u00e0 un fluide qui circule \u00e0 travers elle d'avoir un d\u00e9bit constant \u00e0 la sortie de la partie poreuse. Les applications typiques sont les \u00e9changeurs de chaleur, les gaz m\u00e9dicaux, la plong\u00e9e sous-marine, les gaz industriels, etc.<\/p>\n<p>- A\u00e9ration. La circulation de l'air \u00e0 travers la porosit\u00e9 permet d'obtenir un flux d'air constant et contr\u00f4l\u00e9 \u00e0 la sortie du composant poreux. Les secteurs d'utilisation sont : le repassage des liquides dans l'industrie alimentaire (liqueurs, vins et boissons gazeuses), l'ionisation, les br\u00fbleurs \u00e0 gaz, les aquariums, l'analyse clinique, etc.<\/p>\n<p>- Fluidisation. La circulation de l'air \u00e0 travers le composant poreux a pour r\u00e9sultat que le flux de sortie est distribu\u00e9 avec la m\u00eame pression en tous points, permettant ainsi la manipulation contr\u00f4l\u00e9e de produits pulv\u00e9rulents. Cette propri\u00e9t\u00e9 est utilis\u00e9e pour : le transport de ciment, de farine, d'alumine, de cendres, de poudre de toner, etc.<\/p>\n<\/div>","protected":false},"excerpt":{"rendered":"<table>\n<thead>\n<tr>\n<th>port de d\u00e9part<\/th>\n<th>Guangzhou<\/th>\n<\/tr>\n<\/thead>\n<tbody>\n<tr>\n<td>capacit\u00e9 de production<\/td>\n<td>10000 unit\u00e9s\/mois<\/td>\n<\/tr>\n<tr>\n<td>lieu d'origine<\/td>\n<td>Guangdong, Chine<\/td>\n<\/tr>\n<tr>\n<td>paiement<\/td>\n<td>T\/T<\/td>\n<\/tr>\n<tr>\n<td>moq<\/td>\n<td>1 pi\u00e8ce<\/td>\n<\/tr>\n<tr>\n<td>mod\u00e8le<\/td>\n<td>LY-FB<\/td>\n<\/tr>\n<tr>\n<td>d\u00e9lai de livraison<\/td>\n<td>Dans les 7 jours ouvrables<\/td>\n<\/tr>\n<tr>\n<td>marque<\/td>\n<td>OEM\/Lvyuan<\/td>\n<\/tr>\n<\/tbody>\n<\/table>","protected":false},"featured_media":2290,"comment_status":"open","ping_status":"closed","template":"","meta":{"_gspb_post_css":""},"product_brand":[],"product_cat":[17,22],"product_tag":[954,263,289,280,282,953],"class_list":{"0":"post-2283","1":"product","2":"type-product","3":"status-publish","4":"has-post-thumbnail","6":"product_cat-sediment-filter","7":"product_cat-sintered-filter-cartridge","8":"product_tag-custom-paper-tubes","9":"product_tag-fast-delivery","10":"product_tag-guangzhou-shipping","11":"product_tag-low-moq","12":"product_tag-oem-lvyuan","13":"product_tag-paper-tube-packaging","15":"first","16":"instock","17":"shipping-taxable","18":"product-type-simple"},"_links":{"self":[{"href":"https:\/\/lyfilter.com\/fr\/wp-json\/wp\/v2\/product\/2283","targetHints":{"allow":["GET"]}}],"collection":[{"href":"https:\/\/lyfilter.com\/fr\/wp-json\/wp\/v2\/product"}],"about":[{"href":"https:\/\/lyfilter.com\/fr\/wp-json\/wp\/v2\/types\/product"}],"replies":[{"embeddable":true,"href":"https:\/\/lyfilter.com\/fr\/wp-json\/wp\/v2\/comments?post=2283"}],"wp:featuredmedia":[{"embeddable":true,"href":"https:\/\/lyfilter.com\/fr\/wp-json\/wp\/v2\/media\/2290"}],"wp:attachment":[{"href":"https:\/\/lyfilter.com\/fr\/wp-json\/wp\/v2\/media?parent=2283"}],"wp:term":[{"taxonomy":"product_brand","embeddable":true,"href":"https:\/\/lyfilter.com\/fr\/wp-json\/wp\/v2\/product_brand?post=2283"},{"taxonomy":"product_cat","embeddable":true,"href":"https:\/\/lyfilter.com\/fr\/wp-json\/wp\/v2\/product_cat?post=2283"},{"taxonomy":"product_tag","embeddable":true,"href":"https:\/\/lyfilter.com\/fr\/wp-json\/wp\/v2\/product_tag?post=2283"}],"curies":[{"name":"wp","href":"https:\/\/api.w.org\/{rel}","templated":true}]}}