{"id":2277,"date":"2026-01-07T01:33:21","date_gmt":"2026-01-07T01:33:21","guid":{"rendered":"https:\/\/lyfilter.com\/?post_type=product&#038;p=2277"},"modified":"2026-01-07T01:33:21","modified_gmt":"2026-01-07T01:33:21","slug":"factory-oem-high-quality-white-pe-hydrophilic-filter","status":"publish","type":"product","link":"https:\/\/lyfilter.com\/fr\/factory-oem-high-quality-white-pe-hydrophilic-filter\/","title":{"rendered":"Filtre hydrophile blanc de haute qualit\u00e9 fabriqu\u00e9 en usine (OEM)"},"content":{"rendered":"<p><img decoding=\"async\" src=\"https:\/\/img.yfisher.com\/m6076\/1725732626jg0\/jpg70-t3-scale100.webp\" alt=\"Filtre hydrophile blanc de haute qualit\u00e9 fabriqu\u00e9 en usine OEM 2\" data-lazy=\"2\" title=\"\"><\/p>\n<p>En raison de sa haute qualit\u00e9 et du co\u00fbt de son adh\u00e9sif, le poly\u00e9thyl\u00e8ne poss\u00e8de des propri\u00e9t\u00e9s sp\u00e9ciales, des propri\u00e9t\u00e9s d'\u00e9longation, et la cha\u00eene et la trame de ses films et de ses divers produits. L'adh\u00e9sion \u00e0 la surface du mat\u00e9riau PE et l'am\u00e9lioration des performances de l'adh\u00e9sif de traitement principal du mat\u00e9riau PE sont principalement obtenues par l'adh\u00e9sion de la surface du mat\u00e9riau PE et des mol\u00e9cules de recherche et de d\u00e9veloppement.<\/p>\n<p>(2) Am\u00e9liorer l'\u00e9nergie de surface du mat\u00e9riau ;<\/p>\n<p>(3) Am\u00e9liorer la rugosit\u00e9 de la surface du produit ;<\/p>\n<p>(4) Enlever la couche superficielle fragile \u00e0 la surface du produit.<\/p>","protected":false},"excerpt":{"rendered":"<table>\n<thead>\n<tr>\n<th>article<\/th>\n<th>d\u00e9tails<\/th>\n<\/tr>\n<\/thead>\n<tbody>\n<tr>\n<td>l'accent mis sur les mat\u00e9riaux<\/td>\n<td>films et produits en poly\u00e9thyl\u00e8ne (PE)<\/td>\n<\/tr>\n<tr>\n<td>objectif<\/td>\n<td>am\u00e9liorer l'adh\u00e9rence et les performances globales du collage\/du rev\u00eatement<\/td>\n<\/tr>\n<tr>\n<td>approche cl\u00e9<\/td>\n<td>traitement de surface + R&amp;D mol\u00e9culaire cibl\u00e9e pour augmenter l'adh\u00e9rence de la surface<\/td>\n<\/tr>\n<tr>\n<td>am\u00e9lioration 1<\/td>\n<td>augmenter l'\u00e9nergie de surface du mat\u00e9riau<\/td>\n<\/tr>\n<tr>\n<td>am\u00e9lioration 2<\/td>\n<td>augmenter la rugosit\u00e9 de la surface du produit<\/td>\n<\/tr>\n<tr>\n<td>am\u00e9lioration 3<\/td>\n<td>\u00e9liminer les couches superficielles fragiles \u00e0 la surface du produit<\/td>\n<\/tr>\n<\/tbody>\n<\/table>","protected":false},"featured_media":2281,"comment_status":"open","ping_status":"closed","template":"","meta":{"_gspb_post_css":""},"product_brand":[],"product_cat":[17,22],"product_tag":[962,957,958,960,959,961],"class_list":{"0":"post-2277","1":"product","2":"type-product","3":"status-publish","4":"has-post-thumbnail","6":"product_cat-sediment-filter","7":"product_cat-sintered-filter-cartridge","8":"product_tag-pe-film-bonding","9":"product_tag-pe-surface-treatment","10":"product_tag-polyethylene-adhesion","11":"product_tag-roughness-enhancement","12":"product_tag-surface-energy-improvement","13":"product_tag-weak-layer-removal","15":"first","16":"instock","17":"shipping-taxable","18":"product-type-simple"},"_links":{"self":[{"href":"https:\/\/lyfilter.com\/fr\/wp-json\/wp\/v2\/product\/2277","targetHints":{"allow":["GET"]}}],"collection":[{"href":"https:\/\/lyfilter.com\/fr\/wp-json\/wp\/v2\/product"}],"about":[{"href":"https:\/\/lyfilter.com\/fr\/wp-json\/wp\/v2\/types\/product"}],"replies":[{"embeddable":true,"href":"https:\/\/lyfilter.com\/fr\/wp-json\/wp\/v2\/comments?post=2277"}],"wp:featuredmedia":[{"embeddable":true,"href":"https:\/\/lyfilter.com\/fr\/wp-json\/wp\/v2\/media\/2281"}],"wp:attachment":[{"href":"https:\/\/lyfilter.com\/fr\/wp-json\/wp\/v2\/media?parent=2277"}],"wp:term":[{"taxonomy":"product_brand","embeddable":true,"href":"https:\/\/lyfilter.com\/fr\/wp-json\/wp\/v2\/product_brand?post=2277"},{"taxonomy":"product_cat","embeddable":true,"href":"https:\/\/lyfilter.com\/fr\/wp-json\/wp\/v2\/product_cat?post=2277"},{"taxonomy":"product_tag","embeddable":true,"href":"https:\/\/lyfilter.com\/fr\/wp-json\/wp\/v2\/product_tag?post=2277"}],"curies":[{"name":"wp","href":"https:\/\/api.w.org\/{rel}","templated":true}]}}