{"id":2274,"date":"2026-01-07T01:30:24","date_gmt":"2026-01-07T01:30:24","guid":{"rendered":"https:\/\/lyfilter.com\/?post_type=product&#038;p=2274"},"modified":"2026-01-07T01:30:24","modified_gmt":"2026-01-07T01:30:24","slug":"stainless-steel-sintered-filter-disc-custom-metal-filter-discs","status":"publish","type":"product","link":"https:\/\/lyfilter.com\/fr\/stainless-steel-sintered-filter-disc-custom-metal-filter-discs\/","title":{"rendered":"Disque filtrant fritt\u00e9 en acier inoxydable Disques filtrants en m\u00e9tal sur mesure"},"content":{"rendered":"<p>Disque filtrant fritt\u00e9 en acier inoxydable Disques filtrants en m\u00e9tal sur mesure<\/p>\n<p>Les filtres \u00e0 disques fritt\u00e9s de Lvyuan sont constitu\u00e9s de r\u00e9seaux de pores tr\u00e8s uniformes et interconnect\u00e9s avec des chemins tortueux qui pi\u00e8gent les particules solides dans les gaz ou les liquides. Excellents filtres en profondeur avec une r\u00e9sistance m\u00e9canique sup\u00e9rieure. L'acier inoxydable de type 316L r\u00e9siste \u00e0 des temp\u00e9ratures allant jusqu'\u00e0 399\u00b0C (750\u00b0F) dans des environnements oxydants et 482\u00b0C (900\u00b0F) dans des environnements r\u00e9ducteurs. Ces filtres peuvent \u00eatre nettoy\u00e9s par d'autres m\u00e9thodes, telles que les bains ultrasoniques ou le rin\u00e7age \u00e0 contre-courant. Si votre application exige une r\u00e9sistance encore plus grande \u00e0 la corrosion, \u00e0 la temp\u00e9rature, \u00e0 l'usure et aux vibrations, d'autres alliages \u00e0 base de nickel sont disponibles. N'h\u00e9sitez pas \u00e0 nous contacter<\/p>\n<p>info@lyfilter.com<\/p>","protected":false},"excerpt":{"rendered":"<table>\n<thead>\n<tr>\n<th>port de d\u00e9part<\/th>\n<th>Guangzhou<\/th>\n<\/tr>\n<\/thead>\n<tbody>\n<tr>\n<td>capacit\u00e9 de production<\/td>\n<td>10000 unit\u00e9s\/mois<\/td>\n<\/tr>\n<tr>\n<td>lieu d'origine<\/td>\n<td>Guangdong, Chine<\/td>\n<\/tr>\n<tr>\n<td>paiement<\/td>\n<td>T\/T, Western Union<\/td>\n<\/tr>\n<tr>\n<td>moq<\/td>\n<td>1 pi\u00e8ce<\/td>\n<\/tr>\n<tr>\n<td>mod\u00e8le<\/td>\n<td>LY-FB<\/td>\n<\/tr>\n<tr>\n<td>d\u00e9lai de livraison<\/td>\n<td>Dans les 7 jours ouvrables<\/td>\n<\/tr>\n<tr>\n<td>certification<\/td>\n<td>ISO 9001<\/td>\n<\/tr>\n<tr>\n<td>marque<\/td>\n<td>OEM\/Lvyuan<\/td>\n<\/tr>\n<\/tbody>\n<\/table>","protected":false},"featured_media":2279,"comment_status":"open","ping_status":"closed","template":"","meta":{"_gspb_post_css":""},"product_brand":[],"product_cat":[17,22],"product_tag":[956,954,289,260,282,953],"class_list":{"0":"post-2274","1":"product","2":"type-product","3":"status-publish","4":"has-post-thumbnail","6":"product_cat-sediment-filter","7":"product_cat-sintered-filter-cartridge","8":"product_tag-1-piece-moq","9":"product_tag-custom-paper-tubes","10":"product_tag-guangzhou-shipping","11":"product_tag-iso-9001","12":"product_tag-oem-lvyuan","13":"product_tag-paper-tube-packaging","15":"first","16":"instock","17":"shipping-taxable","18":"product-type-simple"},"_links":{"self":[{"href":"https:\/\/lyfilter.com\/fr\/wp-json\/wp\/v2\/product\/2274","targetHints":{"allow":["GET"]}}],"collection":[{"href":"https:\/\/lyfilter.com\/fr\/wp-json\/wp\/v2\/product"}],"about":[{"href":"https:\/\/lyfilter.com\/fr\/wp-json\/wp\/v2\/types\/product"}],"replies":[{"embeddable":true,"href":"https:\/\/lyfilter.com\/fr\/wp-json\/wp\/v2\/comments?post=2274"}],"wp:featuredmedia":[{"embeddable":true,"href":"https:\/\/lyfilter.com\/fr\/wp-json\/wp\/v2\/media\/2279"}],"wp:attachment":[{"href":"https:\/\/lyfilter.com\/fr\/wp-json\/wp\/v2\/media?parent=2274"}],"wp:term":[{"taxonomy":"product_brand","embeddable":true,"href":"https:\/\/lyfilter.com\/fr\/wp-json\/wp\/v2\/product_brand?post=2274"},{"taxonomy":"product_cat","embeddable":true,"href":"https:\/\/lyfilter.com\/fr\/wp-json\/wp\/v2\/product_cat?post=2274"},{"taxonomy":"product_tag","embeddable":true,"href":"https:\/\/lyfilter.com\/fr\/wp-json\/wp\/v2\/product_tag?post=2274"}],"curies":[{"name":"wp","href":"https:\/\/api.w.org\/{rel}","templated":true}]}}