{"id":2270,"date":"2026-01-07T01:26:34","date_gmt":"2026-01-07T01:26:34","guid":{"rendered":"https:\/\/lyfilter.com\/?post_type=product&#038;p=2270"},"modified":"2026-05-08T01:23:44","modified_gmt":"2026-05-08T01:23:44","slug":"microns-porous-sinter-filter-tube-plastic-pe","status":"publish","type":"product","link":"https:\/\/lyfilter.com\/fr\/microns-porous-sinter-filter-tube-plastic-pe\/","title":{"rendered":"Microns Porous Sinter Filter Tube Plastic PE"},"content":{"rendered":"<p><strong>Microns Porous Sinter Filter Tube Plastic PE\u00a0<\/strong><\/p>\n<p>Le filtre fritt\u00e9 de Lvyuan est principalement compos\u00e9 de poly\u00e9thyl\u00e8ne \u00e0 poids mol\u00e9culaire ultra \u00e9lev\u00e9 (PE et PA), de polyt\u00e9trafluoro\u00e9thyl\u00e8ne (PTFE), de poudre d'acier inoxydable, de poudre de cuivre fritt\u00e9e et d'autres mat\u00e9riaux. Il est compact, solide, l\u00e9ger, capable de fonctionner sous haute pression, non toxique et insipide, et pr\u00e9sente une bonne r\u00e9sistance \u00e0 la corrosion par les acides, les alcalis et les solvants. La s\u00e9lection des filtres fritt\u00e9s, la s\u00e9curit\u00e9 du travail, l'am\u00e9lioration de l'environnement de production et la petite surface, la surface de filtration du flux de liquide sous n'importe quelle s\u00e9lection (1 - 200m2), conviennent particuli\u00e8rement au traitement des eaux us\u00e9es, \u00e0 la fabrication de produits chimiques, aux produits pharmaceutiques, aux produits alimentaires et \u00e0 d'autres types de filtration de liquides.<\/p>\n<p><img decoding=\"async\" src=\"https:\/\/img.yfisher.com\/m6076\/1725732617lty\/png70-t3-scale100.webp\" alt=\"Microns Porous Sinter Filter Tube Plastic PE 2\" data-lazy=\"2\" title=\"\"><\/p>\n<p><strong>Test hydrophobe et hydrophile<\/strong><\/p>\n<p><img decoding=\"async\" src=\"https:\/\/img.yfisher.com\/m6076\/1725732617qyx\/png70-t3-scale100.webp\" alt=\"Microns Porous Sinter Filter Tube Plastic PE 3\" data-lazy=\"2\" title=\"\"><\/p>\n<p><img decoding=\"async\" src=\"https:\/\/img.yfisher.com\/m6076\/172573261772x\/png70-t3-scale100.webp\" alt=\"Microns Porous Sinter Filter Tube Plastic PE 4\" data-lazy=\"2\" title=\"\"><\/p>\n<p>Si nos tailles standard ne r\u00e9pondent pas \u00e0 vos besoins, vous pouvez commander des tailles personnalis\u00e9es. Vos \u00e9chantillons de prototypes de tailles personnalis\u00e9es seront disponibles rapidement.<\/p>","protected":false},"excerpt":{"rendered":"<table>\n<thead>\n<tr>\n<th>article<\/th>\n<th>d\u00e9tails<\/th>\n<\/tr>\n<\/thead>\n<tbody>\n<tr>\n<td>port de d\u00e9part<\/td>\n<td>Guangzhou<\/td>\n<\/tr>\n<tr>\n<td>capacit\u00e9 de production<\/td>\n<td>10000 unit\u00e9s\/mois<\/td>\n<\/tr>\n<tr>\n<td>lieu d'origine<\/td>\n<td>Guangdong, Chine<\/td>\n<\/tr>\n<tr>\n<td>paiement<\/td>\n<td>Western Union, Alibaba Trade Assurance<\/td>\n<\/tr>\n<tr>\n<td>moq<\/td>\n<td>1 pi\u00e8ce<\/td>\n<\/tr>\n<tr>\n<td>mod\u00e8le<\/td>\n<td>LY-FB<\/td>\n<\/tr>\n<tr>\n<td>d\u00e9lai de livraison<\/td>\n<td>Dans les 7 jours ouvrables<\/td>\n<\/tr>\n<tr>\n<td>certification<\/td>\n<td>ISO 9001<\/td>\n<\/tr>\n<tr>\n<td>marque<\/td>\n<td>OEM\/Lvyuan<\/td>\n<\/tr>\n<\/tbody>\n<\/table>","protected":false},"featured_media":2273,"comment_status":"open","ping_status":"closed","template":"","meta":{"_gspb_post_css":""},"product_brand":[],"product_cat":[17,22],"product_tag":[956,954,289,260,282,953],"class_list":{"0":"post-2270","1":"product","2":"type-product","3":"status-publish","4":"has-post-thumbnail","6":"product_cat-sediment-filter","7":"product_cat-sintered-filter-cartridge","8":"product_tag-1-piece-moq","9":"product_tag-custom-paper-tubes","10":"product_tag-guangzhou-shipping","11":"product_tag-iso-9001","12":"product_tag-oem-lvyuan","13":"product_tag-paper-tube-packaging","15":"first","16":"instock","17":"shipping-taxable","18":"product-type-simple"},"_links":{"self":[{"href":"https:\/\/lyfilter.com\/fr\/wp-json\/wp\/v2\/product\/2270","targetHints":{"allow":["GET"]}}],"collection":[{"href":"https:\/\/lyfilter.com\/fr\/wp-json\/wp\/v2\/product"}],"about":[{"href":"https:\/\/lyfilter.com\/fr\/wp-json\/wp\/v2\/types\/product"}],"replies":[{"embeddable":true,"href":"https:\/\/lyfilter.com\/fr\/wp-json\/wp\/v2\/comments?post=2270"}],"wp:featuredmedia":[{"embeddable":true,"href":"https:\/\/lyfilter.com\/fr\/wp-json\/wp\/v2\/media\/2273"}],"wp:attachment":[{"href":"https:\/\/lyfilter.com\/fr\/wp-json\/wp\/v2\/media?parent=2270"}],"wp:term":[{"taxonomy":"product_brand","embeddable":true,"href":"https:\/\/lyfilter.com\/fr\/wp-json\/wp\/v2\/product_brand?post=2270"},{"taxonomy":"product_cat","embeddable":true,"href":"https:\/\/lyfilter.com\/fr\/wp-json\/wp\/v2\/product_cat?post=2270"},{"taxonomy":"product_tag","embeddable":true,"href":"https:\/\/lyfilter.com\/fr\/wp-json\/wp\/v2\/product_tag?post=2270"}],"curies":[{"name":"wp","href":"https:\/\/api.w.org\/{rel}","templated":true}]}}