{"id":2266,"date":"2026-01-07T01:16:53","date_gmt":"2026-01-07T01:16:53","guid":{"rendered":"https:\/\/lyfilter.com\/?post_type=product&#038;p=2266"},"modified":"2026-01-07T01:16:53","modified_gmt":"2026-01-07T01:16:53","slug":"plastic-sintered-liquid-cartridge-filter-industrial-waste-water-gas-air-treatment","status":"publish","type":"product","link":"https:\/\/lyfilter.com\/fr\/plastic-sintered-liquid-cartridge-filter-industrial-waste-water-gas-air-treatment\/","title":{"rendered":"Filtre \u00e0 cartouche fritt\u00e9e en plastique pour liquides Traitement industriel des eaux us\u00e9es, des gaz et de l'air"},"content":{"rendered":"<div class=\"unit-detail-html-tabs__content-attr\">\n<div class=\"unit-product-attrparam\">\n<div class=\"unit-product-attrparam__items row\">\n<div class=\"col-12 col-md-6\">\n<div class=\"unit-product-attrparam__item\">\n<div class=\"unit-product-attrparam__label\">Mat\u00e9riau<\/div>\n<div class=\"unit-product-attrparam__value\" title=\"pe \">pe<\/div>\n<\/div>\n<\/div>\n<div class=\"col-12 col-md-6\">\n<div class=\"unit-product-attrparam__item\">\n<div class=\"unit-product-attrparam__label\">Disponibilit\u00e9<\/div>\n<div class=\"unit-product-attrparam__value\" title=\"OEM\">OEM<\/div>\n<\/div>\n<\/div>\n<\/div>\n<\/div>\n<\/div>\n<div class=\"unit-detail-html-tabs__content-featuresAttr\"><\/div>\n<div class=\"unit-detail-html-tabs__content-html\">\n<div>\n<div id=\"detail_decorate_root\" data-host=\"112190218\" data-id=\"detail_decorate_root\" data-magic-global=\"%7B%22bizId%22%3A17381045746%2C%22pageId%22%3A5101297240%2C%22siteId%22%3A5005126472%7D\">\n<div class=\"J_module\">\n<div class=\"detail-decorate-json-renderer-container\">\n<div class=\"magic-0\">\n<h3 class=\"magic-1\" data-id=\"title0\">Filtre \u00e0 cartouche fritt\u00e9e en plastique pour liquides Traitement industriel des eaux us\u00e9es, des gaz et de l'air<\/h3>\n<\/div>\n<\/div>\n<\/div>\n<div class=\"J_module\">\n<div class=\"detail-decorate-json-renderer-container\">\n<div class=\"magic-0\">\n<div class=\"magic-2\">\n<div class=\"magic-3\">\n<div class=\"magic-4\" data-id=\"paragraph0\">Lvyuan produit une large gamme de filtres en plastique poreux fritt\u00e9, notamment en PE, PEHD, PTFE, PVDF, PA, Nylon 6, fibre de verre, sous forme de tube, tige, bougie, feuille, plaque, disque, b\u00e2ton, etc. Avec des taux de filtration, des formes et des caract\u00e9ristiques vari\u00e9s, les cartouches filtrantes en plastique poreux fritt\u00e9 sont largement utilis\u00e9es dans le traitement de l'eau, l'ing\u00e9nierie chimique, le traitement m\u00e9dical, l'automobile, la protection de l'environnement et d'autres industries, telles que le s\u00e9parateur d'huile et d'eau et le silencieux, l'alcootest, le bouchon aveugle pour le traitement m\u00e9dical, le dispositif de filtrage du sirop et de la graisse, les tranches anti-explosion pour la batterie industrielle, les tranches r\u00e9sistantes \u00e0 l'acide pour la batterie automobile, le traitement des eaux us\u00e9es, le syst\u00e8me de filtrage pour la purification de l'eau et plus encore. Les filtres platiques poreux fritt\u00e9s de Lvyuan peuvent r\u00e9pondre aux exigences de diff\u00e9rents clients. Des formes moul\u00e9es sur mesure sont disponibles.<\/div>\n<\/div>\n<\/div>\n<\/div>\n<\/div>\n<\/div>\n<div class=\"J_module\">\n<div id=\"ali-anchor-AliMagic-9dmlpd\" class=\"magic-5\" data-section=\"AliMagic-9dmlpd\" data-section-title=\"Product Feature\">Caract\u00e9ristiques du produit<\/div>\n<\/div>\n<div class=\"J_module\">\n<div class=\"detail-decorate-json-renderer-container\">\n<div class=\"magic-0\">\n<div class=\"magic-2\">\n<div class=\"magic-3\">\n<div class=\"magic-4\">1. Haute porosit\u00e9 pour assurer un plus grand d\u00e9bit par unit\u00e9 de surface ; 2. surface ext\u00e9rieure lisse, les impuret\u00e9s n'adh\u00e8rent pas facilement, le lavage \u00e0 contre-courant est facile et complet ; 3. capacit\u00e9 anti-salissure : la petite taille du filtre fait que les impuret\u00e9s ne peuvent pas \u00eatre retenues dans le corps du filtre ; 4. r\u00e9sistance \u00e0 la corrosion par les acides forts et les alcalis, r\u00e9sistance aux solvants organiques ; 5. excellentes propri\u00e9t\u00e9s m\u00e9caniques ; 6. aucune particule ne se lib\u00e8re. 7. Large gamme de produits et vaste champ d'application<\/div>\n<\/div>\n<\/div>\n<\/div>\n<\/div>\n<\/div>\n<div class=\"J_module\">\n<div class=\"ife-detail-decorate-table\">\n<div class=\"table-responsive\">\n<table class=\"hight-light-first-column all magic-19\">\n<tbody>\n<tr class=\"firstRow\">\n<td colspan=\"1\" rowspan=\"1\">\n<div class=\"magic-20\">M\u00e9dia filtrant<\/div>\n<\/td>\n<td colspan=\"1\" rowspan=\"1\">\n<div class=\"magic-21\">PE, PEHD, PTFE, PVDF, PA\/Nylon, etc.<\/div>\n<\/td>\n<\/tr>\n<tr>\n<td colspan=\"1\" rowspan=\"1\">\n<div class=\"magic-20\">Taux de micron<\/div>\n<\/td>\n<td colspan=\"1\" rowspan=\"1\">\n<div class=\"magic-21\">0,2um, 0,5um, 1um, 3um, 5um, 10um, 25um, 30um, 50um, 75um, 100um, etc.<\/div>\n<\/td>\n<\/tr>\n<tr>\n<td colspan=\"1\" rowspan=\"1\">\n<div class=\"magic-20\">Dimension de r\u00e9f\u00e9rence<\/p>\n<div>(mm)<\/div>\n<\/div>\n<\/td>\n<td colspan=\"1\" rowspan=\"1\">\n<div class=\"magic-21\">31x12x1000, 31x20x1000, 38x20x1000, 38x18x1000, 38x20x1200, 38x20x1300, 38x20x150, 38x20x400, 38x20x250, 38x20x200, 38x20x180,<br \/>\n38x20x150, 50x20x1000, 50x31x1000, 50x38x1000, 65x31x1000, 65x38x1000, 64x44x1000, 78x62x750mm, etc.<\/div>\n<\/td>\n<\/tr>\n<tr>\n<td colspan=\"1\" rowspan=\"1\">\n<div class=\"magic-20\">Type de connecteur<\/div>\n<\/td>\n<td colspan=\"1\" rowspan=\"1\">\n<div class=\"magic-21\">DOE, SOE, plat, insert, filetage, 226, 222, 215, M36, M30, M27, M25, M22, M14, M12, ou selon la demande.<\/div>\n<\/td>\n<\/tr>\n<tr>\n<td colspan=\"1\" rowspan=\"1\">\n<div class=\"magic-20\">Temp\u00e9rature de fonctionnement maximale<\/div>\n<\/td>\n<td colspan=\"1\" rowspan=\"1\">\n<div class=\"magic-21\">PE\u226482\u2103 ; PTFE\u2265200\u2103 ; PA\u2264120\u2103<\/div>\n<\/td>\n<\/tr>\n<\/tbody>\n<\/table>\n<\/div>\n<p><img decoding=\"async\" src=\"https:\/\/img.yfisher.com\/m6076\/17257326026ld\/jpg70-t3-scale100.webp\" alt=\"Filtre \u00e0 cartouche fritt\u00e9e en plastique pour liquides Traitement industriel des eaux us\u00e9es, des gaz et de l&#039;air 2\" data-lazy=\"2\" title=\"\"><\/p>\n<\/div>\n<\/div>\n<div class=\"J_module\">\n<div class=\"detail-decorate-json-renderer-container\">\n<div class=\"magic-0\">\n<h3 class=\"magic-1\" data-id=\"title0\">M\u00e9dical et pharmaceutique<\/h3>\n<div class=\"magic-2\">\n<div class=\"magic-3\">\n<div class=\"magic-4\" data-id=\"paragraph0\">1. \u00c9limination des impuret\u00e9s, d\u00e9carbonisation et filtration fine. 2. S\u00e9chage des gaz acides 3. Filtration de la d\u00e9carbonisation 4. Filtres auto-obturant dans un sac d'aspiration<\/div>\n<\/div>\n<\/div>\n<\/div>\n<\/div>\n<\/div>\n<div class=\"J_module\">\n<div class=\"detail-decorate-json-renderer-container\">\n<div class=\"magic-0\">\n<h3 class=\"magic-1\" data-id=\"title0\">Alimentation et boissons<\/h3>\n<div class=\"magic-2\">\n<div class=\"magic-3\">\n<div class=\"magic-4\" data-id=\"paragraph0\">1. Filtration des levures restantes et des diatom\u00e9es 2. Filtration de la clarification dans les boissons 3. Filtration de l'eau dans les boissons et les brasseries 4. Filtration de l'air st\u00e9rile dans la bi\u00e8re et la brasserie<\/div>\n<\/div>\n<\/div>\n<\/div>\n<\/div>\n<\/div>\n<div class=\"J_module\">\n<div class=\"detail-decorate-json-renderer-container\">\n<div class=\"magic-0\">\n<h3 class=\"magic-1\" data-id=\"title0\">P\u00e9trole et gaz<\/h3>\n<div class=\"magic-2\">\n<div class=\"magic-3\">\n<div class=\"magic-4\" data-id=\"paragraph0\">1. Filtration du recyclage des solvants organiques 2. Filtration de l'eau d'injection 3. Filtration de la vapeur, de l'air comprim\u00e9 et du catalyseur 4. Filtration du produit final<\/div>\n<\/div>\n<\/div>\n<\/div>\n<\/div>\n<\/div>\n<div class=\"J_module\">\n<div class=\"detail-decorate-json-renderer-container\">\n<div class=\"magic-0\">\n<h3 class=\"magic-1\" data-id=\"title0\">Chimique<\/h3>\n<div class=\"magic-2\">\n<div class=\"magic-3\">\n<div class=\"magic-4\" data-id=\"paragraph0\">1. R\u00e9cup\u00e9ration du catalyseur 2. D\u00e9carbonisation interm\u00e9diaire de la m\u00e9decine et filtration fine 3. Filtration du proc\u00e9d\u00e9 H2O2<\/div>\n<\/div>\n<\/div>\n<\/div>\n<\/div>\n<\/div>\n<div class=\"J_module\">\n<div class=\"detail-decorate-json-renderer-container\">\n<div class=\"magic-0\">\n<h3 class=\"magic-1\" data-id=\"title0\">Traitement de l'eau<\/h3>\n<div class=\"magic-2\">\n<div class=\"magic-3\">\n<div class=\"magic-4\" data-id=\"paragraph0\">1. Protection de l'osmose inverse dans le dessalement de l'eau de mer 2. Filtration st\u00e9rile \u00e0 l'ozone et a\u00e9ration \u00e0 l'ozone 3. Protection des syst\u00e8mes d'ultrafiltration, d'OI, d'EDI<\/div>\n<\/div>\n<\/div>\n<\/div>\n<\/div>\n<\/div>\n<div class=\"J_module\">\n<div class=\"detail-decorate-json-renderer-container\">\n<div class=\"magic-0\">\n<h3 class=\"magic-1\" data-id=\"title0\">L'industrie<\/h3>\n<div class=\"magic-2\">\n<div class=\"magic-3\">\n<div class=\"magic-4\" data-id=\"paragraph0\">1. Filtres dans les syst\u00e8mes d'analyse des gaz de combustion et les syst\u00e8mes CEMS 2. A\u00e9ration de l'air 3. Silencieux et att\u00e9nuateurs de bruit 4. Filtration de l'air comprim\u00e9 5. Filtres pour instruments en m\u00e9tal poreux CMI<\/div>\n<\/div>\n<\/div>\n<\/div>\n<\/div>\n<\/div>\n<div class=\"J_module\">\n<div id=\"ali-anchor-AliMagic-q1wbbq\" class=\"magic-5\" data-section=\"AliMagic-q1wbbq\" data-section-title=\"Certifications\">Certifications<\/div>\n<\/div>\n<\/div>\n<\/div>\n<\/div>","protected":false},"excerpt":{"rendered":"<table>\n<thead>\n<tr>\n<th>article<\/th>\n<th>d\u00e9tails<\/th>\n<\/tr>\n<\/thead>\n<tbody>\n<tr>\n<td>port de d\u00e9part<\/td>\n<td>Guangzhou<\/td>\n<\/tr>\n<tr>\n<td>capacit\u00e9 de production<\/td>\n<td>10000 unit\u00e9s\/mois<\/td>\n<\/tr>\n<tr>\n<td>lieu d'origine<\/td>\n<td>Guangdong, Chine<\/td>\n<\/tr>\n<tr>\n<td>paiement<\/td>\n<td>T\/T, Alibaba Trade Assurance, paypal<\/td>\n<\/tr>\n<tr>\n<td>moq<\/td>\n<td>1 pi\u00e8ce<\/td>\n<\/tr>\n<tr>\n<td>mod\u00e8le<\/td>\n<td>LY-HFPL<\/td>\n<\/tr>\n<tr>\n<td>d\u00e9lai de livraison<\/td>\n<td>Dans les 7 jours ouvrables<\/td>\n<\/tr>\n<tr>\n<td>certification<\/td>\n<td>ISO 9001<\/td>\n<\/tr>\n<tr>\n<td>marque<\/td>\n<td>OEM\/Lvyuan<\/td>\n<\/tr>\n<\/tbody>\n<\/table>","protected":false},"featured_media":2268,"comment_status":"open","ping_status":"closed","template":"","meta":{"_gspb_post_css":""},"product_brand":[],"product_cat":[17,22],"product_tag":[954,289,260,280,955,953],"class_list":{"0":"post-2266","1":"product","2":"type-product","3":"status-publish","4":"has-post-thumbnail","6":"product_cat-sediment-filter","7":"product_cat-sintered-filter-cartridge","8":"product_tag-custom-paper-tubes","9":"product_tag-guangzhou-shipping","10":"product_tag-iso-9001","11":"product_tag-low-moq","12":"product_tag-oem-packaging","13":"product_tag-paper-tube-packaging","15":"first","16":"instock","17":"shipping-taxable","18":"product-type-simple"},"_links":{"self":[{"href":"https:\/\/lyfilter.com\/fr\/wp-json\/wp\/v2\/product\/2266","targetHints":{"allow":["GET"]}}],"collection":[{"href":"https:\/\/lyfilter.com\/fr\/wp-json\/wp\/v2\/product"}],"about":[{"href":"https:\/\/lyfilter.com\/fr\/wp-json\/wp\/v2\/types\/product"}],"replies":[{"embeddable":true,"href":"https:\/\/lyfilter.com\/fr\/wp-json\/wp\/v2\/comments?post=2266"}],"wp:featuredmedia":[{"embeddable":true,"href":"https:\/\/lyfilter.com\/fr\/wp-json\/wp\/v2\/media\/2268"}],"wp:attachment":[{"href":"https:\/\/lyfilter.com\/fr\/wp-json\/wp\/v2\/media?parent=2266"}],"wp:term":[{"taxonomy":"product_brand","embeddable":true,"href":"https:\/\/lyfilter.com\/fr\/wp-json\/wp\/v2\/product_brand?post=2266"},{"taxonomy":"product_cat","embeddable":true,"href":"https:\/\/lyfilter.com\/fr\/wp-json\/wp\/v2\/product_cat?post=2266"},{"taxonomy":"product_tag","embeddable":true,"href":"https:\/\/lyfilter.com\/fr\/wp-json\/wp\/v2\/product_tag?post=2266"}],"curies":[{"name":"wp","href":"https:\/\/api.w.org\/{rel}","templated":true}]}}