{"id":2254,"date":"2026-01-06T10:22:45","date_gmt":"2026-01-06T10:22:45","guid":{"rendered":"https:\/\/lyfilter.com\/?post_type=product&#038;p=2254"},"modified":"2026-01-06T10:22:45","modified_gmt":"2026-01-06T10:22:45","slug":"silencer-solenoid-valve-muffler-pneumatic-muffler-air-quick-exhaust-muffler-absorb-noise-reduce-filter","status":"publish","type":"product","link":"https:\/\/lyfilter.com\/fr\/silencer-solenoid-valve-muffler-pneumatic-muffler-air-quick-exhaust-muffler-absorb-noise-reduce-filter\/","title":{"rendered":"Silencieux \u00c9lectrovanne Silencieux Pneumatique Silencieux Air Rapide Silencieux d'\u00e9chappement Absorber le bruit R\u00e9duire le bruit Filtre"},"content":{"rendered":"<div class=\"unit-detail-html-tabs__content-attr\">\n<div class=\"unit-product-attrparam\">\n<div class=\"unit-product-attrparam__items row\">\n<div class=\"col-12 col-md-6\">\n<div class=\"unit-product-attrparam__item\">\n<div class=\"unit-product-attrparam__label\">Mat\u00e9riau : pe<br \/>\nDisponibilit\u00e9 : OEM\/ODM<\/div>\n<\/div>\n<\/div>\n<\/div>\n<\/div>\n<\/div>\n<div class=\"unit-detail-html-tabs__content-featuresAttr\"><\/div>\n<div class=\"unit-detail-html-tabs__content-html\">\n<div class=\"J_module\">\n<div class=\"detail-decorate-json-renderer-container\">\n<div class=\"magic-3\">\n<div class=\"magic-4\" data-spm-anchor-id=\"a2700.details.0.i28.57886adf9zMyVE\">\n<div class=\"magic-5\">\n<div class=\"magic-6\">Caract\u00e9ristiques<\/p>\n<div><span class=\"magic-8\">- Le pas moyen des pores est variable, de 1 \u00b5m \u00e0 250 \u00b5m. - Ce sont des silencieux de profondeur dont l'efficacit\u00e9 est tr\u00e8s \u00e9lev\u00e9e. - Ils travaillent \u00e0 haute temp\u00e9rature et \u00e0 haute pression sans d\u00e9formation. - La r\u00e9sistance chimique est bonne. - Les silencieux peuvent \u00eatre soud\u00e9s et usin\u00e9s apr\u00e8s leur mise en forme finale, ce qui permet de les adapter \u00e0 des assemblages sp\u00e9cifiques.<\/span><\/div>\n<\/div>\n<\/div>\n<\/div>\n<\/div>\n<\/div>\n<\/div>\n<div class=\"J_module\">\n<div class=\"detail-decorate-json-renderer-container\">\n<div class=\"magic-3\">\n<div class=\"magic-4\">\n<div class=\"magic-5\">\n<div class=\"magic-6\">\n<div><\/div>\n<p>Application<\/p>\n<div>1. Utilis\u00e9 pour supprimer le bruit de l'\u00e9chappement d'air, appliqu\u00e9 \u00e0 l'orifice d'\u00e9chappement de la machine.<br \/>\n2. Excellent effet de suppression du bruit.<br \/>\n3. Plusieurs options de mat\u00e9riaux (laiton, acier inoxydable, plastique).<br \/>\n4. La conception compacte convient \u00e0 l'installation dans des espaces restreints.<\/p>\n<div><\/div>\n<div>\n<div>\n<div><\/div>\n<\/div>\n<\/div>\n<\/div>\n<\/div>\n<\/div>\n<\/div>\n<\/div>\n<\/div>\n<\/div>\n<div class=\"J_module\">\n<div class=\"ife-detail-decorate-table\">\n<div class=\"table-responsive\">\n<table class=\"is-zebra all magic-14\" width=\"750\">\n<tbody>\n<tr class=\"firstRow\">\n<td colspan=\"1\" rowspan=\"1\" height=\"20\">\n<div class=\"magic-15\">\n<div class=\"magic-16\" data-spm-anchor-id=\"a2700.pc-decorate.0.i58.83213333ztJarr\">Mod\u00e8le<\/div>\n<\/div>\n<\/td>\n<td colspan=\"1\" rowspan=\"1\" height=\"20\">\n<div class=\"magic-17\">\n<div class=\"magic-16\">Fil<\/div>\n<\/div>\n<\/td>\n<td colspan=\"1\" rowspan=\"1\" height=\"20\">\n<div class=\"magic-15\">\n<div class=\"magic-16\">S<\/div>\n<\/div>\n<\/td>\n<\/tr>\n<tr>\n<td colspan=\"1\" rowspan=\"1\" height=\"20\">\n<div class=\"magic-18\">\n<div class=\"magic-16\">PSU M5<\/div>\n<\/div>\n<\/td>\n<td colspan=\"1\" rowspan=\"1\" height=\"20\">\n<div class=\"magic-19\">\n<div class=\"magic-16\" data-spm-anchor-id=\"a2700.pc-decorate.0.i31.48933333wAodNt\">M5<\/div>\n<\/div>\n<\/td>\n<td colspan=\"1\" rowspan=\"1\" height=\"20\">\n<div class=\"magic-18\">\n<div class=\"magic-16\">10<\/div>\n<\/div>\n<\/td>\n<\/tr>\n<tr>\n<td colspan=\"1\" rowspan=\"1\" height=\"20\">\n<div class=\"magic-15\">\n<div class=\"magic-16\" data-spm-anchor-id=\"a2700.pc-decorate.0.i22.83213333ztJarr\">PSU 06<\/div>\n<\/div>\n<\/td>\n<td colspan=\"1\" rowspan=\"1\" height=\"20\">\n<div class=\"magic-17\">\n<div class=\"magic-16\" data-spm-anchor-id=\"a2700.pc-decorate.0.i42.83213333ztJarr\">1\/8\u2033<\/div>\n<\/div>\n<\/td>\n<td colspan=\"1\" rowspan=\"1\" height=\"20\">\n<div class=\"magic-15\">\n<div class=\"magic-16\" data-spm-anchor-id=\"a2700.pc-decorate.0.i17.48933333wAodNt\">15<\/div>\n<\/div>\n<\/td>\n<\/tr>\n<tr>\n<td colspan=\"1\" rowspan=\"1\" height=\"20\">\n<div class=\"magic-15\">\n<div class=\"magic-16\" data-spm-anchor-id=\"a2700.pc-decorate.0.i23.83213333ztJarr\">PSU 08<\/div>\n<\/div>\n<\/td>\n<td colspan=\"1\" rowspan=\"1\" height=\"20\">\n<div class=\"magic-17\">\n<div class=\"magic-16\" data-spm-anchor-id=\"a2700.pc-decorate.0.i43.83213333ztJarr\">1\/4\u2033<\/div>\n<\/div>\n<\/td>\n<td colspan=\"1\" rowspan=\"1\" height=\"20\">\n<div class=\"magic-15\">\n<div class=\"magic-16\" data-spm-anchor-id=\"a2700.pc-decorate.0.i18.48933333wAodNt\">20<\/div>\n<\/div>\n<\/td>\n<\/tr>\n<tr>\n<td colspan=\"1\" rowspan=\"1\" height=\"20\">\n<div class=\"magic-15\">\n<div class=\"magic-16\" data-spm-anchor-id=\"a2700.pc-decorate.0.i24.83213333ztJarr\">PSU 10<\/div>\n<\/div>\n<\/td>\n<td colspan=\"1\" rowspan=\"1\" height=\"20\">\n<div class=\"magic-17\">\n<div class=\"magic-16\" data-spm-anchor-id=\"a2700.pc-decorate.0.i44.83213333ztJarr\">3\/8\u2033<\/div>\n<\/div>\n<\/td>\n<td colspan=\"1\" rowspan=\"1\" height=\"20\">\n<div class=\"magic-15\">\n<div class=\"magic-16\" data-spm-anchor-id=\"a2700.pc-decorate.0.i19.48933333wAodNt\">25<\/div>\n<\/div>\n<\/td>\n<\/tr>\n<tr>\n<td colspan=\"1\" rowspan=\"1\" height=\"20\">\n<div class=\"magic-15\">\n<div class=\"magic-16\" data-spm-anchor-id=\"a2700.pc-decorate.0.i25.83213333ztJarr\">PSU 15<\/div>\n<\/div>\n<\/td>\n<td colspan=\"1\" rowspan=\"1\" height=\"20\">\n<div class=\"magic-17\">\n<div class=\"magic-16\" data-spm-anchor-id=\"a2700.pc-decorate.0.i45.83213333ztJarr\">1\/2\u2033<\/div>\n<\/div>\n<\/td>\n<td colspan=\"1\" rowspan=\"1\" height=\"20\">\n<div class=\"magic-15\">\n<div class=\"magic-16\" data-spm-anchor-id=\"a2700.pc-decorate.0.i20.48933333wAodNt\">30<\/div>\n<\/div>\n<\/td>\n<\/tr>\n<tr>\n<td colspan=\"1\" rowspan=\"1\" height=\"20\">\n<div class=\"magic-15\">\n<div class=\"magic-16\" data-spm-anchor-id=\"a2700.pc-decorate.0.i26.83213333ztJarr\">PSU 20<\/div>\n<\/div>\n<\/td>\n<td colspan=\"1\" rowspan=\"1\" height=\"20\">\n<div class=\"magic-17\">\n<div class=\"magic-16\" data-spm-anchor-id=\"a2700.pc-decorate.0.i46.83213333ztJarr\">3\/4\u2033<\/div>\n<\/div>\n<\/td>\n<td colspan=\"1\" rowspan=\"1\" height=\"20\">\n<div class=\"magic-15\">\n<div class=\"magic-16\" data-spm-anchor-id=\"a2700.pc-decorate.0.i21.48933333wAodNt\">45<\/div>\n<\/div>\n<\/td>\n<\/tr>\n<tr>\n<td colspan=\"1\" rowspan=\"1\" height=\"20\">\n<div class=\"magic-15\">\n<div class=\"magic-16\" data-spm-anchor-id=\"a2700.pc-decorate.0.i14.c47b3333DMCZ14\">PSU 25<\/div>\n<\/div>\n<\/td>\n<td colspan=\"1\" rowspan=\"1\" height=\"20\">\n<div class=\"magic-17\">\n<div class=\"magic-16\">1\u201c<\/div>\n<\/div>\n<\/td>\n<td colspan=\"1\" rowspan=\"1\" height=\"20\">\n<div class=\"magic-15\">\n<div class=\"magic-16\" data-spm-anchor-id=\"a2700.pc-decorate.0.i22.48933333wAodNt\">45<\/div>\n<\/div>\n<\/td>\n<\/tr>\n<\/tbody>\n<\/table>\n<\/div>\n<\/div>\n<\/div>\n<p><img decoding=\"async\" src=\"https:\/\/img.yfisher.com\/m6076\/1725732595lo1\/png70-t3-scale100.webp\" alt=\"Silencieux \u00c9lectrovanne Silencieux Pneumatique Silencieux Air Rapide Silencieux d&#039;\u00e9chappement Absorber le bruit R\u00e9duire le bruit Filtre 2\" data-lazy=\"2\" title=\"\"><\/p>\n<\/div>","protected":false},"excerpt":{"rendered":"<table>\n<thead>\n<tr>\n<th>article<\/th>\n<th>d\u00e9tails<\/th>\n<\/tr>\n<\/thead>\n<tbody>\n<tr>\n<td>port de d\u00e9part<\/td>\n<td>guangzhou<\/td>\n<\/tr>\n<tr>\n<td>capacit\u00e9 de production<\/td>\n<td>10000 unit\u00e9s\/mois<\/td>\n<\/tr>\n<tr>\n<td>lieu d'origine<\/td>\n<td>guangdong, chine<\/td>\n<\/tr>\n<tr>\n<td>paiement<\/td>\n<td>t\/t<\/td>\n<\/tr>\n<tr>\n<td>mod\u00e8le<\/td>\n<td>ly-hfpl<\/td>\n<\/tr>\n<tr>\n<td>d\u00e9lai de livraison<\/td>\n<td>dans les 7 jours ouvrables<\/td>\n<\/tr>\n<tr>\n<td>certification<\/td>\n<td>iso 9001<\/td>\n<\/tr>\n<tr>\n<td>marque<\/td>\n<td>oem\/lvyuan<\/td>\n<\/tr>\n<\/tbody>\n<\/table>","protected":false},"featured_media":2261,"comment_status":"open","ping_status":"closed","template":"","meta":{"_gspb_post_css":""},"product_brand":[],"product_cat":[17,22],"product_tag":[261,262,260,268,282,946],"class_list":{"0":"post-2254","1":"product","2":"type-product","3":"status-publish","4":"has-post-thumbnail","6":"product_cat-sediment-filter","7":"product_cat-sintered-filter-cartridge","8":"product_tag-guangdong-china","9":"product_tag-guangzhou-port","10":"product_tag-iso-9001","11":"product_tag-ly-hfpl","12":"product_tag-oem-lvyuan","13":"product_tag-t-t-payment","15":"first","16":"instock","17":"shipping-taxable","18":"product-type-simple"},"_links":{"self":[{"href":"https:\/\/lyfilter.com\/fr\/wp-json\/wp\/v2\/product\/2254","targetHints":{"allow":["GET"]}}],"collection":[{"href":"https:\/\/lyfilter.com\/fr\/wp-json\/wp\/v2\/product"}],"about":[{"href":"https:\/\/lyfilter.com\/fr\/wp-json\/wp\/v2\/types\/product"}],"replies":[{"embeddable":true,"href":"https:\/\/lyfilter.com\/fr\/wp-json\/wp\/v2\/comments?post=2254"}],"wp:featuredmedia":[{"embeddable":true,"href":"https:\/\/lyfilter.com\/fr\/wp-json\/wp\/v2\/media\/2261"}],"wp:attachment":[{"href":"https:\/\/lyfilter.com\/fr\/wp-json\/wp\/v2\/media?parent=2254"}],"wp:term":[{"taxonomy":"product_brand","embeddable":true,"href":"https:\/\/lyfilter.com\/fr\/wp-json\/wp\/v2\/product_brand?post=2254"},{"taxonomy":"product_cat","embeddable":true,"href":"https:\/\/lyfilter.com\/fr\/wp-json\/wp\/v2\/product_cat?post=2254"},{"taxonomy":"product_tag","embeddable":true,"href":"https:\/\/lyfilter.com\/fr\/wp-json\/wp\/v2\/product_tag?post=2254"}],"curies":[{"name":"wp","href":"https:\/\/api.w.org\/{rel}","templated":true}]}}