{"id":2248,"date":"2026-01-06T10:18:37","date_gmt":"2026-01-06T10:18:37","guid":{"rendered":"https:\/\/lyfilter.com\/?post_type=product&#038;p=2248"},"modified":"2026-01-06T10:18:38","modified_gmt":"2026-01-06T10:18:38","slug":"hospital-chemical-filter-0-45-5-1-10-microns-pe-polyethylene-powder-sintered-filter","status":"publish","type":"product","link":"https:\/\/lyfilter.com\/fr\/hospital-chemical-filter-0-45-5-1-10-microns-pe-polyethylene-powder-sintered-filter\/","title":{"rendered":"Filtre chimique hospitalier 0.45 5 1 10 Microns PE Polyethylene Powder Sintered Filter"},"content":{"rendered":"<div class=\"unit-detail-html-tabs__content-attr\">\n<div class=\"unit-product-attrparam\">\n<div class=\"unit-product-attrparam__items row\">\n<div class=\"col-12 col-md-6\">\n<div class=\"unit-product-attrparam__item\">\n<div class=\"unit-product-attrparam__label\">Disponibilit\u00e9<\/div>\n<div class=\"unit-product-attrparam__value\" title=\"OEM\">OEM<\/div>\n<\/div>\n<\/div>\n<\/div>\n<\/div>\n<\/div>\n<div class=\"unit-detail-html-tabs__content-featuresAttr\"><\/div>\n<div class=\"unit-detail-html-tabs__content-html\">\n<div>\n<div>\n<div id=\"myybv\">\n<h3>Filtre chimique hospitalier 0,45 5 1 10 microns Filtre fritt\u00e9 en poudre de poly\u00e9thyl\u00e8ne PE<\/h3>\n<\/div>\n<div id=\"moyu5\">\n<p>Notre soci\u00e9t\u00e9 fabrique des filtres fritt\u00e9s en poly\u00e9thyl\u00e8ne ultra-haut mol\u00e9culaire, dont le poids mol\u00e9culaire est sup\u00e9rieur \u00e0 3 millions de particules de frittage.Utiliser un moule pour utiliser la pression dans le four de frittage.Les mat\u00e9riaux microporeux sont largement appliqu\u00e9s pour le traitement des gaz et des eaux us\u00e9es en raison de leur bon rapport qualit\u00e9-prix. En ajoutant des mat\u00e9riaux fonctionnels de diff\u00e9rentes sortes, du carbone actif par exemple, aux mati\u00e8res premi\u00e8res plastiques conventionnelles, nous pouvons \u00e9liminer efficacement les substances nocives pour l'environnement dans les gaz et les liquides, telles que les odeurs particuli\u00e8res et les mati\u00e8res organiques, etc. Les whiskers de titanate de potassium, par exemple, peuvent \u00e9changer les ions de m\u00e9taux lourds contenus dans les eaux us\u00e9es, ce qui leur conf\u00e8re d'excellentes performances dans le traitement des eaux us\u00e9es.<\/p>\n<p><img decoding=\"async\" src=\"https:\/\/img.yfisher.com\/m6076\/1725732589a2l\/png70-t3-scale100.webp\" alt=\"Filtre chimique hospitalier 0.45 5 1 10 Microns PE Polyethylene Powder Sintered Filter 2\" data-lazy=\"2\" title=\"\"><\/p>\n<\/div>\n<\/div>\n<\/div>\n<div>\n<div id=\"xxvdi\">\n<div class=\"table-responsive\">\n<table class=\"aliDataTable\">\n<tbody>\n<tr class=\"firstRow\">\n<td>\n<div>Nom du produit<\/div>\n<\/td>\n<td colspan=\"3\">\n<div>Tube filtrant hydrophile PE poudre 10\/50 microns poly\u00e9thyl\u00e8ne fritt\u00e9\u00a0<a href=\"https:\/\/lyfilter.com\/fr\/products.html\/\">\u00e9l\u00e9ment filtrant<\/a>\u00a0pour bouteille d'oxyg\u00e8ne h\u00f4pital<\/div>\n<\/td>\n<\/tr>\n<tr>\n<td>\n<div>Diam\u00e8tre<\/div>\n<\/td>\n<td colspan=\"3\">\n<div>10mm,20mm,30mm,40mm,50mm,60mm,70mm,80mm,90mm,100mm,110mm,<br \/>\n120 mm, 200 mm, etc.<\/div>\n<\/td>\n<\/tr>\n<tr>\n<td>\n<div>Longueur<\/div>\n<\/td>\n<td colspan=\"3\">\n<div>1\u2033, 2.5\u2033, 5\u2033, 10\u2033 ,20\u2033 ,30\u2033 ,40\u2033, 50\u2033 etc.<\/div>\n<\/td>\n<\/tr>\n<tr>\n<td>\n<div>Taux de micron<\/div>\n<\/td>\n<td colspan=\"3\">\n<div>0.2um,0.3um,0.45um,1um,3um,5um,10um,20um,30um,40um,50um,100um,etc.<\/div>\n<\/td>\n<\/tr>\n<tr>\n<td>\n<div>Temp\u00e9rature de travail<\/div>\n<\/td>\n<td colspan=\"3\">\n<div>PE\u226480\u2103 ; PTFE\u2265200\u2103;PA\u2264120\u2103<\/div>\n<\/td>\n<\/tr>\n<tr>\n<td>\n<div>Connecteur du filtre<\/div>\n<\/td>\n<td colspan=\"3\">\n<div>PLAT, \u00c0 INS\u00c9RER, \u00c0 FILETER, 226, 222, 215, PERSONNALIS\u00c9<\/div>\n<\/td>\n<\/tr>\n<tr>\n<td>\n<div>Remarque<\/div>\n<\/td>\n<td colspan=\"3\">\n<div><strong>La taille du filtre et les microns peuvent \u00eatre personnalis\u00e9s. Plus petit ou plus grand !<\/strong><\/div>\n<\/td>\n<\/tr>\n<\/tbody>\n<\/table>\n<\/div>\n<\/div>\n<\/div>\n<div>\n<div>\n<div id=\"68vz7\">\n<p><strong>A.L'industrie l\u00e9g\u00e8re et l'industrie alimentaire<\/strong><br \/>\n(1) Filtration du sirop<br \/>\n(2) Filtration des boissons<br \/>\n(3) Filtration du vin et des alcools blancs<br \/>\n(4) Filtration de pr\u00e9cision de l'huile v\u00e9g\u00e9tale<br \/>\n(5) Filtration des huiles essentielles<br \/>\n(6) Filtration de l'eau min\u00e9rale<\/p>\n<p><strong>B. Industrie des machines et du p\u00e9trole<\/strong><br \/>\n(1) Filtration de la solution de placage<br \/>\n(2) Filtration de pr\u00e9cision du liquide de nettoyage des moteurs \u00e0 combustion interne<br \/>\n(3) Filtration par lavage des champs p\u00e9trolif\u00e8res<br \/>\n(4) \u00c9quipement d'eau ultra-pure pour l'industrie \u00e9lectrique<\/p>\n<p><strong>C. Traitement des eaux us\u00e9es<\/strong><br \/>\n(1) Traitement des eaux us\u00e9es de l'hydroxyde mental lourd<br \/>\n(2) Traitement des eaux us\u00e9es par m\u00e9lange de m\u00e9taux lourds<br \/>\n(3) Traitement chimique des eaux us\u00e9es<br \/>\n(4) Traitement des eaux us\u00e9es en c\u00e9ramique<br \/>\n(5) Traitement des eaux us\u00e9es contenant de l'aluminium<br \/>\n(6) Autres traitements des eaux us\u00e9es.<\/p>\n<\/div>\n<\/div>\n<\/div>\n<\/div>","protected":false},"excerpt":{"rendered":"<table>\n<thead>\n<tr>\n<th>article<\/th>\n<th>d\u00e9tails<\/th>\n<\/tr>\n<\/thead>\n<tbody>\n<tr>\n<td>port de d\u00e9part<\/td>\n<td>guangzhou<\/td>\n<\/tr>\n<tr>\n<td>capacit\u00e9 de production<\/td>\n<td>10000 unit\u00e9s\/mois<\/td>\n<\/tr>\n<tr>\n<td>lieu d'origine<\/td>\n<td>guangdong, chine<\/td>\n<\/tr>\n<tr>\n<td>paiement<\/td>\n<td>t\/t, alibaba trade assurance<\/td>\n<\/tr>\n<tr>\n<td>moq<\/td>\n<td>1 pi\u00e8ce<\/td>\n<\/tr>\n<tr>\n<td>mod\u00e8le<\/td>\n<td>ly-hfpl<\/td>\n<\/tr>\n<tr>\n<td>d\u00e9lai de livraison<\/td>\n<td>dans les 7 jours ouvrables<\/td>\n<\/tr>\n<tr>\n<td>certification<\/td>\n<td>iso 9001<\/td>\n<\/tr>\n<tr>\n<td>marque<\/td>\n<td>oem\/lvyuan<\/td>\n<\/tr>\n<\/tbody>\n<\/table>","protected":false},"featured_media":2253,"comment_status":"open","ping_status":"closed","template":"","meta":{"_gspb_post_css":""},"product_brand":[],"product_cat":[17,22],"product_tag":[939,261,262,260,268,282],"class_list":{"0":"post-2248","1":"product","2":"type-product","3":"status-publish","4":"has-post-thumbnail","6":"product_cat-sediment-filter","7":"product_cat-sintered-filter-cartridge","8":"product_tag-1-pcs-moq","9":"product_tag-guangdong-china","10":"product_tag-guangzhou-port","11":"product_tag-iso-9001","12":"product_tag-ly-hfpl","13":"product_tag-oem-lvyuan","15":"first","16":"instock","17":"shipping-taxable","18":"product-type-simple"},"_links":{"self":[{"href":"https:\/\/lyfilter.com\/fr\/wp-json\/wp\/v2\/product\/2248","targetHints":{"allow":["GET"]}}],"collection":[{"href":"https:\/\/lyfilter.com\/fr\/wp-json\/wp\/v2\/product"}],"about":[{"href":"https:\/\/lyfilter.com\/fr\/wp-json\/wp\/v2\/types\/product"}],"replies":[{"embeddable":true,"href":"https:\/\/lyfilter.com\/fr\/wp-json\/wp\/v2\/comments?post=2248"}],"wp:featuredmedia":[{"embeddable":true,"href":"https:\/\/lyfilter.com\/fr\/wp-json\/wp\/v2\/media\/2253"}],"wp:attachment":[{"href":"https:\/\/lyfilter.com\/fr\/wp-json\/wp\/v2\/media?parent=2248"}],"wp:term":[{"taxonomy":"product_brand","embeddable":true,"href":"https:\/\/lyfilter.com\/fr\/wp-json\/wp\/v2\/product_brand?post=2248"},{"taxonomy":"product_cat","embeddable":true,"href":"https:\/\/lyfilter.com\/fr\/wp-json\/wp\/v2\/product_cat?post=2248"},{"taxonomy":"product_tag","embeddable":true,"href":"https:\/\/lyfilter.com\/fr\/wp-json\/wp\/v2\/product_tag?post=2248"}],"curies":[{"name":"wp","href":"https:\/\/api.w.org\/{rel}","templated":true}]}}